{"id":3871,"date":"2022-08-15T11:23:24","date_gmt":"2022-08-15T09:23:24","guid":{"rendered":"https:\/\/www.edilonsedra.com\/?page_id=3871"},"modified":"2025-03-14T13:43:30","modified_gmt":"2025-03-14T12:43:30","slug":"loesungen","status":"publish","type":"page","link":"https:\/\/www.edilonsedra.com\/de\/loesungen\/","title":{"rendered":"L\u00f6sungen"},"content":{"rendered":"\n<section class=\"module-solutions-overview margin-xlarge switch-columns wp-block alignfull\">\n\t<div class=\"row align-middle align-center sol-block\">\n\t\t<div class=\"large-5 small-12 column content-column\">\n\t\t\t<div class=\"sol-title margin-small-bottom\">\n\t\t\t\t<h3>\n\t\t\t\t\t<strong>Vollbahn<\/strong>\t\t\t\t\t<br \/>Gleisl\u00f6sungen\t\t\t\t<\/h3>\n\t\t\t<\/div>\n\t\t\t<div class=\"sol-content margin-small-bottom\">\n\t\t\t\t<p><p>Der Schienenverkehr nimmt weltweit rasant zu und damit auch der Bedarf an dauerhaften Schienenbefestigungssystemen. Unsere Feste Fahrbahn-Befestigungssysteme werden daher zunehmend in stark befahrenen Tunneln, Bahnh\u00f6fen, Bahn\u00fcberg\u00e4ngen und Br\u00fccken eingesetzt.<\/p>\n<p>Mit mehr als 50 Jahren Erfahrung in Design-Build-Maintain-Projekten f\u00fcr Heavy Rail ist edilon)(sedra ein zuverl\u00e4ssiger technischer Partner f\u00fcr Ingenieurb\u00fcros, Bahninfrastrukturunternehmen und Bahnbauunternehmen in aller Welt.<\/p>\n<\/p>\t\t\t<\/div>\n\t\t\t<div class=\"sol-button\">\n\t\t\t\t<a href=\"https:\/\/www.edilonsedra.com\/de\/solution\/vollbahn\/\" class=\"button button-blue\">Mehr lesen<\/a>\t\t\t<\/div>\n\t\t<\/div>\n\n\t\t<div class=\"large-4 small-12 column image-column\">\n\t\t\t<div class=\"sol-image round-medium\">\n\t\t\t\t\t\t\t\t\t<div class=\"sol-image-icon\">\n\t\t\t\t\t\t<img decoding=\"async\" src=\"https:\/\/www.edilonsedra.com\/wp-content\/themes\/raadhuis\/dist\/assets\/img\/heavyrail-blueicon.svg\" alt=\"Heavy rail\">\n\t\t\t\t\t<\/div>\n\t\t\t\t\t\t\t\t<img decoding=\"async\" src=\"https:\/\/www.edilonsedra.com\/wp-content\/uploads\/2022\/08\/Corkelast-LCS-level-crossing-Breteuil-800x1132.jpg\" alt=\"\">\t\t\t<\/div>\n        <\/div>\n\t<\/div>\n\t<div class=\"row align-middle align-center sol-block\">\n\t\t<div class=\"large-5 small-12 column content-column\">\n\t\t\t<div class=\"sol-title margin-small-bottom\">\n\t\t\t\t<h3>\n\t\t\t\t\t<strong>Stra\u00dfen- und Stadtbahn<\/strong>\t\t\t\t\t<br \/>Gleisl\u00f6sungen\t\t\t\t<\/h3>\n\t\t\t<\/div>\n\t\t\t<div class=\"sol-content margin-small-bottom\">\n\t\t\t\t<p><p>Warum bef\u00f6rdern Bahninfrastrukturunternehmen aus nachhaltigen und fortschrittlichen St\u00e4dten wie Oslo, Stockholm, Canberra und Z\u00fcrich ihre Fahrg\u00e4ste auf Schienen, die mit edilon)(sedra Systemen gebaut wurden? Komfortables Reisen und eine hohe Verf\u00fcgbarkeit der Bahn sind g\u00e4ngige Argumente.<\/p>\n<p>Unsere Feste Fahrbahn-Systeme lassen sich problemlos in die komplexe Infrastruktur der Stadt integrieren, wo wir Ihnen dank unseres umfangreichen technischen Know-hows verschiedene L\u00f6sungen f\u00fcr enge B\u00f6gen, \u00dcbergangsbereiche oder Weichen u.a. anbieten k\u00f6nnen.<\/p>\n<\/p>\t\t\t<\/div>\n\t\t\t<div class=\"sol-button\">\n\t\t\t\t<a href=\"https:\/\/www.edilonsedra.com\/de\/solution\/strassenbahn-und-stadtbahn\/\" class=\"button button-blue\">Mehr lesen<\/a>\t\t\t<\/div>\n\t\t<\/div>\n\n\t\t<div class=\"large-4 small-12 column image-column\">\n\t\t\t<div class=\"sol-image round-medium\">\n\t\t\t\t\t\t\t\t\t<div class=\"sol-image-icon\">\n\t\t\t\t\t\t<img decoding=\"async\" src=\"https:\/\/www.edilonsedra.com\/wp-content\/themes\/raadhuis\/dist\/assets\/img\/tramlightrail-blueicon.svg\" alt=\"Tram light rail\">\n\t\t\t\t\t<\/div>\n\t\t\t\t\t\t\t\t<img decoding=\"async\" src=\"https:\/\/www.edilonsedra.com\/wp-content\/uploads\/2022\/08\/Corkelast-ERS-Birmingham-West-Midlands-Metro-800x1132.jpg\" alt=\"\">\t\t\t<\/div>\n        <\/div>\n\t<\/div>\n\t<div class=\"row align-middle align-center sol-block\">\n\t\t<div class=\"large-5 small-12 column content-column\">\n\t\t\t<div class=\"sol-title margin-small-bottom\">\n\t\t\t\t<h3>\n\t\t\t\t\t<strong>Metro<\/strong>\t\t\t\t\t<br \/>Gleisl\u00f6sungen\t\t\t\t<\/h3>\n\t\t\t<\/div>\n\t\t\t<div class=\"sol-content margin-small-bottom\">\n\t\t\t\t<p><p>edilon)(sedra&#8217;s Schienenbefestigungssysteme f\u00fcr die Metro sind f\u00fcr einen optimalen Schutz gegen klimatische Einfl\u00fcsse wie Feuchtigkeit ausgelegt. Unsere Systeme verf\u00fcgen \u00fcber eine nachweislich hohe elektrische Isolierung und erf\u00fcllen die strengsten Normen hinsichtlich L\u00e4rm- und Vibrationsreduzierung.<\/p>\n<p>Wir bieten eine breite Palette von L\u00f6sungen f\u00fcr den Neubau oder die Renovierung von U-Bahn-Tunneln, Bahnh\u00f6fen und Viadukten an, die sich durch eine kurze Installationszeit auszeichnen.<\/p>\n<\/p>\t\t\t<\/div>\n\t\t\t<div class=\"sol-button\">\n\t\t\t\t<a href=\"https:\/\/www.edilonsedra.com\/de\/solution\/metro\/\" class=\"button button-blue\">Mehr lesen<\/a>\t\t\t<\/div>\n\t\t<\/div>\n\n\t\t<div class=\"large-4 small-12 column image-column\">\n\t\t\t<div class=\"sol-image round-medium\">\n\t\t\t\t\t\t\t\t\t<div class=\"sol-image-icon\">\n\t\t\t\t\t\t<img decoding=\"async\" src=\"https:\/\/www.edilonsedra.com\/wp-content\/themes\/raadhuis\/dist\/assets\/img\/metro-blueicon.svg\" alt=\"Metro\">\n\t\t\t\t\t<\/div>\n\t\t\t\t\t\t\t\t<img decoding=\"async\" src=\"https:\/\/www.edilonsedra.com\/wp-content\/uploads\/2022\/08\/20220310_072012-\u2014-kopia-scaled-1-800x1132.jpg\" alt=\"\">\t\t\t<\/div>\n        <\/div>\n\t<\/div>\n\t<div class=\"row align-middle align-center sol-block\">\n\t\t<div class=\"large-5 small-12 column content-column\">\n\t\t\t<div class=\"sol-title margin-small-bottom\">\n\t\t\t\t<h3>\n\t\t\t\t\t<strong>Industrie- und Kranbahn<\/strong>\t\t\t\t\t<br \/>Gleisl\u00f6sungen\t\t\t\t<\/h3>\n\t\t\t<\/div>\n\t\t\t<div class=\"sol-content margin-small-bottom\">\n\t\t\t\t<p><p>edilon)(sedra hat hochwertige Schienensysteme f\u00fcr hochbelastete Bahnstrecken entwickelt. Von der Kranbahn bis zur Industrieschiene, vom Containerterminal bis zum Depot. Wussten Sie, dass sogar der bewegliche Rasen im Bernab\u00e9u-Fu\u00dfballstadion von Real Madrid mit einem Schienenbefestigungssystem von edilon)(sedra ausgestattet ist?<\/p>\n<p>Unsere Feste Fahrbahn-L\u00f6sungen f\u00fcr den Schwerlasttransport sorgen f\u00fcr eine optimale Lastverteilung und verhindern die Erm\u00fcdung der Schiene sowie die Gefahr der \u00dcberlastung der einzelnen Komponenten, was zu einer l\u00e4ngeren Lebensdauer der Schiene f\u00fchrt.<\/p>\n<\/p>\t\t\t<\/div>\n\t\t\t<div class=\"sol-button\">\n\t\t\t\t<a href=\"https:\/\/www.edilonsedra.com\/de\/solution\/industrie-und-kranbahn\/\" class=\"button button-blue\">Mehr lesen<\/a>\t\t\t<\/div>\n\t\t<\/div>\n\n\t\t<div class=\"large-4 small-12 column image-column\">\n\t\t\t<div class=\"sol-image round-medium\">\n\t\t\t\t\t\t\t\t\t<div class=\"sol-image-icon\">\n\t\t\t\t\t\t<img decoding=\"async\" src=\"https:\/\/www.edilonsedra.com\/wp-content\/themes\/raadhuis\/dist\/assets\/img\/industrycranerail-blueicon.svg\" alt=\"Industry crane rail\">\n\t\t\t\t\t<\/div>\n\t\t\t\t\t\t\t\t<img decoding=\"async\" src=\"https:\/\/www.edilonsedra.com\/wp-content\/uploads\/2022\/08\/Felixstowe-UK-800x1132.jpg\" alt=\"\">\t\t\t<\/div>\n        <\/div>\n\t<\/div>\n<\/section>\n\n\n<section class=\"module-moreinfo wp-block margin-xlarge padding-xlarge-top-bottom bg-blue pattern alignfull\" id=\"more-info\">\n\t<div class=\"row align-center\">\n\t\t<div class=\"large-5 column\">\n\t\t\t<div class=\"more-info\">\n\t\t\t\t<div class=\"more-info-content\">\n\t\t\t\t\t\t\t\t\t\t\t<div class=\"more-info-title\">\n\t\t\t\t\t\t\t<h2 class=\"orange-icon margin-small-bottom\">Weitere Informationen?<\/h2>\n\t\t\t\t\t\t<\/div>\n\t\t\t\t\t\t\t\t\t\t\t\t\t\t\t\t<div class=\"more-info-text margin-medium-bottom\">\n\t\t\t\t\t\t\t<p>Mit \u00fcber 50 Jahren Erfahrung im Bereich schotterloser Gleissysteme nutzt unser erfahrenes Team tiefes Branchenwissen, um Ihr Bahnprojekt zu unterst\u00fctzen und dessen Erfolg sicherzustellen.<\/p>\n<p>Haben Sie <a href=\"https:\/\/www.edilonsedra.com\/de\/kontakt\/\">Fragen<\/a> zu Ihrem Projekt, unseren Gleissystemen oder Mehrwertdiensten?<br \/>\nM\u00f6chten Sie den n\u00e4chsten Schritt in Ihrer <a href=\"https:\/\/www.edilonsedra.com\/de\/ueber-uns\/karriere\/\">Karriere bei uns<\/a> machen?<br \/>\nK\u00f6nnen wir Sie bei etwas anderem <a href=\"https:\/\/www.edilonsedra.com\/de\/kontakt\/\">unterst\u00fctzen<\/a>?<\/p>\n\t\t\t\t\t\t<\/div>\n\t\t\t\t\t\t\t\t\t\t\t\t\t\t\t\t<div class=\"more-info-button\">\n\t\t\t\t\t\t\t<a href=\"https:\/\/www.edilonsedra.com\/de\/kontakt\/\" class=\"button button-white\">Kontakt<\/a>\n\t\t\t\t\t\t<\/div>\n\t\t\t\t\t\t\t\t\t<\/div>\n\t\t\t<\/div>\n\t\t<\/div>\n\t<\/div>\n<\/section>","protected":false},"excerpt":{"rendered":"","protected":false},"author":1,"featured_media":3404,"parent":0,"menu_order":0,"comment_status":"closed","ping_status":"closed","template":"page-templates\/background-image-header.php","meta":{"_acf_changed":false,"footnotes":""},"class_list":["post-3871","page","type-page","status-publish","has-post-thumbnail","hentry"],"acf":[],"yoast_head":"<!-- This site is optimized with the Yoast SEO plugin v27.4 - https:\/\/yoast.com\/product\/yoast-seo-wordpress\/ -->\n<title>L\u00f6sungen - edilon)(sedra<\/title>\n<meta name=\"description\" content=\"Bei edilon)(sedra bieten wir L\u00f6sungen f\u00fcr mehrere Gleissysteme an, wir k\u00f6nnen Sie in den Bereichen Design und Anwendung unterst\u00fctzen.\" \/>\n<meta name=\"robots\" content=\"index, follow, max-snippet:-1, max-image-preview:large, max-video-preview:-1\" \/>\n<link rel=\"canonical\" href=\"https:\/\/www.edilonsedra.com\/de\/loesungen\/\" \/>\n<meta property=\"og:locale\" content=\"de_DE\" \/>\n<meta property=\"og:type\" content=\"article\" \/>\n<meta property=\"og:title\" content=\"L\u00f6sungen - edilon)(sedra\" \/>\n<meta property=\"og:description\" content=\"Bei edilon)(sedra bieten wir L\u00f6sungen f\u00fcr mehrere Gleissysteme an, wir k\u00f6nnen Sie in den Bereichen Design und Anwendung unterst\u00fctzen.\" \/>\n<meta property=\"og:url\" content=\"https:\/\/www.edilonsedra.com\/de\/loesungen\/\" \/>\n<meta property=\"og:site_name\" content=\"edilon)(sedra\" \/>\n<meta property=\"article:modified_time\" content=\"2025-03-14T12:43:30+00:00\" \/>\n<meta property=\"og:image\" content=\"https:\/\/www.edilonsedra.com\/wp-content\/uploads\/2023\/03\/20210819_094234-scaled.jpg\" \/>\n\t<meta property=\"og:image:width\" content=\"2560\" \/>\n\t<meta property=\"og:image:height\" content=\"1920\" \/>\n\t<meta property=\"og:image:type\" content=\"image\/jpeg\" \/>\n<meta name=\"twitter:card\" content=\"summary_large_image\" \/>\n<meta name=\"twitter:label1\" content=\"Gesch\u00e4tzte Lesezeit\" \/>\n\t<meta name=\"twitter:data1\" content=\"1\u00a0Minute\" \/>\n<script type=\"application\/ld+json\" class=\"yoast-schema-graph\">{\"@context\":\"https:\\\/\\\/schema.org\",\"@graph\":[{\"@type\":\"WebPage\",\"@id\":\"https:\\\/\\\/www.edilonsedra.com\\\/de\\\/loesungen\\\/\",\"url\":\"https:\\\/\\\/www.edilonsedra.com\\\/de\\\/loesungen\\\/\",\"name\":\"L\u00f6sungen - edilon)(sedra\",\"isPartOf\":{\"@id\":\"https:\\\/\\\/www.edilonsedra.com\\\/de\\\/#website\"},\"primaryImageOfPage\":{\"@id\":\"https:\\\/\\\/www.edilonsedra.com\\\/de\\\/loesungen\\\/#primaryimage\"},\"image\":{\"@id\":\"https:\\\/\\\/www.edilonsedra.com\\\/de\\\/loesungen\\\/#primaryimage\"},\"thumbnailUrl\":\"https:\\\/\\\/www.edilonsedra.com\\\/wp-content\\\/uploads\\\/2023\\\/03\\\/20210819_094234-scaled.jpg\",\"datePublished\":\"2022-08-15T09:23:24+00:00\",\"dateModified\":\"2025-03-14T12:43:30+00:00\",\"description\":\"Bei edilon)(sedra bieten wir L\u00f6sungen f\u00fcr mehrere Gleissysteme an, wir k\u00f6nnen Sie in den Bereichen Design und Anwendung unterst\u00fctzen.\",\"breadcrumb\":{\"@id\":\"https:\\\/\\\/www.edilonsedra.com\\\/de\\\/loesungen\\\/#breadcrumb\"},\"inLanguage\":\"de\",\"potentialAction\":[{\"@type\":\"ReadAction\",\"target\":[\"https:\\\/\\\/www.edilonsedra.com\\\/de\\\/loesungen\\\/\"]}]},{\"@type\":\"ImageObject\",\"inLanguage\":\"de\",\"@id\":\"https:\\\/\\\/www.edilonsedra.com\\\/de\\\/loesungen\\\/#primaryimage\",\"url\":\"https:\\\/\\\/www.edilonsedra.com\\\/wp-content\\\/uploads\\\/2023\\\/03\\\/20210819_094234-scaled.jpg\",\"contentUrl\":\"https:\\\/\\\/www.edilonsedra.com\\\/wp-content\\\/uploads\\\/2023\\\/03\\\/20210819_094234-scaled.jpg\",\"width\":2560,\"height\":1920},{\"@type\":\"BreadcrumbList\",\"@id\":\"https:\\\/\\\/www.edilonsedra.com\\\/de\\\/loesungen\\\/#breadcrumb\",\"itemListElement\":[{\"@type\":\"ListItem\",\"position\":1,\"name\":\"Home\",\"item\":\"https:\\\/\\\/www.edilonsedra.com\\\/de\\\/\"},{\"@type\":\"ListItem\",\"position\":2,\"name\":\"L\u00f6sungen\"}]},{\"@type\":\"WebSite\",\"@id\":\"https:\\\/\\\/www.edilonsedra.com\\\/de\\\/#website\",\"url\":\"https:\\\/\\\/www.edilonsedra.com\\\/de\\\/\",\"name\":\"edilon)(sedra\",\"description\":\"Always a step ahead in rail systems\",\"potentialAction\":[{\"@type\":\"SearchAction\",\"target\":{\"@type\":\"EntryPoint\",\"urlTemplate\":\"https:\\\/\\\/www.edilonsedra.com\\\/de\\\/?s={search_term_string}\"},\"query-input\":{\"@type\":\"PropertyValueSpecification\",\"valueRequired\":true,\"valueName\":\"search_term_string\"}}],\"inLanguage\":\"de\"}]}<\/script>\n<!-- \/ Yoast SEO plugin. -->","yoast_head_json":{"title":"L\u00f6sungen - edilon)(sedra","description":"Bei edilon)(sedra bieten wir L\u00f6sungen f\u00fcr mehrere Gleissysteme an, wir k\u00f6nnen Sie in den Bereichen Design und Anwendung unterst\u00fctzen.","robots":{"index":"index","follow":"follow","max-snippet":"max-snippet:-1","max-image-preview":"max-image-preview:large","max-video-preview":"max-video-preview:-1"},"canonical":"https:\/\/www.edilonsedra.com\/de\/loesungen\/","og_locale":"de_DE","og_type":"article","og_title":"L\u00f6sungen - edilon)(sedra","og_description":"Bei edilon)(sedra bieten wir L\u00f6sungen f\u00fcr mehrere Gleissysteme an, wir k\u00f6nnen Sie in den Bereichen Design und Anwendung unterst\u00fctzen.","og_url":"https:\/\/www.edilonsedra.com\/de\/loesungen\/","og_site_name":"edilon)(sedra","article_modified_time":"2025-03-14T12:43:30+00:00","og_image":[{"width":2560,"height":1920,"url":"https:\/\/www.edilonsedra.com\/wp-content\/uploads\/2023\/03\/20210819_094234-scaled.jpg","type":"image\/jpeg"}],"twitter_card":"summary_large_image","twitter_misc":{"Gesch\u00e4tzte Lesezeit":"1\u00a0Minute"},"schema":{"@context":"https:\/\/schema.org","@graph":[{"@type":"WebPage","@id":"https:\/\/www.edilonsedra.com\/de\/loesungen\/","url":"https:\/\/www.edilonsedra.com\/de\/loesungen\/","name":"L\u00f6sungen - edilon)(sedra","isPartOf":{"@id":"https:\/\/www.edilonsedra.com\/de\/#website"},"primaryImageOfPage":{"@id":"https:\/\/www.edilonsedra.com\/de\/loesungen\/#primaryimage"},"image":{"@id":"https:\/\/www.edilonsedra.com\/de\/loesungen\/#primaryimage"},"thumbnailUrl":"https:\/\/www.edilonsedra.com\/wp-content\/uploads\/2023\/03\/20210819_094234-scaled.jpg","datePublished":"2022-08-15T09:23:24+00:00","dateModified":"2025-03-14T12:43:30+00:00","description":"Bei edilon)(sedra bieten wir L\u00f6sungen f\u00fcr mehrere Gleissysteme an, wir k\u00f6nnen Sie in den Bereichen Design und Anwendung unterst\u00fctzen.","breadcrumb":{"@id":"https:\/\/www.edilonsedra.com\/de\/loesungen\/#breadcrumb"},"inLanguage":"de","potentialAction":[{"@type":"ReadAction","target":["https:\/\/www.edilonsedra.com\/de\/loesungen\/"]}]},{"@type":"ImageObject","inLanguage":"de","@id":"https:\/\/www.edilonsedra.com\/de\/loesungen\/#primaryimage","url":"https:\/\/www.edilonsedra.com\/wp-content\/uploads\/2023\/03\/20210819_094234-scaled.jpg","contentUrl":"https:\/\/www.edilonsedra.com\/wp-content\/uploads\/2023\/03\/20210819_094234-scaled.jpg","width":2560,"height":1920},{"@type":"BreadcrumbList","@id":"https:\/\/www.edilonsedra.com\/de\/loesungen\/#breadcrumb","itemListElement":[{"@type":"ListItem","position":1,"name":"Home","item":"https:\/\/www.edilonsedra.com\/de\/"},{"@type":"ListItem","position":2,"name":"L\u00f6sungen"}]},{"@type":"WebSite","@id":"https:\/\/www.edilonsedra.com\/de\/#website","url":"https:\/\/www.edilonsedra.com\/de\/","name":"edilon)(sedra","description":"Always a step ahead in rail systems","potentialAction":[{"@type":"SearchAction","target":{"@type":"EntryPoint","urlTemplate":"https:\/\/www.edilonsedra.com\/de\/?s={search_term_string}"},"query-input":{"@type":"PropertyValueSpecification","valueRequired":true,"valueName":"search_term_string"}}],"inLanguage":"de"}]}},"_links":{"self":[{"href":"https:\/\/www.edilonsedra.com\/de\/wp-json\/wp\/v2\/pages\/3871","targetHints":{"allow":["GET"]}}],"collection":[{"href":"https:\/\/www.edilonsedra.com\/de\/wp-json\/wp\/v2\/pages"}],"about":[{"href":"https:\/\/www.edilonsedra.com\/de\/wp-json\/wp\/v2\/types\/page"}],"author":[{"embeddable":true,"href":"https:\/\/www.edilonsedra.com\/de\/wp-json\/wp\/v2\/users\/1"}],"replies":[{"embeddable":true,"href":"https:\/\/www.edilonsedra.com\/de\/wp-json\/wp\/v2\/comments?post=3871"}],"version-history":[{"count":4,"href":"https:\/\/www.edilonsedra.com\/de\/wp-json\/wp\/v2\/pages\/3871\/revisions"}],"predecessor-version":[{"id":7660,"href":"https:\/\/www.edilonsedra.com\/de\/wp-json\/wp\/v2\/pages\/3871\/revisions\/7660"}],"wp:featuredmedia":[{"embeddable":true,"href":"https:\/\/www.edilonsedra.com\/de\/wp-json\/wp\/v2\/media\/3404"}],"wp:attachment":[{"href":"https:\/\/www.edilonsedra.com\/de\/wp-json\/wp\/v2\/media?parent=3871"}],"curies":[{"name":"wp","href":"https:\/\/api.w.org\/{rel}","templated":true}]}}