{"id":3923,"date":"2022-08-15T11:23:30","date_gmt":"2022-08-15T09:23:30","guid":{"rendered":"https:\/\/www.edilonsedra.com\/?page_id=3923"},"modified":"2025-03-14T13:47:38","modified_gmt":"2025-03-14T12:47:38","slug":"systeme","status":"publish","type":"page","link":"https:\/\/www.edilonsedra.com\/de\/systeme\/","title":{"rendered":"Systeme"},"content":{"rendered":"\n<section class=\"module-solutions-overview margin-xlarge switch-columns wp-block alignfull\">\n\t<div class=\"row align-middle align-center sol-block\">\n\t\t<div class=\"large-5 small-12 column content-column\">\n\t\t\t<div class=\"sol-title margin-small-bottom\">\n\t\t\t\t<h3>\n\t\t\t\t\t<strong>Embedded Rail System<\/strong>\t\t\t\t\t\t\t\t\t<\/h3>\n\t\t\t<\/div>\n\t\t\t<div class=\"sol-content margin-small-bottom\">\n\t\t\t\t<p><p>edilon)(sedra Corkelast\u00ae ERS (Embedded Rail System) ist ein hochwertiges und bew\u00e4hrtes Schienenbefestigungssystem f\u00fcr Heavy Rail-, Light Rail- und Stra\u00dfenbahnanwendungen, das auf der Embedded Rail-Technologie basiert. Das System bezieht seine Haltbarkeit unter anderem aus der kontinuierlichen Schienenunterst\u00fctzung und eine sehr gute Streustromisolation.<\/p>\n<\/p>\t\t\t<\/div>\n\t\t\t<div class=\"sol-button\">\n\t\t\t\t<a href=\"https:\/\/www.edilonsedra.com\/de\/system\/embedded-rail-system\/\" class=\"button button-blue\">Mehr lesen<\/a>\t\t\t<\/div>\n\t\t<\/div>\n\n\t\t<div class=\"large-4 small-12 column image-column\">\n\t\t\t<div class=\"sol-image round-medium\">\n\t\t\t\t\t\t\t\t<img decoding=\"async\" src=\"https:\/\/www.edilonsedra.com\/wp-content\/uploads\/2022\/09\/Ankara-High-Speed-Station_2-scaled-800x1132.jpg\" alt=\"\">\t\t\t<\/div>\n        <\/div>\n\t<\/div>\n\t<div class=\"row align-middle align-center sol-block\">\n\t\t<div class=\"large-5 small-12 column content-column\">\n\t\t\t<div class=\"sol-title margin-small-bottom\">\n\t\t\t\t<h3>\n\t\t\t\t\t<strong>Embedded Block System<\/strong>\t\t\t\t\t\t\t\t\t<\/h3>\n\t\t\t<\/div>\n\t\t\t<div class=\"sol-content margin-small-bottom\">\n\t\t\t\t<p><p>edilon)(sedra EBS (Embedded Block System) ist ein dauerhaftes Feste Fahrbahn-Konstruktionssystem f\u00fcr U-Bahnen und schwere Eisenbahnen. Dieses vorgefertigte &#8222;Block&#8220;-System ist ideal f\u00fcr den schnellen und pr\u00e4zisen Einbau in Tunneln und Bahnh\u00f6fen geeignet.<\/p>\n<\/p>\t\t\t<\/div>\n\t\t\t<div class=\"sol-button\">\n\t\t\t\t<a href=\"https:\/\/www.edilonsedra.com\/de\/system\/embedded-block-system\/\" class=\"button button-blue\">Mehr lesen<\/a>\t\t\t<\/div>\n\t\t<\/div>\n\n\t\t<div class=\"large-4 small-12 column image-column\">\n\t\t\t<div class=\"sol-image round-medium\">\n\t\t\t\t\t\t\t\t<img decoding=\"async\" src=\"https:\/\/www.edilonsedra.com\/wp-content\/uploads\/2022\/08\/metro-800x1132.jpg\" alt=\"\">\t\t\t<\/div>\n        <\/div>\n\t<\/div>\n\t<div class=\"row align-middle align-center sol-block\">\n\t\t<div class=\"large-5 small-12 column content-column\">\n\t\t\t<div class=\"sol-title margin-small-bottom\">\n\t\t\t\t<h3>\n\t\t\t\t\t<strong>Sound Damping System<\/strong>\t\t\t\t\t\t\t\t\t<\/h3>\n\t\t\t<\/div>\n\t\t\t<div class=\"sol-content margin-small-bottom\">\n\t\t\t\t<p><p>edilon)(sedra SDS (Sound Damping System) ist eine kosteneffiziente, elektrisch isolierende, schwingungsd\u00e4mpfende und luftschallreduzierende L\u00f6sung f\u00fcr Stadtbahn- und insbesondere Stra\u00dfenbahnanwendungen. Das System erf\u00fcllt optimal die Anforderungen moderner Stra\u00dfenbahnnetze mit vielen Anwendungsbereichen.<\/p>\n<\/p>\t\t\t<\/div>\n\t\t\t<div class=\"sol-button\">\n\t\t\t\t<a href=\"https:\/\/www.edilonsedra.com\/de\/system\/sound-damping-system\/\" class=\"button button-blue\">Mehr lesen<\/a>\t\t\t<\/div>\n\t\t<\/div>\n\n\t\t<div class=\"large-4 small-12 column image-column\">\n\t\t\t<div class=\"sol-image round-medium\">\n\t\t\t\t\t\t\t\t<img decoding=\"async\" src=\"https:\/\/www.edilonsedra.com\/wp-content\/uploads\/2023\/02\/SDS-grass-track-800x1132.jpg\" alt=\"\">\t\t\t<\/div>\n        <\/div>\n\t<\/div>\n\t<div class=\"row align-middle align-center sol-block\">\n\t\t<div class=\"large-5 small-12 column content-column\">\n\t\t\t<div class=\"sol-title margin-small-bottom\">\n\t\t\t\t<h3>\n\t\t\t\t\t<strong>Direct Fastening System<\/strong>\t\t\t\t\t\t\t\t\t<\/h3>\n\t\t\t<\/div>\n\t\t\t<div class=\"sol-content margin-small-bottom\">\n\t\t\t\t<p><p>edilon)(sedra DFS (Direct Fastening System) ist ein Schienenbefestigungssystem f\u00fcr die Feste Fahrbahn, bei dem die Schienen mittels Spannklemmen direkt auf einer Grundplatte befestigt werden. Die Systemkomponenten lassen sich auf unterschiedliche Gleisgeometrien abstimmen und bieten ein hohes Ma\u00df an Komfort und Flexibilit\u00e4t bei der Montage.<\/p>\n<\/p>\t\t\t<\/div>\n\t\t\t<div class=\"sol-button\">\n\t\t\t\t<a href=\"https:\/\/www.edilonsedra.com\/de\/system\/direct-fastening-system\/\" class=\"button button-blue\">Mehr lesen<\/a>\t\t\t<\/div>\n\t\t<\/div>\n\n\t\t<div class=\"large-4 small-12 column image-column\">\n\t\t\t<div class=\"sol-image round-medium\">\n\t\t\t\t\t\t\t\t<img decoding=\"async\" src=\"https:\/\/www.edilonsedra.com\/wp-content\/uploads\/2022\/10\/Toluca-2-2-800x1132.jpg\" alt=\"\">\t\t\t<\/div>\n        <\/div>\n\t<\/div>\n\t<div class=\"row align-middle align-center sol-block\">\n\t\t<div class=\"large-5 small-12 column content-column\">\n\t\t\t<div class=\"sol-title margin-small-bottom\">\n\t\t\t\t<h3>\n\t\t\t\t\t<strong>Trackelast\u00ae<\/strong>\t\t\t\t\t\t\t\t\t<\/h3>\n\t\t\t<\/div>\n\t\t\t<div class=\"sol-content margin-small-bottom\">\n\t\t\t\t<p><p>Die Produktreihe edilon)(sedra Trackelast\u00ae besteht aus einer Reihe von hochwertigen elastischen Matten, elastischen Streifigkeiten und Schienenunterlagen, die speziell f\u00fcr die Absorption kurzer, intensiver dynamischer Belastungen und Gleisvibrationen entwickelt wurden. Die Matten, Streifen und Zwischenlagen funktionieren optimal bei langfristiger Dauerbelastung und unter einer Vielzahl von klimatischen Bedingungen.<\/p>\n<\/p>\t\t\t<\/div>\n\t\t\t<div class=\"sol-button\">\n\t\t\t\t<a href=\"https:\/\/www.edilonsedra.com\/de\/system\/trackelast\/\" class=\"button button-blue\">Mehr lesen<\/a>\t\t\t<\/div>\n\t\t<\/div>\n\n\t\t<div class=\"large-4 small-12 column image-column\">\n\t\t\t<div class=\"sol-image round-medium\">\n\t\t\t\t\t\t\t\t<img decoding=\"async\" src=\"https:\/\/www.edilonsedra.com\/wp-content\/uploads\/2022\/09\/edilon-sedra-Trackelast-STM-Stockholm-800x1132.jpg\" alt=\"\">\t\t\t<\/div>\n        <\/div>\n\t<\/div>\n<\/section>\n\n\n<section class=\"module-moreinfo wp-block margin-xlarge padding-xlarge-top-bottom bg-blue pattern alignfull\" id=\"more-info\">\n\t<div class=\"row align-center\">\n\t\t<div class=\"large-5 column\">\n\t\t\t<div class=\"more-info\">\n\t\t\t\t<div class=\"more-info-content\">\n\t\t\t\t\t\t\t\t\t\t\t<div class=\"more-info-title\">\n\t\t\t\t\t\t\t<h2 class=\"orange-icon margin-small-bottom\">Weitere Informationen?<\/h2>\n\t\t\t\t\t\t<\/div>\n\t\t\t\t\t\t\t\t\t\t\t\t\t\t\t\t<div class=\"more-info-text margin-medium-bottom\">\n\t\t\t\t\t\t\t<div class=\"more-info-text margin-medium-bottom\">\n<p>Mit \u00fcber 50 Jahren Erfahrung im Bereich schotterloser Gleissysteme nutzt unser erfahrenes Team tiefes Branchenwissen, um Ihr Bahnprojekt zu unterst\u00fctzen und dessen Erfolg sicherzustellen.<\/p>\n<p>Haben Sie <a href=\"https:\/\/www.edilonsedra.com\/de\/kontakt\/\">Fragen<\/a> zu Ihrem Projekt, unseren Gleissystemen oder Mehrwertdiensten?<br \/>\nM\u00f6chten Sie den n\u00e4chsten Schritt in Ihrer <a href=\"https:\/\/www.edilonsedra.com\/de\/ueber-uns\/karriere\/\">Karriere bei uns<\/a> machen?<br \/>\nK\u00f6nnen wir Sie bei etwas anderem <a href=\"https:\/\/www.edilonsedra.com\/de\/kontakt\/\">unterst\u00fctzen<\/a>?<\/p>\n<\/div>\n\t\t\t\t\t\t<\/div>\n\t\t\t\t\t\t\t\t\t\t\t\t\t\t\t\t<div class=\"more-info-button\">\n\t\t\t\t\t\t\t<a href=\"https:\/\/www.edilonsedra.com\/de\/kontakt\/\" class=\"button button-white\">Kontakt<\/a>\n\t\t\t\t\t\t<\/div>\n\t\t\t\t\t\t\t\t\t<\/div>\n\t\t\t<\/div>\n\t\t<\/div>\n\t<\/div>\n<\/section>","protected":false},"excerpt":{"rendered":"","protected":false},"author":1,"featured_media":3608,"parent":0,"menu_order":0,"comment_status":"closed","ping_status":"closed","template":"page-templates\/background-image-header.php","meta":{"_acf_changed":false,"footnotes":""},"class_list":["post-3923","page","type-page","status-publish","has-post-thumbnail","hentry"],"acf":[],"yoast_head":"<!-- This site is optimized with the Yoast SEO plugin v27.4 - https:\/\/yoast.com\/product\/yoast-seo-wordpress\/ -->\n<title>Systeme - edilon)(sedra<\/title>\n<meta name=\"description\" content=\"Hier finden Sie die verschiedenen Systeme, die edilon)(sedra anbietet: Corkelast\u00ae ERS, Corkelast\u00ae EBS, SDS, DFS und Trackelast.\" \/>\n<meta name=\"robots\" content=\"index, follow, max-snippet:-1, max-image-preview:large, max-video-preview:-1\" \/>\n<link rel=\"canonical\" href=\"https:\/\/www.edilonsedra.com\/de\/systeme\/\" \/>\n<meta property=\"og:locale\" content=\"de_DE\" \/>\n<meta property=\"og:type\" content=\"article\" \/>\n<meta property=\"og:title\" content=\"Systeme - edilon)(sedra\" \/>\n<meta property=\"og:description\" content=\"Hier finden Sie die verschiedenen Systeme, die edilon)(sedra anbietet: Corkelast\u00ae ERS, Corkelast\u00ae EBS, SDS, DFS und Trackelast.\" \/>\n<meta property=\"og:url\" content=\"https:\/\/www.edilonsedra.com\/de\/systeme\/\" \/>\n<meta property=\"og:site_name\" content=\"edilon)(sedra\" \/>\n<meta property=\"article:modified_time\" content=\"2025-03-14T12:47:38+00:00\" \/>\n<meta property=\"og:image\" content=\"https:\/\/www.edilonsedra.com\/wp-content\/uploads\/2023\/04\/ERS-Bybanen-BT4-Norway2-scaled.jpg\" \/>\n\t<meta property=\"og:image:width\" content=\"2560\" \/>\n\t<meta property=\"og:image:height\" content=\"1152\" \/>\n\t<meta property=\"og:image:type\" content=\"image\/jpeg\" \/>\n<meta name=\"twitter:card\" content=\"summary_large_image\" \/>\n<meta name=\"twitter:label1\" content=\"Gesch\u00e4tzte Lesezeit\" \/>\n\t<meta name=\"twitter:data1\" content=\"1\u00a0Minute\" \/>\n<script type=\"application\/ld+json\" class=\"yoast-schema-graph\">{\"@context\":\"https:\\\/\\\/schema.org\",\"@graph\":[{\"@type\":\"WebPage\",\"@id\":\"https:\\\/\\\/www.edilonsedra.com\\\/de\\\/systeme\\\/\",\"url\":\"https:\\\/\\\/www.edilonsedra.com\\\/de\\\/systeme\\\/\",\"name\":\"Systeme - edilon)(sedra\",\"isPartOf\":{\"@id\":\"https:\\\/\\\/www.edilonsedra.com\\\/de\\\/#website\"},\"primaryImageOfPage\":{\"@id\":\"https:\\\/\\\/www.edilonsedra.com\\\/de\\\/systeme\\\/#primaryimage\"},\"image\":{\"@id\":\"https:\\\/\\\/www.edilonsedra.com\\\/de\\\/systeme\\\/#primaryimage\"},\"thumbnailUrl\":\"https:\\\/\\\/www.edilonsedra.com\\\/wp-content\\\/uploads\\\/2023\\\/04\\\/ERS-Bybanen-BT4-Norway2-scaled.jpg\",\"datePublished\":\"2022-08-15T09:23:30+00:00\",\"dateModified\":\"2025-03-14T12:47:38+00:00\",\"description\":\"Hier finden Sie die verschiedenen Systeme, die edilon)(sedra anbietet: Corkelast\u00ae ERS, Corkelast\u00ae EBS, SDS, DFS und Trackelast.\",\"breadcrumb\":{\"@id\":\"https:\\\/\\\/www.edilonsedra.com\\\/de\\\/systeme\\\/#breadcrumb\"},\"inLanguage\":\"de\",\"potentialAction\":[{\"@type\":\"ReadAction\",\"target\":[\"https:\\\/\\\/www.edilonsedra.com\\\/de\\\/systeme\\\/\"]}]},{\"@type\":\"ImageObject\",\"inLanguage\":\"de\",\"@id\":\"https:\\\/\\\/www.edilonsedra.com\\\/de\\\/systeme\\\/#primaryimage\",\"url\":\"https:\\\/\\\/www.edilonsedra.com\\\/wp-content\\\/uploads\\\/2023\\\/04\\\/ERS-Bybanen-BT4-Norway2-scaled.jpg\",\"contentUrl\":\"https:\\\/\\\/www.edilonsedra.com\\\/wp-content\\\/uploads\\\/2023\\\/04\\\/ERS-Bybanen-BT4-Norway2-scaled.jpg\",\"width\":2560,\"height\":1152},{\"@type\":\"BreadcrumbList\",\"@id\":\"https:\\\/\\\/www.edilonsedra.com\\\/de\\\/systeme\\\/#breadcrumb\",\"itemListElement\":[{\"@type\":\"ListItem\",\"position\":1,\"name\":\"Home\",\"item\":\"https:\\\/\\\/www.edilonsedra.com\\\/de\\\/\"},{\"@type\":\"ListItem\",\"position\":2,\"name\":\"Systeme\"}]},{\"@type\":\"WebSite\",\"@id\":\"https:\\\/\\\/www.edilonsedra.com\\\/de\\\/#website\",\"url\":\"https:\\\/\\\/www.edilonsedra.com\\\/de\\\/\",\"name\":\"edilon)(sedra\",\"description\":\"Always a step ahead in rail systems\",\"potentialAction\":[{\"@type\":\"SearchAction\",\"target\":{\"@type\":\"EntryPoint\",\"urlTemplate\":\"https:\\\/\\\/www.edilonsedra.com\\\/de\\\/?s={search_term_string}\"},\"query-input\":{\"@type\":\"PropertyValueSpecification\",\"valueRequired\":true,\"valueName\":\"search_term_string\"}}],\"inLanguage\":\"de\"}]}<\/script>\n<!-- \/ Yoast SEO plugin. -->","yoast_head_json":{"title":"Systeme - edilon)(sedra","description":"Hier finden Sie die verschiedenen Systeme, die edilon)(sedra anbietet: Corkelast\u00ae ERS, Corkelast\u00ae EBS, SDS, DFS und Trackelast.","robots":{"index":"index","follow":"follow","max-snippet":"max-snippet:-1","max-image-preview":"max-image-preview:large","max-video-preview":"max-video-preview:-1"},"canonical":"https:\/\/www.edilonsedra.com\/de\/systeme\/","og_locale":"de_DE","og_type":"article","og_title":"Systeme - edilon)(sedra","og_description":"Hier finden Sie die verschiedenen Systeme, die edilon)(sedra anbietet: Corkelast\u00ae ERS, Corkelast\u00ae EBS, SDS, DFS und Trackelast.","og_url":"https:\/\/www.edilonsedra.com\/de\/systeme\/","og_site_name":"edilon)(sedra","article_modified_time":"2025-03-14T12:47:38+00:00","og_image":[{"width":2560,"height":1152,"url":"https:\/\/www.edilonsedra.com\/wp-content\/uploads\/2023\/04\/ERS-Bybanen-BT4-Norway2-scaled.jpg","type":"image\/jpeg"}],"twitter_card":"summary_large_image","twitter_misc":{"Gesch\u00e4tzte Lesezeit":"1\u00a0Minute"},"schema":{"@context":"https:\/\/schema.org","@graph":[{"@type":"WebPage","@id":"https:\/\/www.edilonsedra.com\/de\/systeme\/","url":"https:\/\/www.edilonsedra.com\/de\/systeme\/","name":"Systeme - edilon)(sedra","isPartOf":{"@id":"https:\/\/www.edilonsedra.com\/de\/#website"},"primaryImageOfPage":{"@id":"https:\/\/www.edilonsedra.com\/de\/systeme\/#primaryimage"},"image":{"@id":"https:\/\/www.edilonsedra.com\/de\/systeme\/#primaryimage"},"thumbnailUrl":"https:\/\/www.edilonsedra.com\/wp-content\/uploads\/2023\/04\/ERS-Bybanen-BT4-Norway2-scaled.jpg","datePublished":"2022-08-15T09:23:30+00:00","dateModified":"2025-03-14T12:47:38+00:00","description":"Hier finden Sie die verschiedenen Systeme, die edilon)(sedra anbietet: Corkelast\u00ae ERS, Corkelast\u00ae EBS, SDS, DFS und Trackelast.","breadcrumb":{"@id":"https:\/\/www.edilonsedra.com\/de\/systeme\/#breadcrumb"},"inLanguage":"de","potentialAction":[{"@type":"ReadAction","target":["https:\/\/www.edilonsedra.com\/de\/systeme\/"]}]},{"@type":"ImageObject","inLanguage":"de","@id":"https:\/\/www.edilonsedra.com\/de\/systeme\/#primaryimage","url":"https:\/\/www.edilonsedra.com\/wp-content\/uploads\/2023\/04\/ERS-Bybanen-BT4-Norway2-scaled.jpg","contentUrl":"https:\/\/www.edilonsedra.com\/wp-content\/uploads\/2023\/04\/ERS-Bybanen-BT4-Norway2-scaled.jpg","width":2560,"height":1152},{"@type":"BreadcrumbList","@id":"https:\/\/www.edilonsedra.com\/de\/systeme\/#breadcrumb","itemListElement":[{"@type":"ListItem","position":1,"name":"Home","item":"https:\/\/www.edilonsedra.com\/de\/"},{"@type":"ListItem","position":2,"name":"Systeme"}]},{"@type":"WebSite","@id":"https:\/\/www.edilonsedra.com\/de\/#website","url":"https:\/\/www.edilonsedra.com\/de\/","name":"edilon)(sedra","description":"Always a step ahead in rail systems","potentialAction":[{"@type":"SearchAction","target":{"@type":"EntryPoint","urlTemplate":"https:\/\/www.edilonsedra.com\/de\/?s={search_term_string}"},"query-input":{"@type":"PropertyValueSpecification","valueRequired":true,"valueName":"search_term_string"}}],"inLanguage":"de"}]}},"_links":{"self":[{"href":"https:\/\/www.edilonsedra.com\/de\/wp-json\/wp\/v2\/pages\/3923","targetHints":{"allow":["GET"]}}],"collection":[{"href":"https:\/\/www.edilonsedra.com\/de\/wp-json\/wp\/v2\/pages"}],"about":[{"href":"https:\/\/www.edilonsedra.com\/de\/wp-json\/wp\/v2\/types\/page"}],"author":[{"embeddable":true,"href":"https:\/\/www.edilonsedra.com\/de\/wp-json\/wp\/v2\/users\/1"}],"replies":[{"embeddable":true,"href":"https:\/\/www.edilonsedra.com\/de\/wp-json\/wp\/v2\/comments?post=3923"}],"version-history":[{"count":5,"href":"https:\/\/www.edilonsedra.com\/de\/wp-json\/wp\/v2\/pages\/3923\/revisions"}],"predecessor-version":[{"id":7665,"href":"https:\/\/www.edilonsedra.com\/de\/wp-json\/wp\/v2\/pages\/3923\/revisions\/7665"}],"wp:featuredmedia":[{"embeddable":true,"href":"https:\/\/www.edilonsedra.com\/de\/wp-json\/wp\/v2\/media\/3608"}],"wp:attachment":[{"href":"https:\/\/www.edilonsedra.com\/de\/wp-json\/wp\/v2\/media?parent=3923"}],"curies":[{"name":"wp","href":"https:\/\/api.w.org\/{rel}","templated":true}]}}