{"id":3928,"date":"2022-08-15T16:18:48","date_gmt":"2022-08-15T14:18:48","guid":{"rendered":"https:\/\/www.edilonsedra.com\/?page_id=3928"},"modified":"2024-01-10T11:58:59","modified_gmt":"2024-01-10T10:58:59","slug":"projekte","status":"publish","type":"page","link":"https:\/\/www.edilonsedra.com\/de\/projekte\/","title":{"rendered":"Projekte"},"content":{"rendered":"","protected":false},"excerpt":{"rendered":"","protected":false},"author":1,"featured_media":8906,"parent":0,"menu_order":0,"comment_status":"closed","ping_status":"closed","template":"page-templates\/projects.php","meta":{"_acf_changed":false,"footnotes":""},"class_list":["post-3928","page","type-page","status-publish","has-post-thumbnail","hentry"],"acf":[],"yoast_head":"<!-- This site is optimized with the Yoast SEO plugin v27.4 - https:\/\/yoast.com\/product\/yoast-seo-wordpress\/ -->\n<title>Projekte - edilon)(sedra<\/title>\n<meta name=\"description\" content=\"Hier finden Sie einen \u00dcberblick \u00fcber vergangene Projekte von edilon)(sedra. Einschlie\u00dflich unterschiedlicher Systeme und L\u00f6sungen.\" \/>\n<meta name=\"robots\" content=\"index, follow, max-snippet:-1, max-image-preview:large, max-video-preview:-1\" \/>\n<link rel=\"canonical\" href=\"https:\/\/www.edilonsedra.com\/de\/projekte\/\" \/>\n<meta property=\"og:locale\" content=\"de_DE\" \/>\n<meta property=\"og:type\" content=\"article\" \/>\n<meta property=\"og:title\" content=\"Projekte - edilon)(sedra\" \/>\n<meta property=\"og:description\" content=\"Hier finden Sie einen \u00dcberblick \u00fcber vergangene Projekte von edilon)(sedra. Einschlie\u00dflich unterschiedlicher Systeme und L\u00f6sungen.\" \/>\n<meta property=\"og:url\" content=\"https:\/\/www.edilonsedra.com\/de\/projekte\/\" \/>\n<meta property=\"og:site_name\" content=\"edilon)(sedra\" \/>\n<meta property=\"article:modified_time\" content=\"2024-01-10T10:58:59+00:00\" \/>\n<meta name=\"twitter:card\" content=\"summary_large_image\" \/>\n<script type=\"application\/ld+json\" class=\"yoast-schema-graph\">{\"@context\":\"https:\\\/\\\/schema.org\",\"@graph\":[{\"@type\":\"WebPage\",\"@id\":\"https:\\\/\\\/www.edilonsedra.com\\\/de\\\/projekte\\\/\",\"url\":\"https:\\\/\\\/www.edilonsedra.com\\\/de\\\/projekte\\\/\",\"name\":\"Projekte - edilon)(sedra\",\"isPartOf\":{\"@id\":\"https:\\\/\\\/www.edilonsedra.com\\\/de\\\/#website\"},\"primaryImageOfPage\":{\"@id\":\"https:\\\/\\\/www.edilonsedra.com\\\/de\\\/projekte\\\/#primaryimage\"},\"image\":{\"@id\":\"https:\\\/\\\/www.edilonsedra.com\\\/de\\\/projekte\\\/#primaryimage\"},\"thumbnailUrl\":\"https:\\\/\\\/www.edilonsedra.com\\\/wp-content\\\/uploads\\\/2025\\\/12\\\/2-Bernabeu-retractable-pitch-Corkelast-ERS-rail-system.jpg\",\"datePublished\":\"2022-08-15T14:18:48+00:00\",\"dateModified\":\"2024-01-10T10:58:59+00:00\",\"description\":\"Hier finden Sie einen \u00dcberblick \u00fcber vergangene Projekte von edilon)(sedra. Einschlie\u00dflich unterschiedlicher Systeme und L\u00f6sungen.\",\"breadcrumb\":{\"@id\":\"https:\\\/\\\/www.edilonsedra.com\\\/de\\\/projekte\\\/#breadcrumb\"},\"inLanguage\":\"de\",\"potentialAction\":[{\"@type\":\"ReadAction\",\"target\":[\"https:\\\/\\\/www.edilonsedra.com\\\/de\\\/projekte\\\/\"]}]},{\"@type\":\"ImageObject\",\"inLanguage\":\"de\",\"@id\":\"https:\\\/\\\/www.edilonsedra.com\\\/de\\\/projekte\\\/#primaryimage\",\"url\":\"https:\\\/\\\/www.edilonsedra.com\\\/wp-content\\\/uploads\\\/2025\\\/12\\\/2-Bernabeu-retractable-pitch-Corkelast-ERS-rail-system.jpg\",\"contentUrl\":\"https:\\\/\\\/www.edilonsedra.com\\\/wp-content\\\/uploads\\\/2025\\\/12\\\/2-Bernabeu-retractable-pitch-Corkelast-ERS-rail-system.jpg\",\"width\":1280,\"height\":853},{\"@type\":\"BreadcrumbList\",\"@id\":\"https:\\\/\\\/www.edilonsedra.com\\\/de\\\/projekte\\\/#breadcrumb\",\"itemListElement\":[{\"@type\":\"ListItem\",\"position\":1,\"name\":\"Home\",\"item\":\"https:\\\/\\\/www.edilonsedra.com\\\/de\\\/\"},{\"@type\":\"ListItem\",\"position\":2,\"name\":\"Projekte\"}]},{\"@type\":\"WebSite\",\"@id\":\"https:\\\/\\\/www.edilonsedra.com\\\/de\\\/#website\",\"url\":\"https:\\\/\\\/www.edilonsedra.com\\\/de\\\/\",\"name\":\"edilon)(sedra\",\"description\":\"Always a step ahead in rail systems\",\"potentialAction\":[{\"@type\":\"SearchAction\",\"target\":{\"@type\":\"EntryPoint\",\"urlTemplate\":\"https:\\\/\\\/www.edilonsedra.com\\\/de\\\/?s={search_term_string}\"},\"query-input\":{\"@type\":\"PropertyValueSpecification\",\"valueRequired\":true,\"valueName\":\"search_term_string\"}}],\"inLanguage\":\"de\"}]}<\/script>\n<!-- \/ Yoast SEO plugin. -->","yoast_head_json":{"title":"Projekte - edilon)(sedra","description":"Hier finden Sie einen \u00dcberblick \u00fcber vergangene Projekte von edilon)(sedra. Einschlie\u00dflich unterschiedlicher Systeme und L\u00f6sungen.","robots":{"index":"index","follow":"follow","max-snippet":"max-snippet:-1","max-image-preview":"max-image-preview:large","max-video-preview":"max-video-preview:-1"},"canonical":"https:\/\/www.edilonsedra.com\/de\/projekte\/","og_locale":"de_DE","og_type":"article","og_title":"Projekte - edilon)(sedra","og_description":"Hier finden Sie einen \u00dcberblick \u00fcber vergangene Projekte von edilon)(sedra. Einschlie\u00dflich unterschiedlicher Systeme und L\u00f6sungen.","og_url":"https:\/\/www.edilonsedra.com\/de\/projekte\/","og_site_name":"edilon)(sedra","article_modified_time":"2024-01-10T10:58:59+00:00","twitter_card":"summary_large_image","schema":{"@context":"https:\/\/schema.org","@graph":[{"@type":"WebPage","@id":"https:\/\/www.edilonsedra.com\/de\/projekte\/","url":"https:\/\/www.edilonsedra.com\/de\/projekte\/","name":"Projekte - edilon)(sedra","isPartOf":{"@id":"https:\/\/www.edilonsedra.com\/de\/#website"},"primaryImageOfPage":{"@id":"https:\/\/www.edilonsedra.com\/de\/projekte\/#primaryimage"},"image":{"@id":"https:\/\/www.edilonsedra.com\/de\/projekte\/#primaryimage"},"thumbnailUrl":"https:\/\/www.edilonsedra.com\/wp-content\/uploads\/2025\/12\/2-Bernabeu-retractable-pitch-Corkelast-ERS-rail-system.jpg","datePublished":"2022-08-15T14:18:48+00:00","dateModified":"2024-01-10T10:58:59+00:00","description":"Hier finden Sie einen \u00dcberblick \u00fcber vergangene Projekte von edilon)(sedra. Einschlie\u00dflich unterschiedlicher Systeme und L\u00f6sungen.","breadcrumb":{"@id":"https:\/\/www.edilonsedra.com\/de\/projekte\/#breadcrumb"},"inLanguage":"de","potentialAction":[{"@type":"ReadAction","target":["https:\/\/www.edilonsedra.com\/de\/projekte\/"]}]},{"@type":"ImageObject","inLanguage":"de","@id":"https:\/\/www.edilonsedra.com\/de\/projekte\/#primaryimage","url":"https:\/\/www.edilonsedra.com\/wp-content\/uploads\/2025\/12\/2-Bernabeu-retractable-pitch-Corkelast-ERS-rail-system.jpg","contentUrl":"https:\/\/www.edilonsedra.com\/wp-content\/uploads\/2025\/12\/2-Bernabeu-retractable-pitch-Corkelast-ERS-rail-system.jpg","width":1280,"height":853},{"@type":"BreadcrumbList","@id":"https:\/\/www.edilonsedra.com\/de\/projekte\/#breadcrumb","itemListElement":[{"@type":"ListItem","position":1,"name":"Home","item":"https:\/\/www.edilonsedra.com\/de\/"},{"@type":"ListItem","position":2,"name":"Projekte"}]},{"@type":"WebSite","@id":"https:\/\/www.edilonsedra.com\/de\/#website","url":"https:\/\/www.edilonsedra.com\/de\/","name":"edilon)(sedra","description":"Always a step ahead in rail systems","potentialAction":[{"@type":"SearchAction","target":{"@type":"EntryPoint","urlTemplate":"https:\/\/www.edilonsedra.com\/de\/?s={search_term_string}"},"query-input":{"@type":"PropertyValueSpecification","valueRequired":true,"valueName":"search_term_string"}}],"inLanguage":"de"}]}},"_links":{"self":[{"href":"https:\/\/www.edilonsedra.com\/de\/wp-json\/wp\/v2\/pages\/3928","targetHints":{"allow":["GET"]}}],"collection":[{"href":"https:\/\/www.edilonsedra.com\/de\/wp-json\/wp\/v2\/pages"}],"about":[{"href":"https:\/\/www.edilonsedra.com\/de\/wp-json\/wp\/v2\/types\/page"}],"author":[{"embeddable":true,"href":"https:\/\/www.edilonsedra.com\/de\/wp-json\/wp\/v2\/users\/1"}],"replies":[{"embeddable":true,"href":"https:\/\/www.edilonsedra.com\/de\/wp-json\/wp\/v2\/comments?post=3928"}],"version-history":[{"count":1,"href":"https:\/\/www.edilonsedra.com\/de\/wp-json\/wp\/v2\/pages\/3928\/revisions"}],"predecessor-version":[{"id":3929,"href":"https:\/\/www.edilonsedra.com\/de\/wp-json\/wp\/v2\/pages\/3928\/revisions\/3929"}],"wp:featuredmedia":[{"embeddable":true,"href":"https:\/\/www.edilonsedra.com\/de\/wp-json\/wp\/v2\/media\/8906"}],"wp:attachment":[{"href":"https:\/\/www.edilonsedra.com\/de\/wp-json\/wp\/v2\/media?parent=3928"}],"curies":[{"name":"wp","href":"https:\/\/api.w.org\/{rel}","templated":true}]}}