{"id":3942,"date":"2022-08-15T11:23:33","date_gmt":"2022-08-15T09:23:33","guid":{"rendered":"https:\/\/www.edilonsedra.com\/?page_id=3942"},"modified":"2025-03-04T13:48:26","modified_gmt":"2025-03-04T12:48:26","slug":"service-beratung","status":"publish","type":"page","link":"https:\/\/www.edilonsedra.com\/de\/service-beratung\/","title":{"rendered":"Service &amp; Beratung"},"content":{"rendered":"\n<p>Unser Unternehmen legt gro\u00dfen Wert auf Projektunterst\u00fctzung. Wenn gew\u00fcnscht, beteiligen wir uns fr\u00fchzeitig an Projekten und bieten Beratung zu technischen Systementscheidungen.<\/p>\n\n\n\n<p>Projektpartner erhalten bei Bedarf ein umfangreiches Paket an Mehrwertdienstleistungen, wie z.B.: Systemdesign, Anwendungsentwicklung, Bauleitung, Wartungsberatung, Beratung und Anleitung.<\/p>\n\n\n\n<p>Wir bieten Beratungsdienstleistungen an, die von der Entwicklung von Schienenbefestigungssystemen \u00fcber Materialtests bis hin zu technischen Berechnungen und Systemzeichnungen reichen. Hierf\u00fcr verf\u00fcgen wir \u00fcber interne Fachleute in den Bereichen Bauwesen, Maschinenbau, Akustik und Chemie sowie externe Ingenieurb\u00fcros. Sie teilen gerne ihr Wissen mit Ihnen, um Ihre technischen Anforderungen und Bed\u00fcrfnisse zu erf\u00fcllen!<\/p>\n\n\n\n<figure class=\"wp-block-image size-large\"><img loading=\"lazy\" decoding=\"async\" width=\"1024\" height=\"724\" src=\"https:\/\/www.edilonsedra.com\/wp-content\/uploads\/2023\/10\/Infographic-edilon-sedra-value-added-services-1024x724.jpg\" alt=\"\" class=\"wp-image-6018\" srcset=\"https:\/\/www.edilonsedra.com\/wp-content\/uploads\/2023\/10\/Infographic-edilon-sedra-value-added-services-1024x724.jpg 1024w, https:\/\/www.edilonsedra.com\/wp-content\/uploads\/2023\/10\/Infographic-edilon-sedra-value-added-services-300x212.jpg 300w, https:\/\/www.edilonsedra.com\/wp-content\/uploads\/2023\/10\/Infographic-edilon-sedra-value-added-services-768x543.jpg 768w, https:\/\/www.edilonsedra.com\/wp-content\/uploads\/2023\/10\/Infographic-edilon-sedra-value-added-services-1536x1086.jpg 1536w, https:\/\/www.edilonsedra.com\/wp-content\/uploads\/2023\/10\/Infographic-edilon-sedra-value-added-services-2048x1448.jpg 2048w, https:\/\/www.edilonsedra.com\/wp-content\/uploads\/2023\/10\/Infographic-edilon-sedra-value-added-services-200x141.jpg 200w\" sizes=\"auto, (max-width: 1024px) 100vw, 1024px\" \/><\/figure>\n\n\n\n<section class=\"module-aboutcard wp-block margin-xlarge alignfull\">\n\t<div class=\"row align-center flex-grow\">\n\t\t\t\t<div class=\"large-6 small-12 column grow\">\n\t\t\t\n\t\t\t<div class=\"card grow\">\n\t\t\t\t<div class=\"card-image\">\n\t\t\t\t\t\t\t\t\t\t\t<img decoding=\"async\" src=\"https:\/\/www.edilonsedra.com\/wp-content\/uploads\/2023\/03\/edilon-sedra-Application-Engineering-services-BIM.jpg\" alt=\"\">\n\t\t\t\t\t\t\t\t\t<\/div>\n\t\t\t\t<div class=\"card-title\">\n\t\t\t\t\t<h3>Anwendung und Engineering<\/h3>\t\t\t\t<\/div>\n\t\t\t\t<div class=\"card-content text-grow margin-small-bottom\">\n\t\t\t\t\t<p>Unsere Technikabteilung gew\u00e4hrleistet die optimale Anwendung unserer Schienenbefestigungssysteme in Ihren Projekten sowie die korrekten Installationsmethoden und die ordnungsgem\u00e4\u00dfe Verbindung mit anderen Schienenbefestigungssystemen.<\/p>\n\t\t\t\t<\/div>\n\t\t\t\t\t\t\t\t\t<div class=\"card-button\">\n\t\t\t\t\t\t<a href=\"https:\/\/www.edilonsedra.com\/de\/anwendung-und-engineering\/\" class=\"button button-blue\" >Mehr lesen<\/a>\n\t\t\t\t\t<\/div>\n\t\t\t\t\t\t\t<\/div>\n\t\t<\/div>\n\t\t\t\t<div class=\"large-6 small-12 column grow\">\n\t\t\t\n\t\t\t<div class=\"card grow\">\n\t\t\t\t<div class=\"card-image\">\n\t\t\t\t\t\t\t\t\t\t\t<img decoding=\"async\" src=\"https:\/\/www.edilonsedra.com\/wp-content\/uploads\/2023\/03\/edilon-sedra-Track-Services-1050x623.jpg\" alt=\"\">\n\t\t\t\t\t\t\t\t\t<\/div>\n\t\t\t\t<div class=\"card-title\">\n\t\t\t\t\t<h3>Bauunterst\u00fctzung<\/h3>\t\t\t\t<\/div>\n\t\t\t\t<div class=\"card-content text-grow margin-small-bottom\">\n\t\t\t\t\t<p>Die Installation eines Schienenbefestigungssystems erfordert oftmals eine projektspezifische Anpassung. Unsere Abteilung f\u00fcr Anwendungstechnik bietet Projektunterst\u00fctzung f\u00fcr die Installation unserer Schienenbefestigungssysteme f\u00fcr schotterlose Gleise.<\/p>\n\t\t\t\t<\/div>\n\t\t\t\t\t\t\t\t\t<div class=\"card-button\">\n\t\t\t\t\t\t<a href=\"https:\/\/www.edilonsedra.com\/de\/bauunterstuetzung\/\" class=\"button button-blue\" >Mehr lesen<\/a>\n\t\t\t\t\t<\/div>\n\t\t\t\t\t\t\t<\/div>\n\t\t<\/div>\n\t\t\t\t<div class=\"large-6 small-12 column grow\">\n\t\t\t\n\t\t\t<div class=\"card grow\">\n\t\t\t\t<div class=\"card-image\">\n\t\t\t\t\t\t\t\t\t\t\t<img decoding=\"async\" src=\"https:\/\/www.edilonsedra.com\/wp-content\/uploads\/2023\/03\/edilon-sedra-BIM_Rummelsburg-tram-depot-1050x623.jpg\" alt=\"\">\n\t\t\t\t\t\t\t\t\t<\/div>\n\t\t\t\t<div class=\"card-title\">\n\t\t\t\t\t<h3>BIM<\/h3>\t\t\t\t<\/div>\n\t\t\t\t<div class=\"card-content text-grow margin-small-bottom\">\n\t\t\t\t\t<p>Wir bieten eine Auswahl an edilon)(sedra Track System BIM-Modulen an, die bereit sind, in Ihre Gleisplanung integriert zu werden.<\/p>\n\t\t\t\t<\/div>\n\t\t\t\t\t\t\t\t\t<div class=\"card-button\">\n\t\t\t\t\t\t<a href=\"https:\/\/www.edilonsedra.com\/de\/bim\/\" class=\"button button-blue\" >Mehr lesen<\/a>\n\t\t\t\t\t<\/div>\n\t\t\t\t\t\t\t<\/div>\n\t\t<\/div>\n\t\t\t\t<div class=\"large-6 small-12 column grow\">\n\t\t\t\n\t\t\t<div class=\"card grow\">\n\t\t\t\t<div class=\"card-image\">\n\t\t\t\t\t\t\t\t\t\t\t<img decoding=\"async\" src=\"https:\/\/www.edilonsedra.com\/wp-content\/uploads\/2023\/07\/training-photo-1050x623.png\" alt=\"\">\n\t\t\t\t\t\t\t\t\t<\/div>\n\t\t\t\t<div class=\"card-title\">\n\t\t\t\t\t<h3>Schulung<\/h3>\t\t\t\t<\/div>\n\t\t\t\t<div class=\"card-content text-grow margin-small-bottom\">\n\t\t\t\t\t<p>Im Rahmen unseres Full-Service-Ansatzes bieten wir eine Vielzahl von Online- und Vor-Ort-Schulungsoptionen an, um eine sichere und effiziente Installation unserer Gleissysteme zu gew\u00e4hrleisten.<\/p>\n\t\t\t\t<\/div>\n\t\t\t\t\t\t\t\t\t<div class=\"card-button\">\n\t\t\t\t\t\t<a href=\"https:\/\/www.edilonsedra.com\/de\/service-beratung\/schulung\/\" class=\"button button-blue\" >Mehr lesen<\/a>\n\t\t\t\t\t<\/div>\n\t\t\t\t\t\t\t<\/div>\n\t\t<\/div>\n\t\t\t<\/div>\n<\/section>","protected":false},"excerpt":{"rendered":"<p>Unser Unternehmen legt gro\u00dfen Wert auf Projektunterst\u00fctzung. Wenn gew\u00fcnscht, beteiligen wir uns fr\u00fchzeitig an Projekten und bieten Beratung zu technischen Systementscheidungen. Projektpartner erhalten bei Bedarf ein umfangreiches Paket an Mehrwertdienstleistungen, wie z.B.: Systemdesign, Anwendungsentwicklung, Bauleitung, Wartungsberatung, Beratung und Anleitung. Wir bieten Beratungsdienstleistungen an, die von der Entwicklung von Schienenbefestigungssystemen \u00fcber Materialtests bis hin zu technischen<a class=\"excerpt-read-more\" href=\"https:\/\/www.edilonsedra.com\/de\/service-beratung\/\" title=\"Mehr lesenService &amp; Beratung\">&#8230; Mehr lesen \u00bb<\/a><\/p>\n","protected":false},"author":1,"featured_media":3586,"parent":0,"menu_order":0,"comment_status":"closed","ping_status":"closed","template":"page-templates\/background-image-header.php","meta":{"_acf_changed":false,"footnotes":""},"class_list":["post-3942","page","type-page","status-publish","has-post-thumbnail","hentry"],"acf":[],"yoast_head":"<!-- This site is optimized with the Yoast SEO plugin v27.3 - https:\/\/yoast.com\/product\/yoast-seo-wordpress\/ -->\n<title>Service &amp; Beratung - edilon)(sedra<\/title>\n<meta name=\"description\" content=\"Unser Beratungsangebot reicht von der Entwicklung von Schienenbefestigungssystemen \u00fcber die Pr\u00fcfung von Materialien bis hin zu technischen Berechnungen und Zeichnungen.\" \/>\n<meta name=\"robots\" content=\"index, follow, max-snippet:-1, max-image-preview:large, max-video-preview:-1\" \/>\n<link rel=\"canonical\" href=\"https:\/\/www.edilonsedra.com\/de\/service-beratung\/\" \/>\n<meta property=\"og:locale\" content=\"de_DE\" \/>\n<meta property=\"og:type\" content=\"article\" \/>\n<meta property=\"og:title\" content=\"Service &amp; Beratung - edilon)(sedra\" \/>\n<meta property=\"og:description\" content=\"Unser Beratungsangebot reicht von der Entwicklung von Schienenbefestigungssystemen \u00fcber die Pr\u00fcfung von Materialien bis hin zu technischen Berechnungen und Zeichnungen.\" \/>\n<meta property=\"og:url\" content=\"https:\/\/www.edilonsedra.com\/de\/service-beratung\/\" \/>\n<meta property=\"og:site_name\" content=\"edilon)(sedra\" \/>\n<meta property=\"article:modified_time\" content=\"2025-03-04T12:48:26+00:00\" \/>\n<meta property=\"og:image\" content=\"https:\/\/www.edilonsedra.com\/wp-content\/uploads\/2023\/03\/Corkelast-ERS-station-Utrecht-scaled.jpg\" \/>\n\t<meta property=\"og:image:width\" content=\"2560\" \/>\n\t<meta property=\"og:image:height\" content=\"1894\" \/>\n\t<meta property=\"og:image:type\" content=\"image\/jpeg\" \/>\n<meta name=\"twitter:card\" content=\"summary_large_image\" \/>\n<meta name=\"twitter:label1\" content=\"Gesch\u00e4tzte Lesezeit\" \/>\n\t<meta name=\"twitter:data1\" content=\"3\u00a0Minuten\" \/>\n<script type=\"application\/ld+json\" class=\"yoast-schema-graph\">{\"@context\":\"https:\\\/\\\/schema.org\",\"@graph\":[{\"@type\":\"WebPage\",\"@id\":\"https:\\\/\\\/www.edilonsedra.com\\\/de\\\/service-beratung\\\/\",\"url\":\"https:\\\/\\\/www.edilonsedra.com\\\/de\\\/service-beratung\\\/\",\"name\":\"Service &amp; Beratung - edilon)(sedra\",\"isPartOf\":{\"@id\":\"https:\\\/\\\/www.edilonsedra.com\\\/de\\\/#website\"},\"primaryImageOfPage\":{\"@id\":\"https:\\\/\\\/www.edilonsedra.com\\\/de\\\/service-beratung\\\/#primaryimage\"},\"image\":{\"@id\":\"https:\\\/\\\/www.edilonsedra.com\\\/de\\\/service-beratung\\\/#primaryimage\"},\"thumbnailUrl\":\"https:\\\/\\\/www.edilonsedra.com\\\/wp-content\\\/uploads\\\/2023\\\/03\\\/Corkelast-ERS-station-Utrecht-scaled.jpg\",\"datePublished\":\"2022-08-15T09:23:33+00:00\",\"dateModified\":\"2025-03-04T12:48:26+00:00\",\"description\":\"Unser Beratungsangebot reicht von der Entwicklung von Schienenbefestigungssystemen \u00fcber die Pr\u00fcfung von Materialien bis hin zu technischen Berechnungen und Zeichnungen.\",\"breadcrumb\":{\"@id\":\"https:\\\/\\\/www.edilonsedra.com\\\/de\\\/service-beratung\\\/#breadcrumb\"},\"inLanguage\":\"de\",\"potentialAction\":[{\"@type\":\"ReadAction\",\"target\":[\"https:\\\/\\\/www.edilonsedra.com\\\/de\\\/service-beratung\\\/\"]}]},{\"@type\":\"ImageObject\",\"inLanguage\":\"de\",\"@id\":\"https:\\\/\\\/www.edilonsedra.com\\\/de\\\/service-beratung\\\/#primaryimage\",\"url\":\"https:\\\/\\\/www.edilonsedra.com\\\/wp-content\\\/uploads\\\/2023\\\/03\\\/Corkelast-ERS-station-Utrecht-scaled.jpg\",\"contentUrl\":\"https:\\\/\\\/www.edilonsedra.com\\\/wp-content\\\/uploads\\\/2023\\\/03\\\/Corkelast-ERS-station-Utrecht-scaled.jpg\",\"width\":2560,\"height\":1894},{\"@type\":\"BreadcrumbList\",\"@id\":\"https:\\\/\\\/www.edilonsedra.com\\\/de\\\/service-beratung\\\/#breadcrumb\",\"itemListElement\":[{\"@type\":\"ListItem\",\"position\":1,\"name\":\"Home\",\"item\":\"https:\\\/\\\/www.edilonsedra.com\\\/de\\\/\"},{\"@type\":\"ListItem\",\"position\":2,\"name\":\"Service &amp; Beratung\"}]},{\"@type\":\"WebSite\",\"@id\":\"https:\\\/\\\/www.edilonsedra.com\\\/de\\\/#website\",\"url\":\"https:\\\/\\\/www.edilonsedra.com\\\/de\\\/\",\"name\":\"edilon)(sedra\",\"description\":\"Always a step ahead in rail systems\",\"potentialAction\":[{\"@type\":\"SearchAction\",\"target\":{\"@type\":\"EntryPoint\",\"urlTemplate\":\"https:\\\/\\\/www.edilonsedra.com\\\/de\\\/?s={search_term_string}\"},\"query-input\":{\"@type\":\"PropertyValueSpecification\",\"valueRequired\":true,\"valueName\":\"search_term_string\"}}],\"inLanguage\":\"de\"}]}<\/script>\n<!-- \/ Yoast SEO plugin. -->","yoast_head_json":{"title":"Service &amp; Beratung - edilon)(sedra","description":"Unser Beratungsangebot reicht von der Entwicklung von Schienenbefestigungssystemen \u00fcber die Pr\u00fcfung von Materialien bis hin zu technischen Berechnungen und Zeichnungen.","robots":{"index":"index","follow":"follow","max-snippet":"max-snippet:-1","max-image-preview":"max-image-preview:large","max-video-preview":"max-video-preview:-1"},"canonical":"https:\/\/www.edilonsedra.com\/de\/service-beratung\/","og_locale":"de_DE","og_type":"article","og_title":"Service &amp; Beratung - edilon)(sedra","og_description":"Unser Beratungsangebot reicht von der Entwicklung von Schienenbefestigungssystemen \u00fcber die Pr\u00fcfung von Materialien bis hin zu technischen Berechnungen und Zeichnungen.","og_url":"https:\/\/www.edilonsedra.com\/de\/service-beratung\/","og_site_name":"edilon)(sedra","article_modified_time":"2025-03-04T12:48:26+00:00","og_image":[{"width":2560,"height":1894,"url":"https:\/\/www.edilonsedra.com\/wp-content\/uploads\/2023\/03\/Corkelast-ERS-station-Utrecht-scaled.jpg","type":"image\/jpeg"}],"twitter_card":"summary_large_image","twitter_misc":{"Gesch\u00e4tzte Lesezeit":"3\u00a0Minuten"},"schema":{"@context":"https:\/\/schema.org","@graph":[{"@type":"WebPage","@id":"https:\/\/www.edilonsedra.com\/de\/service-beratung\/","url":"https:\/\/www.edilonsedra.com\/de\/service-beratung\/","name":"Service &amp; Beratung - edilon)(sedra","isPartOf":{"@id":"https:\/\/www.edilonsedra.com\/de\/#website"},"primaryImageOfPage":{"@id":"https:\/\/www.edilonsedra.com\/de\/service-beratung\/#primaryimage"},"image":{"@id":"https:\/\/www.edilonsedra.com\/de\/service-beratung\/#primaryimage"},"thumbnailUrl":"https:\/\/www.edilonsedra.com\/wp-content\/uploads\/2023\/03\/Corkelast-ERS-station-Utrecht-scaled.jpg","datePublished":"2022-08-15T09:23:33+00:00","dateModified":"2025-03-04T12:48:26+00:00","description":"Unser Beratungsangebot reicht von der Entwicklung von Schienenbefestigungssystemen \u00fcber die Pr\u00fcfung von Materialien bis hin zu technischen Berechnungen und Zeichnungen.","breadcrumb":{"@id":"https:\/\/www.edilonsedra.com\/de\/service-beratung\/#breadcrumb"},"inLanguage":"de","potentialAction":[{"@type":"ReadAction","target":["https:\/\/www.edilonsedra.com\/de\/service-beratung\/"]}]},{"@type":"ImageObject","inLanguage":"de","@id":"https:\/\/www.edilonsedra.com\/de\/service-beratung\/#primaryimage","url":"https:\/\/www.edilonsedra.com\/wp-content\/uploads\/2023\/03\/Corkelast-ERS-station-Utrecht-scaled.jpg","contentUrl":"https:\/\/www.edilonsedra.com\/wp-content\/uploads\/2023\/03\/Corkelast-ERS-station-Utrecht-scaled.jpg","width":2560,"height":1894},{"@type":"BreadcrumbList","@id":"https:\/\/www.edilonsedra.com\/de\/service-beratung\/#breadcrumb","itemListElement":[{"@type":"ListItem","position":1,"name":"Home","item":"https:\/\/www.edilonsedra.com\/de\/"},{"@type":"ListItem","position":2,"name":"Service &amp; Beratung"}]},{"@type":"WebSite","@id":"https:\/\/www.edilonsedra.com\/de\/#website","url":"https:\/\/www.edilonsedra.com\/de\/","name":"edilon)(sedra","description":"Always a step ahead in rail systems","potentialAction":[{"@type":"SearchAction","target":{"@type":"EntryPoint","urlTemplate":"https:\/\/www.edilonsedra.com\/de\/?s={search_term_string}"},"query-input":{"@type":"PropertyValueSpecification","valueRequired":true,"valueName":"search_term_string"}}],"inLanguage":"de"}]}},"_links":{"self":[{"href":"https:\/\/www.edilonsedra.com\/de\/wp-json\/wp\/v2\/pages\/3942","targetHints":{"allow":["GET"]}}],"collection":[{"href":"https:\/\/www.edilonsedra.com\/de\/wp-json\/wp\/v2\/pages"}],"about":[{"href":"https:\/\/www.edilonsedra.com\/de\/wp-json\/wp\/v2\/types\/page"}],"author":[{"embeddable":true,"href":"https:\/\/www.edilonsedra.com\/de\/wp-json\/wp\/v2\/users\/1"}],"replies":[{"embeddable":true,"href":"https:\/\/www.edilonsedra.com\/de\/wp-json\/wp\/v2\/comments?post=3942"}],"version-history":[{"count":3,"href":"https:\/\/www.edilonsedra.com\/de\/wp-json\/wp\/v2\/pages\/3942\/revisions"}],"predecessor-version":[{"id":7609,"href":"https:\/\/www.edilonsedra.com\/de\/wp-json\/wp\/v2\/pages\/3942\/revisions\/7609"}],"wp:featuredmedia":[{"embeddable":true,"href":"https:\/\/www.edilonsedra.com\/de\/wp-json\/wp\/v2\/media\/3586"}],"wp:attachment":[{"href":"https:\/\/www.edilonsedra.com\/de\/wp-json\/wp\/v2\/media?parent=3942"}],"curies":[{"name":"wp","href":"https:\/\/api.w.org\/{rel}","templated":true}]}}