{"id":3947,"date":"2022-08-15T11:24:27","date_gmt":"2022-08-15T09:24:27","guid":{"rendered":"https:\/\/www.edilonsedra.com\/?page_id=3947"},"modified":"2024-01-10T11:37:06","modified_gmt":"2024-01-10T10:37:06","slug":"ueber-uns","status":"publish","type":"page","link":"https:\/\/www.edilonsedra.com\/de\/ueber-uns\/","title":{"rendered":"\u00dcber uns"},"content":{"rendered":"\n<h2 class=\"wp-block-heading\">Entdecken Sie die Welt der schotterlosen Gleise<\/h2>\n\n\n\n<p>edilon)(sedra ist ein internationaler Anbieter von schotterlosen Gleissystemen, isolierenden Schienensystemen sowie L\u00e4rm- und Schwingungsminderungssystemen f\u00fcr Hochgeschwindigkeitsz\u00fcge, Vollbahnen, Stra\u00dfenbahnen und Stadtbahnsysteme, U-Bahnen, Industrie- und Kranbahnen.<\/p>\n\n\n\n<p>Als Anbieter von Systeml\u00f6sungen mit Mehrwert unterst\u00fctzen wir Sie in den Bereichen Planung und Anwendung von Tunneln, Br\u00fccken, Bahn\u00fcberg\u00e4ngen, Bahnh\u00f6fen und Haltestellen sowie st\u00e4dtischen Feste Fahrbahnsysteme. Aber auch an Depots, Waschanlagen, H\u00e4fen und Industriegebieten denken wir.<\/p>\n\n\n\n<p>Wir k\u00f6nnen Ihrem <a href=\"https:\/\/www.edilonsedra.com\/wp-content\/uploads\/2023\/10\/Infographic-edilon-sedra-value-added-services.jpg\" target=\"_blank\" rel=\"noreferrer noopener\">Projekt Mehrwerte<\/a> bieten durch:<\/p>\n\n\n\n<ul class=\"wp-block-list\">\n<li>Design und Entwicklung nachhaltiger Schienenbefestigungsl\u00f6sungen<\/li>\n\n\n\n<li>Anwendungs- und Engineering-Support-Dienstleistungen<\/li>\n\n\n\n<li>Beratung zu technischen und praktischen Fragen<\/li>\n\n\n\n<li>Schulungen, \u00dcberwachung oder Installation von edilon)(sedra-Systemen<\/li>\n<\/ul>\n\n\n\n<p>Seit den fr\u00fchen 1970er Jahren sind edilon)(sedra Schienenbefestigungssysteme f\u00fcr schotterlose Gleise ein bekannter Standard auf dem internationalen Schienenmarkt. edilon)(sedra ist Teil der <a href=\"https:\/\/jameswalkergroup.com\/\" target=\"_blank\" rel=\"noreferrer noopener\">James Walker Group<\/a>.<\/p>\n\n\n\n<section class=\"module-aboutcard wp-block margin-xlarge alignfull\">\n\t<div class=\"row align-center flex-grow\">\n\t\t\t\t<div class=\"large-6 small-12 column grow\">\n\t\t\t\n\t\t\t<div class=\"card grow\">\n\t\t\t\t<div class=\"card-image\">\n\t\t\t\t\t\t\t\t\t\t\t<img decoding=\"async\" src=\"https:\/\/www.edilonsedra.com\/wp-content\/uploads\/2023\/03\/edilon-sedra-office-Wiesbaden-1-1050x623.jpeg\" alt=\"\">\n\t\t\t\t\t\t\t\t\t<\/div>\n\t\t\t\t<div class=\"card-title\">\n\t\t\t\t\t<h3>Nachhaltigkeit<\/h3>\t\t\t\t<\/div>\n\t\t\t\t<div class=\"card-content text-grow margin-small-bottom\">\n\t\t\t\t\t<p>edilon)(sedra arbeitet kontinuierlich daran, seine Schienenbefestigungssysteme nachhaltiger zu gestalten. Unser Unternehmen entwickelt und liefert hochwertige Gleissysteme und strebt dabei an, Umwelt- und Klimaauswirkungen zu minimieren und die Verf\u00fcgbarkeit von Schienenverkehrsmitteln f\u00fcr Fahrg\u00e4ste zu maximieren.<\/p>\n\t\t\t\t<\/div>\n\t\t\t\t\t\t\t\t\t<div class=\"card-button\">\n\t\t\t\t\t\t<a href=\"https:\/\/www.edilonsedra.com\/de\/ueber-uns\/nachhaltigkeit\/\" class=\"button button-blue\" >Mehr lesen<\/a>\n\t\t\t\t\t<\/div>\n\t\t\t\t\t\t\t<\/div>\n\t\t<\/div>\n\t\t\t\t<div class=\"large-6 small-12 column grow\">\n\t\t\t\n\t\t\t<div class=\"card grow\">\n\t\t\t\t<div class=\"card-image\">\n\t\t\t\t\t\t\t\t\t\t\t<img decoding=\"async\" src=\"https:\/\/www.edilonsedra.com\/wp-content\/uploads\/2023\/03\/edilon-sedra-great-company-to-work-1050x623.jpg\" alt=\"\">\n\t\t\t\t\t\t\t\t\t<\/div>\n\t\t\t\t<div class=\"card-title\">\n\t\t\t\t\t<h3>Karriere<\/h3>\t\t\t\t<\/div>\n\t\t\t\t<div class=\"card-content text-grow margin-small-bottom\">\n\t\t\t\t\t<p>Bei edilon)(sedra kann Ihre t\u00e4gliche Arbeit dazu beitragen, innovative Gleistechnologien und L\u00f6sungen zu entwickeln, die jeden Tag eine positive und sichtbare Auswirkung auf Tausende von Bahnfahrg\u00e4sten haben.<\/p>\n\t\t\t\t<\/div>\n\t\t\t\t\t\t\t\t\t<div class=\"card-button\">\n\t\t\t\t\t\t<a href=\"https:\/\/www.edilonsedra.com\/de\/ueber-uns\/karriere\/\" class=\"button button-blue\" >Mehr lesen<\/a>\n\t\t\t\t\t<\/div>\n\t\t\t\t\t\t\t<\/div>\n\t\t<\/div>\n\t\t\t<\/div>\n<\/section>","protected":false},"excerpt":{"rendered":"<p>Entdecken Sie die Welt der schotterlosen Gleise edilon)(sedra ist ein internationaler Anbieter von schotterlosen Gleissystemen, isolierenden Schienensystemen sowie L\u00e4rm- und Schwingungsminderungssystemen f\u00fcr Hochgeschwindigkeitsz\u00fcge, Vollbahnen, Stra\u00dfenbahnen und Stadtbahnsysteme, U-Bahnen, Industrie- und Kranbahnen. Als Anbieter von Systeml\u00f6sungen mit Mehrwert unterst\u00fctzen wir Sie in den Bereichen Planung und Anwendung von Tunneln, Br\u00fccken, Bahn\u00fcberg\u00e4ngen, Bahnh\u00f6fen und Haltestellen sowie st\u00e4dtischen<a class=\"excerpt-read-more\" href=\"https:\/\/www.edilonsedra.com\/de\/ueber-uns\/\" title=\"Mehr lesen\u00dcber uns\">&#8230; Mehr lesen \u00bb<\/a><\/p>\n","protected":false},"author":1,"featured_media":3326,"parent":0,"menu_order":0,"comment_status":"closed","ping_status":"closed","template":"page-templates\/background-image-header.php","meta":{"_acf_changed":false,"footnotes":""},"class_list":["post-3947","page","type-page","status-publish","has-post-thumbnail","hentry"],"acf":[],"yoast_head":"<!-- This site is optimized with the Yoast SEO plugin v27.3 - https:\/\/yoast.com\/product\/yoast-seo-wordpress\/ -->\n<title>\u00dcber uns - edilon)(sedra<\/title>\n<meta name=\"description\" content=\"edilon)(sedra ist ein internationaler Anbieter von Feste Fahrbahn-Systemen, isolierenden Schienensystemen und Systemen zur Reduzierung von L\u00e4rm und Vibrationen.\" \/>\n<meta name=\"robots\" content=\"index, follow, max-snippet:-1, max-image-preview:large, max-video-preview:-1\" \/>\n<link rel=\"canonical\" href=\"https:\/\/www.edilonsedra.com\/de\/ueber-uns\/\" \/>\n<meta property=\"og:locale\" content=\"de_DE\" \/>\n<meta property=\"og:type\" content=\"article\" \/>\n<meta property=\"og:title\" content=\"\u00dcber uns - edilon)(sedra\" \/>\n<meta property=\"og:description\" content=\"edilon)(sedra ist ein internationaler Anbieter von Feste Fahrbahn-Systemen, isolierenden Schienensystemen und Systemen zur Reduzierung von L\u00e4rm und Vibrationen.\" \/>\n<meta property=\"og:url\" content=\"https:\/\/www.edilonsedra.com\/de\/ueber-uns\/\" \/>\n<meta property=\"og:site_name\" content=\"edilon)(sedra\" \/>\n<meta property=\"article:modified_time\" content=\"2024-01-10T10:37:06+00:00\" \/>\n<meta property=\"og:image\" content=\"https:\/\/www.edilonsedra.com\/wp-content\/uploads\/2023\/02\/Corkelast-ERS-Hardbruecke-Zurich-1024x634.jpg\" \/>\n\t<meta property=\"og:image:width\" content=\"1024\" \/>\n\t<meta property=\"og:image:height\" content=\"634\" \/>\n\t<meta property=\"og:image:type\" content=\"image\/jpeg\" \/>\n<meta name=\"twitter:card\" content=\"summary_large_image\" \/>\n<meta name=\"twitter:label1\" content=\"Gesch\u00e4tzte Lesezeit\" \/>\n\t<meta name=\"twitter:data1\" content=\"2\u00a0Minuten\" \/>\n<script type=\"application\/ld+json\" class=\"yoast-schema-graph\">{\"@context\":\"https:\\\/\\\/schema.org\",\"@graph\":[{\"@type\":\"WebPage\",\"@id\":\"https:\\\/\\\/www.edilonsedra.com\\\/de\\\/ueber-uns\\\/\",\"url\":\"https:\\\/\\\/www.edilonsedra.com\\\/de\\\/ueber-uns\\\/\",\"name\":\"\u00dcber uns - edilon)(sedra\",\"isPartOf\":{\"@id\":\"https:\\\/\\\/www.edilonsedra.com\\\/de\\\/#website\"},\"primaryImageOfPage\":{\"@id\":\"https:\\\/\\\/www.edilonsedra.com\\\/de\\\/ueber-uns\\\/#primaryimage\"},\"image\":{\"@id\":\"https:\\\/\\\/www.edilonsedra.com\\\/de\\\/ueber-uns\\\/#primaryimage\"},\"thumbnailUrl\":\"https:\\\/\\\/www.edilonsedra.com\\\/wp-content\\\/uploads\\\/2023\\\/02\\\/Corkelast-ERS-Hardbruecke-Zurich.jpg\",\"datePublished\":\"2022-08-15T09:24:27+00:00\",\"dateModified\":\"2024-01-10T10:37:06+00:00\",\"description\":\"edilon)(sedra ist ein internationaler Anbieter von Feste Fahrbahn-Systemen, isolierenden Schienensystemen und Systemen zur Reduzierung von L\u00e4rm und Vibrationen.\",\"breadcrumb\":{\"@id\":\"https:\\\/\\\/www.edilonsedra.com\\\/de\\\/ueber-uns\\\/#breadcrumb\"},\"inLanguage\":\"de\",\"potentialAction\":[{\"@type\":\"ReadAction\",\"target\":[\"https:\\\/\\\/www.edilonsedra.com\\\/de\\\/ueber-uns\\\/\"]}]},{\"@type\":\"ImageObject\",\"inLanguage\":\"de\",\"@id\":\"https:\\\/\\\/www.edilonsedra.com\\\/de\\\/ueber-uns\\\/#primaryimage\",\"url\":\"https:\\\/\\\/www.edilonsedra.com\\\/wp-content\\\/uploads\\\/2023\\\/02\\\/Corkelast-ERS-Hardbruecke-Zurich.jpg\",\"contentUrl\":\"https:\\\/\\\/www.edilonsedra.com\\\/wp-content\\\/uploads\\\/2023\\\/02\\\/Corkelast-ERS-Hardbruecke-Zurich.jpg\",\"width\":2500,\"height\":1549},{\"@type\":\"BreadcrumbList\",\"@id\":\"https:\\\/\\\/www.edilonsedra.com\\\/de\\\/ueber-uns\\\/#breadcrumb\",\"itemListElement\":[{\"@type\":\"ListItem\",\"position\":1,\"name\":\"Home\",\"item\":\"https:\\\/\\\/www.edilonsedra.com\\\/de\\\/\"},{\"@type\":\"ListItem\",\"position\":2,\"name\":\"\u00dcber uns\"}]},{\"@type\":\"WebSite\",\"@id\":\"https:\\\/\\\/www.edilonsedra.com\\\/de\\\/#website\",\"url\":\"https:\\\/\\\/www.edilonsedra.com\\\/de\\\/\",\"name\":\"edilon)(sedra\",\"description\":\"Always a step ahead in rail systems\",\"potentialAction\":[{\"@type\":\"SearchAction\",\"target\":{\"@type\":\"EntryPoint\",\"urlTemplate\":\"https:\\\/\\\/www.edilonsedra.com\\\/de\\\/?s={search_term_string}\"},\"query-input\":{\"@type\":\"PropertyValueSpecification\",\"valueRequired\":true,\"valueName\":\"search_term_string\"}}],\"inLanguage\":\"de\"}]}<\/script>\n<!-- \/ Yoast SEO plugin. -->","yoast_head_json":{"title":"\u00dcber uns - edilon)(sedra","description":"edilon)(sedra ist ein internationaler Anbieter von Feste Fahrbahn-Systemen, isolierenden Schienensystemen und Systemen zur Reduzierung von L\u00e4rm und Vibrationen.","robots":{"index":"index","follow":"follow","max-snippet":"max-snippet:-1","max-image-preview":"max-image-preview:large","max-video-preview":"max-video-preview:-1"},"canonical":"https:\/\/www.edilonsedra.com\/de\/ueber-uns\/","og_locale":"de_DE","og_type":"article","og_title":"\u00dcber uns - edilon)(sedra","og_description":"edilon)(sedra ist ein internationaler Anbieter von Feste Fahrbahn-Systemen, isolierenden Schienensystemen und Systemen zur Reduzierung von L\u00e4rm und Vibrationen.","og_url":"https:\/\/www.edilonsedra.com\/de\/ueber-uns\/","og_site_name":"edilon)(sedra","article_modified_time":"2024-01-10T10:37:06+00:00","og_image":[{"width":1024,"height":634,"url":"https:\/\/www.edilonsedra.com\/wp-content\/uploads\/2023\/02\/Corkelast-ERS-Hardbruecke-Zurich-1024x634.jpg","type":"image\/jpeg"}],"twitter_card":"summary_large_image","twitter_misc":{"Gesch\u00e4tzte Lesezeit":"2\u00a0Minuten"},"schema":{"@context":"https:\/\/schema.org","@graph":[{"@type":"WebPage","@id":"https:\/\/www.edilonsedra.com\/de\/ueber-uns\/","url":"https:\/\/www.edilonsedra.com\/de\/ueber-uns\/","name":"\u00dcber uns - edilon)(sedra","isPartOf":{"@id":"https:\/\/www.edilonsedra.com\/de\/#website"},"primaryImageOfPage":{"@id":"https:\/\/www.edilonsedra.com\/de\/ueber-uns\/#primaryimage"},"image":{"@id":"https:\/\/www.edilonsedra.com\/de\/ueber-uns\/#primaryimage"},"thumbnailUrl":"https:\/\/www.edilonsedra.com\/wp-content\/uploads\/2023\/02\/Corkelast-ERS-Hardbruecke-Zurich.jpg","datePublished":"2022-08-15T09:24:27+00:00","dateModified":"2024-01-10T10:37:06+00:00","description":"edilon)(sedra ist ein internationaler Anbieter von Feste Fahrbahn-Systemen, isolierenden Schienensystemen und Systemen zur Reduzierung von L\u00e4rm und Vibrationen.","breadcrumb":{"@id":"https:\/\/www.edilonsedra.com\/de\/ueber-uns\/#breadcrumb"},"inLanguage":"de","potentialAction":[{"@type":"ReadAction","target":["https:\/\/www.edilonsedra.com\/de\/ueber-uns\/"]}]},{"@type":"ImageObject","inLanguage":"de","@id":"https:\/\/www.edilonsedra.com\/de\/ueber-uns\/#primaryimage","url":"https:\/\/www.edilonsedra.com\/wp-content\/uploads\/2023\/02\/Corkelast-ERS-Hardbruecke-Zurich.jpg","contentUrl":"https:\/\/www.edilonsedra.com\/wp-content\/uploads\/2023\/02\/Corkelast-ERS-Hardbruecke-Zurich.jpg","width":2500,"height":1549},{"@type":"BreadcrumbList","@id":"https:\/\/www.edilonsedra.com\/de\/ueber-uns\/#breadcrumb","itemListElement":[{"@type":"ListItem","position":1,"name":"Home","item":"https:\/\/www.edilonsedra.com\/de\/"},{"@type":"ListItem","position":2,"name":"\u00dcber uns"}]},{"@type":"WebSite","@id":"https:\/\/www.edilonsedra.com\/de\/#website","url":"https:\/\/www.edilonsedra.com\/de\/","name":"edilon)(sedra","description":"Always a step ahead in rail systems","potentialAction":[{"@type":"SearchAction","target":{"@type":"EntryPoint","urlTemplate":"https:\/\/www.edilonsedra.com\/de\/?s={search_term_string}"},"query-input":{"@type":"PropertyValueSpecification","valueRequired":true,"valueName":"search_term_string"}}],"inLanguage":"de"}]}},"_links":{"self":[{"href":"https:\/\/www.edilonsedra.com\/de\/wp-json\/wp\/v2\/pages\/3947","targetHints":{"allow":["GET"]}}],"collection":[{"href":"https:\/\/www.edilonsedra.com\/de\/wp-json\/wp\/v2\/pages"}],"about":[{"href":"https:\/\/www.edilonsedra.com\/de\/wp-json\/wp\/v2\/types\/page"}],"author":[{"embeddable":true,"href":"https:\/\/www.edilonsedra.com\/de\/wp-json\/wp\/v2\/users\/1"}],"replies":[{"embeddable":true,"href":"https:\/\/www.edilonsedra.com\/de\/wp-json\/wp\/v2\/comments?post=3947"}],"version-history":[{"count":3,"href":"https:\/\/www.edilonsedra.com\/de\/wp-json\/wp\/v2\/pages\/3947\/revisions"}],"predecessor-version":[{"id":6315,"href":"https:\/\/www.edilonsedra.com\/de\/wp-json\/wp\/v2\/pages\/3947\/revisions\/6315"}],"wp:featuredmedia":[{"embeddable":true,"href":"https:\/\/www.edilonsedra.com\/de\/wp-json\/wp\/v2\/media\/3326"}],"wp:attachment":[{"href":"https:\/\/www.edilonsedra.com\/de\/wp-json\/wp\/v2\/media?parent=3947"}],"curies":[{"name":"wp","href":"https:\/\/api.w.org\/{rel}","templated":true}]}}