{"id":3976,"date":"2022-08-15T07:27:30","date_gmt":"2022-08-15T05:27:30","guid":{"rendered":"https:\/\/www.edilonsedra.com\/?page_id=3976"},"modified":"2024-01-10T11:57:20","modified_gmt":"2024-01-10T10:57:20","slug":"datenschutzerklaerung","status":"publish","type":"page","link":"https:\/\/www.edilonsedra.com\/de\/datenschutzerklaerung\/","title":{"rendered":"Datenschutzerkl\u00e4rung"},"content":{"rendered":"\n<p>Wir legen gro\u00dfen Wert auf den Schutz Ihrer pers\u00f6nlichen Daten. In dieser Datenschutzerkl\u00e4rung erfahren Sie, wie wir personenbezogene Daten erfassen, verwenden und verarbeiten. Verantwortliche Stelle f\u00fcr die Datenverarbeitung ist:<\/p>\n\n\n\n<figure class=\"wp-block-table is-style-stripes\"><table><tbody><tr><td>Unternehmen:<\/td><td>edilon)(sedra Group B.V.<\/td><\/tr><tr><td>Datenschutzbeauftragter:<\/td><td>Mathias G\u00e4rtner<\/td><\/tr><tr><td>Adresse:<\/td><td>Nijverheidsweg 23<br>2031 CN Haarlem<br>Niederlande<\/td><\/tr><tr><td>Telefon: <\/td><td>+49 6151 97 12 640<\/td><\/tr><tr><td>E-Mail:<\/td><td>Mathias.Gaertner[at]it-svbuero.de<\/td><\/tr><\/tbody><\/table><\/figure>\n\n\n\n<p>Die rechtliche Grundlage f\u00fcr die Datenverarbeitung findet sich in der EU-Datenschutzgrundverordnung 2016\/679 (EU-DSGVO).<\/p>\n\n\n\n<p>Zugriffsdaten und Server-Logdateien:Bei jedem Zugriff auf diese Website erfasst edilon)(sedra (bzw. unser Webhoster in unserem Auftrag) Daten \u00fcber den Zugriff auf die Website (oder (Unter-)Seiten) in Form von Server-Logdateien. Diese Daten umfassen:<\/p>\n\n\n\n<ul class=\"wp-block-list\">\n<li>Name der aufgerufenen Webseite<\/li>\n\n\n\n<li>Name der aufgerufenen Datei (falls vorhanden)<\/li>\n\n\n\n<li>Datum und Uhrzeit des Zugriffs<\/li>\n\n\n\n<li>\u00fcbertragene Datenmenge<\/li>\n\n\n\n<li>Statusberichte \u00fcber den Zugriff (Erfolg, Fehler oder andere)<\/li>\n\n\n\n<li>Art und Version des verwendeten Browsers<\/li>\n\n\n\n<li>Betriebssystem und Version des verwendeten Clients<\/li>\n\n\n\n<li>verweisende URL (Adresse der zuvor besuchten Webseite)<\/li>\n\n\n\n<li>IP-Adresse und der f\u00fcr den Zugriff verwendete Provider<\/li>\n<\/ul>\n\n\n\n<p>Diese Daten werden ausschlie\u00dflich f\u00fcr statistische Zwecke verwendet. Sie werden nicht an Dritte weitergegeben. Die Statistiken dienen der Gew\u00e4hrleistung des ordnungsgem\u00e4\u00dfen Betriebs, der Sicherheit und der Optimierung der Website. edilon)(sedra beh\u00e4lt sich das Recht vor, die Daten zu einem sp\u00e4teren Zeitpunkt zu analysieren, wenn ein Grund f\u00fcr den Verdacht auf falsche, b\u00f6swillige oder illegale Nutzung der Website besteht. Unter normalen Umst\u00e4nden werden diese Logdateien nach 90 Tagen gel\u00f6scht. Die Daten werden gem\u00e4\u00df Artikel 6, Absatz 1, lit. f EU-DSGVO erfasst.<\/p>\n\n\n\n<h4 class=\"wp-block-heading\">Cookies<\/h4>\n\n\n\n<p>Beim Besuch unserer Website k\u00f6nnen wir Informationen in Form von Cookies auf Ihrem Computer speichern. Cookies sind kleine Dateien, die es erm\u00f6glichen, Informationen auf dem Client-Computer zu speichern. Diese Informationen sind ger\u00e4tebezogen und dienen der Verbesserung der Benutzerfreundlichkeit, aber auch zur weiteren Identifizierung des Benutzers (z. B. zur Aktivierung der automatischen Anmeldung).<br>Cookies k\u00f6nnen auch zur Erstellung von Statistiken \u00fcber die Nutzung der Website verwendet werden. Diese Statistiken dienen auch der Verbesserung der Benutzerfreundlichkeit, Stabilit\u00e4t und Zug\u00e4nglichkeit des angebotenen Dienstes.<br>Es gibt drei verschiedene Arten von Cookies. Cookies, die f\u00fcr den Betrieb der Website und f\u00fcr die bestm\u00f6gliche Benutzererfahrung unbedingt erforderlich sind, werden gem\u00e4\u00df Artikel 6, Absatz 1, Buchstabe b der EU-DSGVO bzw. \u00a725 Abs. 2 TTDSG gesammelt und verwendet. Cookies, die von uns verwendet werden, um Zugriffsstatistiken zu speichern, werden gem\u00e4\u00df Artikel 6, Absatz 1, Buchstabe a der EU-DSGVO bzw. \u00a725 Abs 1 TDSG gesammelt und verwendet. Bei Ihrem ersten Zugriff auf unsere Webseite wird ein entsprechendes Cookie-Banner angezeigt.<br>Als Benutzer haben Sie die M\u00f6glichkeit, die Cookie-Nutzung weiter zu steuern. Die meisten Browser-Software bieten Optionen, mit denen Sie steuern k\u00f6nnen, wie Cookies gespeichert oder deaktiviert werden. Wenn Sie sich daf\u00fcr entscheiden, die Cookie-Nutzung zu deaktivieren oder einzuschr\u00e4nken, kann die Website m\u00f6glicherweise nicht korrekt angezeigt werden oder m\u00f6glicherweise gar nicht erreichbar sein.<\/p>\n\n\n\n<h4 class=\"wp-block-heading\">Google Analytics<\/h4>\n\n\n\n<p>Diese Website verwendet Google Analytics. Dabei handelt es sich um einen Webanalysedienst von Google Inc. (\u201eGoogle\u201c). Google Analytics verwendet &#8222;Cookies&#8220;, kleine Dateien, die auf dem Computer des Nutzers gespeichert werden und Informationen \u00fcber die Nutzung der Website enthalten. Diese Informationen werden analysiert. Die Verarbeitung erfolgt in der Regel auf Servern, die von Google betrieben und in den USA befinden. Dies beinhaltet die \u00dcbertragung der Daten in die USA.<br>edilon)(sedra verwendet die sogenannte IP-Anonymisierung. In diesem Fall wird die IP-Adresse des Nutzers in L\u00e4nder der EU (oder assoziierte Vertragsstaaten) \u00fcbertragen. Die IP-Adresse wird anonymisiert (z. B. durch K\u00fcrzung).<br>Nur in sehr begrenzten Ausnahmef\u00e4llen wird die IP-Adresse in vollem Umfang \u00fcbertragen (auch in die USA). Google analysiert die \u00fcbermittelten Daten im Auftrag von Edilon)(Sedra, um Berichte \u00fcber die Nutzung der Website zu erstellen und zus\u00e4tzliche Dienste f\u00fcr den Website-Betreiber durchzuf\u00fchren.<br>Ihre IP-Adresse wird nicht mit anderen Daten verkn\u00fcpft, die Google m\u00f6glicherweise \u00fcber Sie hat. Sie k\u00f6nnen die Verwendung von Cookies deaktivieren (siehe Abschnitt &#8222;Cookies&#8220;).<br>Sie k\u00f6nnen die Speicherung, \u00dcbertragung oder Verarbeitung Ihrer Daten durch Google deaktivieren, indem Sie ein Plug-In f\u00fcr Ihren Browser herunterladen. Dadurch wird Google Analytics deaktiviert, wenn Sie den Browser verwenden, auf dem Sie das Plug-In installiert haben.<br>Das Plug-In finden Sie hier: http:\/\/tools.google.com\/dlpage\/gaoptout?hl=de.<br>Als Alternative f\u00fcr das Plug-In k\u00f6nnen Sie diese Adresse verwenden, um ein spezifisches &#8222;Opt-Out&#8220;-Cookie zu setzen. Google Analytics \u00fcberpr\u00fcft das Vorhandensein dieses Cookies und \u00fcbertr\u00e4gt die Daten bei Vorhandensein nicht. Wenn Sie Cookies deaktiviert oder dieses Cookie gel\u00f6scht haben, m\u00fcssen Sie diese Adresse erneut besuchen.<br>Als weitere Alternative k\u00f6nnen Sie uns mitteilen, dass wir die Datenerhebung und -verarbeitung sowie Google Analytics einstellen sollen.<\/p>\n\n\n\n<h4 class=\"wp-block-heading\">Widerruf, \u00c4nderung oder Aktualisierung von pers\u00f6nlichen Daten<\/h4>\n\n\n\n<p>Als Nutzer haben Sie das Recht, Auskunft \u00fcber die Daten zu erhalten, die \u00fcber Sie gespeichert sind (Artikel 15 Absatz 1 EU-DSGVO). Dieses Auskunftsrecht ist kostenfrei (sofern Sie nicht unangemessen oft danach fragen). Sie haben auch das Recht, unrichtige Daten korrigieren zu lassen (Artikel 16 EU-DSGVO) und Daten zu l\u00f6schen oder deren weitere Verwendung einzuschr\u00e4nken, sofern keine rechtlichen Gr\u00fcnde dagegen sprechen (Artikel 17 Absatz 1 und Artikel 18 EU-DSGVO). Des Weiteren haben Sie das Recht, die Daten in einem elektronischen Format zu erhalten, um sie weiterzuverarbeiten (Artikel 20 EU-DSGVO). Sie haben au\u00dferdem das Recht, der Datenverarbeitung zu widersprechen (Artikel 21 EU-DSGVO), wenn Ihre individuelle Situation dies erfordert. In diesem Fall gen\u00fcgt eine einfache Nachricht an uns oder unseren Datenschutzbeauftragten. Wenn Sie der Ansicht sind, dass die hier dargestellten Datenschutzregeln und -verfahren Ihre Rechte verletzen, wie sie in der Datenschutzverordnung festgelegt sind, k\u00f6nnen Sie sich an die zust\u00e4ndige staatliche Stelle wenden.<br>In den Niederlanden ist dies die &#8222;Autoriteit Persoonsgegevens&#8220; in Den Haag, Telefon: +31 088 1805255.<\/p>\n\n\n\n<h4 class=\"wp-block-heading\">Datenschutzbeauftragter<\/h4>\n\n\n\n<p>Um einen verantwortungsvollen und sicheren Umgang mit personenbezogenen Daten zu gew\u00e4hrleisten, hat edilon)(sedra einen externen Datenschutzbeauftragten ernannt, der edilon)(sedra ber\u00e4t. Die Kontaktdaten finden Sie oben auf dieser Seite.<\/p>\n\n\n\n<h4 class=\"wp-block-heading\">Cookie consent<\/h4>\n\n\n\n<script id=\"CookieDeclaration\" src=\"https:\/\/consent.cookiebot.com\/35085849-82a5-42b7-b1ce-986b8c97408f\/cd.js\" type=\"text\/javascript\" async=\"\"><\/script>\n","protected":false},"excerpt":{"rendered":"<p>Wir legen gro\u00dfen Wert auf den Schutz Ihrer pers\u00f6nlichen Daten. In dieser Datenschutzerkl\u00e4rung erfahren Sie, wie wir personenbezogene Daten erfassen, verwenden und verarbeiten. Verantwortliche Stelle f\u00fcr die Datenverarbeitung ist: Unternehmen: edilon)(sedra Group B.V. Datenschutzbeauftragter: Mathias G\u00e4rtner Adresse: Nijverheidsweg 232031 CN HaarlemNiederlande Telefon: +49 6151 97 12 640 E-Mail: Mathias.Gaertner[at]it-svbuero.de Die rechtliche Grundlage f\u00fcr die Datenverarbeitung<a class=\"excerpt-read-more\" href=\"https:\/\/www.edilonsedra.com\/de\/datenschutzerklaerung\/\" title=\"Mehr lesenDatenschutzerkl\u00e4rung\">&#8230; Mehr lesen \u00bb<\/a><\/p>\n","protected":false},"author":1,"featured_media":3298,"parent":0,"menu_order":0,"comment_status":"closed","ping_status":"closed","template":"","meta":{"_acf_changed":false,"footnotes":""},"class_list":["post-3976","page","type-page","status-publish","has-post-thumbnail","hentry"],"acf":[],"yoast_head":"<!-- This site is optimized with the Yoast SEO plugin v27.4 - https:\/\/yoast.com\/product\/yoast-seo-wordpress\/ -->\n<title>Datenschutzerkl\u00e4rung - edilon)(sedra<\/title>\n<meta name=\"description\" content=\"Mit dieser Erkl\u00e4rung erhalten Sie detaillierte Informationen \u00fcber die Erhebung, Nutzung und Verarbeitung personenbezogener Daten durch edilon)(sedra.\" \/>\n<meta name=\"robots\" content=\"index, follow, max-snippet:-1, max-image-preview:large, max-video-preview:-1\" \/>\n<link rel=\"canonical\" href=\"https:\/\/www.edilonsedra.com\/de\/datenschutzerklaerung\/\" \/>\n<meta property=\"og:locale\" content=\"de_DE\" \/>\n<meta property=\"og:type\" content=\"article\" \/>\n<meta property=\"og:title\" content=\"Datenschutzerkl\u00e4rung - edilon)(sedra\" \/>\n<meta property=\"og:description\" content=\"Mit dieser Erkl\u00e4rung erhalten Sie detaillierte Informationen \u00fcber die Erhebung, Nutzung und Verarbeitung personenbezogener Daten durch edilon)(sedra.\" \/>\n<meta property=\"og:url\" content=\"https:\/\/www.edilonsedra.com\/de\/datenschutzerklaerung\/\" \/>\n<meta property=\"og:site_name\" content=\"edilon)(sedra\" \/>\n<meta property=\"article:modified_time\" content=\"2024-01-10T10:57:20+00:00\" \/>\n<meta property=\"og:image\" content=\"https:\/\/www.edilonsedra.com\/wp-content\/uploads\/2022\/08\/heavy-rail.jpg\" \/>\n\t<meta property=\"og:image:width\" content=\"1582\" \/>\n\t<meta property=\"og:image:height\" content=\"889\" \/>\n\t<meta property=\"og:image:type\" content=\"image\/jpeg\" \/>\n<meta name=\"twitter:card\" content=\"summary_large_image\" \/>\n<meta name=\"twitter:label1\" content=\"Gesch\u00e4tzte Lesezeit\" \/>\n\t<meta name=\"twitter:data1\" content=\"6\u00a0Minuten\" \/>\n<script type=\"application\/ld+json\" class=\"yoast-schema-graph\">{\"@context\":\"https:\\\/\\\/schema.org\",\"@graph\":[{\"@type\":\"WebPage\",\"@id\":\"https:\\\/\\\/www.edilonsedra.com\\\/de\\\/datenschutzerklaerung\\\/\",\"url\":\"https:\\\/\\\/www.edilonsedra.com\\\/de\\\/datenschutzerklaerung\\\/\",\"name\":\"Datenschutzerkl\u00e4rung - edilon)(sedra\",\"isPartOf\":{\"@id\":\"https:\\\/\\\/www.edilonsedra.com\\\/de\\\/#website\"},\"primaryImageOfPage\":{\"@id\":\"https:\\\/\\\/www.edilonsedra.com\\\/de\\\/datenschutzerklaerung\\\/#primaryimage\"},\"image\":{\"@id\":\"https:\\\/\\\/www.edilonsedra.com\\\/de\\\/datenschutzerklaerung\\\/#primaryimage\"},\"thumbnailUrl\":\"https:\\\/\\\/www.edilonsedra.com\\\/wp-content\\\/uploads\\\/2022\\\/08\\\/heavy-rail.jpg\",\"datePublished\":\"2022-08-15T05:27:30+00:00\",\"dateModified\":\"2024-01-10T10:57:20+00:00\",\"description\":\"Mit dieser Erkl\u00e4rung erhalten Sie detaillierte Informationen \u00fcber die Erhebung, Nutzung und Verarbeitung personenbezogener Daten durch edilon)(sedra.\",\"breadcrumb\":{\"@id\":\"https:\\\/\\\/www.edilonsedra.com\\\/de\\\/datenschutzerklaerung\\\/#breadcrumb\"},\"inLanguage\":\"de\",\"potentialAction\":[{\"@type\":\"ReadAction\",\"target\":[\"https:\\\/\\\/www.edilonsedra.com\\\/de\\\/datenschutzerklaerung\\\/\"]}]},{\"@type\":\"ImageObject\",\"inLanguage\":\"de\",\"@id\":\"https:\\\/\\\/www.edilonsedra.com\\\/de\\\/datenschutzerklaerung\\\/#primaryimage\",\"url\":\"https:\\\/\\\/www.edilonsedra.com\\\/wp-content\\\/uploads\\\/2022\\\/08\\\/heavy-rail.jpg\",\"contentUrl\":\"https:\\\/\\\/www.edilonsedra.com\\\/wp-content\\\/uploads\\\/2022\\\/08\\\/heavy-rail.jpg\",\"width\":1582,\"height\":889},{\"@type\":\"BreadcrumbList\",\"@id\":\"https:\\\/\\\/www.edilonsedra.com\\\/de\\\/datenschutzerklaerung\\\/#breadcrumb\",\"itemListElement\":[{\"@type\":\"ListItem\",\"position\":1,\"name\":\"Home\",\"item\":\"https:\\\/\\\/www.edilonsedra.com\\\/de\\\/\"},{\"@type\":\"ListItem\",\"position\":2,\"name\":\"Datenschutzerkl\u00e4rung\"}]},{\"@type\":\"WebSite\",\"@id\":\"https:\\\/\\\/www.edilonsedra.com\\\/de\\\/#website\",\"url\":\"https:\\\/\\\/www.edilonsedra.com\\\/de\\\/\",\"name\":\"edilon)(sedra\",\"description\":\"Always a step ahead in rail systems\",\"potentialAction\":[{\"@type\":\"SearchAction\",\"target\":{\"@type\":\"EntryPoint\",\"urlTemplate\":\"https:\\\/\\\/www.edilonsedra.com\\\/de\\\/?s={search_term_string}\"},\"query-input\":{\"@type\":\"PropertyValueSpecification\",\"valueRequired\":true,\"valueName\":\"search_term_string\"}}],\"inLanguage\":\"de\"}]}<\/script>\n<!-- \/ Yoast SEO plugin. -->","yoast_head_json":{"title":"Datenschutzerkl\u00e4rung - edilon)(sedra","description":"Mit dieser Erkl\u00e4rung erhalten Sie detaillierte Informationen \u00fcber die Erhebung, Nutzung und Verarbeitung personenbezogener Daten durch edilon)(sedra.","robots":{"index":"index","follow":"follow","max-snippet":"max-snippet:-1","max-image-preview":"max-image-preview:large","max-video-preview":"max-video-preview:-1"},"canonical":"https:\/\/www.edilonsedra.com\/de\/datenschutzerklaerung\/","og_locale":"de_DE","og_type":"article","og_title":"Datenschutzerkl\u00e4rung - edilon)(sedra","og_description":"Mit dieser Erkl\u00e4rung erhalten Sie detaillierte Informationen \u00fcber die Erhebung, Nutzung und Verarbeitung personenbezogener Daten durch edilon)(sedra.","og_url":"https:\/\/www.edilonsedra.com\/de\/datenschutzerklaerung\/","og_site_name":"edilon)(sedra","article_modified_time":"2024-01-10T10:57:20+00:00","og_image":[{"width":1582,"height":889,"url":"https:\/\/www.edilonsedra.com\/wp-content\/uploads\/2022\/08\/heavy-rail.jpg","type":"image\/jpeg"}],"twitter_card":"summary_large_image","twitter_misc":{"Gesch\u00e4tzte Lesezeit":"6\u00a0Minuten"},"schema":{"@context":"https:\/\/schema.org","@graph":[{"@type":"WebPage","@id":"https:\/\/www.edilonsedra.com\/de\/datenschutzerklaerung\/","url":"https:\/\/www.edilonsedra.com\/de\/datenschutzerklaerung\/","name":"Datenschutzerkl\u00e4rung - edilon)(sedra","isPartOf":{"@id":"https:\/\/www.edilonsedra.com\/de\/#website"},"primaryImageOfPage":{"@id":"https:\/\/www.edilonsedra.com\/de\/datenschutzerklaerung\/#primaryimage"},"image":{"@id":"https:\/\/www.edilonsedra.com\/de\/datenschutzerklaerung\/#primaryimage"},"thumbnailUrl":"https:\/\/www.edilonsedra.com\/wp-content\/uploads\/2022\/08\/heavy-rail.jpg","datePublished":"2022-08-15T05:27:30+00:00","dateModified":"2024-01-10T10:57:20+00:00","description":"Mit dieser Erkl\u00e4rung erhalten Sie detaillierte Informationen \u00fcber die Erhebung, Nutzung und Verarbeitung personenbezogener Daten durch edilon)(sedra.","breadcrumb":{"@id":"https:\/\/www.edilonsedra.com\/de\/datenschutzerklaerung\/#breadcrumb"},"inLanguage":"de","potentialAction":[{"@type":"ReadAction","target":["https:\/\/www.edilonsedra.com\/de\/datenschutzerklaerung\/"]}]},{"@type":"ImageObject","inLanguage":"de","@id":"https:\/\/www.edilonsedra.com\/de\/datenschutzerklaerung\/#primaryimage","url":"https:\/\/www.edilonsedra.com\/wp-content\/uploads\/2022\/08\/heavy-rail.jpg","contentUrl":"https:\/\/www.edilonsedra.com\/wp-content\/uploads\/2022\/08\/heavy-rail.jpg","width":1582,"height":889},{"@type":"BreadcrumbList","@id":"https:\/\/www.edilonsedra.com\/de\/datenschutzerklaerung\/#breadcrumb","itemListElement":[{"@type":"ListItem","position":1,"name":"Home","item":"https:\/\/www.edilonsedra.com\/de\/"},{"@type":"ListItem","position":2,"name":"Datenschutzerkl\u00e4rung"}]},{"@type":"WebSite","@id":"https:\/\/www.edilonsedra.com\/de\/#website","url":"https:\/\/www.edilonsedra.com\/de\/","name":"edilon)(sedra","description":"Always a step ahead in rail systems","potentialAction":[{"@type":"SearchAction","target":{"@type":"EntryPoint","urlTemplate":"https:\/\/www.edilonsedra.com\/de\/?s={search_term_string}"},"query-input":{"@type":"PropertyValueSpecification","valueRequired":true,"valueName":"search_term_string"}}],"inLanguage":"de"}]}},"_links":{"self":[{"href":"https:\/\/www.edilonsedra.com\/de\/wp-json\/wp\/v2\/pages\/3976","targetHints":{"allow":["GET"]}}],"collection":[{"href":"https:\/\/www.edilonsedra.com\/de\/wp-json\/wp\/v2\/pages"}],"about":[{"href":"https:\/\/www.edilonsedra.com\/de\/wp-json\/wp\/v2\/types\/page"}],"author":[{"embeddable":true,"href":"https:\/\/www.edilonsedra.com\/de\/wp-json\/wp\/v2\/users\/1"}],"replies":[{"embeddable":true,"href":"https:\/\/www.edilonsedra.com\/de\/wp-json\/wp\/v2\/comments?post=3976"}],"version-history":[{"count":3,"href":"https:\/\/www.edilonsedra.com\/de\/wp-json\/wp\/v2\/pages\/3976\/revisions"}],"predecessor-version":[{"id":4865,"href":"https:\/\/www.edilonsedra.com\/de\/wp-json\/wp\/v2\/pages\/3976\/revisions\/4865"}],"wp:featuredmedia":[{"embeddable":true,"href":"https:\/\/www.edilonsedra.com\/de\/wp-json\/wp\/v2\/media\/3298"}],"wp:attachment":[{"href":"https:\/\/www.edilonsedra.com\/de\/wp-json\/wp\/v2\/media?parent=3976"}],"curies":[{"name":"wp","href":"https:\/\/api.w.org\/{rel}","templated":true}]}}