{"id":3978,"date":"2022-08-15T13:23:34","date_gmt":"2022-08-15T11:23:34","guid":{"rendered":"https:\/\/www.edilonsedra.com\/?page_id=3978"},"modified":"2024-01-10T11:46:48","modified_gmt":"2024-01-10T10:46:48","slug":"haftungsausschluss","status":"publish","type":"page","link":"https:\/\/www.edilonsedra.com\/de\/haftungsausschluss\/","title":{"rendered":"Haftungsausschluss"},"content":{"rendered":"\n<p>Die Daten und Informationen auf dieser Website unterliegen geistigen Eigentumsrechten. Diese geistigen Eigentumsrechte geh\u00f6ren edilon)(sedra. Das Kopieren und\/oder Vervielf\u00e4ltigen (von Teilen) des Inhalts dieser Website ist nur nach vorheriger schriftlicher Zustimmung des Administrators dieser Website gestattet. Eine \u00c4nderung des Erscheinungsbildes dieser Website ist nicht erlaubt. Aus den auf dieser Website ver\u00f6ffentlichten Daten und\/oder Informationen k\u00f6nnen keine Rechte abgeleitet werden. \u00c4nderungen und Erg\u00e4nzungen k\u00f6nnen ohne vorherige Ank\u00fcndigung vorgenommen werden.<\/p>\n\n\n\n<p>Bei Fragen zu diesen Bestimmungen und\/oder zur Erlaubnis f\u00fcr das Kopieren und\/oder Vervielf\u00e4ltigen (von Teilen) des Inhalts dieser Website kontaktieren Sie bitte <a href=\"mailto:&#109;a&#105;l&#64;e&#100;&#105;&#108;on&#115;ed&#114;a&#46;com\">&#109;&#97;&#105;&#108;&#64;&#101;&#100;i&#108;o&#110;&#115;ed&#114;&#97;&#46;c&#111;&#109;<\/a>.<\/p>\n","protected":false},"excerpt":{"rendered":"<p>Die Daten und Informationen auf dieser Website unterliegen geistigen Eigentumsrechten. Diese geistigen Eigentumsrechte geh\u00f6ren edilon)(sedra. Das Kopieren und\/oder Vervielf\u00e4ltigen (von Teilen) des Inhalts dieser Website ist nur nach vorheriger schriftlicher Zustimmung des Administrators dieser Website gestattet. Eine \u00c4nderung des Erscheinungsbildes dieser Website ist nicht erlaubt. Aus den auf dieser Website ver\u00f6ffentlichten Daten und\/oder Informationen k\u00f6nnen<a class=\"excerpt-read-more\" href=\"https:\/\/www.edilonsedra.com\/de\/haftungsausschluss\/\" title=\"Mehr lesenHaftungsausschluss\">&#8230; Mehr lesen \u00bb<\/a><\/p>\n","protected":false},"author":1,"featured_media":3432,"parent":0,"menu_order":0,"comment_status":"closed","ping_status":"closed","template":"","meta":{"_acf_changed":false,"footnotes":""},"class_list":["post-3978","page","type-page","status-publish","has-post-thumbnail","hentry"],"acf":[],"yoast_head":"<!-- This site is optimized with the Yoast SEO plugin v27.5 - https:\/\/yoast.com\/product\/yoast-seo-wordpress\/ -->\n<title>Haftungsausschluss - edilon)(sedra<\/title>\n<meta name=\"description\" content=\"Aus den Daten und\/oder Informationen, die auf dieser Website ver\u00f6ffentlicht werden, k\u00f6nnen keine Rechte abgeleitet werden.\" \/>\n<meta name=\"robots\" content=\"index, follow, max-snippet:-1, max-image-preview:large, max-video-preview:-1\" \/>\n<link rel=\"canonical\" href=\"https:\/\/www.edilonsedra.com\/de\/haftungsausschluss\/\" \/>\n<meta property=\"og:locale\" content=\"de_DE\" \/>\n<meta property=\"og:type\" content=\"article\" \/>\n<meta property=\"og:title\" content=\"Haftungsausschluss - edilon)(sedra\" \/>\n<meta property=\"og:description\" content=\"Aus den Daten und\/oder Informationen, die auf dieser Website ver\u00f6ffentlicht werden, k\u00f6nnen keine Rechte abgeleitet werden.\" \/>\n<meta property=\"og:url\" content=\"https:\/\/www.edilonsedra.com\/de\/haftungsausschluss\/\" \/>\n<meta property=\"og:site_name\" content=\"edilon)(sedra\" \/>\n<meta property=\"article:modified_time\" content=\"2024-01-10T10:46:48+00:00\" \/>\n<meta property=\"og:image\" content=\"https:\/\/www.edilonsedra.com\/wp-content\/uploads\/2023\/03\/Corkelast-EBS-Warsaw-4-scaled.jpg\" \/>\n\t<meta property=\"og:image:width\" content=\"2560\" \/>\n\t<meta property=\"og:image:height\" content=\"1920\" \/>\n\t<meta property=\"og:image:type\" content=\"image\/jpeg\" \/>\n<meta name=\"twitter:card\" content=\"summary_large_image\" \/>\n<meta name=\"twitter:label1\" content=\"Gesch\u00e4tzte Lesezeit\" \/>\n\t<meta name=\"twitter:data1\" content=\"1\u00a0Minute\" \/>\n<script type=\"application\/ld+json\" class=\"yoast-schema-graph\">{\"@context\":\"https:\\\/\\\/schema.org\",\"@graph\":[{\"@type\":\"WebPage\",\"@id\":\"https:\\\/\\\/www.edilonsedra.com\\\/de\\\/haftungsausschluss\\\/\",\"url\":\"https:\\\/\\\/www.edilonsedra.com\\\/de\\\/haftungsausschluss\\\/\",\"name\":\"Haftungsausschluss - edilon)(sedra\",\"isPartOf\":{\"@id\":\"https:\\\/\\\/www.edilonsedra.com\\\/de\\\/#website\"},\"primaryImageOfPage\":{\"@id\":\"https:\\\/\\\/www.edilonsedra.com\\\/de\\\/haftungsausschluss\\\/#primaryimage\"},\"image\":{\"@id\":\"https:\\\/\\\/www.edilonsedra.com\\\/de\\\/haftungsausschluss\\\/#primaryimage\"},\"thumbnailUrl\":\"https:\\\/\\\/www.edilonsedra.com\\\/wp-content\\\/uploads\\\/2023\\\/03\\\/Corkelast-EBS-Warsaw-4-scaled.jpg\",\"datePublished\":\"2022-08-15T11:23:34+00:00\",\"dateModified\":\"2024-01-10T10:46:48+00:00\",\"description\":\"Aus den Daten und\\\/oder Informationen, die auf dieser Website ver\u00f6ffentlicht werden, k\u00f6nnen keine Rechte abgeleitet werden.\",\"breadcrumb\":{\"@id\":\"https:\\\/\\\/www.edilonsedra.com\\\/de\\\/haftungsausschluss\\\/#breadcrumb\"},\"inLanguage\":\"de\",\"potentialAction\":[{\"@type\":\"ReadAction\",\"target\":[\"https:\\\/\\\/www.edilonsedra.com\\\/de\\\/haftungsausschluss\\\/\"]}]},{\"@type\":\"ImageObject\",\"inLanguage\":\"de\",\"@id\":\"https:\\\/\\\/www.edilonsedra.com\\\/de\\\/haftungsausschluss\\\/#primaryimage\",\"url\":\"https:\\\/\\\/www.edilonsedra.com\\\/wp-content\\\/uploads\\\/2023\\\/03\\\/Corkelast-EBS-Warsaw-4-scaled.jpg\",\"contentUrl\":\"https:\\\/\\\/www.edilonsedra.com\\\/wp-content\\\/uploads\\\/2023\\\/03\\\/Corkelast-EBS-Warsaw-4-scaled.jpg\",\"width\":2560,\"height\":1920},{\"@type\":\"BreadcrumbList\",\"@id\":\"https:\\\/\\\/www.edilonsedra.com\\\/de\\\/haftungsausschluss\\\/#breadcrumb\",\"itemListElement\":[{\"@type\":\"ListItem\",\"position\":1,\"name\":\"Home\",\"item\":\"https:\\\/\\\/www.edilonsedra.com\\\/de\\\/\"},{\"@type\":\"ListItem\",\"position\":2,\"name\":\"Haftungsausschluss\"}]},{\"@type\":\"WebSite\",\"@id\":\"https:\\\/\\\/www.edilonsedra.com\\\/de\\\/#website\",\"url\":\"https:\\\/\\\/www.edilonsedra.com\\\/de\\\/\",\"name\":\"edilon)(sedra\",\"description\":\"Always a step ahead in rail systems\",\"potentialAction\":[{\"@type\":\"SearchAction\",\"target\":{\"@type\":\"EntryPoint\",\"urlTemplate\":\"https:\\\/\\\/www.edilonsedra.com\\\/de\\\/?s={search_term_string}\"},\"query-input\":{\"@type\":\"PropertyValueSpecification\",\"valueRequired\":true,\"valueName\":\"search_term_string\"}}],\"inLanguage\":\"de\"}]}<\/script>\n<!-- \/ Yoast SEO plugin. -->","yoast_head_json":{"title":"Haftungsausschluss - edilon)(sedra","description":"Aus den Daten und\/oder Informationen, die auf dieser Website ver\u00f6ffentlicht werden, k\u00f6nnen keine Rechte abgeleitet werden.","robots":{"index":"index","follow":"follow","max-snippet":"max-snippet:-1","max-image-preview":"max-image-preview:large","max-video-preview":"max-video-preview:-1"},"canonical":"https:\/\/www.edilonsedra.com\/de\/haftungsausschluss\/","og_locale":"de_DE","og_type":"article","og_title":"Haftungsausschluss - edilon)(sedra","og_description":"Aus den Daten und\/oder Informationen, die auf dieser Website ver\u00f6ffentlicht werden, k\u00f6nnen keine Rechte abgeleitet werden.","og_url":"https:\/\/www.edilonsedra.com\/de\/haftungsausschluss\/","og_site_name":"edilon)(sedra","article_modified_time":"2024-01-10T10:46:48+00:00","og_image":[{"width":2560,"height":1920,"url":"https:\/\/www.edilonsedra.com\/wp-content\/uploads\/2023\/03\/Corkelast-EBS-Warsaw-4-scaled.jpg","type":"image\/jpeg"}],"twitter_card":"summary_large_image","twitter_misc":{"Gesch\u00e4tzte Lesezeit":"1\u00a0Minute"},"schema":{"@context":"https:\/\/schema.org","@graph":[{"@type":"WebPage","@id":"https:\/\/www.edilonsedra.com\/de\/haftungsausschluss\/","url":"https:\/\/www.edilonsedra.com\/de\/haftungsausschluss\/","name":"Haftungsausschluss - edilon)(sedra","isPartOf":{"@id":"https:\/\/www.edilonsedra.com\/de\/#website"},"primaryImageOfPage":{"@id":"https:\/\/www.edilonsedra.com\/de\/haftungsausschluss\/#primaryimage"},"image":{"@id":"https:\/\/www.edilonsedra.com\/de\/haftungsausschluss\/#primaryimage"},"thumbnailUrl":"https:\/\/www.edilonsedra.com\/wp-content\/uploads\/2023\/03\/Corkelast-EBS-Warsaw-4-scaled.jpg","datePublished":"2022-08-15T11:23:34+00:00","dateModified":"2024-01-10T10:46:48+00:00","description":"Aus den Daten und\/oder Informationen, die auf dieser Website ver\u00f6ffentlicht werden, k\u00f6nnen keine Rechte abgeleitet werden.","breadcrumb":{"@id":"https:\/\/www.edilonsedra.com\/de\/haftungsausschluss\/#breadcrumb"},"inLanguage":"de","potentialAction":[{"@type":"ReadAction","target":["https:\/\/www.edilonsedra.com\/de\/haftungsausschluss\/"]}]},{"@type":"ImageObject","inLanguage":"de","@id":"https:\/\/www.edilonsedra.com\/de\/haftungsausschluss\/#primaryimage","url":"https:\/\/www.edilonsedra.com\/wp-content\/uploads\/2023\/03\/Corkelast-EBS-Warsaw-4-scaled.jpg","contentUrl":"https:\/\/www.edilonsedra.com\/wp-content\/uploads\/2023\/03\/Corkelast-EBS-Warsaw-4-scaled.jpg","width":2560,"height":1920},{"@type":"BreadcrumbList","@id":"https:\/\/www.edilonsedra.com\/de\/haftungsausschluss\/#breadcrumb","itemListElement":[{"@type":"ListItem","position":1,"name":"Home","item":"https:\/\/www.edilonsedra.com\/de\/"},{"@type":"ListItem","position":2,"name":"Haftungsausschluss"}]},{"@type":"WebSite","@id":"https:\/\/www.edilonsedra.com\/de\/#website","url":"https:\/\/www.edilonsedra.com\/de\/","name":"edilon)(sedra","description":"Always a step ahead in rail systems","potentialAction":[{"@type":"SearchAction","target":{"@type":"EntryPoint","urlTemplate":"https:\/\/www.edilonsedra.com\/de\/?s={search_term_string}"},"query-input":{"@type":"PropertyValueSpecification","valueRequired":true,"valueName":"search_term_string"}}],"inLanguage":"de"}]}},"_links":{"self":[{"href":"https:\/\/www.edilonsedra.com\/de\/wp-json\/wp\/v2\/pages\/3978","targetHints":{"allow":["GET"]}}],"collection":[{"href":"https:\/\/www.edilonsedra.com\/de\/wp-json\/wp\/v2\/pages"}],"about":[{"href":"https:\/\/www.edilonsedra.com\/de\/wp-json\/wp\/v2\/types\/page"}],"author":[{"embeddable":true,"href":"https:\/\/www.edilonsedra.com\/de\/wp-json\/wp\/v2\/users\/1"}],"replies":[{"embeddable":true,"href":"https:\/\/www.edilonsedra.com\/de\/wp-json\/wp\/v2\/comments?post=3978"}],"version-history":[{"count":2,"href":"https:\/\/www.edilonsedra.com\/de\/wp-json\/wp\/v2\/pages\/3978\/revisions"}],"predecessor-version":[{"id":3980,"href":"https:\/\/www.edilonsedra.com\/de\/wp-json\/wp\/v2\/pages\/3978\/revisions\/3980"}],"wp:featuredmedia":[{"embeddable":true,"href":"https:\/\/www.edilonsedra.com\/de\/wp-json\/wp\/v2\/media\/3432"}],"wp:attachment":[{"href":"https:\/\/www.edilonsedra.com\/de\/wp-json\/wp\/v2\/media?parent=3978"}],"curies":[{"name":"wp","href":"https:\/\/api.w.org\/{rel}","templated":true}]}}