{"id":4118,"date":"2022-08-15T11:23:24","date_gmt":"2022-08-15T09:23:24","guid":{"rendered":"https:\/\/www.edilonsedra.com\/?page_id=4118"},"modified":"2025-03-18T10:16:43","modified_gmt":"2025-03-18T09:16:43","slug":"solutions","status":"publish","type":"page","link":"https:\/\/www.edilonsedra.com\/es\/solutions\/","title":{"rendered":"Soluciones"},"content":{"rendered":"\n<section class=\"module-solutions-overview margin-xlarge switch-columns wp-block alignfull\">\n\t<div class=\"row align-middle align-center sol-block\">\n\t\t<div class=\"large-5 small-12 column content-column\">\n\t\t\t<div class=\"sol-title margin-small-bottom\">\n\t\t\t\t<h3>\n\t\t\t\t\t<strong>Ferrocarril pesado<\/strong>\t\t\t\t\t<br \/>Soluciones de v\u00eda\t\t\t\t<\/h3>\n\t\t\t<\/div>\n\t\t\t<div class=\"sol-content margin-small-bottom\">\n\t\t\t\t<p><p>El transporte ferroviario est\u00e1 aumentando r\u00e1pidamente en todo el mundo y, con ello, la necesidad de sistemas de fijaci\u00f3n de carriles duraderos. Nuestros sistemas de fijaci\u00f3n de carril para v\u00eda en placa, se utilizan cada vez m\u00e1s en t\u00faneles, estaciones, pasos a nivel y puentes con un alto tr\u00e1fico.<\/p>\n<p>Con m\u00e1s de 50 a\u00f1os de experiencia en proyectos de Dise\u00f1o-Construcci\u00f3n-Mantenimiento para ferrocarriles pesados, edilon)(sedra es un socio t\u00e9cnico de confianza para empresas de ingenier\u00eda, compa\u00f1\u00edas de infraestructura ferroviaria y empresas de construcci\u00f3n de ferrocarriles en todo el mundo.<\/p>\n<\/p>\t\t\t<\/div>\n\t\t\t<div class=\"sol-button\">\n\t\t\t\t<a href=\"https:\/\/www.edilonsedra.com\/es\/solution\/ferrocarril-pesado\/\" class=\"button button-blue\">Leer m\u00e1s<\/a>\t\t\t<\/div>\n\t\t<\/div>\n\n\t\t<div class=\"large-4 small-12 column image-column\">\n\t\t\t<div class=\"sol-image round-medium\">\n\t\t\t\t\t\t\t\t\t<div class=\"sol-image-icon\">\n\t\t\t\t\t\t<img decoding=\"async\" src=\"https:\/\/www.edilonsedra.com\/wp-content\/themes\/raadhuis\/dist\/assets\/img\/heavyrail-blueicon.svg\" alt=\"Heavy rail\">\n\t\t\t\t\t<\/div>\n\t\t\t\t\t\t\t\t<img decoding=\"async\" src=\"https:\/\/www.edilonsedra.com\/wp-content\/uploads\/2022\/08\/Corkelast-LCS-level-crossing-Breteuil-800x1132.jpg\" alt=\"\">\t\t\t<\/div>\n        <\/div>\n\t<\/div>\n\t<div class=\"row align-middle align-center sol-block\">\n\t\t<div class=\"large-5 small-12 column content-column\">\n\t\t\t<div class=\"sol-title margin-small-bottom\">\n\t\t\t\t<h3>\n\t\t\t\t\t<strong>Tranv\u00eda y Tren Ligero<\/strong>\t\t\t\t\t<br \/>Soluciones de v\u00eda\t\t\t\t<\/h3>\n\t\t\t<\/div>\n\t\t\t<div class=\"sol-content margin-small-bottom\">\n\t\t\t\t<p><p>\u00bfPor qu\u00e9 las empresas de infraestructura ferroviaria de ciudades sostenibles y progresistas como Oslo, Estocolmo, Canberra y Z\u00farich transportan a sus pasajeros en trenes construidos con sistemas de edilon)(sedra? Los argumentos comunes son el confort y alta disponibilidad de las v\u00edas.<\/p>\n<p>Nuestros sistemas de v\u00eda sin balasto se integran f\u00e1cilmente en la compleja infraestructura de la ciudad, donde, gracias a nuestro amplio conocimiento t\u00e9cnico, podemos ofrecerle diversas soluciones para curvas cerradas, zonas de transici\u00f3n o aparatos de v\u00eda, entre otros.<\/p>\n<\/p>\t\t\t<\/div>\n\t\t\t<div class=\"sol-button\">\n\t\t\t\t<a href=\"https:\/\/www.edilonsedra.com\/es\/solution\/tranvia-y-tren-ligero\/\" class=\"button button-blue\">Leer m\u00e1s<\/a>\t\t\t<\/div>\n\t\t<\/div>\n\n\t\t<div class=\"large-4 small-12 column image-column\">\n\t\t\t<div class=\"sol-image round-medium\">\n\t\t\t\t\t\t\t\t\t<div class=\"sol-image-icon\">\n\t\t\t\t\t\t<img decoding=\"async\" src=\"https:\/\/www.edilonsedra.com\/wp-content\/themes\/raadhuis\/dist\/assets\/img\/tramlightrail-blueicon.svg\" alt=\"Tram light rail\">\n\t\t\t\t\t<\/div>\n\t\t\t\t\t\t\t\t<img decoding=\"async\" src=\"https:\/\/www.edilonsedra.com\/wp-content\/uploads\/2022\/08\/Corkelast-ERS-Birmingham-West-Midlands-Metro-800x1132.jpg\" alt=\"\">\t\t\t<\/div>\n        <\/div>\n\t<\/div>\n\t<div class=\"row align-middle align-center sol-block\">\n\t\t<div class=\"large-5 small-12 column content-column\">\n\t\t\t<div class=\"sol-title margin-small-bottom\">\n\t\t\t\t<h3>\n\t\t\t\t\t<strong>Metro<\/strong>\t\t\t\t\t<br \/>Soluciones de v\u00eda\t\t\t\t<\/h3>\n\t\t\t<\/div>\n\t\t\t<div class=\"sol-content margin-small-bottom\">\n\t\t\t\t<p><p>Los sistemas de sujeci\u00f3n de carriles de edilon)(sedra para el metro est\u00e1n dise\u00f1ados para una protecci\u00f3n \u00f3ptima contra influencias clim\u00e1ticas como la humedad. Nuestros sistemas tienen una alta capacidad probada de aislamiento el\u00e9ctrico y cumplen con los est\u00e1ndares m\u00e1s estrictos en cuanto a reducci\u00f3n de ruido y vibraci\u00f3n.<\/p>\n<p>Ofrecemos una amplia gama de soluciones para construcci\u00f3n nueva o renovaci\u00f3n, con tiempos de instalaci\u00f3n cortos, para t\u00faneles de metro, estaciones y viaductos, entre otros.<\/p>\n<\/p>\t\t\t<\/div>\n\t\t\t<div class=\"sol-button\">\n\t\t\t\t<a href=\"https:\/\/www.edilonsedra.com\/es\/solution\/metro\/\" class=\"button button-blue\">Leer m\u00e1s<\/a>\t\t\t<\/div>\n\t\t<\/div>\n\n\t\t<div class=\"large-4 small-12 column image-column\">\n\t\t\t<div class=\"sol-image round-medium\">\n\t\t\t\t\t\t\t\t\t<div class=\"sol-image-icon\">\n\t\t\t\t\t\t<img decoding=\"async\" src=\"https:\/\/www.edilonsedra.com\/wp-content\/themes\/raadhuis\/dist\/assets\/img\/metro-blueicon.svg\" alt=\"Metro\">\n\t\t\t\t\t<\/div>\n\t\t\t\t\t\t\t\t<img decoding=\"async\" src=\"https:\/\/www.edilonsedra.com\/wp-content\/uploads\/2022\/08\/20220310_072012-\u2014-kopia-scaled-1-800x1132.jpg\" alt=\"\">\t\t\t<\/div>\n        <\/div>\n\t<\/div>\n\t<div class=\"row align-middle align-center sol-block\">\n\t\t<div class=\"large-5 small-12 column content-column\">\n\t\t\t<div class=\"sol-title margin-small-bottom\">\n\t\t\t\t<h3>\n\t\t\t\t\t<strong>Industria y v\u00edas para gr\u00faas<\/strong>\t\t\t\t\t<br \/>Soluciones de v\u00eda\t\t\t\t<\/h3>\n\t\t\t<\/div>\n\t\t\t<div class=\"sol-content margin-small-bottom\">\n\t\t\t\t<p><p>edilon)(sedra ha desarrollado sistemas de v\u00eda de alta calidad para l\u00edneas ferroviarias de cargas pesadas. Desde v\u00edas para gr\u00faas hasta v\u00edas industriales, y desde terminales de contenedores hasta cocheras. \u00bfSab\u00edas que incluso el c\u00e9sped m\u00f3vil del estadio de f\u00fatbol Santiago Bernab\u00e9u del Real Madrid est\u00e1 equipado con un sistema de sujeci\u00f3n de carriles de edilon)(sedra?<\/p>\n<p>Nuestras soluciones de v\u00eda en placa para el transporte de cargas pesadas garantizan una distribuci\u00f3n \u00f3ptima de la carga y evitan el desgaste de los carriles, as\u00ed como el riesgo de sobrecarga de los componentes individuales, lo que resulta en una mayor vida \u00fatil de los carriles.<\/p>\n<\/p>\t\t\t<\/div>\n\t\t\t<div class=\"sol-button\">\n\t\t\t\t<a href=\"https:\/\/www.edilonsedra.com\/es\/solution\/industria-y-vias-para-gruas\/\" class=\"button button-blue\">Leer m\u00e1s<\/a>\t\t\t<\/div>\n\t\t<\/div>\n\n\t\t<div class=\"large-4 small-12 column image-column\">\n\t\t\t<div class=\"sol-image round-medium\">\n\t\t\t\t\t\t\t\t\t<div class=\"sol-image-icon\">\n\t\t\t\t\t\t<img decoding=\"async\" src=\"https:\/\/www.edilonsedra.com\/wp-content\/themes\/raadhuis\/dist\/assets\/img\/industrycranerail-blueicon.svg\" alt=\"Industry crane rail\">\n\t\t\t\t\t<\/div>\n\t\t\t\t\t\t\t\t<img decoding=\"async\" src=\"https:\/\/www.edilonsedra.com\/wp-content\/uploads\/2022\/08\/Felixstowe-UK-800x1132.jpg\" alt=\"\">\t\t\t<\/div>\n        <\/div>\n\t<\/div>\n<\/section>\n\n\n<section class=\"module-moreinfo wp-block margin-xlarge padding-xlarge-top-bottom bg-blue pattern alignfull\" id=\"more-info\">\n\t<div class=\"row align-center\">\n\t\t<div class=\"large-5 column\">\n\t\t\t<div class=\"more-info\">\n\t\t\t\t<div class=\"more-info-content\">\n\t\t\t\t\t\t\t\t\t\t\t<div class=\"more-info-title\">\n\t\t\t\t\t\t\t<h2 class=\"orange-icon margin-small-bottom\">\u00bfM\u00e1s informaci\u00f3n?<\/h2>\n\t\t\t\t\t\t<\/div>\n\t\t\t\t\t\t\t\t\t\t\t\t\t\t\t\t<div class=\"more-info-text margin-medium-bottom\">\n\t\t\t\t\t\t\t<p>Con m\u00e1s de 50 a\u00f1os de experiencia en sistemas de v\u00eda sin balasto, nuestro equipo especializado pone su conocimiento y trayectoria al servicio de su proyecto ferroviario para garantizar los mejores resultados.<\/p>\n<p>\u00bf<a href=\"https:\/\/www.edilonsedra.com\/contact\/\">Tiene preguntas<\/a> sobre su proyecto, nuestros sistemas de v\u00eda o servicios?<br \/>\n\u00bfEst\u00e1 buscando dar el siguiente paso en su <a href=\"https:\/\/www.edilonsedra.com\/es\/sobre-nosotros\/carrera\/\">carrera con nosotros<\/a>?<br \/>\n\u00bfNecesita <a href=\"https:\/\/www.edilonsedra.com\/contact\/\">apoyo<\/a> con algo m\u00e1s?<\/p>\n\t\t\t\t\t\t<\/div>\n\t\t\t\t\t\t\t\t\t\t\t\t\t\t\t\t<div class=\"more-info-button\">\n\t\t\t\t\t\t\t<a href=\"https:\/\/www.edilonsedra.com\/es\/contact\/\" class=\"button button-white\">Contacto<\/a>\n\t\t\t\t\t\t<\/div>\n\t\t\t\t\t\t\t\t\t<\/div>\n\t\t\t<\/div>\n\t\t<\/div>\n\t<\/div>\n<\/section>","protected":false},"excerpt":{"rendered":"","protected":false},"author":1,"featured_media":3405,"parent":0,"menu_order":0,"comment_status":"closed","ping_status":"closed","template":"page-templates\/background-image-header.php","meta":{"_acf_changed":false,"footnotes":""},"class_list":["post-4118","page","type-page","status-publish","has-post-thumbnail","hentry"],"acf":[],"yoast_head":"<!-- This site is optimized with the Yoast SEO plugin v27.3 - https:\/\/yoast.com\/product\/yoast-seo-wordpress\/ -->\n<title>Soluciones - edilon)(sedra<\/title>\n<meta name=\"description\" content=\"En edilon)(sedra brindamos soluciones para m\u00faltiples sistemas de v\u00eda, podemos apoyarlo en los campos de dise\u00f1o y aplicaci\u00f3n.\" \/>\n<meta name=\"robots\" content=\"index, follow, max-snippet:-1, max-image-preview:large, max-video-preview:-1\" \/>\n<link rel=\"canonical\" href=\"https:\/\/www.edilonsedra.com\/es\/solutions\/\" \/>\n<meta property=\"og:locale\" content=\"es_ES\" \/>\n<meta property=\"og:type\" content=\"article\" \/>\n<meta property=\"og:title\" content=\"Soluciones - edilon)(sedra\" \/>\n<meta property=\"og:description\" content=\"En edilon)(sedra brindamos soluciones para m\u00faltiples sistemas de v\u00eda, podemos apoyarlo en los campos de dise\u00f1o y aplicaci\u00f3n.\" \/>\n<meta property=\"og:url\" content=\"https:\/\/www.edilonsedra.com\/es\/solutions\/\" \/>\n<meta property=\"og:site_name\" content=\"edilon)(sedra\" \/>\n<meta property=\"article:modified_time\" content=\"2025-03-18T09:16:43+00:00\" \/>\n<meta property=\"og:image\" content=\"https:\/\/www.edilonsedra.com\/wp-content\/uploads\/2023\/03\/20210819_094234-scaled.jpg\" \/>\n\t<meta property=\"og:image:width\" content=\"2560\" \/>\n\t<meta property=\"og:image:height\" content=\"1920\" \/>\n\t<meta property=\"og:image:type\" content=\"image\/jpeg\" \/>\n<meta name=\"twitter:card\" content=\"summary_large_image\" \/>\n<meta name=\"twitter:label1\" content=\"Tiempo de lectura\" \/>\n\t<meta name=\"twitter:data1\" content=\"1 minuto\" \/>\n<script type=\"application\/ld+json\" class=\"yoast-schema-graph\">{\"@context\":\"https:\\\/\\\/schema.org\",\"@graph\":[{\"@type\":\"WebPage\",\"@id\":\"https:\\\/\\\/www.edilonsedra.com\\\/es\\\/solutions\\\/\",\"url\":\"https:\\\/\\\/www.edilonsedra.com\\\/es\\\/solutions\\\/\",\"name\":\"Soluciones - edilon)(sedra\",\"isPartOf\":{\"@id\":\"https:\\\/\\\/www.edilonsedra.com\\\/es\\\/#website\"},\"primaryImageOfPage\":{\"@id\":\"https:\\\/\\\/www.edilonsedra.com\\\/es\\\/solutions\\\/#primaryimage\"},\"image\":{\"@id\":\"https:\\\/\\\/www.edilonsedra.com\\\/es\\\/solutions\\\/#primaryimage\"},\"thumbnailUrl\":\"https:\\\/\\\/www.edilonsedra.com\\\/wp-content\\\/uploads\\\/2023\\\/03\\\/20210819_094234-scaled.jpg\",\"datePublished\":\"2022-08-15T09:23:24+00:00\",\"dateModified\":\"2025-03-18T09:16:43+00:00\",\"description\":\"En edilon)(sedra brindamos soluciones para m\u00faltiples sistemas de v\u00eda, podemos apoyarlo en los campos de dise\u00f1o y aplicaci\u00f3n.\",\"breadcrumb\":{\"@id\":\"https:\\\/\\\/www.edilonsedra.com\\\/es\\\/solutions\\\/#breadcrumb\"},\"inLanguage\":\"es\",\"potentialAction\":[{\"@type\":\"ReadAction\",\"target\":[\"https:\\\/\\\/www.edilonsedra.com\\\/es\\\/solutions\\\/\"]}]},{\"@type\":\"ImageObject\",\"inLanguage\":\"es\",\"@id\":\"https:\\\/\\\/www.edilonsedra.com\\\/es\\\/solutions\\\/#primaryimage\",\"url\":\"https:\\\/\\\/www.edilonsedra.com\\\/wp-content\\\/uploads\\\/2023\\\/03\\\/20210819_094234-scaled.jpg\",\"contentUrl\":\"https:\\\/\\\/www.edilonsedra.com\\\/wp-content\\\/uploads\\\/2023\\\/03\\\/20210819_094234-scaled.jpg\",\"width\":2560,\"height\":1920},{\"@type\":\"BreadcrumbList\",\"@id\":\"https:\\\/\\\/www.edilonsedra.com\\\/es\\\/solutions\\\/#breadcrumb\",\"itemListElement\":[{\"@type\":\"ListItem\",\"position\":1,\"name\":\"Home\",\"item\":\"https:\\\/\\\/www.edilonsedra.com\\\/es\\\/\"},{\"@type\":\"ListItem\",\"position\":2,\"name\":\"Soluciones\"}]},{\"@type\":\"WebSite\",\"@id\":\"https:\\\/\\\/www.edilonsedra.com\\\/es\\\/#website\",\"url\":\"https:\\\/\\\/www.edilonsedra.com\\\/es\\\/\",\"name\":\"edilon)(sedra\",\"description\":\"Always a step ahead in rail systems\",\"potentialAction\":[{\"@type\":\"SearchAction\",\"target\":{\"@type\":\"EntryPoint\",\"urlTemplate\":\"https:\\\/\\\/www.edilonsedra.com\\\/es\\\/?s={search_term_string}\"},\"query-input\":{\"@type\":\"PropertyValueSpecification\",\"valueRequired\":true,\"valueName\":\"search_term_string\"}}],\"inLanguage\":\"es\"}]}<\/script>\n<!-- \/ Yoast SEO plugin. -->","yoast_head_json":{"title":"Soluciones - edilon)(sedra","description":"En edilon)(sedra brindamos soluciones para m\u00faltiples sistemas de v\u00eda, podemos apoyarlo en los campos de dise\u00f1o y aplicaci\u00f3n.","robots":{"index":"index","follow":"follow","max-snippet":"max-snippet:-1","max-image-preview":"max-image-preview:large","max-video-preview":"max-video-preview:-1"},"canonical":"https:\/\/www.edilonsedra.com\/es\/solutions\/","og_locale":"es_ES","og_type":"article","og_title":"Soluciones - edilon)(sedra","og_description":"En edilon)(sedra brindamos soluciones para m\u00faltiples sistemas de v\u00eda, podemos apoyarlo en los campos de dise\u00f1o y aplicaci\u00f3n.","og_url":"https:\/\/www.edilonsedra.com\/es\/solutions\/","og_site_name":"edilon)(sedra","article_modified_time":"2025-03-18T09:16:43+00:00","og_image":[{"width":2560,"height":1920,"url":"https:\/\/www.edilonsedra.com\/wp-content\/uploads\/2023\/03\/20210819_094234-scaled.jpg","type":"image\/jpeg"}],"twitter_card":"summary_large_image","twitter_misc":{"Tiempo de lectura":"1 minuto"},"schema":{"@context":"https:\/\/schema.org","@graph":[{"@type":"WebPage","@id":"https:\/\/www.edilonsedra.com\/es\/solutions\/","url":"https:\/\/www.edilonsedra.com\/es\/solutions\/","name":"Soluciones - edilon)(sedra","isPartOf":{"@id":"https:\/\/www.edilonsedra.com\/es\/#website"},"primaryImageOfPage":{"@id":"https:\/\/www.edilonsedra.com\/es\/solutions\/#primaryimage"},"image":{"@id":"https:\/\/www.edilonsedra.com\/es\/solutions\/#primaryimage"},"thumbnailUrl":"https:\/\/www.edilonsedra.com\/wp-content\/uploads\/2023\/03\/20210819_094234-scaled.jpg","datePublished":"2022-08-15T09:23:24+00:00","dateModified":"2025-03-18T09:16:43+00:00","description":"En edilon)(sedra brindamos soluciones para m\u00faltiples sistemas de v\u00eda, podemos apoyarlo en los campos de dise\u00f1o y aplicaci\u00f3n.","breadcrumb":{"@id":"https:\/\/www.edilonsedra.com\/es\/solutions\/#breadcrumb"},"inLanguage":"es","potentialAction":[{"@type":"ReadAction","target":["https:\/\/www.edilonsedra.com\/es\/solutions\/"]}]},{"@type":"ImageObject","inLanguage":"es","@id":"https:\/\/www.edilonsedra.com\/es\/solutions\/#primaryimage","url":"https:\/\/www.edilonsedra.com\/wp-content\/uploads\/2023\/03\/20210819_094234-scaled.jpg","contentUrl":"https:\/\/www.edilonsedra.com\/wp-content\/uploads\/2023\/03\/20210819_094234-scaled.jpg","width":2560,"height":1920},{"@type":"BreadcrumbList","@id":"https:\/\/www.edilonsedra.com\/es\/solutions\/#breadcrumb","itemListElement":[{"@type":"ListItem","position":1,"name":"Home","item":"https:\/\/www.edilonsedra.com\/es\/"},{"@type":"ListItem","position":2,"name":"Soluciones"}]},{"@type":"WebSite","@id":"https:\/\/www.edilonsedra.com\/es\/#website","url":"https:\/\/www.edilonsedra.com\/es\/","name":"edilon)(sedra","description":"Always a step ahead in rail systems","potentialAction":[{"@type":"SearchAction","target":{"@type":"EntryPoint","urlTemplate":"https:\/\/www.edilonsedra.com\/es\/?s={search_term_string}"},"query-input":{"@type":"PropertyValueSpecification","valueRequired":true,"valueName":"search_term_string"}}],"inLanguage":"es"}]}},"_links":{"self":[{"href":"https:\/\/www.edilonsedra.com\/es\/wp-json\/wp\/v2\/pages\/4118","targetHints":{"allow":["GET"]}}],"collection":[{"href":"https:\/\/www.edilonsedra.com\/es\/wp-json\/wp\/v2\/pages"}],"about":[{"href":"https:\/\/www.edilonsedra.com\/es\/wp-json\/wp\/v2\/types\/page"}],"author":[{"embeddable":true,"href":"https:\/\/www.edilonsedra.com\/es\/wp-json\/wp\/v2\/users\/1"}],"replies":[{"embeddable":true,"href":"https:\/\/www.edilonsedra.com\/es\/wp-json\/wp\/v2\/comments?post=4118"}],"version-history":[{"count":4,"href":"https:\/\/www.edilonsedra.com\/es\/wp-json\/wp\/v2\/pages\/4118\/revisions"}],"predecessor-version":[{"id":7689,"href":"https:\/\/www.edilonsedra.com\/es\/wp-json\/wp\/v2\/pages\/4118\/revisions\/7689"}],"wp:featuredmedia":[{"embeddable":true,"href":"https:\/\/www.edilonsedra.com\/es\/wp-json\/wp\/v2\/media\/3405"}],"wp:attachment":[{"href":"https:\/\/www.edilonsedra.com\/es\/wp-json\/wp\/v2\/media?parent=4118"}],"curies":[{"name":"wp","href":"https:\/\/api.w.org\/{rel}","templated":true}]}}