{"id":4166,"date":"2022-08-15T11:23:33","date_gmt":"2022-08-15T09:23:33","guid":{"rendered":"https:\/\/www.edilonsedra.com\/?page_id=4166"},"modified":"2025-03-06T10:33:29","modified_gmt":"2025-03-06T09:33:29","slug":"servicio-y-asesoramiento","status":"publish","type":"page","link":"https:\/\/www.edilonsedra.com\/es\/servicio-y-asesoramiento\/","title":{"rendered":"Servicio &#038; Asesoramiento"},"content":{"rendered":"\n<p>Nuestra empresa da mucha importancia al soporte t\u00e9cnico de los proyectos. Si es necesario, nos involucramos en proyectos desde etapas tempranas y damos asesoramiento sobre las opciones t\u00e9cnicas del sistema.<\/p>\n\n\n\n<p>Los socios de proyecto pueden contar con un paquete completo de servicios de valor a\u00f1adido, que incluye: dise\u00f1o del sistema, desarrollo de aplicaciones, supervisi\u00f3n durante la construcci\u00f3n, asesoramiento al mantenimiento, consultor\u00eda y orientaci\u00f3n.<\/p>\n\n\n\n<p>Ofrecemos servicios de consulta que abarcan desde el desarrollo de sistemas de fijaci\u00f3n de carriles, pruebas de materiales hasta c\u00e1lculos t\u00e9cnicos y elaboraci\u00f3n de planos. Para ello contamos con especialistas internos en construcci\u00f3n, ingenier\u00eda mec\u00e1nica, ac\u00fastica y qu\u00edmica, as\u00ed como con oficinas de ingenier\u00eda externas. Estar\u00e1n encantados de compartir su conocimiento con usted para satisfacer sus requisitos y necesidades t\u00e9cnicas.<\/p>\n\n\n\n<figure class=\"wp-block-image size-large\"><img loading=\"lazy\" decoding=\"async\" width=\"1024\" height=\"724\" src=\"https:\/\/www.edilonsedra.com\/wp-content\/uploads\/2023\/10\/Infographic-edilon-sedra-value-added-services-1024x724.jpg\" alt=\"\" class=\"wp-image-6022\" srcset=\"https:\/\/www.edilonsedra.com\/wp-content\/uploads\/2023\/10\/Infographic-edilon-sedra-value-added-services-1024x724.jpg 1024w, https:\/\/www.edilonsedra.com\/wp-content\/uploads\/2023\/10\/Infographic-edilon-sedra-value-added-services-300x212.jpg 300w, https:\/\/www.edilonsedra.com\/wp-content\/uploads\/2023\/10\/Infographic-edilon-sedra-value-added-services-768x543.jpg 768w, https:\/\/www.edilonsedra.com\/wp-content\/uploads\/2023\/10\/Infographic-edilon-sedra-value-added-services-1536x1086.jpg 1536w, https:\/\/www.edilonsedra.com\/wp-content\/uploads\/2023\/10\/Infographic-edilon-sedra-value-added-services-2048x1448.jpg 2048w, https:\/\/www.edilonsedra.com\/wp-content\/uploads\/2023\/10\/Infographic-edilon-sedra-value-added-services-200x141.jpg 200w\" sizes=\"auto, (max-width: 1024px) 100vw, 1024px\" \/><\/figure>\n\n\n\n<section class=\"module-aboutcard wp-block margin-xlarge alignfull\">\n\t<div class=\"row align-center flex-grow\">\n\t\t\t\t<div class=\"large-6 small-12 column grow\">\n\t\t\t\n\t\t\t<div class=\"card grow\">\n\t\t\t\t<div class=\"card-image\">\n\t\t\t\t\t\t\t\t\t\t\t<img decoding=\"async\" src=\"https:\/\/www.edilonsedra.com\/wp-content\/uploads\/2023\/03\/edilon-sedra-Application-Engineering-services-BIM.jpg\" alt=\"\">\n\t\t\t\t\t\t\t\t\t<\/div>\n\t\t\t\t<div class=\"card-title\">\n\t\t\t\t\t<h3>Aplicaci\u00f3n e Ingenier\u00eda<\/h3>\t\t\t\t<\/div>\n\t\t\t\t<div class=\"card-content text-grow margin-small-bottom\">\n\t\t\t\t\t<p>Nuestro Departamento de Ingenier\u00eda de Aplicaciones garantiza la aplicaci\u00f3n \u00f3ptima de nuestros sistemas de fijaci\u00f3n de carriles en sus proyectos, as\u00ed como los m\u00e9todos de instalaci\u00f3n correctos y la conexi\u00f3n adecuada con otros sistemas de fijaci\u00f3n de carriles.<\/p>\n\t\t\t\t<\/div>\n\t\t\t\t\t\t\t\t\t<div class=\"card-button\">\n\t\t\t\t\t\t<a href=\"https:\/\/www.edilonsedra.com\/es\/servicio-y-asesoramiento\/aplicacion-e-ingenieria\/\" class=\"button button-blue\" >Leer m\u00e1s<\/a>\n\t\t\t\t\t<\/div>\n\t\t\t\t\t\t\t<\/div>\n\t\t<\/div>\n\t\t\t\t<div class=\"large-6 small-12 column grow\">\n\t\t\t\n\t\t\t<div class=\"card grow\">\n\t\t\t\t<div class=\"card-image\">\n\t\t\t\t\t\t\t\t\t\t\t<img decoding=\"async\" src=\"https:\/\/www.edilonsedra.com\/wp-content\/uploads\/2023\/03\/edilon-sedra-Track-Services-1050x623.jpg\" alt=\"\">\n\t\t\t\t\t\t\t\t\t<\/div>\n\t\t\t\t<div class=\"card-title\">\n\t\t\t\t\t<h3>Apoyo en construcci\u00f3n<\/h3>\t\t\t\t<\/div>\n\t\t\t\t<div class=\"card-content text-grow margin-small-bottom\">\n\t\t\t\t\t<p>\u00a1La instalaci\u00f3n de un sistema de fijaci\u00f3n de carriles requiere una gran personalizaci\u00f3n! Nuestro Departamento de Servicios de V\u00eda proporciona apoyo en proyectos para la instalaci\u00f3n de nuestros sistemas de fijaci\u00f3n de carriles para v\u00edas sin balasto.<\/p>\n\t\t\t\t<\/div>\n\t\t\t\t\t\t\t\t\t<div class=\"card-button\">\n\t\t\t\t\t\t<a href=\"https:\/\/www.edilonsedra.com\/es\/servicio-y-asesoramiento\/apoyo-en-la-construccion\/\" class=\"button button-blue\" >Leer m\u00e1s<\/a>\n\t\t\t\t\t<\/div>\n\t\t\t\t\t\t\t<\/div>\n\t\t<\/div>\n\t\t\t\t<div class=\"large-6 small-12 column grow\">\n\t\t\t\n\t\t\t<div class=\"card grow\">\n\t\t\t\t<div class=\"card-image\">\n\t\t\t\t\t\t\t\t\t\t\t<img decoding=\"async\" src=\"https:\/\/www.edilonsedra.com\/wp-content\/uploads\/2023\/03\/edilon-sedra-BIM_Rummelsburg-tram-depot-1050x623.jpg\" alt=\"\">\n\t\t\t\t\t\t\t\t\t<\/div>\n\t\t\t\t<div class=\"card-title\">\n\t\t\t\t\t<h3>BIM<\/h3>\t\t\t\t<\/div>\n\t\t\t\t<div class=\"card-content text-grow margin-small-bottom\">\n\t\t\t\t\t<p>Ofrecemos una selecci\u00f3n de objetos BIM de los sistemas de v\u00eda de edilon)(sedra listos para ser integrados en su alineaci\u00f3n de v\u00eda.<\/p>\n\t\t\t\t<\/div>\n\t\t\t\t\t\t\t\t\t<div class=\"card-button\">\n\t\t\t\t\t\t<a href=\"https:\/\/www.edilonsedra.com\/es\/servicio-y-asesoramiento\/bim\/\" class=\"button button-blue\" >Leer m\u00e1s<\/a>\n\t\t\t\t\t<\/div>\n\t\t\t\t\t\t\t<\/div>\n\t\t<\/div>\n\t\t\t\t<div class=\"large-6 small-12 column grow\">\n\t\t\t\n\t\t\t<div class=\"card grow\">\n\t\t\t\t<div class=\"card-image\">\n\t\t\t\t\t\t\t\t\t\t\t<img decoding=\"async\" src=\"https:\/\/www.edilonsedra.com\/wp-content\/uploads\/2023\/07\/training-photo-1050x623.png\" alt=\"\">\n\t\t\t\t\t\t\t\t\t<\/div>\n\t\t\t\t<div class=\"card-title\">\n\t\t\t\t\t<h3>Capacitaci\u00f3n<\/h3>\t\t\t\t<\/div>\n\t\t\t\t<div class=\"card-content text-grow margin-small-bottom\">\n\t\t\t\t\t<p>Como parte de nuestro enfoque integral de servicio, ofrecemos diversas opciones de capacitaci\u00f3n, tanto en l\u00ednea como en el sitio de construcci\u00f3n, para garantizar una instalaci\u00f3n segura y eficiente de nuestros sistemas.<\/p>\n\t\t\t\t<\/div>\n\t\t\t\t\t\t\t\t\t<div class=\"card-button\">\n\t\t\t\t\t\t<a href=\"https:\/\/www.edilonsedra.com\/es\/servicio-y-asesoramiento\/capacitacion\/\" class=\"button button-blue\" >Leer m\u00e1s<\/a>\n\t\t\t\t\t<\/div>\n\t\t\t\t\t\t\t<\/div>\n\t\t<\/div>\n\t\t\t<\/div>\n<\/section>","protected":false},"excerpt":{"rendered":"<p>Nuestra empresa da mucha importancia al soporte t\u00e9cnico de los proyectos. Si es necesario, nos involucramos en proyectos desde etapas tempranas y damos asesoramiento sobre las opciones t\u00e9cnicas del sistema. Los socios de proyecto pueden contar con un paquete completo de servicios de valor a\u00f1adido, que incluye: dise\u00f1o del sistema, desarrollo de aplicaciones, supervisi\u00f3n durante<a class=\"excerpt-read-more\" href=\"https:\/\/www.edilonsedra.com\/es\/servicio-y-asesoramiento\/\" title=\"Leer m\u00e1sServicio &#038; Asesoramiento\">&#8230; Lees meer &raquo;<\/a><\/p>\n","protected":false},"author":1,"featured_media":3587,"parent":0,"menu_order":0,"comment_status":"closed","ping_status":"closed","template":"page-templates\/background-image-header.php","meta":{"_acf_changed":false,"footnotes":""},"class_list":["post-4166","page","type-page","status-publish","has-post-thumbnail","hentry"],"acf":[],"yoast_head":"<!-- This site is optimized with the Yoast SEO plugin v27.3 - https:\/\/yoast.com\/product\/yoast-seo-wordpress\/ -->\n<title>Servicio &amp; Asesoramiento - edilon)(sedra<\/title>\n<meta name=\"description\" content=\"Ofrecemos servicios de consultor\u00eda que van desde el desarrollo de sistemas de fijaci\u00f3n de carriles, ensayos de materiales hasta c\u00e1lculos y dibujos t\u00e9cnicos.\" \/>\n<meta name=\"robots\" content=\"index, follow, max-snippet:-1, max-image-preview:large, max-video-preview:-1\" \/>\n<link rel=\"canonical\" href=\"https:\/\/www.edilonsedra.com\/es\/servicio-y-asesoramiento\/\" \/>\n<meta property=\"og:locale\" content=\"es_ES\" \/>\n<meta property=\"og:type\" content=\"article\" \/>\n<meta property=\"og:title\" content=\"Servicio &amp; Asesoramiento - edilon)(sedra\" \/>\n<meta property=\"og:description\" content=\"Ofrecemos servicios de consultor\u00eda que van desde el desarrollo de sistemas de fijaci\u00f3n de carriles, ensayos de materiales hasta c\u00e1lculos y dibujos t\u00e9cnicos.\" \/>\n<meta property=\"og:url\" content=\"https:\/\/www.edilonsedra.com\/es\/servicio-y-asesoramiento\/\" \/>\n<meta property=\"og:site_name\" content=\"edilon)(sedra\" \/>\n<meta property=\"article:modified_time\" content=\"2025-03-06T09:33:29+00:00\" \/>\n<meta property=\"og:image\" content=\"https:\/\/www.edilonsedra.com\/wp-content\/uploads\/2023\/03\/Corkelast-ERS-station-Utrecht-scaled.jpg\" \/>\n\t<meta property=\"og:image:width\" content=\"2560\" \/>\n\t<meta property=\"og:image:height\" content=\"1894\" \/>\n\t<meta property=\"og:image:type\" content=\"image\/jpeg\" \/>\n<meta name=\"twitter:card\" content=\"summary_large_image\" \/>\n<meta name=\"twitter:label1\" content=\"Tiempo de lectura\" \/>\n\t<meta name=\"twitter:data1\" content=\"3 minutos\" \/>\n<script type=\"application\/ld+json\" class=\"yoast-schema-graph\">{\"@context\":\"https:\\\/\\\/schema.org\",\"@graph\":[{\"@type\":\"WebPage\",\"@id\":\"https:\\\/\\\/www.edilonsedra.com\\\/es\\\/servicio-y-asesoramiento\\\/\",\"url\":\"https:\\\/\\\/www.edilonsedra.com\\\/es\\\/servicio-y-asesoramiento\\\/\",\"name\":\"Servicio & Asesoramiento - edilon)(sedra\",\"isPartOf\":{\"@id\":\"https:\\\/\\\/www.edilonsedra.com\\\/es\\\/#website\"},\"primaryImageOfPage\":{\"@id\":\"https:\\\/\\\/www.edilonsedra.com\\\/es\\\/servicio-y-asesoramiento\\\/#primaryimage\"},\"image\":{\"@id\":\"https:\\\/\\\/www.edilonsedra.com\\\/es\\\/servicio-y-asesoramiento\\\/#primaryimage\"},\"thumbnailUrl\":\"https:\\\/\\\/www.edilonsedra.com\\\/wp-content\\\/uploads\\\/2023\\\/03\\\/Corkelast-ERS-station-Utrecht-scaled.jpg\",\"datePublished\":\"2022-08-15T09:23:33+00:00\",\"dateModified\":\"2025-03-06T09:33:29+00:00\",\"description\":\"Ofrecemos servicios de consultor\u00eda que van desde el desarrollo de sistemas de fijaci\u00f3n de carriles, ensayos de materiales hasta c\u00e1lculos y dibujos t\u00e9cnicos.\",\"breadcrumb\":{\"@id\":\"https:\\\/\\\/www.edilonsedra.com\\\/es\\\/servicio-y-asesoramiento\\\/#breadcrumb\"},\"inLanguage\":\"es\",\"potentialAction\":[{\"@type\":\"ReadAction\",\"target\":[\"https:\\\/\\\/www.edilonsedra.com\\\/es\\\/servicio-y-asesoramiento\\\/\"]}]},{\"@type\":\"ImageObject\",\"inLanguage\":\"es\",\"@id\":\"https:\\\/\\\/www.edilonsedra.com\\\/es\\\/servicio-y-asesoramiento\\\/#primaryimage\",\"url\":\"https:\\\/\\\/www.edilonsedra.com\\\/wp-content\\\/uploads\\\/2023\\\/03\\\/Corkelast-ERS-station-Utrecht-scaled.jpg\",\"contentUrl\":\"https:\\\/\\\/www.edilonsedra.com\\\/wp-content\\\/uploads\\\/2023\\\/03\\\/Corkelast-ERS-station-Utrecht-scaled.jpg\",\"width\":2560,\"height\":1894},{\"@type\":\"BreadcrumbList\",\"@id\":\"https:\\\/\\\/www.edilonsedra.com\\\/es\\\/servicio-y-asesoramiento\\\/#breadcrumb\",\"itemListElement\":[{\"@type\":\"ListItem\",\"position\":1,\"name\":\"Home\",\"item\":\"https:\\\/\\\/www.edilonsedra.com\\\/es\\\/\"},{\"@type\":\"ListItem\",\"position\":2,\"name\":\"Servicio &#038; Asesoramiento\"}]},{\"@type\":\"WebSite\",\"@id\":\"https:\\\/\\\/www.edilonsedra.com\\\/es\\\/#website\",\"url\":\"https:\\\/\\\/www.edilonsedra.com\\\/es\\\/\",\"name\":\"edilon)(sedra\",\"description\":\"Always a step ahead in rail systems\",\"potentialAction\":[{\"@type\":\"SearchAction\",\"target\":{\"@type\":\"EntryPoint\",\"urlTemplate\":\"https:\\\/\\\/www.edilonsedra.com\\\/es\\\/?s={search_term_string}\"},\"query-input\":{\"@type\":\"PropertyValueSpecification\",\"valueRequired\":true,\"valueName\":\"search_term_string\"}}],\"inLanguage\":\"es\"}]}<\/script>\n<!-- \/ Yoast SEO plugin. -->","yoast_head_json":{"title":"Servicio & Asesoramiento - edilon)(sedra","description":"Ofrecemos servicios de consultor\u00eda que van desde el desarrollo de sistemas de fijaci\u00f3n de carriles, ensayos de materiales hasta c\u00e1lculos y dibujos t\u00e9cnicos.","robots":{"index":"index","follow":"follow","max-snippet":"max-snippet:-1","max-image-preview":"max-image-preview:large","max-video-preview":"max-video-preview:-1"},"canonical":"https:\/\/www.edilonsedra.com\/es\/servicio-y-asesoramiento\/","og_locale":"es_ES","og_type":"article","og_title":"Servicio & Asesoramiento - edilon)(sedra","og_description":"Ofrecemos servicios de consultor\u00eda que van desde el desarrollo de sistemas de fijaci\u00f3n de carriles, ensayos de materiales hasta c\u00e1lculos y dibujos t\u00e9cnicos.","og_url":"https:\/\/www.edilonsedra.com\/es\/servicio-y-asesoramiento\/","og_site_name":"edilon)(sedra","article_modified_time":"2025-03-06T09:33:29+00:00","og_image":[{"width":2560,"height":1894,"url":"https:\/\/www.edilonsedra.com\/wp-content\/uploads\/2023\/03\/Corkelast-ERS-station-Utrecht-scaled.jpg","type":"image\/jpeg"}],"twitter_card":"summary_large_image","twitter_misc":{"Tiempo de lectura":"3 minutos"},"schema":{"@context":"https:\/\/schema.org","@graph":[{"@type":"WebPage","@id":"https:\/\/www.edilonsedra.com\/es\/servicio-y-asesoramiento\/","url":"https:\/\/www.edilonsedra.com\/es\/servicio-y-asesoramiento\/","name":"Servicio & Asesoramiento - edilon)(sedra","isPartOf":{"@id":"https:\/\/www.edilonsedra.com\/es\/#website"},"primaryImageOfPage":{"@id":"https:\/\/www.edilonsedra.com\/es\/servicio-y-asesoramiento\/#primaryimage"},"image":{"@id":"https:\/\/www.edilonsedra.com\/es\/servicio-y-asesoramiento\/#primaryimage"},"thumbnailUrl":"https:\/\/www.edilonsedra.com\/wp-content\/uploads\/2023\/03\/Corkelast-ERS-station-Utrecht-scaled.jpg","datePublished":"2022-08-15T09:23:33+00:00","dateModified":"2025-03-06T09:33:29+00:00","description":"Ofrecemos servicios de consultor\u00eda que van desde el desarrollo de sistemas de fijaci\u00f3n de carriles, ensayos de materiales hasta c\u00e1lculos y dibujos t\u00e9cnicos.","breadcrumb":{"@id":"https:\/\/www.edilonsedra.com\/es\/servicio-y-asesoramiento\/#breadcrumb"},"inLanguage":"es","potentialAction":[{"@type":"ReadAction","target":["https:\/\/www.edilonsedra.com\/es\/servicio-y-asesoramiento\/"]}]},{"@type":"ImageObject","inLanguage":"es","@id":"https:\/\/www.edilonsedra.com\/es\/servicio-y-asesoramiento\/#primaryimage","url":"https:\/\/www.edilonsedra.com\/wp-content\/uploads\/2023\/03\/Corkelast-ERS-station-Utrecht-scaled.jpg","contentUrl":"https:\/\/www.edilonsedra.com\/wp-content\/uploads\/2023\/03\/Corkelast-ERS-station-Utrecht-scaled.jpg","width":2560,"height":1894},{"@type":"BreadcrumbList","@id":"https:\/\/www.edilonsedra.com\/es\/servicio-y-asesoramiento\/#breadcrumb","itemListElement":[{"@type":"ListItem","position":1,"name":"Home","item":"https:\/\/www.edilonsedra.com\/es\/"},{"@type":"ListItem","position":2,"name":"Servicio &#038; Asesoramiento"}]},{"@type":"WebSite","@id":"https:\/\/www.edilonsedra.com\/es\/#website","url":"https:\/\/www.edilonsedra.com\/es\/","name":"edilon)(sedra","description":"Always a step ahead in rail systems","potentialAction":[{"@type":"SearchAction","target":{"@type":"EntryPoint","urlTemplate":"https:\/\/www.edilonsedra.com\/es\/?s={search_term_string}"},"query-input":{"@type":"PropertyValueSpecification","valueRequired":true,"valueName":"search_term_string"}}],"inLanguage":"es"}]}},"_links":{"self":[{"href":"https:\/\/www.edilonsedra.com\/es\/wp-json\/wp\/v2\/pages\/4166","targetHints":{"allow":["GET"]}}],"collection":[{"href":"https:\/\/www.edilonsedra.com\/es\/wp-json\/wp\/v2\/pages"}],"about":[{"href":"https:\/\/www.edilonsedra.com\/es\/wp-json\/wp\/v2\/types\/page"}],"author":[{"embeddable":true,"href":"https:\/\/www.edilonsedra.com\/es\/wp-json\/wp\/v2\/users\/1"}],"replies":[{"embeddable":true,"href":"https:\/\/www.edilonsedra.com\/es\/wp-json\/wp\/v2\/comments?post=4166"}],"version-history":[{"count":3,"href":"https:\/\/www.edilonsedra.com\/es\/wp-json\/wp\/v2\/pages\/4166\/revisions"}],"predecessor-version":[{"id":7618,"href":"https:\/\/www.edilonsedra.com\/es\/wp-json\/wp\/v2\/pages\/4166\/revisions\/7618"}],"wp:featuredmedia":[{"embeddable":true,"href":"https:\/\/www.edilonsedra.com\/es\/wp-json\/wp\/v2\/media\/3587"}],"wp:attachment":[{"href":"https:\/\/www.edilonsedra.com\/es\/wp-json\/wp\/v2\/media?parent=4166"}],"curies":[{"name":"wp","href":"https:\/\/api.w.org\/{rel}","templated":true}]}}