{"id":4181,"date":"2022-08-15T11:24:27","date_gmt":"2022-08-15T09:24:27","guid":{"rendered":"https:\/\/www.edilonsedra.com\/?page_id=4181"},"modified":"2024-01-11T14:08:31","modified_gmt":"2024-01-11T13:08:31","slug":"sobre-nosotros","status":"publish","type":"page","link":"https:\/\/www.edilonsedra.com\/es\/sobre-nosotros\/","title":{"rendered":"Sobre nosotros"},"content":{"rendered":"\n<h2 class=\"wp-block-heading\">Descubre el mundo de la v\u00eda en placa<\/h2>\n\n\n\n<p>edilon)(sedra es un proveedor internacional de sistemas de sujeci\u00f3n de carril en v\u00eda en placa. As\u00ed como sistemas que a\u00edslan el\u00e9ctricamente a los carriles y sistemas que aten\u00faan ruidos y vibraciones en v\u00edas de alta velocidad, ferrocarriles, tranv\u00edas y trenes ligeros, metros, v\u00edas industriales y gr\u00faas.<\/p>\n\n\n\n<p>Como proveedor de soluciones de valor a\u00f1adido, podemos ayudarle en los campos de dise\u00f1o y aplicaci\u00f3n de: t\u00faneles, puentes, pasos a nivel, estaciones y paradas, y sistemas de v\u00edas urbanas en losas. Tambi\u00e9n podemos ofrecer soluciones para cocheras, instalaciones de lavado, puertos y \u00e1reas industriales.<\/p>\n\n\n\n<p>Podemos dar <a href=\"https:\/\/www.edilonsedra.com\/wp-content\/uploads\/2023\/10\/Infographic-edilon-sedra-value-added-services.jpg\" target=\"_blank\" rel=\"noreferrer noopener\">valor a\u00f1adido a tu proyecto<\/a> con:<\/p>\n\n\n\n<ul class=\"wp-block-list\">\n<li>Dise\u00f1o y desarrollo de soluciones sostenibles de fijaci\u00f3n de carriles.<\/li>\n\n\n\n<li>Soporte t\u00e9cnico en Ingenier\u00eda y Aplicaci\u00f3n.<\/li>\n\n\n\n<li>Asesoramiento sobre cuestiones t\u00e9cnicas y pr\u00e1cticas.<\/li>\n\n\n\n<li>Capacitaci\u00f3n, supervisi\u00f3n o instalaci\u00f3n de sistemas edilon)(sedra<\/li>\n<\/ul>\n\n\n\n<p>Los sistemas de fijaci\u00f3n de carriles de edilon)(sedra para v\u00edas sin balasto han sido un est\u00e1ndar reconocido en el mercado ferroviario internacional desde la d\u00e9cada de 1970. edilon)(sedra forma parte del <a href=\"https:\/\/jameswalkergroup.com\/\" target=\"_blank\" rel=\"noreferrer noopener\">grupo James Walker<\/a>.<\/p>\n\n\n\n<section class=\"module-aboutcard wp-block margin-xlarge alignfull\">\n\t<div class=\"row align-center flex-grow\">\n\t\t\t\t<div class=\"large-6 small-12 column grow\">\n\t\t\t\n\t\t\t<div class=\"card grow\">\n\t\t\t\t<div class=\"card-image\">\n\t\t\t\t\t\t\t\t\t\t\t<img decoding=\"async\" src=\"https:\/\/www.edilonsedra.com\/wp-content\/uploads\/2023\/03\/edilon-sedra-office-Wiesbaden-1-1050x623.jpeg\" alt=\"\">\n\t\t\t\t\t\t\t\t\t<\/div>\n\t\t\t\t<div class=\"card-title\">\n\t\t\t\t\t<h3>Sostenibilidad<\/h3>\t\t\t\t<\/div>\n\t\t\t\t<div class=\"card-content text-grow margin-small-bottom\">\n\t\t\t\t\t<p>edilon)(sedra trabaja continuamente en hacer que sus sistemas de fijaci\u00f3n de carriles sean m\u00e1s sostenibles. Nuestra empresa desarrolla y suministra sistemas de v\u00edas de alta calidad, al mismo tiempo que se esfuerza por minimizar el impacto ambiental y clim\u00e1tico y maximizar la disponibilidad de las v\u00edas para los pasajeros.<\/p>\n\t\t\t\t<\/div>\n\t\t\t\t\t\t\t\t\t<div class=\"card-button\">\n\t\t\t\t\t\t<a href=\"https:\/\/www.edilonsedra.com\/es\/sobre-nosotros\/sostenibilidad\/\" class=\"button button-blue\" >Leer m\u00e1s<\/a>\n\t\t\t\t\t<\/div>\n\t\t\t\t\t\t\t<\/div>\n\t\t<\/div>\n\t\t\t\t<div class=\"large-6 small-12 column grow\">\n\t\t\t\n\t\t\t<div class=\"card grow\">\n\t\t\t\t<div class=\"card-image\">\n\t\t\t\t\t\t\t\t\t\t\t<img decoding=\"async\" src=\"https:\/\/www.edilonsedra.com\/wp-content\/uploads\/2023\/03\/edilon-sedra-great-company-to-work-1050x623.jpg\" alt=\"\">\n\t\t\t\t\t\t\t\t\t<\/div>\n\t\t\t\t<div class=\"card-title\">\n\t\t\t\t\t<h3>Carrera<\/h3>\t\t\t\t<\/div>\n\t\t\t\t<div class=\"card-content text-grow margin-small-bottom\">\n\t\t\t\t\t<p>En edilon)(sedra, su trabajo diario puede contribuir a soluciones y tecnolog\u00edas de v\u00edas innovadoras que tienen un impacto positivo y visible en miles de pasajeros ferroviarios todos los d\u00edas.<\/p>\n\t\t\t\t<\/div>\n\t\t\t\t\t\t\t\t\t<div class=\"card-button\">\n\t\t\t\t\t\t<a href=\"https:\/\/www.edilonsedra.com\/es\/sobre-nosotros\/carrera\/\" class=\"button button-blue\" >Leer m\u00e1s<\/a>\n\t\t\t\t\t<\/div>\n\t\t\t\t\t\t\t<\/div>\n\t\t<\/div>\n\t\t\t<\/div>\n<\/section>","protected":false},"excerpt":{"rendered":"<p>Descubre el mundo de la v\u00eda en placa edilon)(sedra es un proveedor internacional de sistemas de sujeci\u00f3n de carril en v\u00eda en placa. As\u00ed como sistemas que a\u00edslan el\u00e9ctricamente a los carriles y sistemas que aten\u00faan ruidos y vibraciones en v\u00edas de alta velocidad, ferrocarriles, tranv\u00edas y trenes ligeros, metros, v\u00edas industriales y gr\u00faas. Como<a class=\"excerpt-read-more\" href=\"https:\/\/www.edilonsedra.com\/es\/sobre-nosotros\/\" title=\"Leer m\u00e1sSobre nosotros\">&#8230; Lees meer &raquo;<\/a><\/p>\n","protected":false},"author":1,"featured_media":3327,"parent":0,"menu_order":0,"comment_status":"closed","ping_status":"closed","template":"page-templates\/background-image-header.php","meta":{"_acf_changed":false,"footnotes":""},"class_list":["post-4181","page","type-page","status-publish","has-post-thumbnail","hentry"],"acf":[],"yoast_head":"<!-- This site is optimized with the Yoast SEO plugin v27.3 - https:\/\/yoast.com\/product\/yoast-seo-wordpress\/ -->\n<title>Sobre nosotros - edilon)(sedra<\/title>\n<meta name=\"description\" content=\"edilon)(sedra es un proveedor internacional de sistemas de v\u00eda sin lastre, sistemas ferroviarios aislantes y sistemas de reducci\u00f3n de ruido y vibraciones.\" \/>\n<meta name=\"robots\" content=\"index, follow, max-snippet:-1, max-image-preview:large, max-video-preview:-1\" \/>\n<link rel=\"canonical\" href=\"https:\/\/www.edilonsedra.com\/es\/sobre-nosotros\/\" \/>\n<meta property=\"og:locale\" content=\"es_ES\" \/>\n<meta property=\"og:type\" content=\"article\" \/>\n<meta property=\"og:title\" content=\"Sobre nosotros - edilon)(sedra\" \/>\n<meta property=\"og:description\" content=\"edilon)(sedra es un proveedor internacional de sistemas de v\u00eda sin lastre, sistemas ferroviarios aislantes y sistemas de reducci\u00f3n de ruido y vibraciones.\" \/>\n<meta property=\"og:url\" content=\"https:\/\/www.edilonsedra.com\/es\/sobre-nosotros\/\" \/>\n<meta property=\"og:site_name\" content=\"edilon)(sedra\" \/>\n<meta property=\"article:modified_time\" content=\"2024-01-11T13:08:31+00:00\" \/>\n<meta property=\"og:image\" content=\"https:\/\/www.edilonsedra.com\/wp-content\/uploads\/2023\/02\/Corkelast-ERS-Hardbruecke-Zurich-1024x634.jpg\" \/>\n\t<meta property=\"og:image:width\" content=\"1024\" \/>\n\t<meta property=\"og:image:height\" content=\"634\" \/>\n\t<meta property=\"og:image:type\" content=\"image\/jpeg\" \/>\n<meta name=\"twitter:card\" content=\"summary_large_image\" \/>\n<meta name=\"twitter:label1\" content=\"Tiempo de lectura\" \/>\n\t<meta name=\"twitter:data1\" content=\"2 minutos\" \/>\n<script type=\"application\/ld+json\" class=\"yoast-schema-graph\">{\"@context\":\"https:\\\/\\\/schema.org\",\"@graph\":[{\"@type\":\"WebPage\",\"@id\":\"https:\\\/\\\/www.edilonsedra.com\\\/es\\\/sobre-nosotros\\\/\",\"url\":\"https:\\\/\\\/www.edilonsedra.com\\\/es\\\/sobre-nosotros\\\/\",\"name\":\"Sobre nosotros - edilon)(sedra\",\"isPartOf\":{\"@id\":\"https:\\\/\\\/www.edilonsedra.com\\\/es\\\/#website\"},\"primaryImageOfPage\":{\"@id\":\"https:\\\/\\\/www.edilonsedra.com\\\/es\\\/sobre-nosotros\\\/#primaryimage\"},\"image\":{\"@id\":\"https:\\\/\\\/www.edilonsedra.com\\\/es\\\/sobre-nosotros\\\/#primaryimage\"},\"thumbnailUrl\":\"https:\\\/\\\/www.edilonsedra.com\\\/wp-content\\\/uploads\\\/2023\\\/02\\\/Corkelast-ERS-Hardbruecke-Zurich.jpg\",\"datePublished\":\"2022-08-15T09:24:27+00:00\",\"dateModified\":\"2024-01-11T13:08:31+00:00\",\"description\":\"edilon)(sedra es un proveedor internacional de sistemas de v\u00eda sin lastre, sistemas ferroviarios aislantes y sistemas de reducci\u00f3n de ruido y vibraciones.\",\"breadcrumb\":{\"@id\":\"https:\\\/\\\/www.edilonsedra.com\\\/es\\\/sobre-nosotros\\\/#breadcrumb\"},\"inLanguage\":\"es\",\"potentialAction\":[{\"@type\":\"ReadAction\",\"target\":[\"https:\\\/\\\/www.edilonsedra.com\\\/es\\\/sobre-nosotros\\\/\"]}]},{\"@type\":\"ImageObject\",\"inLanguage\":\"es\",\"@id\":\"https:\\\/\\\/www.edilonsedra.com\\\/es\\\/sobre-nosotros\\\/#primaryimage\",\"url\":\"https:\\\/\\\/www.edilonsedra.com\\\/wp-content\\\/uploads\\\/2023\\\/02\\\/Corkelast-ERS-Hardbruecke-Zurich.jpg\",\"contentUrl\":\"https:\\\/\\\/www.edilonsedra.com\\\/wp-content\\\/uploads\\\/2023\\\/02\\\/Corkelast-ERS-Hardbruecke-Zurich.jpg\",\"width\":2500,\"height\":1549},{\"@type\":\"BreadcrumbList\",\"@id\":\"https:\\\/\\\/www.edilonsedra.com\\\/es\\\/sobre-nosotros\\\/#breadcrumb\",\"itemListElement\":[{\"@type\":\"ListItem\",\"position\":1,\"name\":\"Home\",\"item\":\"https:\\\/\\\/www.edilonsedra.com\\\/es\\\/\"},{\"@type\":\"ListItem\",\"position\":2,\"name\":\"Sobre nosotros\"}]},{\"@type\":\"WebSite\",\"@id\":\"https:\\\/\\\/www.edilonsedra.com\\\/es\\\/#website\",\"url\":\"https:\\\/\\\/www.edilonsedra.com\\\/es\\\/\",\"name\":\"edilon)(sedra\",\"description\":\"Always a step ahead in rail systems\",\"potentialAction\":[{\"@type\":\"SearchAction\",\"target\":{\"@type\":\"EntryPoint\",\"urlTemplate\":\"https:\\\/\\\/www.edilonsedra.com\\\/es\\\/?s={search_term_string}\"},\"query-input\":{\"@type\":\"PropertyValueSpecification\",\"valueRequired\":true,\"valueName\":\"search_term_string\"}}],\"inLanguage\":\"es\"}]}<\/script>\n<!-- \/ Yoast SEO plugin. -->","yoast_head_json":{"title":"Sobre nosotros - edilon)(sedra","description":"edilon)(sedra es un proveedor internacional de sistemas de v\u00eda sin lastre, sistemas ferroviarios aislantes y sistemas de reducci\u00f3n de ruido y vibraciones.","robots":{"index":"index","follow":"follow","max-snippet":"max-snippet:-1","max-image-preview":"max-image-preview:large","max-video-preview":"max-video-preview:-1"},"canonical":"https:\/\/www.edilonsedra.com\/es\/sobre-nosotros\/","og_locale":"es_ES","og_type":"article","og_title":"Sobre nosotros - edilon)(sedra","og_description":"edilon)(sedra es un proveedor internacional de sistemas de v\u00eda sin lastre, sistemas ferroviarios aislantes y sistemas de reducci\u00f3n de ruido y vibraciones.","og_url":"https:\/\/www.edilonsedra.com\/es\/sobre-nosotros\/","og_site_name":"edilon)(sedra","article_modified_time":"2024-01-11T13:08:31+00:00","og_image":[{"width":1024,"height":634,"url":"https:\/\/www.edilonsedra.com\/wp-content\/uploads\/2023\/02\/Corkelast-ERS-Hardbruecke-Zurich-1024x634.jpg","type":"image\/jpeg"}],"twitter_card":"summary_large_image","twitter_misc":{"Tiempo de lectura":"2 minutos"},"schema":{"@context":"https:\/\/schema.org","@graph":[{"@type":"WebPage","@id":"https:\/\/www.edilonsedra.com\/es\/sobre-nosotros\/","url":"https:\/\/www.edilonsedra.com\/es\/sobre-nosotros\/","name":"Sobre nosotros - edilon)(sedra","isPartOf":{"@id":"https:\/\/www.edilonsedra.com\/es\/#website"},"primaryImageOfPage":{"@id":"https:\/\/www.edilonsedra.com\/es\/sobre-nosotros\/#primaryimage"},"image":{"@id":"https:\/\/www.edilonsedra.com\/es\/sobre-nosotros\/#primaryimage"},"thumbnailUrl":"https:\/\/www.edilonsedra.com\/wp-content\/uploads\/2023\/02\/Corkelast-ERS-Hardbruecke-Zurich.jpg","datePublished":"2022-08-15T09:24:27+00:00","dateModified":"2024-01-11T13:08:31+00:00","description":"edilon)(sedra es un proveedor internacional de sistemas de v\u00eda sin lastre, sistemas ferroviarios aislantes y sistemas de reducci\u00f3n de ruido y vibraciones.","breadcrumb":{"@id":"https:\/\/www.edilonsedra.com\/es\/sobre-nosotros\/#breadcrumb"},"inLanguage":"es","potentialAction":[{"@type":"ReadAction","target":["https:\/\/www.edilonsedra.com\/es\/sobre-nosotros\/"]}]},{"@type":"ImageObject","inLanguage":"es","@id":"https:\/\/www.edilonsedra.com\/es\/sobre-nosotros\/#primaryimage","url":"https:\/\/www.edilonsedra.com\/wp-content\/uploads\/2023\/02\/Corkelast-ERS-Hardbruecke-Zurich.jpg","contentUrl":"https:\/\/www.edilonsedra.com\/wp-content\/uploads\/2023\/02\/Corkelast-ERS-Hardbruecke-Zurich.jpg","width":2500,"height":1549},{"@type":"BreadcrumbList","@id":"https:\/\/www.edilonsedra.com\/es\/sobre-nosotros\/#breadcrumb","itemListElement":[{"@type":"ListItem","position":1,"name":"Home","item":"https:\/\/www.edilonsedra.com\/es\/"},{"@type":"ListItem","position":2,"name":"Sobre nosotros"}]},{"@type":"WebSite","@id":"https:\/\/www.edilonsedra.com\/es\/#website","url":"https:\/\/www.edilonsedra.com\/es\/","name":"edilon)(sedra","description":"Always a step ahead in rail systems","potentialAction":[{"@type":"SearchAction","target":{"@type":"EntryPoint","urlTemplate":"https:\/\/www.edilonsedra.com\/es\/?s={search_term_string}"},"query-input":{"@type":"PropertyValueSpecification","valueRequired":true,"valueName":"search_term_string"}}],"inLanguage":"es"}]}},"_links":{"self":[{"href":"https:\/\/www.edilonsedra.com\/es\/wp-json\/wp\/v2\/pages\/4181","targetHints":{"allow":["GET"]}}],"collection":[{"href":"https:\/\/www.edilonsedra.com\/es\/wp-json\/wp\/v2\/pages"}],"about":[{"href":"https:\/\/www.edilonsedra.com\/es\/wp-json\/wp\/v2\/types\/page"}],"author":[{"embeddable":true,"href":"https:\/\/www.edilonsedra.com\/es\/wp-json\/wp\/v2\/users\/1"}],"replies":[{"embeddable":true,"href":"https:\/\/www.edilonsedra.com\/es\/wp-json\/wp\/v2\/comments?post=4181"}],"version-history":[{"count":3,"href":"https:\/\/www.edilonsedra.com\/es\/wp-json\/wp\/v2\/pages\/4181\/revisions"}],"predecessor-version":[{"id":6041,"href":"https:\/\/www.edilonsedra.com\/es\/wp-json\/wp\/v2\/pages\/4181\/revisions\/6041"}],"wp:featuredmedia":[{"embeddable":true,"href":"https:\/\/www.edilonsedra.com\/es\/wp-json\/wp\/v2\/media\/3327"}],"wp:attachment":[{"href":"https:\/\/www.edilonsedra.com\/es\/wp-json\/wp\/v2\/media?parent=4181"}],"curies":[{"name":"wp","href":"https:\/\/api.w.org\/{rel}","templated":true}]}}