{"id":4197,"date":"2022-08-15T07:27:30","date_gmt":"2022-08-15T05:27:30","guid":{"rendered":"https:\/\/www.edilonsedra.com\/?page_id=4197"},"modified":"2024-01-09T10:44:24","modified_gmt":"2024-01-09T09:44:24","slug":"declaracion-de-privacidad","status":"publish","type":"page","link":"https:\/\/www.edilonsedra.com\/es\/declaracion-de-privacidad\/","title":{"rendered":"Declaraci\u00f3n de privacidad"},"content":{"rendered":"\n<p>Nos importa la protecci\u00f3n de sus datos personales. Esta declaraci\u00f3n le proporciona informaci\u00f3n detallada sobre la recopilaci\u00f3n, uso y procesamiento de datos privados por parte de la entidad responsable.<\/p>\n\n\n\n<figure class=\"wp-block-table is-style-stripes\"><table><tbody><tr><td>Empresa:<\/td><td>edilon)(sedra Group B.V.<\/td><\/tr><tr><td>Oficial de protecci\u00f3n de datos:<\/td><td>Mathias G\u00e4rtner<\/td><\/tr><tr><td>Oficina:<\/td><td>Nijverheidsweg 23<br>2031 CN Haarlem<br>The Netherlands<\/td><\/tr><tr><td>Tel\u00e9fono: <\/td><td>+49 6151 97 12 640<\/td><\/tr><tr><td>Correo electr\u00f3nico:<\/td><td>Mathias.Gaertner[at]it-svbuero.de<\/td><\/tr><\/tbody><\/table><\/figure>\n\n\n\n<p>La base legal para las operaciones de protecci\u00f3n de datos se encuentra en el Reglamento de protecci\u00f3n de datos de la UE 2016\/679 (RGPD de la UE).<\/p>\n\n\n\n<p>Datos de acceso y archivos de registro del servidor<br>Cuando visita este sitio web, edilon)(sedra (o nuestro proveedor de alojamiento web en nuestro nombre) recopila datos sobre cada acceso al sitio web (o (sub)p\u00e1ginas del mismo) en forma de archivos de registro del servidor. Estos datos incluyen:<\/p>\n\n\n\n<ul class=\"wp-block-list\">\n<li>Nombre de la p\u00e1gina web accedida.<\/li>\n\n\n\n<li>Nombre del archivo accedido (si corresponde).<\/li>\n\n\n\n<li>Fecha y hora del acceso.<\/li>\n\n\n\n<li>Cantidad de datos transferidos.<\/li>\n\n\n\n<li>Informes de estado sobre el acceso (\u00e9xito, fallo u otros).<\/li>\n\n\n\n<li>Tipo y versi\u00f3n del navegador utilizado.<\/li>\n\n\n\n<li>Sistema operativo y versi\u00f3n del cliente utilizado.<\/li>\n\n\n\n<li>URL de referencia (direcci\u00f3n de la p\u00e1gina web accedida anteriormente).<\/li>\n\n\n\n<li>Direcci\u00f3n IP y proveedor utilizado para el acceso<\/li>\n<\/ul>\n\n\n\n<p>Estos datos se utilizar\u00e1n \u00fanicamente con fines estad\u00edsticos. No se compartir\u00e1n con terceros. Las estad\u00edsticas se utilizar\u00e1n para garantizar el correcto funcionamiento, la seguridad y la optimizaci\u00f3n del sitio web. edilon)(sedra se reserva el derecho de analizar los datos en una fecha posterior si existe motivo para creer que se ha hecho un uso incorrecto, malintencionado o ilegal del sitio web. Bajo circunstancias normales, estos archivos de registro se eliminar\u00e1n despu\u00e9s de 90 d\u00edas. La recopilaci\u00f3n de datos se realiza de acuerdo con el Art\u00edculo 6, I, lit. f del RGPD de la UE.<\/p>\n\n\n\n<h4 class=\"wp-block-heading\">Cookies<\/h4>\n\n\n\n<p>Cuando visita nuestro sitio web, es posible que almacenemos informaci\u00f3n en su ordenador en forma de cookies. Las cookies son peque\u00f1os archivos que permiten almacenar informaci\u00f3n en el equipo del cliente. Esta informaci\u00f3n est\u00e1 orientada al dispositivo y se utiliza para mejorar la usabilidad, pero tambi\u00e9n para identificar al usuario (por ejemplo, para habilitar el inicio de sesi\u00f3n autom\u00e1tico).<\/p>\n\n\n\n<p>Las cookies tambi\u00e9n se pueden utilizar para crear estad\u00edsticas sobre el uso del sitio web. Estas estad\u00edsticas se utilizar\u00e1n para mejorar la usabilidad, estabilidad y accesibilidad del servicio ofrecido.<\/p>\n\n\n\n<p>Existen tres tipos diferentes de cookies. Las cookies que son absolutamente necesarias para el funcionamiento del sitio web y para ofrecerle la mejor experiencia posible se recopilan y operan de acuerdo con el Art\u00edculo 6, I lit b del RGPD de la UE. Las cookies que utilizamos para almacenar estad\u00edsticas de acceso se recopilar\u00e1n y utilizar\u00e1n de acuerdo con el Art\u00edculo 6, I lit a del RGPD de la UE. Se mostrar\u00e1 un banner de cookies adecuado la primera vez que acceda a nuestra p\u00e1gina web.<\/p>\n\n\n\n<p>Como usuario, puede controlar el uso de cookies. La mayor\u00eda de los navegadores tienen opciones que se pueden utilizar para controlar la forma en que se almacenan o desactivan las cookies. Si elige desactivar o restringir el uso de cookies, es posible que el sitio web no se muestre correctamente o no sea accesible de la mejor manera, o no sea accesible en absoluto.<\/p>\n\n\n\n<h4 class=\"wp-block-heading\">Google Analytics<\/h4>\n\n\n\n<p>Este sitio web utiliza Google Analytics, un servicio de an\u00e1lisis web proporcionado por Google Inc. (\u00abGoogle\u00bb). Google Analytics utiliza \u00abcookies\u00bb, que son archivos peque\u00f1os que se almacenan en el equipo del cliente con informaci\u00f3n sobre el uso del sitio web. Esta informaci\u00f3n se analizar\u00e1. El procesamiento se realiza generalmente en servidores operados por Google y ubicados en los Estados Unidos. Esto incluye la transferencia de los datos a los Estados Unidos.<\/p>\n\n\n\n<p>edilon)(sedra utiliza la llamada anonimizaci\u00f3n de IP. En este caso, la direcci\u00f3n IP del usuario se transferir\u00e1 a pa\u00edses de la UE (o estados contractuales asociados). La direcci\u00f3n IP se anonimizar\u00e1 (por ejemplo, mediante truncamiento).<\/p>\n\n\n\n<p>Solo en ocasiones muy limitadas, la direcci\u00f3n IP se transferir\u00e1 en su totalidad (tambi\u00e9n a los Estados Unidos). Google analizar\u00e1 los datos transferidos en nombre de edilon)(sedra para crear informes sobre el uso del sitio web y para realizar servicios adicionales para el propietario del sitio web.<br>Su direcci\u00f3n IP no se relacionar\u00e1 ni se vincular\u00e1 con otros datos que Google pueda tener sobre usted. Puede desactivar el uso de cookies (consulte la secci\u00f3n de cookies).<br>Puede desactivar el almacenamiento, la transferencia o el procesamiento de sus datos por parte de Google descargando un complemento para su navegador. Esto desactivar\u00e1 Google Analytics si utiliza el navegador en el que instal\u00f3 el complemento.<\/p>\n\n\n\n<p>El complemento se puede encontrar aqu\u00ed: <a href=\"http:\/\/tools.google.com\/dlpage\/gaoptout?hl=es.\">http:\/\/tools.google.com\/dlpage\/gaoptout?hl=es.<\/a><br>Como alternativa al complemento, puede utilizar esta direcci\u00f3n para establecer una cookie espec\u00edfica de \u00abopt-out\u00bb. Google Analytics verificar\u00e1 la presencia de esta cookie y, si la encuentra, no transferir\u00e1 los datos. Si desactiv\u00f3 las cookies o elimin\u00f3 esta cookie, deber\u00e1 volver a visitar esa direcci\u00f3n.<\/p>\n\n\n\n<p>Como otra alternativa, puede solicitarnos que dejemos de recopilar y trabajar con los datos y Google Analytics.<\/p>\n\n\n\n<h4 class=\"wp-block-heading\">Revocaci\u00f3n, cambio o actualizaci\u00f3n de datos personales<\/h4>\n\n\n\n<p>Como usuario, tiene derecho a recibir informaci\u00f3n sobre los datos que se almacenan sobre usted (Art\u00edculo 15, I del RGPD de la UE). Esta solicitud no tiene coste (a menos que lo solicite con una frecuencia excesiva). Tambi\u00e9n tiene derecho a que se corrija la informaci\u00f3n incorrecta (Art\u00edculo 16 del RGPD de la UE), se elimine (o se retenga su uso posterior), siempre que no existan requisitos legales que lo impidan (Art\u00edculo 17, I del RGPD de la UE y Art\u00edculo 18). Tambi\u00e9n puede recibir los datos en un formato electr\u00f3nico para su posterior procesamiento (Art\u00edculo 20). Tambi\u00e9n tiene derecho a oponerse al procesamiento de datos (Art\u00edculo 21) si su situaci\u00f3n particular lo requiere. En este caso, un simple mensaje a nosotros o a nuestro oficial de protecci\u00f3n de datos es suficiente. Si considera que las normas y procedimientos de privacidad de datos aqu\u00ed mostrados violan sus derechos establecidos en la regulaci\u00f3n de privacidad de datos, puede ponerse en contacto con la organizaci\u00f3n gubernamental responsable.<\/p>\n\n\n\n<p>Para los Pa\u00edses Bajos, esta es la \u00abAutoriteit Persoonsgegevens\u00bb en La Haya, tel\u00e9fono: +31 088 1805255.<\/p>\n\n\n\n<h4 class=\"wp-block-heading\">Oficial de protecci\u00f3n de datos<\/h4>\n\n\n\n<p>Para garantizar un medio s\u00f3lido y seguro para trabajar con datos personales, edilon)(sedra ha designado a un oficial de protecci\u00f3n de datos externo que brinda consultor\u00eda a edilon)(sedra. Puede encontrar los detalles de contacto en la parte superior de esta p\u00e1gina.<\/p>\n\n\n\n<h4 class=\"wp-block-heading\">Cookie consent<\/h4>\n\n\n\n<script id=\"CookieDeclaration\" src=\"https:\/\/consent.cookiebot.com\/35085849-82a5-42b7-b1ce-986b8c97408f\/cd.js\" type=\"text\/javascript\" async=\"\"><\/script>\n","protected":false},"excerpt":{"rendered":"<p>Nos importa la protecci\u00f3n de sus datos personales. Esta declaraci\u00f3n le proporciona informaci\u00f3n detallada sobre la recopilaci\u00f3n, uso y procesamiento de datos privados por parte de la entidad responsable. Empresa: edilon)(sedra Group B.V. Oficial de protecci\u00f3n de datos: Mathias G\u00e4rtner Oficina: Nijverheidsweg 232031 CN HaarlemThe Netherlands Tel\u00e9fono: +49 6151 97 12 640 Correo electr\u00f3nico: Mathias.Gaertner[at]it-svbuero.de<a class=\"excerpt-read-more\" href=\"https:\/\/www.edilonsedra.com\/es\/declaracion-de-privacidad\/\" title=\"Leer m\u00e1sDeclaraci\u00f3n de privacidad\">&#8230; Lees meer &raquo;<\/a><\/p>\n","protected":false},"author":1,"featured_media":3299,"parent":0,"menu_order":0,"comment_status":"closed","ping_status":"closed","template":"","meta":{"_acf_changed":false,"footnotes":""},"class_list":["post-4197","page","type-page","status-publish","has-post-thumbnail","hentry"],"acf":[],"yoast_head":"<!-- This site is optimized with the Yoast SEO plugin v27.3 - https:\/\/yoast.com\/product\/yoast-seo-wordpress\/ -->\n<title>Declaraci\u00f3n de privacidad - edilon)(sedra<\/title>\n<meta name=\"description\" content=\"Esta declaraci\u00f3n le proporcionar\u00e1 informaci\u00f3n detallada sobre la recopilaci\u00f3n, el uso y el procesamiento de datos privados por parte de edilon)(sedra.\" \/>\n<meta name=\"robots\" content=\"index, follow, max-snippet:-1, max-image-preview:large, max-video-preview:-1\" \/>\n<link rel=\"canonical\" href=\"https:\/\/www.edilonsedra.com\/es\/declaracion-de-privacidad\/\" \/>\n<meta property=\"og:locale\" content=\"es_ES\" \/>\n<meta property=\"og:type\" content=\"article\" \/>\n<meta property=\"og:title\" content=\"Declaraci\u00f3n de privacidad - edilon)(sedra\" \/>\n<meta property=\"og:description\" content=\"Esta declaraci\u00f3n le proporcionar\u00e1 informaci\u00f3n detallada sobre la recopilaci\u00f3n, el uso y el procesamiento de datos privados por parte de edilon)(sedra.\" \/>\n<meta property=\"og:url\" content=\"https:\/\/www.edilonsedra.com\/es\/declaracion-de-privacidad\/\" \/>\n<meta property=\"og:site_name\" content=\"edilon)(sedra\" \/>\n<meta property=\"article:modified_time\" content=\"2024-01-09T09:44:24+00:00\" \/>\n<meta property=\"og:image\" content=\"https:\/\/www.edilonsedra.com\/wp-content\/uploads\/2022\/08\/heavy-rail.jpg\" \/>\n\t<meta property=\"og:image:width\" content=\"1582\" \/>\n\t<meta property=\"og:image:height\" content=\"889\" \/>\n\t<meta property=\"og:image:type\" content=\"image\/jpeg\" \/>\n<meta name=\"twitter:card\" content=\"summary_large_image\" \/>\n<meta name=\"twitter:label1\" content=\"Tiempo de lectura\" \/>\n\t<meta name=\"twitter:data1\" content=\"5 minutos\" \/>\n<script type=\"application\/ld+json\" class=\"yoast-schema-graph\">{\"@context\":\"https:\\\/\\\/schema.org\",\"@graph\":[{\"@type\":\"WebPage\",\"@id\":\"https:\\\/\\\/www.edilonsedra.com\\\/es\\\/declaracion-de-privacidad\\\/\",\"url\":\"https:\\\/\\\/www.edilonsedra.com\\\/es\\\/declaracion-de-privacidad\\\/\",\"name\":\"Declaraci\u00f3n de privacidad - edilon)(sedra\",\"isPartOf\":{\"@id\":\"https:\\\/\\\/www.edilonsedra.com\\\/es\\\/#website\"},\"primaryImageOfPage\":{\"@id\":\"https:\\\/\\\/www.edilonsedra.com\\\/es\\\/declaracion-de-privacidad\\\/#primaryimage\"},\"image\":{\"@id\":\"https:\\\/\\\/www.edilonsedra.com\\\/es\\\/declaracion-de-privacidad\\\/#primaryimage\"},\"thumbnailUrl\":\"https:\\\/\\\/www.edilonsedra.com\\\/wp-content\\\/uploads\\\/2022\\\/08\\\/heavy-rail.jpg\",\"datePublished\":\"2022-08-15T05:27:30+00:00\",\"dateModified\":\"2024-01-09T09:44:24+00:00\",\"description\":\"Esta declaraci\u00f3n le proporcionar\u00e1 informaci\u00f3n detallada sobre la recopilaci\u00f3n, el uso y el procesamiento de datos privados por parte de edilon)(sedra.\",\"breadcrumb\":{\"@id\":\"https:\\\/\\\/www.edilonsedra.com\\\/es\\\/declaracion-de-privacidad\\\/#breadcrumb\"},\"inLanguage\":\"es\",\"potentialAction\":[{\"@type\":\"ReadAction\",\"target\":[\"https:\\\/\\\/www.edilonsedra.com\\\/es\\\/declaracion-de-privacidad\\\/\"]}]},{\"@type\":\"ImageObject\",\"inLanguage\":\"es\",\"@id\":\"https:\\\/\\\/www.edilonsedra.com\\\/es\\\/declaracion-de-privacidad\\\/#primaryimage\",\"url\":\"https:\\\/\\\/www.edilonsedra.com\\\/wp-content\\\/uploads\\\/2022\\\/08\\\/heavy-rail.jpg\",\"contentUrl\":\"https:\\\/\\\/www.edilonsedra.com\\\/wp-content\\\/uploads\\\/2022\\\/08\\\/heavy-rail.jpg\",\"width\":1582,\"height\":889},{\"@type\":\"BreadcrumbList\",\"@id\":\"https:\\\/\\\/www.edilonsedra.com\\\/es\\\/declaracion-de-privacidad\\\/#breadcrumb\",\"itemListElement\":[{\"@type\":\"ListItem\",\"position\":1,\"name\":\"Home\",\"item\":\"https:\\\/\\\/www.edilonsedra.com\\\/es\\\/\"},{\"@type\":\"ListItem\",\"position\":2,\"name\":\"Declaraci\u00f3n de privacidad\"}]},{\"@type\":\"WebSite\",\"@id\":\"https:\\\/\\\/www.edilonsedra.com\\\/es\\\/#website\",\"url\":\"https:\\\/\\\/www.edilonsedra.com\\\/es\\\/\",\"name\":\"edilon)(sedra\",\"description\":\"Always a step ahead in rail systems\",\"potentialAction\":[{\"@type\":\"SearchAction\",\"target\":{\"@type\":\"EntryPoint\",\"urlTemplate\":\"https:\\\/\\\/www.edilonsedra.com\\\/es\\\/?s={search_term_string}\"},\"query-input\":{\"@type\":\"PropertyValueSpecification\",\"valueRequired\":true,\"valueName\":\"search_term_string\"}}],\"inLanguage\":\"es\"}]}<\/script>\n<!-- \/ Yoast SEO plugin. -->","yoast_head_json":{"title":"Declaraci\u00f3n de privacidad - edilon)(sedra","description":"Esta declaraci\u00f3n le proporcionar\u00e1 informaci\u00f3n detallada sobre la recopilaci\u00f3n, el uso y el procesamiento de datos privados por parte de edilon)(sedra.","robots":{"index":"index","follow":"follow","max-snippet":"max-snippet:-1","max-image-preview":"max-image-preview:large","max-video-preview":"max-video-preview:-1"},"canonical":"https:\/\/www.edilonsedra.com\/es\/declaracion-de-privacidad\/","og_locale":"es_ES","og_type":"article","og_title":"Declaraci\u00f3n de privacidad - edilon)(sedra","og_description":"Esta declaraci\u00f3n le proporcionar\u00e1 informaci\u00f3n detallada sobre la recopilaci\u00f3n, el uso y el procesamiento de datos privados por parte de edilon)(sedra.","og_url":"https:\/\/www.edilonsedra.com\/es\/declaracion-de-privacidad\/","og_site_name":"edilon)(sedra","article_modified_time":"2024-01-09T09:44:24+00:00","og_image":[{"width":1582,"height":889,"url":"https:\/\/www.edilonsedra.com\/wp-content\/uploads\/2022\/08\/heavy-rail.jpg","type":"image\/jpeg"}],"twitter_card":"summary_large_image","twitter_misc":{"Tiempo de lectura":"5 minutos"},"schema":{"@context":"https:\/\/schema.org","@graph":[{"@type":"WebPage","@id":"https:\/\/www.edilonsedra.com\/es\/declaracion-de-privacidad\/","url":"https:\/\/www.edilonsedra.com\/es\/declaracion-de-privacidad\/","name":"Declaraci\u00f3n de privacidad - edilon)(sedra","isPartOf":{"@id":"https:\/\/www.edilonsedra.com\/es\/#website"},"primaryImageOfPage":{"@id":"https:\/\/www.edilonsedra.com\/es\/declaracion-de-privacidad\/#primaryimage"},"image":{"@id":"https:\/\/www.edilonsedra.com\/es\/declaracion-de-privacidad\/#primaryimage"},"thumbnailUrl":"https:\/\/www.edilonsedra.com\/wp-content\/uploads\/2022\/08\/heavy-rail.jpg","datePublished":"2022-08-15T05:27:30+00:00","dateModified":"2024-01-09T09:44:24+00:00","description":"Esta declaraci\u00f3n le proporcionar\u00e1 informaci\u00f3n detallada sobre la recopilaci\u00f3n, el uso y el procesamiento de datos privados por parte de edilon)(sedra.","breadcrumb":{"@id":"https:\/\/www.edilonsedra.com\/es\/declaracion-de-privacidad\/#breadcrumb"},"inLanguage":"es","potentialAction":[{"@type":"ReadAction","target":["https:\/\/www.edilonsedra.com\/es\/declaracion-de-privacidad\/"]}]},{"@type":"ImageObject","inLanguage":"es","@id":"https:\/\/www.edilonsedra.com\/es\/declaracion-de-privacidad\/#primaryimage","url":"https:\/\/www.edilonsedra.com\/wp-content\/uploads\/2022\/08\/heavy-rail.jpg","contentUrl":"https:\/\/www.edilonsedra.com\/wp-content\/uploads\/2022\/08\/heavy-rail.jpg","width":1582,"height":889},{"@type":"BreadcrumbList","@id":"https:\/\/www.edilonsedra.com\/es\/declaracion-de-privacidad\/#breadcrumb","itemListElement":[{"@type":"ListItem","position":1,"name":"Home","item":"https:\/\/www.edilonsedra.com\/es\/"},{"@type":"ListItem","position":2,"name":"Declaraci\u00f3n de privacidad"}]},{"@type":"WebSite","@id":"https:\/\/www.edilonsedra.com\/es\/#website","url":"https:\/\/www.edilonsedra.com\/es\/","name":"edilon)(sedra","description":"Always a step ahead in rail systems","potentialAction":[{"@type":"SearchAction","target":{"@type":"EntryPoint","urlTemplate":"https:\/\/www.edilonsedra.com\/es\/?s={search_term_string}"},"query-input":{"@type":"PropertyValueSpecification","valueRequired":true,"valueName":"search_term_string"}}],"inLanguage":"es"}]}},"_links":{"self":[{"href":"https:\/\/www.edilonsedra.com\/es\/wp-json\/wp\/v2\/pages\/4197","targetHints":{"allow":["GET"]}}],"collection":[{"href":"https:\/\/www.edilonsedra.com\/es\/wp-json\/wp\/v2\/pages"}],"about":[{"href":"https:\/\/www.edilonsedra.com\/es\/wp-json\/wp\/v2\/types\/page"}],"author":[{"embeddable":true,"href":"https:\/\/www.edilonsedra.com\/es\/wp-json\/wp\/v2\/users\/1"}],"replies":[{"embeddable":true,"href":"https:\/\/www.edilonsedra.com\/es\/wp-json\/wp\/v2\/comments?post=4197"}],"version-history":[{"count":2,"href":"https:\/\/www.edilonsedra.com\/es\/wp-json\/wp\/v2\/pages\/4197\/revisions"}],"predecessor-version":[{"id":4741,"href":"https:\/\/www.edilonsedra.com\/es\/wp-json\/wp\/v2\/pages\/4197\/revisions\/4741"}],"wp:featuredmedia":[{"embeddable":true,"href":"https:\/\/www.edilonsedra.com\/es\/wp-json\/wp\/v2\/media\/3299"}],"wp:attachment":[{"href":"https:\/\/www.edilonsedra.com\/es\/wp-json\/wp\/v2\/media?parent=4197"}],"curies":[{"name":"wp","href":"https:\/\/api.w.org\/{rel}","templated":true}]}}