{"id":4199,"date":"2022-08-15T13:23:34","date_gmt":"2022-08-15T11:23:34","guid":{"rendered":"https:\/\/www.edilonsedra.com\/?page_id=4199"},"modified":"2024-01-09T10:46:36","modified_gmt":"2024-01-09T09:46:36","slug":"descargo-de-responsabilidad","status":"publish","type":"page","link":"https:\/\/www.edilonsedra.com\/es\/descargo-de-responsabilidad\/","title":{"rendered":"Descargo de responsabilidad"},"content":{"rendered":"\n<p>Los datos e informaci\u00f3n en este sitio web est\u00e1n sujetos a derechos de propiedad intelectual. Estos derechos de propiedad intelectual pertenecen a edilon)(sedra. La copia y\/o multiplicaci\u00f3n (total o parcial) del contenido de este sitio web solo est\u00e1 permitida con el consentimiento previo por escrito del administrador de este sitio web. No est\u00e1 permitido modificar la apariencia de este sitio web. No se pueden derivar derechos de ning\u00fan dato y\/o informaci\u00f3n publicada en este sitio web. Se pueden realizar modificaciones y adiciones sin previo aviso.<\/p>\n\n\n\n<p>Si tiene preguntas sobre estas disposiciones y\/o desea obtener permiso para copiar y\/o multiplicar (partes del) contenido de este sitio web, comun\u00edquese con <a href=\"mailto:&#109;a&#105;l&#64;&#101;&#100;&#105;l&#111;&#110;s&#101;&#100;&#114;&#97;&#46;&#99;om\">&#109;&#97;&#105;l&#64;&#101;d&#105;l&#111;&#110;s&#101;dra.com<\/a><\/p>\n\n\n\n<p><\/p>\n","protected":false},"excerpt":{"rendered":"<p>Los datos e informaci\u00f3n en este sitio web est\u00e1n sujetos a derechos de propiedad intelectual. Estos derechos de propiedad intelectual pertenecen a edilon)(sedra. La copia y\/o multiplicaci\u00f3n (total o parcial) del contenido de este sitio web solo est\u00e1 permitida con el consentimiento previo por escrito del administrador de este sitio web. No est\u00e1 permitido modificar<a class=\"excerpt-read-more\" href=\"https:\/\/www.edilonsedra.com\/es\/descargo-de-responsabilidad\/\" title=\"Leer m\u00e1sDescargo de responsabilidad\">&#8230; Lees meer &raquo;<\/a><\/p>\n","protected":false},"author":1,"featured_media":3433,"parent":0,"menu_order":0,"comment_status":"closed","ping_status":"closed","template":"","meta":{"_acf_changed":false,"footnotes":""},"class_list":["post-4199","page","type-page","status-publish","has-post-thumbnail","hentry"],"acf":[],"yoast_head":"<!-- This site is optimized with the Yoast SEO plugin v27.4 - https:\/\/yoast.com\/product\/yoast-seo-wordpress\/ -->\n<title>Descargo de responsabilidad - edilon)(sedra<\/title>\n<meta name=\"description\" content=\"No se pueden derivar derechos de ning\u00fan dato y\/o informaci\u00f3n que se publique en este sitio web.\" \/>\n<meta name=\"robots\" content=\"index, follow, max-snippet:-1, max-image-preview:large, max-video-preview:-1\" \/>\n<link rel=\"canonical\" href=\"https:\/\/www.edilonsedra.com\/es\/descargo-de-responsabilidad\/\" \/>\n<meta property=\"og:locale\" content=\"es_ES\" \/>\n<meta property=\"og:type\" content=\"article\" \/>\n<meta property=\"og:title\" content=\"Descargo de responsabilidad - edilon)(sedra\" \/>\n<meta property=\"og:description\" content=\"No se pueden derivar derechos de ning\u00fan dato y\/o informaci\u00f3n que se publique en este sitio web.\" \/>\n<meta property=\"og:url\" content=\"https:\/\/www.edilonsedra.com\/es\/descargo-de-responsabilidad\/\" \/>\n<meta property=\"og:site_name\" content=\"edilon)(sedra\" \/>\n<meta property=\"article:modified_time\" content=\"2024-01-09T09:46:36+00:00\" \/>\n<meta property=\"og:image\" content=\"https:\/\/www.edilonsedra.com\/wp-content\/uploads\/2023\/03\/Corkelast-EBS-Warsaw-4-scaled.jpg\" \/>\n\t<meta property=\"og:image:width\" content=\"2560\" \/>\n\t<meta property=\"og:image:height\" content=\"1920\" \/>\n\t<meta property=\"og:image:type\" content=\"image\/jpeg\" \/>\n<meta name=\"twitter:card\" content=\"summary_large_image\" \/>\n<meta name=\"twitter:label1\" content=\"Tiempo de lectura\" \/>\n\t<meta name=\"twitter:data1\" content=\"1 minuto\" \/>\n<script type=\"application\/ld+json\" class=\"yoast-schema-graph\">{\"@context\":\"https:\\\/\\\/schema.org\",\"@graph\":[{\"@type\":\"WebPage\",\"@id\":\"https:\\\/\\\/www.edilonsedra.com\\\/es\\\/descargo-de-responsabilidad\\\/\",\"url\":\"https:\\\/\\\/www.edilonsedra.com\\\/es\\\/descargo-de-responsabilidad\\\/\",\"name\":\"Descargo de responsabilidad - edilon)(sedra\",\"isPartOf\":{\"@id\":\"https:\\\/\\\/www.edilonsedra.com\\\/es\\\/#website\"},\"primaryImageOfPage\":{\"@id\":\"https:\\\/\\\/www.edilonsedra.com\\\/es\\\/descargo-de-responsabilidad\\\/#primaryimage\"},\"image\":{\"@id\":\"https:\\\/\\\/www.edilonsedra.com\\\/es\\\/descargo-de-responsabilidad\\\/#primaryimage\"},\"thumbnailUrl\":\"https:\\\/\\\/www.edilonsedra.com\\\/wp-content\\\/uploads\\\/2023\\\/03\\\/Corkelast-EBS-Warsaw-4-scaled.jpg\",\"datePublished\":\"2022-08-15T11:23:34+00:00\",\"dateModified\":\"2024-01-09T09:46:36+00:00\",\"description\":\"No se pueden derivar derechos de ning\u00fan dato y\\\/o informaci\u00f3n que se publique en este sitio web.\",\"breadcrumb\":{\"@id\":\"https:\\\/\\\/www.edilonsedra.com\\\/es\\\/descargo-de-responsabilidad\\\/#breadcrumb\"},\"inLanguage\":\"es\",\"potentialAction\":[{\"@type\":\"ReadAction\",\"target\":[\"https:\\\/\\\/www.edilonsedra.com\\\/es\\\/descargo-de-responsabilidad\\\/\"]}]},{\"@type\":\"ImageObject\",\"inLanguage\":\"es\",\"@id\":\"https:\\\/\\\/www.edilonsedra.com\\\/es\\\/descargo-de-responsabilidad\\\/#primaryimage\",\"url\":\"https:\\\/\\\/www.edilonsedra.com\\\/wp-content\\\/uploads\\\/2023\\\/03\\\/Corkelast-EBS-Warsaw-4-scaled.jpg\",\"contentUrl\":\"https:\\\/\\\/www.edilonsedra.com\\\/wp-content\\\/uploads\\\/2023\\\/03\\\/Corkelast-EBS-Warsaw-4-scaled.jpg\",\"width\":2560,\"height\":1920},{\"@type\":\"BreadcrumbList\",\"@id\":\"https:\\\/\\\/www.edilonsedra.com\\\/es\\\/descargo-de-responsabilidad\\\/#breadcrumb\",\"itemListElement\":[{\"@type\":\"ListItem\",\"position\":1,\"name\":\"Home\",\"item\":\"https:\\\/\\\/www.edilonsedra.com\\\/es\\\/\"},{\"@type\":\"ListItem\",\"position\":2,\"name\":\"Descargo de responsabilidad\"}]},{\"@type\":\"WebSite\",\"@id\":\"https:\\\/\\\/www.edilonsedra.com\\\/es\\\/#website\",\"url\":\"https:\\\/\\\/www.edilonsedra.com\\\/es\\\/\",\"name\":\"edilon)(sedra\",\"description\":\"Always a step ahead in rail systems\",\"potentialAction\":[{\"@type\":\"SearchAction\",\"target\":{\"@type\":\"EntryPoint\",\"urlTemplate\":\"https:\\\/\\\/www.edilonsedra.com\\\/es\\\/?s={search_term_string}\"},\"query-input\":{\"@type\":\"PropertyValueSpecification\",\"valueRequired\":true,\"valueName\":\"search_term_string\"}}],\"inLanguage\":\"es\"}]}<\/script>\n<!-- \/ Yoast SEO plugin. -->","yoast_head_json":{"title":"Descargo de responsabilidad - edilon)(sedra","description":"No se pueden derivar derechos de ning\u00fan dato y\/o informaci\u00f3n que se publique en este sitio web.","robots":{"index":"index","follow":"follow","max-snippet":"max-snippet:-1","max-image-preview":"max-image-preview:large","max-video-preview":"max-video-preview:-1"},"canonical":"https:\/\/www.edilonsedra.com\/es\/descargo-de-responsabilidad\/","og_locale":"es_ES","og_type":"article","og_title":"Descargo de responsabilidad - edilon)(sedra","og_description":"No se pueden derivar derechos de ning\u00fan dato y\/o informaci\u00f3n que se publique en este sitio web.","og_url":"https:\/\/www.edilonsedra.com\/es\/descargo-de-responsabilidad\/","og_site_name":"edilon)(sedra","article_modified_time":"2024-01-09T09:46:36+00:00","og_image":[{"width":2560,"height":1920,"url":"https:\/\/www.edilonsedra.com\/wp-content\/uploads\/2023\/03\/Corkelast-EBS-Warsaw-4-scaled.jpg","type":"image\/jpeg"}],"twitter_card":"summary_large_image","twitter_misc":{"Tiempo de lectura":"1 minuto"},"schema":{"@context":"https:\/\/schema.org","@graph":[{"@type":"WebPage","@id":"https:\/\/www.edilonsedra.com\/es\/descargo-de-responsabilidad\/","url":"https:\/\/www.edilonsedra.com\/es\/descargo-de-responsabilidad\/","name":"Descargo de responsabilidad - edilon)(sedra","isPartOf":{"@id":"https:\/\/www.edilonsedra.com\/es\/#website"},"primaryImageOfPage":{"@id":"https:\/\/www.edilonsedra.com\/es\/descargo-de-responsabilidad\/#primaryimage"},"image":{"@id":"https:\/\/www.edilonsedra.com\/es\/descargo-de-responsabilidad\/#primaryimage"},"thumbnailUrl":"https:\/\/www.edilonsedra.com\/wp-content\/uploads\/2023\/03\/Corkelast-EBS-Warsaw-4-scaled.jpg","datePublished":"2022-08-15T11:23:34+00:00","dateModified":"2024-01-09T09:46:36+00:00","description":"No se pueden derivar derechos de ning\u00fan dato y\/o informaci\u00f3n que se publique en este sitio web.","breadcrumb":{"@id":"https:\/\/www.edilonsedra.com\/es\/descargo-de-responsabilidad\/#breadcrumb"},"inLanguage":"es","potentialAction":[{"@type":"ReadAction","target":["https:\/\/www.edilonsedra.com\/es\/descargo-de-responsabilidad\/"]}]},{"@type":"ImageObject","inLanguage":"es","@id":"https:\/\/www.edilonsedra.com\/es\/descargo-de-responsabilidad\/#primaryimage","url":"https:\/\/www.edilonsedra.com\/wp-content\/uploads\/2023\/03\/Corkelast-EBS-Warsaw-4-scaled.jpg","contentUrl":"https:\/\/www.edilonsedra.com\/wp-content\/uploads\/2023\/03\/Corkelast-EBS-Warsaw-4-scaled.jpg","width":2560,"height":1920},{"@type":"BreadcrumbList","@id":"https:\/\/www.edilonsedra.com\/es\/descargo-de-responsabilidad\/#breadcrumb","itemListElement":[{"@type":"ListItem","position":1,"name":"Home","item":"https:\/\/www.edilonsedra.com\/es\/"},{"@type":"ListItem","position":2,"name":"Descargo de responsabilidad"}]},{"@type":"WebSite","@id":"https:\/\/www.edilonsedra.com\/es\/#website","url":"https:\/\/www.edilonsedra.com\/es\/","name":"edilon)(sedra","description":"Always a step ahead in rail systems","potentialAction":[{"@type":"SearchAction","target":{"@type":"EntryPoint","urlTemplate":"https:\/\/www.edilonsedra.com\/es\/?s={search_term_string}"},"query-input":{"@type":"PropertyValueSpecification","valueRequired":true,"valueName":"search_term_string"}}],"inLanguage":"es"}]}},"_links":{"self":[{"href":"https:\/\/www.edilonsedra.com\/es\/wp-json\/wp\/v2\/pages\/4199","targetHints":{"allow":["GET"]}}],"collection":[{"href":"https:\/\/www.edilonsedra.com\/es\/wp-json\/wp\/v2\/pages"}],"about":[{"href":"https:\/\/www.edilonsedra.com\/es\/wp-json\/wp\/v2\/types\/page"}],"author":[{"embeddable":true,"href":"https:\/\/www.edilonsedra.com\/es\/wp-json\/wp\/v2\/users\/1"}],"replies":[{"embeddable":true,"href":"https:\/\/www.edilonsedra.com\/es\/wp-json\/wp\/v2\/comments?post=4199"}],"version-history":[{"count":1,"href":"https:\/\/www.edilonsedra.com\/es\/wp-json\/wp\/v2\/pages\/4199\/revisions"}],"predecessor-version":[{"id":4200,"href":"https:\/\/www.edilonsedra.com\/es\/wp-json\/wp\/v2\/pages\/4199\/revisions\/4200"}],"wp:featuredmedia":[{"embeddable":true,"href":"https:\/\/www.edilonsedra.com\/es\/wp-json\/wp\/v2\/media\/3433"}],"wp:attachment":[{"href":"https:\/\/www.edilonsedra.com\/es\/wp-json\/wp\/v2\/media?parent=4199"}],"curies":[{"name":"wp","href":"https:\/\/api.w.org\/{rel}","templated":true}]}}