{"id":4204,"date":"2022-08-15T11:23:30","date_gmt":"2022-08-15T09:23:30","guid":{"rendered":"https:\/\/www.edilonsedra.com\/?page_id=4204"},"modified":"2025-03-18T10:23:36","modified_gmt":"2025-03-18T09:23:36","slug":"sistemas","status":"publish","type":"page","link":"https:\/\/www.edilonsedra.com\/es\/sistemas\/","title":{"rendered":"Sistemas"},"content":{"rendered":"\n<section class=\"module-solutions-overview margin-xlarge switch-columns wp-block alignfull\">\n\t<div class=\"row align-middle align-center sol-block\">\n\t\t<div class=\"large-5 small-12 column content-column\">\n\t\t\t<div class=\"sol-title margin-small-bottom\">\n\t\t\t\t<h3>\n\t\t\t\t\t<strong>Embedded Rail System<\/strong>\t\t\t\t\t\t\t\t\t<\/h3>\n\t\t\t<\/div>\n\t\t\t<div class=\"sol-content margin-small-bottom\">\n\t\t\t\t<p><p>El sistema de sujeci\u00f3n de carriles edilon)(sedra Corkelast\u00ae ERS (Sistema de Carril Empotrado) es un sistema de alta calidad para la fijaci\u00f3n de carriles en aplicaciones de Ferrocarril, Metros Ligeros y Tranv\u00edas, basado en la tecnolog\u00eda de carriles embebidos. El sistema obtiene su durabilidad a partir del soporte continuo del carril y una reducci\u00f3n muy efectiva contra las corrientes vagabundas, entre otras caracter\u00edsticas.<\/p>\n<\/p>\t\t\t<\/div>\n\t\t\t<div class=\"sol-button\">\n\t\t\t\t<a href=\"https:\/\/www.edilonsedra.com\/es\/system\/embedded-rail-system\/\" class=\"button button-blue\">Leer m\u00e1s<\/a>\t\t\t<\/div>\n\t\t<\/div>\n\n\t\t<div class=\"large-4 small-12 column image-column\">\n\t\t\t<div class=\"sol-image round-medium\">\n\t\t\t\t\t\t\t\t<img decoding=\"async\" src=\"https:\/\/www.edilonsedra.com\/wp-content\/uploads\/2022\/09\/Ankara-High-Speed-Station_2-scaled-800x1132.jpg\" alt=\"\">\t\t\t<\/div>\n        <\/div>\n\t<\/div>\n\t<div class=\"row align-middle align-center sol-block\">\n\t\t<div class=\"large-5 small-12 column content-column\">\n\t\t\t<div class=\"sol-title margin-small-bottom\">\n\t\t\t\t<h3>\n\t\t\t\t\t<strong>Embedded Block System<\/strong>\t\t\t\t\t\t\t\t\t<\/h3>\n\t\t\t<\/div>\n\t\t\t<div class=\"sol-content margin-small-bottom\">\n\t\t\t\t<p><p>edilon)(sedra EBS (Embedded Block System) es un duradero sistema de construcci\u00f3n de v\u00eda en placa para Ferrocarriles y Metros. Este sistema de \u00abbloques\u00bb prefabricados es ideal para una instalaci\u00f3n r\u00e1pida y precisa en t\u00faneles y estaciones.<\/p>\n<\/p>\t\t\t<\/div>\n\t\t\t<div class=\"sol-button\">\n\t\t\t\t<a href=\"https:\/\/www.edilonsedra.com\/es\/system\/embedded-block-system\/\" class=\"button button-blue\">Leer m\u00e1s<\/a>\t\t\t<\/div>\n\t\t<\/div>\n\n\t\t<div class=\"large-4 small-12 column image-column\">\n\t\t\t<div class=\"sol-image round-medium\">\n\t\t\t\t\t\t\t\t<img decoding=\"async\" src=\"https:\/\/www.edilonsedra.com\/wp-content\/uploads\/2022\/08\/metro-800x1132.jpg\" alt=\"\">\t\t\t<\/div>\n        <\/div>\n\t<\/div>\n\t<div class=\"row align-middle align-center sol-block\">\n\t\t<div class=\"large-5 small-12 column content-column\">\n\t\t\t<div class=\"sol-title margin-small-bottom\">\n\t\t\t\t<h3>\n\t\t\t\t\t<strong>Sound Damping System<\/strong>\t\t\t\t\t\t\t\t\t<\/h3>\n\t\t\t<\/div>\n\t\t\t<div class=\"sol-content margin-small-bottom\">\n\t\t\t\t<p><p>edilon)(sedra SDS (Sound Damping System) es una soluci\u00f3n rentable que a\u00edsla el\u00e9ctricamente, aten\u00faa vibraciones y reduce el ruido a\u00e9reo, especialmente dise\u00f1ada para aplicaciones de Tranv\u00edas y Metros Ligeros. Este sistema cumple de manera \u00f3ptima las necesidades de las modernas redes de tranv\u00edas, con m\u00faltiples \u00e1reas de aplicaci\u00f3n.<\/p>\n<\/p>\t\t\t<\/div>\n\t\t\t<div class=\"sol-button\">\n\t\t\t\t<a href=\"https:\/\/www.edilonsedra.com\/es\/system\/sound-damping-system\/\" class=\"button button-blue\">Leer m\u00e1s<\/a>\t\t\t<\/div>\n\t\t<\/div>\n\n\t\t<div class=\"large-4 small-12 column image-column\">\n\t\t\t<div class=\"sol-image round-medium\">\n\t\t\t\t\t\t\t\t<img decoding=\"async\" src=\"https:\/\/www.edilonsedra.com\/wp-content\/uploads\/2023\/02\/SDS-grass-track-800x1132.jpg\" alt=\"\">\t\t\t<\/div>\n        <\/div>\n\t<\/div>\n\t<div class=\"row align-middle align-center sol-block\">\n\t\t<div class=\"large-5 small-12 column content-column\">\n\t\t\t<div class=\"sol-title margin-small-bottom\">\n\t\t\t\t<h3>\n\t\t\t\t\t<strong>Direct Fastening System<\/strong>\t\t\t\t\t\t\t\t\t<\/h3>\n\t\t\t<\/div>\n\t\t\t<div class=\"sol-content margin-small-bottom\">\n\t\t\t\t<p><p>edilon)(sedra DFS (Direct Fastening System) es un sistema de fijaci\u00f3n de carriles para v\u00edas sin balasto, en el cual el carril se fija directamente mediante un clip de carril a una placa base. Los componentes del sistema se pueden adaptar a diferentes geometr\u00edas de v\u00eda y ofrecen un alto grado de comodidad y flexibilidad en la instalaci\u00f3n.<\/p>\n<\/p>\t\t\t<\/div>\n\t\t\t<div class=\"sol-button\">\n\t\t\t\t<a href=\"https:\/\/www.edilonsedra.com\/es\/system\/direct-fastening-system\/\" class=\"button button-blue\">Leer m\u00e1s<\/a>\t\t\t<\/div>\n\t\t<\/div>\n\n\t\t<div class=\"large-4 small-12 column image-column\">\n\t\t\t<div class=\"sol-image round-medium\">\n\t\t\t\t\t\t\t\t<img decoding=\"async\" src=\"https:\/\/www.edilonsedra.com\/wp-content\/uploads\/2022\/10\/Toluca-2-2-800x1132.jpg\" alt=\"\">\t\t\t<\/div>\n        <\/div>\n\t<\/div>\n\t<div class=\"row align-middle align-center sol-block\">\n\t\t<div class=\"large-5 small-12 column content-column\">\n\t\t\t<div class=\"sol-title margin-small-bottom\">\n\t\t\t\t<h3>\n\t\t\t\t\t<strong>Trackelast\u00ae<\/strong>\t\t\t\t\t\t\t\t\t<\/h3>\n\t\t\t<\/div>\n\t\t\t<div class=\"sol-content margin-small-bottom\">\n\t\t\t\t<p><p>La gama de productos edilon)(sedra Trackelast\u00ae consiste en una serie de mantas el\u00e1sticas, suelas y almohadillas de carril de alta calidad dise\u00f1adas espec\u00edficamente para absorber cargas din\u00e1micas cortas e intensas y vibraciones de la v\u00eda. Las mantas, suelas y almohadillas tienen un rendimiento \u00f3ptimo bajo cargas permanentes a largo plazo y en diversas condiciones clim\u00e1ticas.<\/p>\n<\/p>\t\t\t<\/div>\n\t\t\t<div class=\"sol-button\">\n\t\t\t\t<a href=\"https:\/\/www.edilonsedra.com\/es\/system\/trackelast\/\" class=\"button button-blue\">Leer m\u00e1s<\/a>\t\t\t<\/div>\n\t\t<\/div>\n\n\t\t<div class=\"large-4 small-12 column image-column\">\n\t\t\t<div class=\"sol-image round-medium\">\n\t\t\t\t\t\t\t\t<img decoding=\"async\" src=\"https:\/\/www.edilonsedra.com\/wp-content\/uploads\/2022\/09\/edilon-sedra-Trackelast-STM-Stockholm-800x1132.jpg\" alt=\"\">\t\t\t<\/div>\n        <\/div>\n\t<\/div>\n<\/section>\n\n\n<section class=\"module-moreinfo wp-block margin-xlarge padding-xlarge-top-bottom bg-blue pattern alignfull\" id=\"more-info\">\n\t<div class=\"row align-center\">\n\t\t<div class=\"large-5 column\">\n\t\t\t<div class=\"more-info\">\n\t\t\t\t<div class=\"more-info-content\">\n\t\t\t\t\t\t\t\t\t\t\t<div class=\"more-info-title\">\n\t\t\t\t\t\t\t<h2 class=\"orange-icon margin-small-bottom\">\u00bfM\u00e1s informaci\u00f3n?<\/h2>\n\t\t\t\t\t\t<\/div>\n\t\t\t\t\t\t\t\t\t\t\t\t\t\t\t\t<div class=\"more-info-text margin-medium-bottom\">\n\t\t\t\t\t\t\t<p>Con m\u00e1s de 50 a\u00f1os de experiencia en sistemas de v\u00eda sin balasto, nuestro equipo especializado pone su conocimiento y trayectoria al servicio de su proyecto ferroviario para garantizar los mejores resultados.<\/p>\n<p>\u00bf<a href=\"https:\/\/www.edilonsedra.com\/contact\/\">Tiene preguntas<\/a> sobre su proyecto, nuestros sistemas de v\u00eda o servicios?<br \/>\n\u00bfEst\u00e1 buscando dar el siguiente paso en su <a href=\"https:\/\/www.edilonsedra.com\/es\/sobre-nosotros\/carrera\/\">carrera con nosotros<\/a>?<br \/>\n\u00bfNecesita <a href=\"https:\/\/www.edilonsedra.com\/contact\/\">apoyo<\/a> con algo m\u00e1s?<\/p>\n\t\t\t\t\t\t<\/div>\n\t\t\t\t\t\t\t\t\t\t\t\t\t\t\t\t<div class=\"more-info-button\">\n\t\t\t\t\t\t\t<a href=\"https:\/\/www.edilonsedra.com\/es\/contact\/\" class=\"button button-white\">Contacto<\/a>\n\t\t\t\t\t\t<\/div>\n\t\t\t\t\t\t\t\t\t<\/div>\n\t\t\t<\/div>\n\t\t<\/div>\n\t<\/div>\n<\/section>","protected":false},"excerpt":{"rendered":"","protected":false},"author":1,"featured_media":3609,"parent":0,"menu_order":0,"comment_status":"closed","ping_status":"closed","template":"page-templates\/background-image-header.php","meta":{"_acf_changed":false,"footnotes":""},"class_list":["post-4204","page","type-page","status-publish","has-post-thumbnail","hentry"],"acf":[],"yoast_head":"<!-- This site is optimized with the Yoast SEO plugin v27.3 - https:\/\/yoast.com\/product\/yoast-seo-wordpress\/ -->\n<title>Sistemas - edilon)(sedra<\/title>\n<meta name=\"description\" content=\"Aqu\u00ed encontrar\u00e1 los diferentes sistemas que ofrece edilon)(sedra; Corkelast\u00ae ERS, Corkelast\u00ae EBS, SDS, DFS y Trackelast.\" \/>\n<meta name=\"robots\" content=\"index, follow, max-snippet:-1, max-image-preview:large, max-video-preview:-1\" \/>\n<link rel=\"canonical\" href=\"https:\/\/www.edilonsedra.com\/es\/sistemas\/\" \/>\n<meta property=\"og:locale\" content=\"es_ES\" \/>\n<meta property=\"og:type\" content=\"article\" \/>\n<meta property=\"og:title\" content=\"Sistemas - edilon)(sedra\" \/>\n<meta property=\"og:description\" content=\"Aqu\u00ed encontrar\u00e1 los diferentes sistemas que ofrece edilon)(sedra; Corkelast\u00ae ERS, Corkelast\u00ae EBS, SDS, DFS y Trackelast.\" \/>\n<meta property=\"og:url\" content=\"https:\/\/www.edilonsedra.com\/es\/sistemas\/\" \/>\n<meta property=\"og:site_name\" content=\"edilon)(sedra\" \/>\n<meta property=\"article:modified_time\" content=\"2025-03-18T09:23:36+00:00\" \/>\n<meta property=\"og:image\" content=\"https:\/\/www.edilonsedra.com\/wp-content\/uploads\/2023\/04\/ERS-Bybanen-BT4-Norway2-scaled.jpg\" \/>\n\t<meta property=\"og:image:width\" content=\"2560\" \/>\n\t<meta property=\"og:image:height\" content=\"1152\" \/>\n\t<meta property=\"og:image:type\" content=\"image\/jpeg\" \/>\n<meta name=\"twitter:card\" content=\"summary_large_image\" \/>\n<meta name=\"twitter:label1\" content=\"Tiempo de lectura\" \/>\n\t<meta name=\"twitter:data1\" content=\"1 minuto\" \/>\n<script type=\"application\/ld+json\" class=\"yoast-schema-graph\">{\"@context\":\"https:\\\/\\\/schema.org\",\"@graph\":[{\"@type\":\"WebPage\",\"@id\":\"https:\\\/\\\/www.edilonsedra.com\\\/es\\\/sistemas\\\/\",\"url\":\"https:\\\/\\\/www.edilonsedra.com\\\/es\\\/sistemas\\\/\",\"name\":\"Sistemas - edilon)(sedra\",\"isPartOf\":{\"@id\":\"https:\\\/\\\/www.edilonsedra.com\\\/es\\\/#website\"},\"primaryImageOfPage\":{\"@id\":\"https:\\\/\\\/www.edilonsedra.com\\\/es\\\/sistemas\\\/#primaryimage\"},\"image\":{\"@id\":\"https:\\\/\\\/www.edilonsedra.com\\\/es\\\/sistemas\\\/#primaryimage\"},\"thumbnailUrl\":\"https:\\\/\\\/www.edilonsedra.com\\\/wp-content\\\/uploads\\\/2023\\\/04\\\/ERS-Bybanen-BT4-Norway2-scaled.jpg\",\"datePublished\":\"2022-08-15T09:23:30+00:00\",\"dateModified\":\"2025-03-18T09:23:36+00:00\",\"description\":\"Aqu\u00ed encontrar\u00e1 los diferentes sistemas que ofrece edilon)(sedra; Corkelast\u00ae ERS, Corkelast\u00ae EBS, SDS, DFS y Trackelast.\",\"breadcrumb\":{\"@id\":\"https:\\\/\\\/www.edilonsedra.com\\\/es\\\/sistemas\\\/#breadcrumb\"},\"inLanguage\":\"es\",\"potentialAction\":[{\"@type\":\"ReadAction\",\"target\":[\"https:\\\/\\\/www.edilonsedra.com\\\/es\\\/sistemas\\\/\"]}]},{\"@type\":\"ImageObject\",\"inLanguage\":\"es\",\"@id\":\"https:\\\/\\\/www.edilonsedra.com\\\/es\\\/sistemas\\\/#primaryimage\",\"url\":\"https:\\\/\\\/www.edilonsedra.com\\\/wp-content\\\/uploads\\\/2023\\\/04\\\/ERS-Bybanen-BT4-Norway2-scaled.jpg\",\"contentUrl\":\"https:\\\/\\\/www.edilonsedra.com\\\/wp-content\\\/uploads\\\/2023\\\/04\\\/ERS-Bybanen-BT4-Norway2-scaled.jpg\",\"width\":2560,\"height\":1152},{\"@type\":\"BreadcrumbList\",\"@id\":\"https:\\\/\\\/www.edilonsedra.com\\\/es\\\/sistemas\\\/#breadcrumb\",\"itemListElement\":[{\"@type\":\"ListItem\",\"position\":1,\"name\":\"Home\",\"item\":\"https:\\\/\\\/www.edilonsedra.com\\\/es\\\/\"},{\"@type\":\"ListItem\",\"position\":2,\"name\":\"Sistemas\"}]},{\"@type\":\"WebSite\",\"@id\":\"https:\\\/\\\/www.edilonsedra.com\\\/es\\\/#website\",\"url\":\"https:\\\/\\\/www.edilonsedra.com\\\/es\\\/\",\"name\":\"edilon)(sedra\",\"description\":\"Always a step ahead in rail systems\",\"potentialAction\":[{\"@type\":\"SearchAction\",\"target\":{\"@type\":\"EntryPoint\",\"urlTemplate\":\"https:\\\/\\\/www.edilonsedra.com\\\/es\\\/?s={search_term_string}\"},\"query-input\":{\"@type\":\"PropertyValueSpecification\",\"valueRequired\":true,\"valueName\":\"search_term_string\"}}],\"inLanguage\":\"es\"}]}<\/script>\n<!-- \/ Yoast SEO plugin. -->","yoast_head_json":{"title":"Sistemas - edilon)(sedra","description":"Aqu\u00ed encontrar\u00e1 los diferentes sistemas que ofrece edilon)(sedra; Corkelast\u00ae ERS, Corkelast\u00ae EBS, SDS, DFS y Trackelast.","robots":{"index":"index","follow":"follow","max-snippet":"max-snippet:-1","max-image-preview":"max-image-preview:large","max-video-preview":"max-video-preview:-1"},"canonical":"https:\/\/www.edilonsedra.com\/es\/sistemas\/","og_locale":"es_ES","og_type":"article","og_title":"Sistemas - edilon)(sedra","og_description":"Aqu\u00ed encontrar\u00e1 los diferentes sistemas que ofrece edilon)(sedra; Corkelast\u00ae ERS, Corkelast\u00ae EBS, SDS, DFS y Trackelast.","og_url":"https:\/\/www.edilonsedra.com\/es\/sistemas\/","og_site_name":"edilon)(sedra","article_modified_time":"2025-03-18T09:23:36+00:00","og_image":[{"width":2560,"height":1152,"url":"https:\/\/www.edilonsedra.com\/wp-content\/uploads\/2023\/04\/ERS-Bybanen-BT4-Norway2-scaled.jpg","type":"image\/jpeg"}],"twitter_card":"summary_large_image","twitter_misc":{"Tiempo de lectura":"1 minuto"},"schema":{"@context":"https:\/\/schema.org","@graph":[{"@type":"WebPage","@id":"https:\/\/www.edilonsedra.com\/es\/sistemas\/","url":"https:\/\/www.edilonsedra.com\/es\/sistemas\/","name":"Sistemas - edilon)(sedra","isPartOf":{"@id":"https:\/\/www.edilonsedra.com\/es\/#website"},"primaryImageOfPage":{"@id":"https:\/\/www.edilonsedra.com\/es\/sistemas\/#primaryimage"},"image":{"@id":"https:\/\/www.edilonsedra.com\/es\/sistemas\/#primaryimage"},"thumbnailUrl":"https:\/\/www.edilonsedra.com\/wp-content\/uploads\/2023\/04\/ERS-Bybanen-BT4-Norway2-scaled.jpg","datePublished":"2022-08-15T09:23:30+00:00","dateModified":"2025-03-18T09:23:36+00:00","description":"Aqu\u00ed encontrar\u00e1 los diferentes sistemas que ofrece edilon)(sedra; Corkelast\u00ae ERS, Corkelast\u00ae EBS, SDS, DFS y Trackelast.","breadcrumb":{"@id":"https:\/\/www.edilonsedra.com\/es\/sistemas\/#breadcrumb"},"inLanguage":"es","potentialAction":[{"@type":"ReadAction","target":["https:\/\/www.edilonsedra.com\/es\/sistemas\/"]}]},{"@type":"ImageObject","inLanguage":"es","@id":"https:\/\/www.edilonsedra.com\/es\/sistemas\/#primaryimage","url":"https:\/\/www.edilonsedra.com\/wp-content\/uploads\/2023\/04\/ERS-Bybanen-BT4-Norway2-scaled.jpg","contentUrl":"https:\/\/www.edilonsedra.com\/wp-content\/uploads\/2023\/04\/ERS-Bybanen-BT4-Norway2-scaled.jpg","width":2560,"height":1152},{"@type":"BreadcrumbList","@id":"https:\/\/www.edilonsedra.com\/es\/sistemas\/#breadcrumb","itemListElement":[{"@type":"ListItem","position":1,"name":"Home","item":"https:\/\/www.edilonsedra.com\/es\/"},{"@type":"ListItem","position":2,"name":"Sistemas"}]},{"@type":"WebSite","@id":"https:\/\/www.edilonsedra.com\/es\/#website","url":"https:\/\/www.edilonsedra.com\/es\/","name":"edilon)(sedra","description":"Always a step ahead in rail systems","potentialAction":[{"@type":"SearchAction","target":{"@type":"EntryPoint","urlTemplate":"https:\/\/www.edilonsedra.com\/es\/?s={search_term_string}"},"query-input":{"@type":"PropertyValueSpecification","valueRequired":true,"valueName":"search_term_string"}}],"inLanguage":"es"}]}},"_links":{"self":[{"href":"https:\/\/www.edilonsedra.com\/es\/wp-json\/wp\/v2\/pages\/4204","targetHints":{"allow":["GET"]}}],"collection":[{"href":"https:\/\/www.edilonsedra.com\/es\/wp-json\/wp\/v2\/pages"}],"about":[{"href":"https:\/\/www.edilonsedra.com\/es\/wp-json\/wp\/v2\/types\/page"}],"author":[{"embeddable":true,"href":"https:\/\/www.edilonsedra.com\/es\/wp-json\/wp\/v2\/users\/1"}],"replies":[{"embeddable":true,"href":"https:\/\/www.edilonsedra.com\/es\/wp-json\/wp\/v2\/comments?post=4204"}],"version-history":[{"count":5,"href":"https:\/\/www.edilonsedra.com\/es\/wp-json\/wp\/v2\/pages\/4204\/revisions"}],"predecessor-version":[{"id":7688,"href":"https:\/\/www.edilonsedra.com\/es\/wp-json\/wp\/v2\/pages\/4204\/revisions\/7688"}],"wp:featuredmedia":[{"embeddable":true,"href":"https:\/\/www.edilonsedra.com\/es\/wp-json\/wp\/v2\/media\/3609"}],"wp:attachment":[{"href":"https:\/\/www.edilonsedra.com\/es\/wp-json\/wp\/v2\/media?parent=4204"}],"curies":[{"name":"wp","href":"https:\/\/api.w.org\/{rel}","templated":true}]}}