{"id":4476,"date":"2022-08-15T11:23:24","date_gmt":"2022-08-15T09:23:24","guid":{"rendered":"https:\/\/www.edilonsedra.com\/?page_id=4476"},"modified":"2025-03-11T13:34:39","modified_gmt":"2025-03-11T12:34:39","slug":"solutions","status":"publish","type":"page","link":"https:\/\/www.edilonsedra.com\/fr\/solutions\/","title":{"rendered":"Solutions"},"content":{"rendered":"\n<section class=\"module-solutions-overview margin-xlarge switch-columns wp-block alignfull\">\n\t<div class=\"row align-middle align-center sol-block\">\n\t\t<div class=\"large-5 small-12 column content-column\">\n\t\t\t<div class=\"sol-title margin-small-bottom\">\n\t\t\t\t<h3>\n\t\t\t\t\t<strong>Voie ferr\u00e9e lourde<\/strong>\t\t\t\t\t<br \/>Solutions de voie ferr\u00e9e\t\t\t\t<\/h3>\n\t\t\t<\/div>\n\t\t\t<div class=\"sol-content margin-small-bottom\">\n\t\t\t\t<p><p>Le transport ferroviaire augmente rapidement dans le monde entier, ce qui entra\u00eene un besoin croissant de syst\u00e8mes de fixation de rail durables. Nos syst\u00e8mes de fixation sans ballast sont donc de plus en plus utilis\u00e9s pour les tunnels, les gares, les passages \u00e0 niveau et les ponts \u00e0 fort trafic.<\/p>\n<p>Avec plus de 50 ans d&rsquo;exp\u00e9rience dans les projets Conception-Construction-Entretien pour le rail lourd, edilon)(sedra est un partenaire technique fiable pour les bureaux d&rsquo;ing\u00e9nierie, les entreprises d&rsquo;infrastructures ferroviaires et les entreprises de construction ferroviaire du monde entier.<\/p>\n<\/p>\t\t\t<\/div>\n\t\t\t<div class=\"sol-button\">\n\t\t\t\t<a href=\"https:\/\/www.edilonsedra.com\/fr\/solution\/rail-lourd\/\" class=\"button button-blue\">En savoir plus<\/a>\t\t\t<\/div>\n\t\t<\/div>\n\n\t\t<div class=\"large-4 small-12 column image-column\">\n\t\t\t<div class=\"sol-image round-medium\">\n\t\t\t\t\t\t\t\t\t<div class=\"sol-image-icon\">\n\t\t\t\t\t\t<img decoding=\"async\" src=\"https:\/\/www.edilonsedra.com\/wp-content\/themes\/raadhuis\/dist\/assets\/img\/heavyrail-blueicon.svg\" alt=\"Heavy rail\">\n\t\t\t\t\t<\/div>\n\t\t\t\t\t\t\t\t<img decoding=\"async\" src=\"https:\/\/www.edilonsedra.com\/wp-content\/uploads\/2022\/08\/Corkelast-LCS-level-crossing-Breteuil-800x1132.jpg\" alt=\"\">\t\t\t<\/div>\n        <\/div>\n\t<\/div>\n\t<div class=\"row align-middle align-center sol-block\">\n\t\t<div class=\"large-5 small-12 column content-column\">\n\t\t\t<div class=\"sol-title margin-small-bottom\">\n\t\t\t\t<h3>\n\t\t\t\t\t<strong>Tramway et m\u00e9tro l\u00e9ger<\/strong>\t\t\t\t\t<br \/>Solutions de voie ferr\u00e9e\t\t\t\t<\/h3>\n\t\t\t<\/div>\n\t\t\t<div class=\"sol-content margin-small-bottom\">\n\t\t\t\t<p><p>Pourquoi les entreprises d&rsquo;infrastructures ferroviaires des villes durables et progressistes telles qu&rsquo;Oslo, Stockholm, Canberra et Zurich transportent-elles leurs passagers par des voies ferr\u00e9es construites avec les syst\u00e8mes edilon)(sedra ? Le voyage confortable et la disponibilit\u00e9 \u00e9lev\u00e9e des infrastructures sont des arguments courants.<\/p>\n<p>Nos syst\u00e8mes de voie sans ballast s&rsquo;int\u00e8grent facilement dans l&rsquo;infrastructure complexe de la ville o\u00f9, gr\u00e2ce \u00e0 notre vaste expertise technique interne, nous pouvons vous proposer diff\u00e9rentes solutions pour les courbes de faibles rayons, les zones de transition ou les appareils de voies, entre autres.<\/p>\n<\/p>\t\t\t<\/div>\n\t\t\t<div class=\"sol-button\">\n\t\t\t\t<a href=\"https:\/\/www.edilonsedra.com\/fr\/solution\/tramway-et-light-rail\/\" class=\"button button-blue\">En savoir plus<\/a>\t\t\t<\/div>\n\t\t<\/div>\n\n\t\t<div class=\"large-4 small-12 column image-column\">\n\t\t\t<div class=\"sol-image round-medium\">\n\t\t\t\t\t\t\t\t\t<div class=\"sol-image-icon\">\n\t\t\t\t\t\t<img decoding=\"async\" src=\"https:\/\/www.edilonsedra.com\/wp-content\/themes\/raadhuis\/dist\/assets\/img\/tramlightrail-blueicon.svg\" alt=\"Tram light rail\">\n\t\t\t\t\t<\/div>\n\t\t\t\t\t\t\t\t<img decoding=\"async\" src=\"https:\/\/www.edilonsedra.com\/wp-content\/uploads\/2022\/08\/Corkelast-ERS-Birmingham-West-Midlands-Metro-800x1132.jpg\" alt=\"\">\t\t\t<\/div>\n        <\/div>\n\t<\/div>\n\t<div class=\"row align-middle align-center sol-block\">\n\t\t<div class=\"large-5 small-12 column content-column\">\n\t\t\t<div class=\"sol-title margin-small-bottom\">\n\t\t\t\t<h3>\n\t\t\t\t\t<strong>M\u00e9tro<\/strong>\t\t\t\t\t<br \/>Solutions de voie ferr\u00e9e\t\t\t\t<\/h3>\n\t\t\t<\/div>\n\t\t\t<div class=\"sol-content margin-small-bottom\">\n\t\t\t\t<p><p>Les syst\u00e8mes de fixation des rails d&rsquo;edilon)(sedra pour les m\u00e9tros sont con\u00e7us pour une protection optimale contre les influences climatiques telles que l&rsquo;humidit\u00e9. Nos syst\u00e8mes offrent une isolation \u00e9lectrique \u00e9lev\u00e9e \u00e9prouv\u00e9e et r\u00e9pondent aux normes les plus strictes en mati\u00e8re de r\u00e9duction du bruit et des vibrations.<\/p>\n<p>Nous proposons une large gamme de solutions pour la construction neuve ou la r\u00e9novation, avec un temps d&rsquo;installation court, pour les tunnels, les stations et les viaducs de m\u00e9tro, entre autres.<\/p>\n<\/p>\t\t\t<\/div>\n\t\t\t<div class=\"sol-button\">\n\t\t\t\t<a href=\"https:\/\/www.edilonsedra.com\/fr\/solution\/metro\/\" class=\"button button-blue\">En savoir plus<\/a>\t\t\t<\/div>\n\t\t<\/div>\n\n\t\t<div class=\"large-4 small-12 column image-column\">\n\t\t\t<div class=\"sol-image round-medium\">\n\t\t\t\t\t\t\t\t\t<div class=\"sol-image-icon\">\n\t\t\t\t\t\t<img decoding=\"async\" src=\"https:\/\/www.edilonsedra.com\/wp-content\/themes\/raadhuis\/dist\/assets\/img\/metro-blueicon.svg\" alt=\"Metro\">\n\t\t\t\t\t<\/div>\n\t\t\t\t\t\t\t\t<img decoding=\"async\" src=\"https:\/\/www.edilonsedra.com\/wp-content\/uploads\/2022\/08\/20220310_072012-\u2014-kopia-scaled-1-800x1132.jpg\" alt=\"\">\t\t\t<\/div>\n        <\/div>\n\t<\/div>\n\t<div class=\"row align-middle align-center sol-block\">\n\t\t<div class=\"large-5 small-12 column content-column\">\n\t\t\t<div class=\"sol-title margin-small-bottom\">\n\t\t\t\t<h3>\n\t\t\t\t\t<strong>Industrie et voie de grue<\/strong>\t\t\t\t\t<br \/>Solutions de voie ferr\u00e9e\t\t\t\t<\/h3>\n\t\t\t<\/div>\n\t\t\t<div class=\"sol-content margin-small-bottom\">\n\t\t\t\t<p><p>edilon)(sedra a d\u00e9velopp\u00e9 des syst\u00e8mes de voies ferr\u00e9es de haute qualit\u00e9 pour les lignes de chemin de fer lourdes. Des voies de grue aux voies industrielles, et des terminaux de conteneurs aux d\u00e9p\u00f4ts. Saviez-vous que m\u00eame le gazon mobile du stade de football Bernab\u00e9u du Real Madrid est \u00e9quip\u00e9 d&rsquo;un syst\u00e8me de fixation de rail d&rsquo;edilon)(sedra ?<\/p>\n<p>Nos solutions de voies sans ballast pour le transport lourd garantissent une r\u00e9partition optimale des charges. Elles pr\u00e9viennent l&rsquo;usure des rails ainsi que le risque de surcharge des composants individuels, ce qui prolonge la dur\u00e9e de vie du rail.<\/p>\n<\/p>\t\t\t<\/div>\n\t\t\t<div class=\"sol-button\">\n\t\t\t\t<a href=\"https:\/\/www.edilonsedra.com\/fr\/solution\/industrie-et-voies-de-grue\/\" class=\"button button-blue\">En savoir plus<\/a>\t\t\t<\/div>\n\t\t<\/div>\n\n\t\t<div class=\"large-4 small-12 column image-column\">\n\t\t\t<div class=\"sol-image round-medium\">\n\t\t\t\t\t\t\t\t\t<div class=\"sol-image-icon\">\n\t\t\t\t\t\t<img decoding=\"async\" src=\"https:\/\/www.edilonsedra.com\/wp-content\/themes\/raadhuis\/dist\/assets\/img\/industrycranerail-blueicon.svg\" alt=\"Industry crane rail\">\n\t\t\t\t\t<\/div>\n\t\t\t\t\t\t\t\t<img decoding=\"async\" src=\"https:\/\/www.edilonsedra.com\/wp-content\/uploads\/2022\/08\/Felixstowe-UK-800x1132.jpg\" alt=\"\">\t\t\t<\/div>\n        <\/div>\n\t<\/div>\n<\/section>\n\n\n<section class=\"module-moreinfo wp-block margin-xlarge padding-xlarge-top-bottom bg-blue pattern alignfull\" id=\"more-info\">\n\t<div class=\"row align-center\">\n\t\t<div class=\"large-5 column\">\n\t\t\t<div class=\"more-info\">\n\t\t\t\t<div class=\"more-info-content\">\n\t\t\t\t\t\t\t\t\t\t\t<div class=\"more-info-title\">\n\t\t\t\t\t\t\t<h2 class=\"orange-icon margin-small-bottom\">Besoin de plus d&rsquo;informations?<\/h2>\n\t\t\t\t\t\t<\/div>\n\t\t\t\t\t\t\t\t\t\t\t\t\t\t\t\t<div class=\"more-info-text margin-medium-bottom\">\n\t\t\t\t\t\t\t<p>Avec plus de 50 ans d&rsquo;exp\u00e9rience dans les syst\u00e8mes de voies sur dalle, notre \u00e9quipe qualifi\u00e9e s&rsquo;appuie sur une connaissance approfondie de l&rsquo;industrie pour garantir le succ\u00e8s de votre projet ferroviaire.<\/p>\n<p>Avez-vous des <a href=\"https:\/\/www.edilonsedra.com\/fr\/contact\/\">questions<\/a> sur votre projet, nos syst\u00e8mes de voie ou nos services \u00e0 valeur ajout\u00e9e ?<br \/>\nSouhaitez-vous franchir une nouvelle \u00e9tape dans votre <a href=\"https:\/\/www.edilonsedra.com\/fr\/carriere\/\">carri\u00e8re avec nous<\/a> ?<br \/>\n<a href=\"https:\/\/www.edilonsedra.com\/fr\/contact\/\">Besoin<\/a> d&rsquo;aide pour autre chose ?<\/p>\n\t\t\t\t\t\t<\/div>\n\t\t\t\t\t\t\t\t\t\t\t\t\t\t\t\t<div class=\"more-info-button\">\n\t\t\t\t\t\t\t<a href=\"https:\/\/www.edilonsedra.com\/fr\/contact\/\" class=\"button button-white\">Contact<\/a>\n\t\t\t\t\t\t<\/div>\n\t\t\t\t\t\t\t\t\t<\/div>\n\t\t\t<\/div>\n\t\t<\/div>\n\t<\/div>\n<\/section>","protected":false},"excerpt":{"rendered":"","protected":false},"author":1,"featured_media":4291,"parent":0,"menu_order":0,"comment_status":"closed","ping_status":"closed","template":"page-templates\/background-image-header.php","meta":{"_acf_changed":false,"footnotes":""},"class_list":["post-4476","page","type-page","status-publish","has-post-thumbnail","hentry"],"acf":[],"yoast_head":"<!-- This site is optimized with the Yoast SEO plugin v27.3 - https:\/\/yoast.com\/product\/yoast-seo-wordpress\/ -->\n<title>Solutions - edilon)(sedra<\/title>\n<meta name=\"description\" content=\"Chez edilon)(sedra, nous proposons des solutions pour les syst\u00e8mes \u00e0 voies multiples, nous pouvons vous accompagner dans les domaines de la conception et de l&#039;application.\" \/>\n<meta name=\"robots\" content=\"index, follow, max-snippet:-1, max-image-preview:large, max-video-preview:-1\" \/>\n<link rel=\"canonical\" href=\"https:\/\/www.edilonsedra.com\/fr\/solutions\/\" \/>\n<meta property=\"og:locale\" content=\"fr_FR\" \/>\n<meta property=\"og:type\" content=\"article\" \/>\n<meta property=\"og:title\" content=\"Solutions - edilon)(sedra\" \/>\n<meta property=\"og:description\" content=\"Chez edilon)(sedra, nous proposons des solutions pour les syst\u00e8mes \u00e0 voies multiples, nous pouvons vous accompagner dans les domaines de la conception et de l&#039;application.\" \/>\n<meta property=\"og:url\" content=\"https:\/\/www.edilonsedra.com\/fr\/solutions\/\" \/>\n<meta property=\"og:site_name\" content=\"edilon)(sedra\" \/>\n<meta property=\"article:modified_time\" content=\"2025-03-11T12:34:39+00:00\" \/>\n<meta property=\"og:image\" content=\"https:\/\/www.edilonsedra.com\/wp-content\/uploads\/2023\/03\/20210819_094234-scaled.jpg\" \/>\n\t<meta property=\"og:image:width\" content=\"2560\" \/>\n\t<meta property=\"og:image:height\" content=\"1920\" \/>\n\t<meta property=\"og:image:type\" content=\"image\/jpeg\" \/>\n<meta name=\"twitter:card\" content=\"summary_large_image\" \/>\n<meta name=\"twitter:label1\" content=\"Dur\u00e9e de lecture estim\u00e9e\" \/>\n\t<meta name=\"twitter:data1\" content=\"1 minute\" \/>\n<script type=\"application\/ld+json\" class=\"yoast-schema-graph\">{\"@context\":\"https:\\\/\\\/schema.org\",\"@graph\":[{\"@type\":\"WebPage\",\"@id\":\"https:\\\/\\\/www.edilonsedra.com\\\/fr\\\/solutions\\\/\",\"url\":\"https:\\\/\\\/www.edilonsedra.com\\\/fr\\\/solutions\\\/\",\"name\":\"Solutions - edilon)(sedra\",\"isPartOf\":{\"@id\":\"https:\\\/\\\/www.edilonsedra.com\\\/fr\\\/#website\"},\"primaryImageOfPage\":{\"@id\":\"https:\\\/\\\/www.edilonsedra.com\\\/fr\\\/solutions\\\/#primaryimage\"},\"image\":{\"@id\":\"https:\\\/\\\/www.edilonsedra.com\\\/fr\\\/solutions\\\/#primaryimage\"},\"thumbnailUrl\":\"https:\\\/\\\/www.edilonsedra.com\\\/wp-content\\\/uploads\\\/2023\\\/03\\\/20210819_094234-scaled.jpg\",\"datePublished\":\"2022-08-15T09:23:24+00:00\",\"dateModified\":\"2025-03-11T12:34:39+00:00\",\"description\":\"Chez edilon)(sedra, nous proposons des solutions pour les syst\u00e8mes \u00e0 voies multiples, nous pouvons vous accompagner dans les domaines de la conception et de l'application.\",\"breadcrumb\":{\"@id\":\"https:\\\/\\\/www.edilonsedra.com\\\/fr\\\/solutions\\\/#breadcrumb\"},\"inLanguage\":\"fr-FR\",\"potentialAction\":[{\"@type\":\"ReadAction\",\"target\":[\"https:\\\/\\\/www.edilonsedra.com\\\/fr\\\/solutions\\\/\"]}]},{\"@type\":\"ImageObject\",\"inLanguage\":\"fr-FR\",\"@id\":\"https:\\\/\\\/www.edilonsedra.com\\\/fr\\\/solutions\\\/#primaryimage\",\"url\":\"https:\\\/\\\/www.edilonsedra.com\\\/wp-content\\\/uploads\\\/2023\\\/03\\\/20210819_094234-scaled.jpg\",\"contentUrl\":\"https:\\\/\\\/www.edilonsedra.com\\\/wp-content\\\/uploads\\\/2023\\\/03\\\/20210819_094234-scaled.jpg\",\"width\":2560,\"height\":1920},{\"@type\":\"BreadcrumbList\",\"@id\":\"https:\\\/\\\/www.edilonsedra.com\\\/fr\\\/solutions\\\/#breadcrumb\",\"itemListElement\":[{\"@type\":\"ListItem\",\"position\":1,\"name\":\"Home\",\"item\":\"https:\\\/\\\/www.edilonsedra.com\\\/fr\\\/\"},{\"@type\":\"ListItem\",\"position\":2,\"name\":\"Solutions\"}]},{\"@type\":\"WebSite\",\"@id\":\"https:\\\/\\\/www.edilonsedra.com\\\/fr\\\/#website\",\"url\":\"https:\\\/\\\/www.edilonsedra.com\\\/fr\\\/\",\"name\":\"edilon)(sedra\",\"description\":\"Always a step ahead in rail systems\",\"potentialAction\":[{\"@type\":\"SearchAction\",\"target\":{\"@type\":\"EntryPoint\",\"urlTemplate\":\"https:\\\/\\\/www.edilonsedra.com\\\/fr\\\/?s={search_term_string}\"},\"query-input\":{\"@type\":\"PropertyValueSpecification\",\"valueRequired\":true,\"valueName\":\"search_term_string\"}}],\"inLanguage\":\"fr-FR\"}]}<\/script>\n<!-- \/ Yoast SEO plugin. -->","yoast_head_json":{"title":"Solutions - edilon)(sedra","description":"Chez edilon)(sedra, nous proposons des solutions pour les syst\u00e8mes \u00e0 voies multiples, nous pouvons vous accompagner dans les domaines de la conception et de l'application.","robots":{"index":"index","follow":"follow","max-snippet":"max-snippet:-1","max-image-preview":"max-image-preview:large","max-video-preview":"max-video-preview:-1"},"canonical":"https:\/\/www.edilonsedra.com\/fr\/solutions\/","og_locale":"fr_FR","og_type":"article","og_title":"Solutions - edilon)(sedra","og_description":"Chez edilon)(sedra, nous proposons des solutions pour les syst\u00e8mes \u00e0 voies multiples, nous pouvons vous accompagner dans les domaines de la conception et de l'application.","og_url":"https:\/\/www.edilonsedra.com\/fr\/solutions\/","og_site_name":"edilon)(sedra","article_modified_time":"2025-03-11T12:34:39+00:00","og_image":[{"width":2560,"height":1920,"url":"https:\/\/www.edilonsedra.com\/wp-content\/uploads\/2023\/03\/20210819_094234-scaled.jpg","type":"image\/jpeg"}],"twitter_card":"summary_large_image","twitter_misc":{"Dur\u00e9e de lecture estim\u00e9e":"1 minute"},"schema":{"@context":"https:\/\/schema.org","@graph":[{"@type":"WebPage","@id":"https:\/\/www.edilonsedra.com\/fr\/solutions\/","url":"https:\/\/www.edilonsedra.com\/fr\/solutions\/","name":"Solutions - edilon)(sedra","isPartOf":{"@id":"https:\/\/www.edilonsedra.com\/fr\/#website"},"primaryImageOfPage":{"@id":"https:\/\/www.edilonsedra.com\/fr\/solutions\/#primaryimage"},"image":{"@id":"https:\/\/www.edilonsedra.com\/fr\/solutions\/#primaryimage"},"thumbnailUrl":"https:\/\/www.edilonsedra.com\/wp-content\/uploads\/2023\/03\/20210819_094234-scaled.jpg","datePublished":"2022-08-15T09:23:24+00:00","dateModified":"2025-03-11T12:34:39+00:00","description":"Chez edilon)(sedra, nous proposons des solutions pour les syst\u00e8mes \u00e0 voies multiples, nous pouvons vous accompagner dans les domaines de la conception et de l'application.","breadcrumb":{"@id":"https:\/\/www.edilonsedra.com\/fr\/solutions\/#breadcrumb"},"inLanguage":"fr-FR","potentialAction":[{"@type":"ReadAction","target":["https:\/\/www.edilonsedra.com\/fr\/solutions\/"]}]},{"@type":"ImageObject","inLanguage":"fr-FR","@id":"https:\/\/www.edilonsedra.com\/fr\/solutions\/#primaryimage","url":"https:\/\/www.edilonsedra.com\/wp-content\/uploads\/2023\/03\/20210819_094234-scaled.jpg","contentUrl":"https:\/\/www.edilonsedra.com\/wp-content\/uploads\/2023\/03\/20210819_094234-scaled.jpg","width":2560,"height":1920},{"@type":"BreadcrumbList","@id":"https:\/\/www.edilonsedra.com\/fr\/solutions\/#breadcrumb","itemListElement":[{"@type":"ListItem","position":1,"name":"Home","item":"https:\/\/www.edilonsedra.com\/fr\/"},{"@type":"ListItem","position":2,"name":"Solutions"}]},{"@type":"WebSite","@id":"https:\/\/www.edilonsedra.com\/fr\/#website","url":"https:\/\/www.edilonsedra.com\/fr\/","name":"edilon)(sedra","description":"Always a step ahead in rail systems","potentialAction":[{"@type":"SearchAction","target":{"@type":"EntryPoint","urlTemplate":"https:\/\/www.edilonsedra.com\/fr\/?s={search_term_string}"},"query-input":{"@type":"PropertyValueSpecification","valueRequired":true,"valueName":"search_term_string"}}],"inLanguage":"fr-FR"}]}},"_links":{"self":[{"href":"https:\/\/www.edilonsedra.com\/fr\/wp-json\/wp\/v2\/pages\/4476","targetHints":{"allow":["GET"]}}],"collection":[{"href":"https:\/\/www.edilonsedra.com\/fr\/wp-json\/wp\/v2\/pages"}],"about":[{"href":"https:\/\/www.edilonsedra.com\/fr\/wp-json\/wp\/v2\/types\/page"}],"author":[{"embeddable":true,"href":"https:\/\/www.edilonsedra.com\/fr\/wp-json\/wp\/v2\/users\/1"}],"replies":[{"embeddable":true,"href":"https:\/\/www.edilonsedra.com\/fr\/wp-json\/wp\/v2\/comments?post=4476"}],"version-history":[{"count":5,"href":"https:\/\/www.edilonsedra.com\/fr\/wp-json\/wp\/v2\/pages\/4476\/revisions"}],"predecessor-version":[{"id":7641,"href":"https:\/\/www.edilonsedra.com\/fr\/wp-json\/wp\/v2\/pages\/4476\/revisions\/7641"}],"wp:featuredmedia":[{"embeddable":true,"href":"https:\/\/www.edilonsedra.com\/fr\/wp-json\/wp\/v2\/media\/4291"}],"wp:attachment":[{"href":"https:\/\/www.edilonsedra.com\/fr\/wp-json\/wp\/v2\/media?parent=4476"}],"curies":[{"name":"wp","href":"https:\/\/api.w.org\/{rel}","templated":true}]}}