{"id":4496,"date":"2022-08-15T11:23:30","date_gmt":"2022-08-15T09:23:30","guid":{"rendered":"https:\/\/www.edilonsedra.com\/?page_id=4496"},"modified":"2025-03-11T13:22:16","modified_gmt":"2025-03-11T12:22:16","slug":"systems","status":"publish","type":"page","link":"https:\/\/www.edilonsedra.com\/fr\/systems\/","title":{"rendered":"Syst\u00e8mes"},"content":{"rendered":"\n<section class=\"module-solutions-overview margin-xlarge switch-columns wp-block alignfull\">\n\t<div class=\"row align-middle align-center sol-block\">\n\t\t<div class=\"large-5 small-12 column content-column\">\n\t\t\t<div class=\"sol-title margin-small-bottom\">\n\t\t\t\t<h3>\n\t\t\t\t\t<strong>Embedded Rail System<\/strong>\t\t\t\t\t\t\t\t\t<\/h3>\n\t\t\t<\/div>\n\t\t\t<div class=\"sol-content margin-small-bottom\">\n\t\t\t\t<p><p>Le syst\u00e8me de fixation de rail Corkelast\u00ae ERS (Embedded Rail System) d&rsquo;edilon)(sedra est un syst\u00e8me de fixation de rail de haute qualit\u00e9 et \u00e9prouv\u00e9 pour les applications de rail lourd, de m\u00e9tro et de tramway, bas\u00e9 sur la technologie du rail noy\u00e9. Le syst\u00e8me tire sa durabilit\u00e9 d&rsquo;un support continu du rail et d&rsquo;une r\u00e9duction tr\u00e8s efficace des courants vagabonds, entre autres.<\/p>\n<\/p>\t\t\t<\/div>\n\t\t\t<div class=\"sol-button\">\n\t\t\t\t<a href=\"https:\/\/www.edilonsedra.com\/fr\/system\/embedded-rail-system\/\" class=\"button button-blue\">En savoir plus<\/a>\t\t\t<\/div>\n\t\t<\/div>\n\n\t\t<div class=\"large-4 small-12 column image-column\">\n\t\t\t<div class=\"sol-image round-medium\">\n\t\t\t\t\t\t\t\t<img decoding=\"async\" src=\"https:\/\/www.edilonsedra.com\/wp-content\/uploads\/2022\/09\/Ankara-High-Speed-Station_2-scaled-800x1132.jpg\" alt=\"\">\t\t\t<\/div>\n        <\/div>\n\t<\/div>\n\t<div class=\"row align-middle align-center sol-block\">\n\t\t<div class=\"large-5 small-12 column content-column\">\n\t\t\t<div class=\"sol-title margin-small-bottom\">\n\t\t\t\t<h3>\n\t\t\t\t\t<strong>Embedded Block System<\/strong>\t\t\t\t\t\t\t\t\t<\/h3>\n\t\t\t<\/div>\n\t\t\t<div class=\"sol-content margin-small-bottom\">\n\t\t\t\t<p><p>Le syst\u00e8me de construction de voie sans ballast edilon)(sedra EBS (Embedded Block System) est un syst\u00e8me durable pour les m\u00e9tros et les voies ferr\u00e9es. Ce syst\u00e8me pr\u00e9fabriqu\u00e9 de type \u00ab\u00a0blochet\u00a0\u00bb est id\u00e9alement adapt\u00e9 pour une installation rapide et pr\u00e9cise dans les tunnels et les stations.<\/p>\n<\/p>\t\t\t<\/div>\n\t\t\t<div class=\"sol-button\">\n\t\t\t\t<a href=\"https:\/\/www.edilonsedra.com\/fr\/system\/embedded-block-system\/\" class=\"button button-blue\">En savoir plus<\/a>\t\t\t<\/div>\n\t\t<\/div>\n\n\t\t<div class=\"large-4 small-12 column image-column\">\n\t\t\t<div class=\"sol-image round-medium\">\n\t\t\t\t\t\t\t\t<img decoding=\"async\" src=\"https:\/\/www.edilonsedra.com\/wp-content\/uploads\/2022\/08\/metro-800x1132.jpg\" alt=\"\">\t\t\t<\/div>\n        <\/div>\n\t<\/div>\n\t<div class=\"row align-middle align-center sol-block\">\n\t\t<div class=\"large-5 small-12 column content-column\">\n\t\t\t<div class=\"sol-title margin-small-bottom\">\n\t\t\t\t<h3>\n\t\t\t\t\t<strong>Sound Damping System<\/strong>\t\t\t\t\t\t\t\t\t<\/h3>\n\t\t\t<\/div>\n\t\t\t<div class=\"sol-content margin-small-bottom\">\n\t\t\t\t<p><p>Le syst\u00e8me d&rsquo;amortissement sonore edilon)(sedra SDS (Sound Damping System) est une solution \u00e9conomique qui offre une isolation \u00e9lectrique, une att\u00e9nuation des vibrations et une r\u00e9duction du bruit a\u00e9rien pour les m\u00e9tros l\u00e9gers et en particulier les applications de tramway. Le syst\u00e8me r\u00e9pond de mani\u00e8re optimale aux besoins des r\u00e9seaux de tramway modernes, avec de nombreuses possibilit\u00e9s d&rsquo;application.<\/p>\n<\/p>\t\t\t<\/div>\n\t\t\t<div class=\"sol-button\">\n\t\t\t\t<a href=\"https:\/\/www.edilonsedra.com\/fr\/system\/sound-damping-system\/\" class=\"button button-blue\">En savoir plus<\/a>\t\t\t<\/div>\n\t\t<\/div>\n\n\t\t<div class=\"large-4 small-12 column image-column\">\n\t\t\t<div class=\"sol-image round-medium\">\n\t\t\t\t\t\t\t\t<img decoding=\"async\" src=\"https:\/\/www.edilonsedra.com\/wp-content\/uploads\/2023\/02\/SDS-grass-track-800x1132.jpg\" alt=\"\">\t\t\t<\/div>\n        <\/div>\n\t<\/div>\n\t<div class=\"row align-middle align-center sol-block\">\n\t\t<div class=\"large-5 small-12 column content-column\">\n\t\t\t<div class=\"sol-title margin-small-bottom\">\n\t\t\t\t<h3>\n\t\t\t\t\t<strong>Direct Fastening System<\/strong>\t\t\t\t\t\t\t\t\t<\/h3>\n\t\t\t<\/div>\n\t\t\t<div class=\"sol-content margin-small-bottom\">\n\t\t\t\t<p><p>edilon)(sedra DFS (Direct Fastening System) est un syst\u00e8me de fixation de rail pour voies sans ballast, dans lequel le rail est fix\u00e9 directement \u00e0 l&rsquo;aide d&rsquo;un clip de rail sur une selle. Les composants du syst\u00e8me peuvent \u00eatre adapt\u00e9s \u00e0 diff\u00e9rentes g\u00e9om\u00e9tries de voie et offrent un haut degr\u00e9 de commodit\u00e9 et de flexibilit\u00e9 lors de l&rsquo;installation.<\/p>\n<\/p>\t\t\t<\/div>\n\t\t\t<div class=\"sol-button\">\n\t\t\t\t<a href=\"https:\/\/www.edilonsedra.com\/fr\/system\/direct-fastening-system\/\" class=\"button button-blue\">En savoir plus<\/a>\t\t\t<\/div>\n\t\t<\/div>\n\n\t\t<div class=\"large-4 small-12 column image-column\">\n\t\t\t<div class=\"sol-image round-medium\">\n\t\t\t\t\t\t\t\t<img decoding=\"async\" src=\"https:\/\/www.edilonsedra.com\/wp-content\/uploads\/2022\/10\/Toluca-2-2-800x1132.jpg\" alt=\"\">\t\t\t<\/div>\n        <\/div>\n\t<\/div>\n\t<div class=\"row align-middle align-center sol-block\">\n\t\t<div class=\"large-5 small-12 column content-column\">\n\t\t\t<div class=\"sol-title margin-small-bottom\">\n\t\t\t\t<h3>\n\t\t\t\t\t<strong>Trackelast\u00ae<\/strong>\t\t\t\t\t\t\t\t\t<\/h3>\n\t\t\t<\/div>\n\t\t\t<div class=\"sol-content margin-small-bottom\">\n\t\t\t\t<p><p>La gamme de produits edilon)(sedra Trackelast\u00ae se compose d&rsquo;une s\u00e9rie de tapis \u00e9lastiques de haute qualit\u00e9, de bandes de rail et de patins de rail con\u00e7us sp\u00e9cifiquement pour absorber les charges dynamiques intenses et les vibrations de la voie. Les tapis, bandes et patins fonctionnent de mani\u00e8re optimale sous des charges permanentes \u00e0 long terme et dans diff\u00e9rentes conditions climatiques.<\/p>\n<\/p>\t\t\t<\/div>\n\t\t\t<div class=\"sol-button\">\n\t\t\t\t<a href=\"https:\/\/www.edilonsedra.com\/fr\/system\/trackelast\/\" class=\"button button-blue\">En savoir plus<\/a>\t\t\t<\/div>\n\t\t<\/div>\n\n\t\t<div class=\"large-4 small-12 column image-column\">\n\t\t\t<div class=\"sol-image round-medium\">\n\t\t\t\t\t\t\t\t<img decoding=\"async\" src=\"https:\/\/www.edilonsedra.com\/wp-content\/uploads\/2022\/09\/edilon-sedra-Trackelast-STM-Stockholm-800x1132.jpg\" alt=\"\">\t\t\t<\/div>\n        <\/div>\n\t<\/div>\n<\/section>\n\n\n<section class=\"module-moreinfo wp-block margin-xlarge padding-xlarge-top-bottom bg-blue pattern alignfull\" id=\"more-info\">\n\t<div class=\"row align-center\">\n\t\t<div class=\"large-5 column\">\n\t\t\t<div class=\"more-info\">\n\t\t\t\t<div class=\"more-info-content\">\n\t\t\t\t\t\t\t\t\t\t\t<div class=\"more-info-title\">\n\t\t\t\t\t\t\t<h2 class=\"orange-icon margin-small-bottom\">Besoin de plus d&rsquo;informations?<\/h2>\n\t\t\t\t\t\t<\/div>\n\t\t\t\t\t\t\t\t\t\t\t\t\t\t\t\t<div class=\"more-info-text margin-medium-bottom\">\n\t\t\t\t\t\t\t<p>Avec plus de 50 ans d&rsquo;exp\u00e9rience dans les syst\u00e8mes de voies sur dalle, notre \u00e9quipe qualifi\u00e9e s&rsquo;appuie sur une connaissance approfondie de l&rsquo;industrie pour garantir le succ\u00e8s de votre projet ferroviaire.<\/p>\n<p>Avez-vous des <a href=\"https:\/\/www.edilonsedra.com\/fr\/contact\/\">questions<\/a> sur votre projet, nos syst\u00e8mes de voie ou nos services \u00e0 valeur ajout\u00e9e ?<br \/>\nSouhaitez-vous franchir une nouvelle \u00e9tape dans votre <a href=\"https:\/\/www.edilonsedra.com\/fr\/carriere\/\">carri\u00e8re avec nous<\/a> ?<br \/>\n<a href=\"https:\/\/www.edilonsedra.com\/fr\/contact\/\">Besoin<\/a> d&rsquo;aide pour autre chose ?<\/p>\n\t\t\t\t\t\t<\/div>\n\t\t\t\t\t\t\t\t\t\t\t\t\t\t\t\t<div class=\"more-info-button\">\n\t\t\t\t\t\t\t<a href=\"https:\/\/www.edilonsedra.com\/fr\/contact\/\" class=\"button button-white\">Contact<\/a>\n\t\t\t\t\t\t<\/div>\n\t\t\t\t\t\t\t\t\t<\/div>\n\t\t\t<\/div>\n\t\t<\/div>\n\t<\/div>\n<\/section>","protected":false},"excerpt":{"rendered":"","protected":false},"author":1,"featured_media":4393,"parent":0,"menu_order":0,"comment_status":"closed","ping_status":"closed","template":"page-templates\/background-image-header.php","meta":{"_acf_changed":false,"footnotes":""},"class_list":["post-4496","page","type-page","status-publish","has-post-thumbnail","hentry"],"acf":[],"yoast_head":"<!-- This site is optimized with the Yoast SEO plugin v27.4 - https:\/\/yoast.com\/product\/yoast-seo-wordpress\/ -->\n<title>Syst\u00e8mes - edilon)(sedra<\/title>\n<meta name=\"description\" content=\"Vous trouverez ici les diff\u00e9rents syst\u00e8mes propos\u00e9s par edilon)(sedra\u00a0: Corkelast\u00ae ERS, Corkelast\u00ae EBS, SDS, DFS et Trackelast.\" \/>\n<meta name=\"robots\" content=\"index, follow, max-snippet:-1, max-image-preview:large, max-video-preview:-1\" \/>\n<link rel=\"canonical\" href=\"https:\/\/www.edilonsedra.com\/fr\/systems\/\" \/>\n<meta property=\"og:locale\" content=\"fr_FR\" \/>\n<meta property=\"og:type\" content=\"article\" \/>\n<meta property=\"og:title\" content=\"Syst\u00e8mes - edilon)(sedra\" \/>\n<meta property=\"og:description\" content=\"Vous trouverez ici les diff\u00e9rents syst\u00e8mes propos\u00e9s par edilon)(sedra\u00a0: Corkelast\u00ae ERS, Corkelast\u00ae EBS, SDS, DFS et Trackelast.\" \/>\n<meta property=\"og:url\" content=\"https:\/\/www.edilonsedra.com\/fr\/systems\/\" \/>\n<meta property=\"og:site_name\" content=\"edilon)(sedra\" \/>\n<meta property=\"article:modified_time\" content=\"2025-03-11T12:22:16+00:00\" \/>\n<meta property=\"og:image\" content=\"https:\/\/www.edilonsedra.com\/wp-content\/uploads\/2023\/04\/ERS-Bybanen-BT4-Norway2-scaled.jpg\" \/>\n\t<meta property=\"og:image:width\" content=\"2560\" \/>\n\t<meta property=\"og:image:height\" content=\"1152\" \/>\n\t<meta property=\"og:image:type\" content=\"image\/jpeg\" \/>\n<meta name=\"twitter:card\" content=\"summary_large_image\" \/>\n<meta name=\"twitter:label1\" content=\"Dur\u00e9e de lecture estim\u00e9e\" \/>\n\t<meta name=\"twitter:data1\" content=\"1 minute\" \/>\n<script type=\"application\/ld+json\" class=\"yoast-schema-graph\">{\"@context\":\"https:\\\/\\\/schema.org\",\"@graph\":[{\"@type\":\"WebPage\",\"@id\":\"https:\\\/\\\/www.edilonsedra.com\\\/fr\\\/systems\\\/\",\"url\":\"https:\\\/\\\/www.edilonsedra.com\\\/fr\\\/systems\\\/\",\"name\":\"Syst\u00e8mes - edilon)(sedra\",\"isPartOf\":{\"@id\":\"https:\\\/\\\/www.edilonsedra.com\\\/fr\\\/#website\"},\"primaryImageOfPage\":{\"@id\":\"https:\\\/\\\/www.edilonsedra.com\\\/fr\\\/systems\\\/#primaryimage\"},\"image\":{\"@id\":\"https:\\\/\\\/www.edilonsedra.com\\\/fr\\\/systems\\\/#primaryimage\"},\"thumbnailUrl\":\"https:\\\/\\\/www.edilonsedra.com\\\/wp-content\\\/uploads\\\/2023\\\/04\\\/ERS-Bybanen-BT4-Norway2-scaled.jpg\",\"datePublished\":\"2022-08-15T09:23:30+00:00\",\"dateModified\":\"2025-03-11T12:22:16+00:00\",\"description\":\"Vous trouverez ici les diff\u00e9rents syst\u00e8mes propos\u00e9s par edilon)(sedra\u00a0: Corkelast\u00ae ERS, Corkelast\u00ae EBS, SDS, DFS et Trackelast.\",\"breadcrumb\":{\"@id\":\"https:\\\/\\\/www.edilonsedra.com\\\/fr\\\/systems\\\/#breadcrumb\"},\"inLanguage\":\"fr-FR\",\"potentialAction\":[{\"@type\":\"ReadAction\",\"target\":[\"https:\\\/\\\/www.edilonsedra.com\\\/fr\\\/systems\\\/\"]}]},{\"@type\":\"ImageObject\",\"inLanguage\":\"fr-FR\",\"@id\":\"https:\\\/\\\/www.edilonsedra.com\\\/fr\\\/systems\\\/#primaryimage\",\"url\":\"https:\\\/\\\/www.edilonsedra.com\\\/wp-content\\\/uploads\\\/2023\\\/04\\\/ERS-Bybanen-BT4-Norway2-scaled.jpg\",\"contentUrl\":\"https:\\\/\\\/www.edilonsedra.com\\\/wp-content\\\/uploads\\\/2023\\\/04\\\/ERS-Bybanen-BT4-Norway2-scaled.jpg\",\"width\":2560,\"height\":1152},{\"@type\":\"BreadcrumbList\",\"@id\":\"https:\\\/\\\/www.edilonsedra.com\\\/fr\\\/systems\\\/#breadcrumb\",\"itemListElement\":[{\"@type\":\"ListItem\",\"position\":1,\"name\":\"Home\",\"item\":\"https:\\\/\\\/www.edilonsedra.com\\\/fr\\\/\"},{\"@type\":\"ListItem\",\"position\":2,\"name\":\"Syst\u00e8mes\"}]},{\"@type\":\"WebSite\",\"@id\":\"https:\\\/\\\/www.edilonsedra.com\\\/fr\\\/#website\",\"url\":\"https:\\\/\\\/www.edilonsedra.com\\\/fr\\\/\",\"name\":\"edilon)(sedra\",\"description\":\"Always a step ahead in rail systems\",\"potentialAction\":[{\"@type\":\"SearchAction\",\"target\":{\"@type\":\"EntryPoint\",\"urlTemplate\":\"https:\\\/\\\/www.edilonsedra.com\\\/fr\\\/?s={search_term_string}\"},\"query-input\":{\"@type\":\"PropertyValueSpecification\",\"valueRequired\":true,\"valueName\":\"search_term_string\"}}],\"inLanguage\":\"fr-FR\"}]}<\/script>\n<!-- \/ Yoast SEO plugin. -->","yoast_head_json":{"title":"Syst\u00e8mes - edilon)(sedra","description":"Vous trouverez ici les diff\u00e9rents syst\u00e8mes propos\u00e9s par edilon)(sedra\u00a0: Corkelast\u00ae ERS, Corkelast\u00ae EBS, SDS, DFS et Trackelast.","robots":{"index":"index","follow":"follow","max-snippet":"max-snippet:-1","max-image-preview":"max-image-preview:large","max-video-preview":"max-video-preview:-1"},"canonical":"https:\/\/www.edilonsedra.com\/fr\/systems\/","og_locale":"fr_FR","og_type":"article","og_title":"Syst\u00e8mes - edilon)(sedra","og_description":"Vous trouverez ici les diff\u00e9rents syst\u00e8mes propos\u00e9s par edilon)(sedra\u00a0: Corkelast\u00ae ERS, Corkelast\u00ae EBS, SDS, DFS et Trackelast.","og_url":"https:\/\/www.edilonsedra.com\/fr\/systems\/","og_site_name":"edilon)(sedra","article_modified_time":"2025-03-11T12:22:16+00:00","og_image":[{"width":2560,"height":1152,"url":"https:\/\/www.edilonsedra.com\/wp-content\/uploads\/2023\/04\/ERS-Bybanen-BT4-Norway2-scaled.jpg","type":"image\/jpeg"}],"twitter_card":"summary_large_image","twitter_misc":{"Dur\u00e9e de lecture estim\u00e9e":"1 minute"},"schema":{"@context":"https:\/\/schema.org","@graph":[{"@type":"WebPage","@id":"https:\/\/www.edilonsedra.com\/fr\/systems\/","url":"https:\/\/www.edilonsedra.com\/fr\/systems\/","name":"Syst\u00e8mes - edilon)(sedra","isPartOf":{"@id":"https:\/\/www.edilonsedra.com\/fr\/#website"},"primaryImageOfPage":{"@id":"https:\/\/www.edilonsedra.com\/fr\/systems\/#primaryimage"},"image":{"@id":"https:\/\/www.edilonsedra.com\/fr\/systems\/#primaryimage"},"thumbnailUrl":"https:\/\/www.edilonsedra.com\/wp-content\/uploads\/2023\/04\/ERS-Bybanen-BT4-Norway2-scaled.jpg","datePublished":"2022-08-15T09:23:30+00:00","dateModified":"2025-03-11T12:22:16+00:00","description":"Vous trouverez ici les diff\u00e9rents syst\u00e8mes propos\u00e9s par edilon)(sedra\u00a0: Corkelast\u00ae ERS, Corkelast\u00ae EBS, SDS, DFS et Trackelast.","breadcrumb":{"@id":"https:\/\/www.edilonsedra.com\/fr\/systems\/#breadcrumb"},"inLanguage":"fr-FR","potentialAction":[{"@type":"ReadAction","target":["https:\/\/www.edilonsedra.com\/fr\/systems\/"]}]},{"@type":"ImageObject","inLanguage":"fr-FR","@id":"https:\/\/www.edilonsedra.com\/fr\/systems\/#primaryimage","url":"https:\/\/www.edilonsedra.com\/wp-content\/uploads\/2023\/04\/ERS-Bybanen-BT4-Norway2-scaled.jpg","contentUrl":"https:\/\/www.edilonsedra.com\/wp-content\/uploads\/2023\/04\/ERS-Bybanen-BT4-Norway2-scaled.jpg","width":2560,"height":1152},{"@type":"BreadcrumbList","@id":"https:\/\/www.edilonsedra.com\/fr\/systems\/#breadcrumb","itemListElement":[{"@type":"ListItem","position":1,"name":"Home","item":"https:\/\/www.edilonsedra.com\/fr\/"},{"@type":"ListItem","position":2,"name":"Syst\u00e8mes"}]},{"@type":"WebSite","@id":"https:\/\/www.edilonsedra.com\/fr\/#website","url":"https:\/\/www.edilonsedra.com\/fr\/","name":"edilon)(sedra","description":"Always a step ahead in rail systems","potentialAction":[{"@type":"SearchAction","target":{"@type":"EntryPoint","urlTemplate":"https:\/\/www.edilonsedra.com\/fr\/?s={search_term_string}"},"query-input":{"@type":"PropertyValueSpecification","valueRequired":true,"valueName":"search_term_string"}}],"inLanguage":"fr-FR"}]}},"_links":{"self":[{"href":"https:\/\/www.edilonsedra.com\/fr\/wp-json\/wp\/v2\/pages\/4496","targetHints":{"allow":["GET"]}}],"collection":[{"href":"https:\/\/www.edilonsedra.com\/fr\/wp-json\/wp\/v2\/pages"}],"about":[{"href":"https:\/\/www.edilonsedra.com\/fr\/wp-json\/wp\/v2\/types\/page"}],"author":[{"embeddable":true,"href":"https:\/\/www.edilonsedra.com\/fr\/wp-json\/wp\/v2\/users\/1"}],"replies":[{"embeddable":true,"href":"https:\/\/www.edilonsedra.com\/fr\/wp-json\/wp\/v2\/comments?post=4496"}],"version-history":[{"count":4,"href":"https:\/\/www.edilonsedra.com\/fr\/wp-json\/wp\/v2\/pages\/4496\/revisions"}],"predecessor-version":[{"id":7643,"href":"https:\/\/www.edilonsedra.com\/fr\/wp-json\/wp\/v2\/pages\/4496\/revisions\/7643"}],"wp:featuredmedia":[{"embeddable":true,"href":"https:\/\/www.edilonsedra.com\/fr\/wp-json\/wp\/v2\/media\/4393"}],"wp:attachment":[{"href":"https:\/\/www.edilonsedra.com\/fr\/wp-json\/wp\/v2\/media?parent=4496"}],"curies":[{"name":"wp","href":"https:\/\/api.w.org\/{rel}","templated":true}]}}