{"id":4536,"date":"2022-08-15T16:18:48","date_gmt":"2022-08-15T14:18:48","guid":{"rendered":"https:\/\/www.edilonsedra.com\/?page_id=4536"},"modified":"2024-01-16T10:35:36","modified_gmt":"2024-01-16T09:35:36","slug":"projets","status":"publish","type":"page","link":"https:\/\/www.edilonsedra.com\/fr\/projets\/","title":{"rendered":"Projets"},"content":{"rendered":"","protected":false},"excerpt":{"rendered":"","protected":false},"author":1,"featured_media":8905,"parent":0,"menu_order":0,"comment_status":"closed","ping_status":"closed","template":"page-templates\/projects.php","meta":{"_acf_changed":false,"footnotes":""},"class_list":["post-4536","page","type-page","status-publish","has-post-thumbnail","hentry"],"acf":[],"yoast_head":"<!-- This site is optimized with the Yoast SEO plugin v27.4 - https:\/\/yoast.com\/product\/yoast-seo-wordpress\/ -->\n<title>Projets - edilon)(sedra<\/title>\n<meta name=\"description\" content=\"Vous trouverez ici un aper\u00e7u des projets pass\u00e9s r\u00e9alis\u00e9s par edilon)(sedra. Y compris plusieurs syst\u00e8mes et solutions.\" \/>\n<meta name=\"robots\" content=\"index, follow, max-snippet:-1, max-image-preview:large, max-video-preview:-1\" \/>\n<link rel=\"canonical\" href=\"https:\/\/www.edilonsedra.com\/fr\/projets\/\" \/>\n<meta property=\"og:locale\" content=\"fr_FR\" \/>\n<meta property=\"og:type\" content=\"article\" \/>\n<meta property=\"og:title\" content=\"Projets - edilon)(sedra\" \/>\n<meta property=\"og:description\" content=\"Vous trouverez ici un aper\u00e7u des projets pass\u00e9s r\u00e9alis\u00e9s par edilon)(sedra. Y compris plusieurs syst\u00e8mes et solutions.\" \/>\n<meta property=\"og:url\" content=\"https:\/\/www.edilonsedra.com\/fr\/projets\/\" \/>\n<meta property=\"og:site_name\" content=\"edilon)(sedra\" \/>\n<meta property=\"article:modified_time\" content=\"2024-01-16T09:35:36+00:00\" \/>\n<meta name=\"twitter:card\" content=\"summary_large_image\" \/>\n<script type=\"application\/ld+json\" class=\"yoast-schema-graph\">{\"@context\":\"https:\\\/\\\/schema.org\",\"@graph\":[{\"@type\":\"WebPage\",\"@id\":\"https:\\\/\\\/www.edilonsedra.com\\\/fr\\\/projets\\\/\",\"url\":\"https:\\\/\\\/www.edilonsedra.com\\\/fr\\\/projets\\\/\",\"name\":\"Projets - edilon)(sedra\",\"isPartOf\":{\"@id\":\"https:\\\/\\\/www.edilonsedra.com\\\/fr\\\/#website\"},\"primaryImageOfPage\":{\"@id\":\"https:\\\/\\\/www.edilonsedra.com\\\/fr\\\/projets\\\/#primaryimage\"},\"image\":{\"@id\":\"https:\\\/\\\/www.edilonsedra.com\\\/fr\\\/projets\\\/#primaryimage\"},\"thumbnailUrl\":\"https:\\\/\\\/www.edilonsedra.com\\\/wp-content\\\/uploads\\\/2025\\\/12\\\/2-Bernabeu-retractable-pitch-Corkelast-ERS-rail-system.jpg\",\"datePublished\":\"2022-08-15T14:18:48+00:00\",\"dateModified\":\"2024-01-16T09:35:36+00:00\",\"description\":\"Vous trouverez ici un aper\u00e7u des projets pass\u00e9s r\u00e9alis\u00e9s par edilon)(sedra. Y compris plusieurs syst\u00e8mes et solutions.\",\"breadcrumb\":{\"@id\":\"https:\\\/\\\/www.edilonsedra.com\\\/fr\\\/projets\\\/#breadcrumb\"},\"inLanguage\":\"fr-FR\",\"potentialAction\":[{\"@type\":\"ReadAction\",\"target\":[\"https:\\\/\\\/www.edilonsedra.com\\\/fr\\\/projets\\\/\"]}]},{\"@type\":\"ImageObject\",\"inLanguage\":\"fr-FR\",\"@id\":\"https:\\\/\\\/www.edilonsedra.com\\\/fr\\\/projets\\\/#primaryimage\",\"url\":\"https:\\\/\\\/www.edilonsedra.com\\\/wp-content\\\/uploads\\\/2025\\\/12\\\/2-Bernabeu-retractable-pitch-Corkelast-ERS-rail-system.jpg\",\"contentUrl\":\"https:\\\/\\\/www.edilonsedra.com\\\/wp-content\\\/uploads\\\/2025\\\/12\\\/2-Bernabeu-retractable-pitch-Corkelast-ERS-rail-system.jpg\",\"width\":1280,\"height\":853},{\"@type\":\"BreadcrumbList\",\"@id\":\"https:\\\/\\\/www.edilonsedra.com\\\/fr\\\/projets\\\/#breadcrumb\",\"itemListElement\":[{\"@type\":\"ListItem\",\"position\":1,\"name\":\"Home\",\"item\":\"https:\\\/\\\/www.edilonsedra.com\\\/fr\\\/\"},{\"@type\":\"ListItem\",\"position\":2,\"name\":\"Projets\"}]},{\"@type\":\"WebSite\",\"@id\":\"https:\\\/\\\/www.edilonsedra.com\\\/fr\\\/#website\",\"url\":\"https:\\\/\\\/www.edilonsedra.com\\\/fr\\\/\",\"name\":\"edilon)(sedra\",\"description\":\"Always a step ahead in rail systems\",\"potentialAction\":[{\"@type\":\"SearchAction\",\"target\":{\"@type\":\"EntryPoint\",\"urlTemplate\":\"https:\\\/\\\/www.edilonsedra.com\\\/fr\\\/?s={search_term_string}\"},\"query-input\":{\"@type\":\"PropertyValueSpecification\",\"valueRequired\":true,\"valueName\":\"search_term_string\"}}],\"inLanguage\":\"fr-FR\"}]}<\/script>\n<!-- \/ Yoast SEO plugin. -->","yoast_head_json":{"title":"Projets - edilon)(sedra","description":"Vous trouverez ici un aper\u00e7u des projets pass\u00e9s r\u00e9alis\u00e9s par edilon)(sedra. Y compris plusieurs syst\u00e8mes et solutions.","robots":{"index":"index","follow":"follow","max-snippet":"max-snippet:-1","max-image-preview":"max-image-preview:large","max-video-preview":"max-video-preview:-1"},"canonical":"https:\/\/www.edilonsedra.com\/fr\/projets\/","og_locale":"fr_FR","og_type":"article","og_title":"Projets - edilon)(sedra","og_description":"Vous trouverez ici un aper\u00e7u des projets pass\u00e9s r\u00e9alis\u00e9s par edilon)(sedra. Y compris plusieurs syst\u00e8mes et solutions.","og_url":"https:\/\/www.edilonsedra.com\/fr\/projets\/","og_site_name":"edilon)(sedra","article_modified_time":"2024-01-16T09:35:36+00:00","twitter_card":"summary_large_image","schema":{"@context":"https:\/\/schema.org","@graph":[{"@type":"WebPage","@id":"https:\/\/www.edilonsedra.com\/fr\/projets\/","url":"https:\/\/www.edilonsedra.com\/fr\/projets\/","name":"Projets - edilon)(sedra","isPartOf":{"@id":"https:\/\/www.edilonsedra.com\/fr\/#website"},"primaryImageOfPage":{"@id":"https:\/\/www.edilonsedra.com\/fr\/projets\/#primaryimage"},"image":{"@id":"https:\/\/www.edilonsedra.com\/fr\/projets\/#primaryimage"},"thumbnailUrl":"https:\/\/www.edilonsedra.com\/wp-content\/uploads\/2025\/12\/2-Bernabeu-retractable-pitch-Corkelast-ERS-rail-system.jpg","datePublished":"2022-08-15T14:18:48+00:00","dateModified":"2024-01-16T09:35:36+00:00","description":"Vous trouverez ici un aper\u00e7u des projets pass\u00e9s r\u00e9alis\u00e9s par edilon)(sedra. Y compris plusieurs syst\u00e8mes et solutions.","breadcrumb":{"@id":"https:\/\/www.edilonsedra.com\/fr\/projets\/#breadcrumb"},"inLanguage":"fr-FR","potentialAction":[{"@type":"ReadAction","target":["https:\/\/www.edilonsedra.com\/fr\/projets\/"]}]},{"@type":"ImageObject","inLanguage":"fr-FR","@id":"https:\/\/www.edilonsedra.com\/fr\/projets\/#primaryimage","url":"https:\/\/www.edilonsedra.com\/wp-content\/uploads\/2025\/12\/2-Bernabeu-retractable-pitch-Corkelast-ERS-rail-system.jpg","contentUrl":"https:\/\/www.edilonsedra.com\/wp-content\/uploads\/2025\/12\/2-Bernabeu-retractable-pitch-Corkelast-ERS-rail-system.jpg","width":1280,"height":853},{"@type":"BreadcrumbList","@id":"https:\/\/www.edilonsedra.com\/fr\/projets\/#breadcrumb","itemListElement":[{"@type":"ListItem","position":1,"name":"Home","item":"https:\/\/www.edilonsedra.com\/fr\/"},{"@type":"ListItem","position":2,"name":"Projets"}]},{"@type":"WebSite","@id":"https:\/\/www.edilonsedra.com\/fr\/#website","url":"https:\/\/www.edilonsedra.com\/fr\/","name":"edilon)(sedra","description":"Always a step ahead in rail systems","potentialAction":[{"@type":"SearchAction","target":{"@type":"EntryPoint","urlTemplate":"https:\/\/www.edilonsedra.com\/fr\/?s={search_term_string}"},"query-input":{"@type":"PropertyValueSpecification","valueRequired":true,"valueName":"search_term_string"}}],"inLanguage":"fr-FR"}]}},"_links":{"self":[{"href":"https:\/\/www.edilonsedra.com\/fr\/wp-json\/wp\/v2\/pages\/4536","targetHints":{"allow":["GET"]}}],"collection":[{"href":"https:\/\/www.edilonsedra.com\/fr\/wp-json\/wp\/v2\/pages"}],"about":[{"href":"https:\/\/www.edilonsedra.com\/fr\/wp-json\/wp\/v2\/types\/page"}],"author":[{"embeddable":true,"href":"https:\/\/www.edilonsedra.com\/fr\/wp-json\/wp\/v2\/users\/1"}],"replies":[{"embeddable":true,"href":"https:\/\/www.edilonsedra.com\/fr\/wp-json\/wp\/v2\/comments?post=4536"}],"version-history":[{"count":1,"href":"https:\/\/www.edilonsedra.com\/fr\/wp-json\/wp\/v2\/pages\/4536\/revisions"}],"predecessor-version":[{"id":4537,"href":"https:\/\/www.edilonsedra.com\/fr\/wp-json\/wp\/v2\/pages\/4536\/revisions\/4537"}],"wp:featuredmedia":[{"embeddable":true,"href":"https:\/\/www.edilonsedra.com\/fr\/wp-json\/wp\/v2\/media\/8905"}],"wp:attachment":[{"href":"https:\/\/www.edilonsedra.com\/fr\/wp-json\/wp\/v2\/media?parent=4536"}],"curies":[{"name":"wp","href":"https:\/\/api.w.org\/{rel}","templated":true}]}}