{"id":4540,"date":"2022-08-15T11:23:33","date_gmt":"2022-08-15T09:23:33","guid":{"rendered":"https:\/\/www.edilonsedra.com\/?page_id=4540"},"modified":"2025-03-07T10:37:35","modified_gmt":"2025-03-07T09:37:35","slug":"service-et-conseils","status":"publish","type":"page","link":"https:\/\/www.edilonsedra.com\/fr\/service-et-conseils\/","title":{"rendered":"Service &#038; Conseils"},"content":{"rendered":"\n<p>Notre entreprise accorde une grande importance au soutien des projets. Si n\u00e9cessaire, nous nous impliquons d\u00e8s le d\u00e9but dans les projets et fournissons des conseils sur les choix techniques du syst\u00e8me.<\/p>\n\n\n\n<p>Les partenaires de projet peuvent compter sur un ensemble complet de services \u00e0 valeur ajout\u00e9e, comprenant (le soutien pour) la conception du syst\u00e8me, le d\u00e9veloppement d&rsquo;applications, la supervision de la construction, les conseils en mati\u00e8re de maintenance, la consultation et l&rsquo;accompagnement.<\/p>\n\n\n\n<p>Nous proposons des services de consultation allant du d\u00e9veloppement de syst\u00e8mes de fixation de rail, aux tests de mat\u00e9riaux en passant par les calculs techniques et les dessins. Nous disposons en interne de sp\u00e9cialistes en construction, en ing\u00e9nierie m\u00e9canique, en acoustique et en chimie, ainsi que de bureaux d\u2019\u00e9tudes externes. Ils seront ravis de partager leurs connaissances avec vous pour r\u00e9pondre \u00e0 vos exigences techniques et besoins !<\/p>\n\n\n\n<figure class=\"wp-block-image size-large\"><img loading=\"lazy\" decoding=\"async\" width=\"1024\" height=\"724\" src=\"https:\/\/www.edilonsedra.com\/wp-content\/uploads\/2023\/10\/Infographic-edilon-sedra-value-added-services-1024x724.jpg\" alt=\"\" class=\"wp-image-6021\" srcset=\"https:\/\/www.edilonsedra.com\/wp-content\/uploads\/2023\/10\/Infographic-edilon-sedra-value-added-services-1024x724.jpg 1024w, https:\/\/www.edilonsedra.com\/wp-content\/uploads\/2023\/10\/Infographic-edilon-sedra-value-added-services-300x212.jpg 300w, https:\/\/www.edilonsedra.com\/wp-content\/uploads\/2023\/10\/Infographic-edilon-sedra-value-added-services-768x543.jpg 768w, https:\/\/www.edilonsedra.com\/wp-content\/uploads\/2023\/10\/Infographic-edilon-sedra-value-added-services-1536x1086.jpg 1536w, https:\/\/www.edilonsedra.com\/wp-content\/uploads\/2023\/10\/Infographic-edilon-sedra-value-added-services-2048x1448.jpg 2048w, https:\/\/www.edilonsedra.com\/wp-content\/uploads\/2023\/10\/Infographic-edilon-sedra-value-added-services-200x141.jpg 200w\" sizes=\"auto, (max-width: 1024px) 100vw, 1024px\" \/><\/figure>\n\n\n\n<section class=\"module-aboutcard wp-block margin-xlarge alignfull\">\n\t<div class=\"row align-center flex-grow\">\n\t\t\t\t<div class=\"large-6 small-12 column grow\">\n\t\t\t\n\t\t\t<div class=\"card grow\">\n\t\t\t\t<div class=\"card-image\">\n\t\t\t\t\t\t\t\t\t\t\t<img decoding=\"async\" src=\"https:\/\/www.edilonsedra.com\/wp-content\/uploads\/2023\/03\/edilon-sedra-Application-Engineering-services-BIM.jpg\" alt=\"\">\n\t\t\t\t\t\t\t\t\t<\/div>\n\t\t\t\t<div class=\"card-title\">\n\t\t\t\t\t<h3>Application et Ing\u00e9nierie<\/h3>\t\t\t\t<\/div>\n\t\t\t\t<div class=\"card-content text-grow margin-small-bottom\">\n\t\t\t\t\t<p>Notre d\u00e9partement d&rsquo;Ing\u00e9nierie d&rsquo;Application assure une application optimale de nos syst\u00e8mes de fixation de rail dans vos projets, ainsi que des m\u00e9thodes d&rsquo;installation correctes et une connexion ad\u00e9quate avec d&rsquo;autres syst\u00e8mes de fixation de rail.<\/p>\n\t\t\t\t<\/div>\n\t\t\t\t\t\t\t\t\t<div class=\"card-button\">\n\t\t\t\t\t\t<a href=\"https:\/\/www.edilonsedra.com\/fr\/service-et-conseils\/application-et-ingenierie\/\" class=\"button button-blue\" >En savoir plus<\/a>\n\t\t\t\t\t<\/div>\n\t\t\t\t\t\t\t<\/div>\n\t\t<\/div>\n\t\t\t\t<div class=\"large-6 small-12 column grow\">\n\t\t\t\n\t\t\t<div class=\"card grow\">\n\t\t\t\t<div class=\"card-image\">\n\t\t\t\t\t\t\t\t\t\t\t<img decoding=\"async\" src=\"https:\/\/www.edilonsedra.com\/wp-content\/uploads\/2023\/03\/edilon-sedra-Track-Services-1050x623.jpg\" alt=\"\">\n\t\t\t\t\t\t\t\t\t<\/div>\n\t\t\t\t<div class=\"card-title\">\n\t\t\t\t\t<h3>Assistance \u00e0 la construction<\/h3>\t\t\t\t<\/div>\n\t\t\t\t<div class=\"card-content text-grow margin-small-bottom\">\n\t\t\t\t\t<p>L&rsquo;installation d&rsquo;un syst\u00e8me de fixation de rail n\u00e9cessite une grande personnalisation ! Notre d\u00e9partement des Services li\u00e9s \u00e0 la Voie assure un soutien de projet pour l&rsquo;installation de nos syst\u00e8mes de fixation de rail pour les voies sans ballast.<\/p>\n\t\t\t\t<\/div>\n\t\t\t\t\t\t\t\t\t<div class=\"card-button\">\n\t\t\t\t\t\t<a href=\"https:\/\/www.edilonsedra.com\/fr\/service-et-conseils\/assistance-a-la-construction\/\" class=\"button button-blue\" >En savoir plus<\/a>\n\t\t\t\t\t<\/div>\n\t\t\t\t\t\t\t<\/div>\n\t\t<\/div>\n\t\t\t\t<div class=\"large-6 small-12 column grow\">\n\t\t\t\n\t\t\t<div class=\"card grow\">\n\t\t\t\t<div class=\"card-image\">\n\t\t\t\t\t\t\t\t\t\t\t<img decoding=\"async\" src=\"https:\/\/www.edilonsedra.com\/wp-content\/uploads\/2023\/03\/edilon-sedra-BIM_Rummelsburg-tram-depot-1050x623.jpg\" alt=\"\">\n\t\t\t\t\t\t\t\t\t<\/div>\n\t\t\t\t<div class=\"card-title\">\n\t\t\t\t\t<h3>BIM<\/h3>\t\t\t\t<\/div>\n\t\t\t\t<div class=\"card-content text-grow margin-small-bottom\">\n\t\t\t\t\t<p>Nous proposons une s\u00e9lection d&rsquo;objets BIM de syst\u00e8mes de voie edilon)(sedra pr\u00eats \u00e0 \u00eatre int\u00e9gr\u00e9s dans votre projet de voie.<\/p>\n\t\t\t\t<\/div>\n\t\t\t\t\t\t\t\t\t<div class=\"card-button\">\n\t\t\t\t\t\t<a href=\"https:\/\/www.edilonsedra.com\/fr\/service-et-conseils\/bim\/\" class=\"button button-blue\" >En savoir plus<\/a>\n\t\t\t\t\t<\/div>\n\t\t\t\t\t\t\t<\/div>\n\t\t<\/div>\n\t\t\t\t<div class=\"large-6 small-12 column grow\">\n\t\t\t\n\t\t\t<div class=\"card grow\">\n\t\t\t\t<div class=\"card-image\">\n\t\t\t\t\t\t\t\t\t\t\t<img decoding=\"async\" src=\"https:\/\/www.edilonsedra.com\/wp-content\/uploads\/2023\/07\/training-photo-1050x623.png\" alt=\"\">\n\t\t\t\t\t\t\t\t\t<\/div>\n\t\t\t\t<div class=\"card-title\">\n\t\t\t\t\t<h3>Formation<\/h3>\t\t\t\t<\/div>\n\t\t\t\t<div class=\"card-content text-grow margin-small-bottom\">\n\t\t\t\t\t<p>Dans le cadre de notre approche de service complet, nous proposons une gamme d\u2019options de formation en ligne et terrain pour garantir l\u2019installation s\u00fbre et efficace de nos syst\u00e8mes de rails.<\/p>\n\t\t\t\t<\/div>\n\t\t\t\t\t\t\t\t\t<div class=\"card-button\">\n\t\t\t\t\t\t<a href=\"https:\/\/www.edilonsedra.com\/fr\/service-et-conseils\/formation-en-ligne-et-sur-site\/\" class=\"button button-blue\" >En savoir plus<\/a>\n\t\t\t\t\t<\/div>\n\t\t\t\t\t\t\t<\/div>\n\t\t<\/div>\n\t\t\t<\/div>\n<\/section>","protected":false},"excerpt":{"rendered":"<p>Notre entreprise accorde une grande importance au soutien des projets. Si n\u00e9cessaire, nous nous impliquons d\u00e8s le d\u00e9but dans les projets et fournissons des conseils sur les choix techniques du syst\u00e8me. Les partenaires de projet peuvent compter sur un ensemble complet de services \u00e0 valeur ajout\u00e9e, comprenant (le soutien pour) la conception du syst\u00e8me, le<a class=\"excerpt-read-more\" href=\"https:\/\/www.edilonsedra.com\/fr\/service-et-conseils\/\" title=\"En savoir plusService &#038; Conseils\">&#8230; En savoir plus \u00bb<\/a><\/p>\n","protected":false},"author":1,"featured_media":4382,"parent":0,"menu_order":0,"comment_status":"closed","ping_status":"closed","template":"page-templates\/background-image-header.php","meta":{"_acf_changed":false,"footnotes":""},"class_list":["post-4540","page","type-page","status-publish","has-post-thumbnail","hentry"],"acf":[],"yoast_head":"<!-- This site is optimized with the Yoast SEO plugin v27.3 - https:\/\/yoast.com\/product\/yoast-seo-wordpress\/ -->\n<title>Service &amp; Conseils - edilon)(sedra<\/title>\n<meta name=\"description\" content=\"Nous offrons des services de consultation allant du d\u00e9veloppement de syst\u00e8mes de fixation de rails, aux tests de mat\u00e9riaux jusqu&#039;aux calculs et dessins techniques.\" \/>\n<meta name=\"robots\" content=\"index, follow, max-snippet:-1, max-image-preview:large, max-video-preview:-1\" \/>\n<link rel=\"canonical\" href=\"https:\/\/www.edilonsedra.com\/fr\/service-et-conseils\/\" \/>\n<meta property=\"og:locale\" content=\"fr_FR\" \/>\n<meta property=\"og:type\" content=\"article\" \/>\n<meta property=\"og:title\" content=\"Service &amp; Conseils - edilon)(sedra\" \/>\n<meta property=\"og:description\" content=\"Nous offrons des services de consultation allant du d\u00e9veloppement de syst\u00e8mes de fixation de rails, aux tests de mat\u00e9riaux jusqu&#039;aux calculs et dessins techniques.\" \/>\n<meta property=\"og:url\" content=\"https:\/\/www.edilonsedra.com\/fr\/service-et-conseils\/\" \/>\n<meta property=\"og:site_name\" content=\"edilon)(sedra\" \/>\n<meta property=\"article:modified_time\" content=\"2025-03-07T09:37:35+00:00\" \/>\n<meta property=\"og:image\" content=\"https:\/\/www.edilonsedra.com\/wp-content\/uploads\/2023\/03\/Corkelast-ERS-station-Utrecht-scaled.jpg\" \/>\n\t<meta property=\"og:image:width\" content=\"2560\" \/>\n\t<meta property=\"og:image:height\" content=\"1894\" \/>\n\t<meta property=\"og:image:type\" content=\"image\/jpeg\" \/>\n<meta name=\"twitter:card\" content=\"summary_large_image\" \/>\n<meta name=\"twitter:label1\" content=\"Dur\u00e9e de lecture estim\u00e9e\" \/>\n\t<meta name=\"twitter:data1\" content=\"3 minutes\" \/>\n<script type=\"application\/ld+json\" class=\"yoast-schema-graph\">{\"@context\":\"https:\\\/\\\/schema.org\",\"@graph\":[{\"@type\":\"WebPage\",\"@id\":\"https:\\\/\\\/www.edilonsedra.com\\\/fr\\\/service-et-conseils\\\/\",\"url\":\"https:\\\/\\\/www.edilonsedra.com\\\/fr\\\/service-et-conseils\\\/\",\"name\":\"Service & Conseils - edilon)(sedra\",\"isPartOf\":{\"@id\":\"https:\\\/\\\/www.edilonsedra.com\\\/fr\\\/#website\"},\"primaryImageOfPage\":{\"@id\":\"https:\\\/\\\/www.edilonsedra.com\\\/fr\\\/service-et-conseils\\\/#primaryimage\"},\"image\":{\"@id\":\"https:\\\/\\\/www.edilonsedra.com\\\/fr\\\/service-et-conseils\\\/#primaryimage\"},\"thumbnailUrl\":\"https:\\\/\\\/www.edilonsedra.com\\\/wp-content\\\/uploads\\\/2023\\\/03\\\/Corkelast-ERS-station-Utrecht-scaled.jpg\",\"datePublished\":\"2022-08-15T09:23:33+00:00\",\"dateModified\":\"2025-03-07T09:37:35+00:00\",\"description\":\"Nous offrons des services de consultation allant du d\u00e9veloppement de syst\u00e8mes de fixation de rails, aux tests de mat\u00e9riaux jusqu'aux calculs et dessins techniques.\",\"breadcrumb\":{\"@id\":\"https:\\\/\\\/www.edilonsedra.com\\\/fr\\\/service-et-conseils\\\/#breadcrumb\"},\"inLanguage\":\"fr-FR\",\"potentialAction\":[{\"@type\":\"ReadAction\",\"target\":[\"https:\\\/\\\/www.edilonsedra.com\\\/fr\\\/service-et-conseils\\\/\"]}]},{\"@type\":\"ImageObject\",\"inLanguage\":\"fr-FR\",\"@id\":\"https:\\\/\\\/www.edilonsedra.com\\\/fr\\\/service-et-conseils\\\/#primaryimage\",\"url\":\"https:\\\/\\\/www.edilonsedra.com\\\/wp-content\\\/uploads\\\/2023\\\/03\\\/Corkelast-ERS-station-Utrecht-scaled.jpg\",\"contentUrl\":\"https:\\\/\\\/www.edilonsedra.com\\\/wp-content\\\/uploads\\\/2023\\\/03\\\/Corkelast-ERS-station-Utrecht-scaled.jpg\",\"width\":2560,\"height\":1894},{\"@type\":\"BreadcrumbList\",\"@id\":\"https:\\\/\\\/www.edilonsedra.com\\\/fr\\\/service-et-conseils\\\/#breadcrumb\",\"itemListElement\":[{\"@type\":\"ListItem\",\"position\":1,\"name\":\"Home\",\"item\":\"https:\\\/\\\/www.edilonsedra.com\\\/fr\\\/\"},{\"@type\":\"ListItem\",\"position\":2,\"name\":\"Service &#038; Conseils\"}]},{\"@type\":\"WebSite\",\"@id\":\"https:\\\/\\\/www.edilonsedra.com\\\/fr\\\/#website\",\"url\":\"https:\\\/\\\/www.edilonsedra.com\\\/fr\\\/\",\"name\":\"edilon)(sedra\",\"description\":\"Always a step ahead in rail systems\",\"potentialAction\":[{\"@type\":\"SearchAction\",\"target\":{\"@type\":\"EntryPoint\",\"urlTemplate\":\"https:\\\/\\\/www.edilonsedra.com\\\/fr\\\/?s={search_term_string}\"},\"query-input\":{\"@type\":\"PropertyValueSpecification\",\"valueRequired\":true,\"valueName\":\"search_term_string\"}}],\"inLanguage\":\"fr-FR\"}]}<\/script>\n<!-- \/ Yoast SEO plugin. -->","yoast_head_json":{"title":"Service & Conseils - edilon)(sedra","description":"Nous offrons des services de consultation allant du d\u00e9veloppement de syst\u00e8mes de fixation de rails, aux tests de mat\u00e9riaux jusqu'aux calculs et dessins techniques.","robots":{"index":"index","follow":"follow","max-snippet":"max-snippet:-1","max-image-preview":"max-image-preview:large","max-video-preview":"max-video-preview:-1"},"canonical":"https:\/\/www.edilonsedra.com\/fr\/service-et-conseils\/","og_locale":"fr_FR","og_type":"article","og_title":"Service & Conseils - edilon)(sedra","og_description":"Nous offrons des services de consultation allant du d\u00e9veloppement de syst\u00e8mes de fixation de rails, aux tests de mat\u00e9riaux jusqu'aux calculs et dessins techniques.","og_url":"https:\/\/www.edilonsedra.com\/fr\/service-et-conseils\/","og_site_name":"edilon)(sedra","article_modified_time":"2025-03-07T09:37:35+00:00","og_image":[{"width":2560,"height":1894,"url":"https:\/\/www.edilonsedra.com\/wp-content\/uploads\/2023\/03\/Corkelast-ERS-station-Utrecht-scaled.jpg","type":"image\/jpeg"}],"twitter_card":"summary_large_image","twitter_misc":{"Dur\u00e9e de lecture estim\u00e9e":"3 minutes"},"schema":{"@context":"https:\/\/schema.org","@graph":[{"@type":"WebPage","@id":"https:\/\/www.edilonsedra.com\/fr\/service-et-conseils\/","url":"https:\/\/www.edilonsedra.com\/fr\/service-et-conseils\/","name":"Service & Conseils - edilon)(sedra","isPartOf":{"@id":"https:\/\/www.edilonsedra.com\/fr\/#website"},"primaryImageOfPage":{"@id":"https:\/\/www.edilonsedra.com\/fr\/service-et-conseils\/#primaryimage"},"image":{"@id":"https:\/\/www.edilonsedra.com\/fr\/service-et-conseils\/#primaryimage"},"thumbnailUrl":"https:\/\/www.edilonsedra.com\/wp-content\/uploads\/2023\/03\/Corkelast-ERS-station-Utrecht-scaled.jpg","datePublished":"2022-08-15T09:23:33+00:00","dateModified":"2025-03-07T09:37:35+00:00","description":"Nous offrons des services de consultation allant du d\u00e9veloppement de syst\u00e8mes de fixation de rails, aux tests de mat\u00e9riaux jusqu'aux calculs et dessins techniques.","breadcrumb":{"@id":"https:\/\/www.edilonsedra.com\/fr\/service-et-conseils\/#breadcrumb"},"inLanguage":"fr-FR","potentialAction":[{"@type":"ReadAction","target":["https:\/\/www.edilonsedra.com\/fr\/service-et-conseils\/"]}]},{"@type":"ImageObject","inLanguage":"fr-FR","@id":"https:\/\/www.edilonsedra.com\/fr\/service-et-conseils\/#primaryimage","url":"https:\/\/www.edilonsedra.com\/wp-content\/uploads\/2023\/03\/Corkelast-ERS-station-Utrecht-scaled.jpg","contentUrl":"https:\/\/www.edilonsedra.com\/wp-content\/uploads\/2023\/03\/Corkelast-ERS-station-Utrecht-scaled.jpg","width":2560,"height":1894},{"@type":"BreadcrumbList","@id":"https:\/\/www.edilonsedra.com\/fr\/service-et-conseils\/#breadcrumb","itemListElement":[{"@type":"ListItem","position":1,"name":"Home","item":"https:\/\/www.edilonsedra.com\/fr\/"},{"@type":"ListItem","position":2,"name":"Service &#038; Conseils"}]},{"@type":"WebSite","@id":"https:\/\/www.edilonsedra.com\/fr\/#website","url":"https:\/\/www.edilonsedra.com\/fr\/","name":"edilon)(sedra","description":"Always a step ahead in rail systems","potentialAction":[{"@type":"SearchAction","target":{"@type":"EntryPoint","urlTemplate":"https:\/\/www.edilonsedra.com\/fr\/?s={search_term_string}"},"query-input":{"@type":"PropertyValueSpecification","valueRequired":true,"valueName":"search_term_string"}}],"inLanguage":"fr-FR"}]}},"_links":{"self":[{"href":"https:\/\/www.edilonsedra.com\/fr\/wp-json\/wp\/v2\/pages\/4540","targetHints":{"allow":["GET"]}}],"collection":[{"href":"https:\/\/www.edilonsedra.com\/fr\/wp-json\/wp\/v2\/pages"}],"about":[{"href":"https:\/\/www.edilonsedra.com\/fr\/wp-json\/wp\/v2\/types\/page"}],"author":[{"embeddable":true,"href":"https:\/\/www.edilonsedra.com\/fr\/wp-json\/wp\/v2\/users\/1"}],"replies":[{"embeddable":true,"href":"https:\/\/www.edilonsedra.com\/fr\/wp-json\/wp\/v2\/comments?post=4540"}],"version-history":[{"count":4,"href":"https:\/\/www.edilonsedra.com\/fr\/wp-json\/wp\/v2\/pages\/4540\/revisions"}],"predecessor-version":[{"id":7622,"href":"https:\/\/www.edilonsedra.com\/fr\/wp-json\/wp\/v2\/pages\/4540\/revisions\/7622"}],"wp:featuredmedia":[{"embeddable":true,"href":"https:\/\/www.edilonsedra.com\/fr\/wp-json\/wp\/v2\/media\/4382"}],"wp:attachment":[{"href":"https:\/\/www.edilonsedra.com\/fr\/wp-json\/wp\/v2\/media?parent=4540"}],"curies":[{"name":"wp","href":"https:\/\/api.w.org\/{rel}","templated":true}]}}