{"id":4557,"date":"2022-08-15T11:24:27","date_gmt":"2022-08-15T09:24:27","guid":{"rendered":"https:\/\/www.edilonsedra.com\/?page_id=4557"},"modified":"2024-01-16T10:45:16","modified_gmt":"2024-01-16T09:45:16","slug":"a-propos-de-nous","status":"publish","type":"page","link":"https:\/\/www.edilonsedra.com\/fr\/a-propos-de-nous\/","title":{"rendered":"\u00c0 propos de nous"},"content":{"rendered":"\n<h2 class=\"wp-block-heading\">D\u00e9couvrez le monde des voies sans ballast<\/h2>\n\n\n\n<p>edilon)(sedra est un fournisseur international de syst\u00e8mes de voies sans ballast, de syst\u00e8mes de rail isolants et de syst\u00e8mes de r\u00e9duction du bruit et des vibrations pour les voies \u00e0 grande vitesse, les trains lourds, les tramways et les syst\u00e8mes de m\u00e9tro l\u00e9ger, les m\u00e9tros, les voies industrielles et les voies de grue.<\/p>\n\n\n\n<p>En tant que fournisseur de solutions syst\u00e8me \u00e0 valeur ajout\u00e9e, nous pouvons vous soutenir dans les domaines de la conception et de l&rsquo;application des tunnels, des ponts, des passages \u00e0 niveau, des gares et des arr\u00eats, ainsi que des syst\u00e8mes de voies sur dalle urbaines. Mais pensez \u00e9galement aux d\u00e9p\u00f4ts, aux installations de lavage, aux ports et aux zones industrielles.<\/p>\n\n\n\n<p>Nous pouvons ajouter de la <a href=\"https:\/\/www.edilonsedra.com\/wp-content\/uploads\/2023\/10\/Infographic-edilon-sedra-value-added-services.jpg\" target=\"_blank\" rel=\"noreferrer noopener\">valeur \u00e0 votre projet<\/a> gr\u00e2ce \u00e0 :<\/p>\n\n\n\n<ul class=\"wp-block-list\">\n<li>La conception et le d\u00e9veloppement de solutions de fixation de rail durables<\/li>\n\n\n\n<li>Des services de soutien en mati\u00e8re d&rsquo;application et d&rsquo;ing\u00e9nierie<\/li>\n\n\n\n<li>Des conseils sur les probl\u00e8mes techniques et pratiques<\/li>\n\n\n\n<li>La formation, la supervision ou l&rsquo;installation de syst\u00e8mes edilon)(sedra<\/li>\n<\/ul>\n\n\n\n<p>Les syst\u00e8mes de fixation de rail edilon)(sedra pour les voies sans ballast sont une norme bien connue sur le march\u00e9 ferroviaire international depuis le d\u00e9but des ann\u00e9es 1970. edilon)(sedra fait partie du <a href=\"https:\/\/jameswalkergroup.com\/\" target=\"_blank\" rel=\"noreferrer noopener\">groupe James Walker<\/a>.<\/p>\n\n\n\n<section class=\"module-aboutcard wp-block margin-xlarge alignfull\">\n\t<div class=\"row align-center flex-grow\">\n\t\t\t\t<div class=\"large-6 small-12 column grow\">\n\t\t\t\n\t\t\t<div class=\"card grow\">\n\t\t\t\t<div class=\"card-image\">\n\t\t\t\t\t\t\t\t\t\t\t<img decoding=\"async\" src=\"https:\/\/www.edilonsedra.com\/wp-content\/uploads\/2023\/03\/edilon-sedra-office-Wiesbaden-1-1050x623.jpeg\" alt=\"\">\n\t\t\t\t\t\t\t\t\t<\/div>\n\t\t\t\t<div class=\"card-title\">\n\t\t\t\t\t<h3>Durabilit\u00e9 <\/h3>\t\t\t\t<\/div>\n\t\t\t\t<div class=\"card-content text-grow margin-small-bottom\">\n\t\t\t\t\t<p>edilon)(sedra travaille en permanence pour rendre ses syst\u00e8mes de fixation de rail plus durables. Notre entreprise d\u00e9veloppe et fournit des syst\u00e8mes de voie de haute qualit\u00e9 tout en cherchant \u00e0 minimiser l&rsquo;impact sur l&rsquo;environnement et le climat, et \u00e0 maximiser la disponibilit\u00e9 des voies ferr\u00e9es pour les passagers.<\/p>\n\t\t\t\t<\/div>\n\t\t\t\t\t\t\t\t\t<div class=\"card-button\">\n\t\t\t\t\t\t<a href=\"https:\/\/www.edilonsedra.com\/fr\/a-propos-de-nous\/durabilite\/\" class=\"button button-blue\" >En savoir plus<\/a>\n\t\t\t\t\t<\/div>\n\t\t\t\t\t\t\t<\/div>\n\t\t<\/div>\n\t\t\t\t<div class=\"large-6 small-12 column grow\">\n\t\t\t\n\t\t\t<div class=\"card grow\">\n\t\t\t\t<div class=\"card-image\">\n\t\t\t\t\t\t\t\t\t\t\t<img decoding=\"async\" src=\"https:\/\/www.edilonsedra.com\/wp-content\/uploads\/2023\/03\/edilon-sedra-great-company-to-work-1050x623.jpg\" alt=\"\">\n\t\t\t\t\t\t\t\t\t<\/div>\n\t\t\t\t<div class=\"card-title\">\n\t\t\t\t\t<h3>Carri\u00e8re<\/h3>\t\t\t\t<\/div>\n\t\t\t\t<div class=\"card-content text-grow margin-small-bottom\">\n\t\t\t\t\t<p>Chez edilon)(sedra, votre travail quotidien peut contribuer \u00e0 des technologies de voie innovantes et \u00e0 des solutions qui ont un impact positif et visible sur des milliers de passagers ferroviaires chaque jour.<\/p>\n\t\t\t\t<\/div>\n\t\t\t\t\t\t\t\t\t<div class=\"card-button\">\n\t\t\t\t\t\t<a href=\"https:\/\/www.edilonsedra.com\/fr\/carriere\/\" class=\"button button-blue\" >En savoir plus<\/a>\n\t\t\t\t\t<\/div>\n\t\t\t\t\t\t\t<\/div>\n\t\t<\/div>\n\t\t\t<\/div>\n<\/section>","protected":false},"excerpt":{"rendered":"<p>D\u00e9couvrez le monde des voies sans ballast edilon)(sedra est un fournisseur international de syst\u00e8mes de voies sans ballast, de syst\u00e8mes de rail isolants et de syst\u00e8mes de r\u00e9duction du bruit et des vibrations pour les voies \u00e0 grande vitesse, les trains lourds, les tramways et les syst\u00e8mes de m\u00e9tro l\u00e9ger, les m\u00e9tros, les voies industrielles<a class=\"excerpt-read-more\" href=\"https:\/\/www.edilonsedra.com\/fr\/a-propos-de-nous\/\" title=\"En savoir plus\u00c0 propos de nous\">&#8230; En savoir plus \u00bb<\/a><\/p>\n","protected":false},"author":1,"featured_media":4252,"parent":0,"menu_order":0,"comment_status":"closed","ping_status":"closed","template":"page-templates\/background-image-header.php","meta":{"_acf_changed":false,"footnotes":""},"class_list":["post-4557","page","type-page","status-publish","has-post-thumbnail","hentry"],"acf":[],"yoast_head":"<!-- This site is optimized with the Yoast SEO plugin v27.3 - https:\/\/yoast.com\/product\/yoast-seo-wordpress\/ -->\n<title>\u00c0 propos de nous - edilon)(sedra<\/title>\n<meta name=\"description\" content=\"edilon)(sedra est un fournisseur international de syst\u00e8mes de voie sans ballast, de syst\u00e8mes de rails isolants et de syst\u00e8mes de r\u00e9duction du bruit et des vibrations.\" \/>\n<meta name=\"robots\" content=\"index, follow, max-snippet:-1, max-image-preview:large, max-video-preview:-1\" \/>\n<link rel=\"canonical\" href=\"https:\/\/www.edilonsedra.com\/fr\/a-propos-de-nous\/\" \/>\n<meta property=\"og:locale\" content=\"fr_FR\" \/>\n<meta property=\"og:type\" content=\"article\" \/>\n<meta property=\"og:title\" content=\"\u00c0 propos de nous - edilon)(sedra\" \/>\n<meta property=\"og:description\" content=\"edilon)(sedra est un fournisseur international de syst\u00e8mes de voie sans ballast, de syst\u00e8mes de rails isolants et de syst\u00e8mes de r\u00e9duction du bruit et des vibrations.\" \/>\n<meta property=\"og:url\" content=\"https:\/\/www.edilonsedra.com\/fr\/a-propos-de-nous\/\" \/>\n<meta property=\"og:site_name\" content=\"edilon)(sedra\" \/>\n<meta property=\"article:modified_time\" content=\"2024-01-16T09:45:16+00:00\" \/>\n<meta property=\"og:image\" content=\"https:\/\/www.edilonsedra.com\/wp-content\/uploads\/2023\/02\/Corkelast-ERS-Hardbruecke-Zurich-1024x634.jpg\" \/>\n\t<meta property=\"og:image:width\" content=\"1024\" \/>\n\t<meta property=\"og:image:height\" content=\"634\" \/>\n\t<meta property=\"og:image:type\" content=\"image\/jpeg\" \/>\n<meta name=\"twitter:card\" content=\"summary_large_image\" \/>\n<meta name=\"twitter:label1\" content=\"Dur\u00e9e de lecture estim\u00e9e\" \/>\n\t<meta name=\"twitter:data1\" content=\"2 minutes\" \/>\n<script type=\"application\/ld+json\" class=\"yoast-schema-graph\">{\"@context\":\"https:\\\/\\\/schema.org\",\"@graph\":[{\"@type\":\"WebPage\",\"@id\":\"https:\\\/\\\/www.edilonsedra.com\\\/fr\\\/a-propos-de-nous\\\/\",\"url\":\"https:\\\/\\\/www.edilonsedra.com\\\/fr\\\/a-propos-de-nous\\\/\",\"name\":\"\u00c0 propos de nous - edilon)(sedra\",\"isPartOf\":{\"@id\":\"https:\\\/\\\/www.edilonsedra.com\\\/fr\\\/#website\"},\"primaryImageOfPage\":{\"@id\":\"https:\\\/\\\/www.edilonsedra.com\\\/fr\\\/a-propos-de-nous\\\/#primaryimage\"},\"image\":{\"@id\":\"https:\\\/\\\/www.edilonsedra.com\\\/fr\\\/a-propos-de-nous\\\/#primaryimage\"},\"thumbnailUrl\":\"https:\\\/\\\/www.edilonsedra.com\\\/wp-content\\\/uploads\\\/2023\\\/02\\\/Corkelast-ERS-Hardbruecke-Zurich.jpg\",\"datePublished\":\"2022-08-15T09:24:27+00:00\",\"dateModified\":\"2024-01-16T09:45:16+00:00\",\"description\":\"edilon)(sedra est un fournisseur international de syst\u00e8mes de voie sans ballast, de syst\u00e8mes de rails isolants et de syst\u00e8mes de r\u00e9duction du bruit et des vibrations.\",\"breadcrumb\":{\"@id\":\"https:\\\/\\\/www.edilonsedra.com\\\/fr\\\/a-propos-de-nous\\\/#breadcrumb\"},\"inLanguage\":\"fr-FR\",\"potentialAction\":[{\"@type\":\"ReadAction\",\"target\":[\"https:\\\/\\\/www.edilonsedra.com\\\/fr\\\/a-propos-de-nous\\\/\"]}]},{\"@type\":\"ImageObject\",\"inLanguage\":\"fr-FR\",\"@id\":\"https:\\\/\\\/www.edilonsedra.com\\\/fr\\\/a-propos-de-nous\\\/#primaryimage\",\"url\":\"https:\\\/\\\/www.edilonsedra.com\\\/wp-content\\\/uploads\\\/2023\\\/02\\\/Corkelast-ERS-Hardbruecke-Zurich.jpg\",\"contentUrl\":\"https:\\\/\\\/www.edilonsedra.com\\\/wp-content\\\/uploads\\\/2023\\\/02\\\/Corkelast-ERS-Hardbruecke-Zurich.jpg\",\"width\":2500,\"height\":1549},{\"@type\":\"BreadcrumbList\",\"@id\":\"https:\\\/\\\/www.edilonsedra.com\\\/fr\\\/a-propos-de-nous\\\/#breadcrumb\",\"itemListElement\":[{\"@type\":\"ListItem\",\"position\":1,\"name\":\"Home\",\"item\":\"https:\\\/\\\/www.edilonsedra.com\\\/fr\\\/\"},{\"@type\":\"ListItem\",\"position\":2,\"name\":\"\u00c0 propos de nous\"}]},{\"@type\":\"WebSite\",\"@id\":\"https:\\\/\\\/www.edilonsedra.com\\\/fr\\\/#website\",\"url\":\"https:\\\/\\\/www.edilonsedra.com\\\/fr\\\/\",\"name\":\"edilon)(sedra\",\"description\":\"Always a step ahead in rail systems\",\"potentialAction\":[{\"@type\":\"SearchAction\",\"target\":{\"@type\":\"EntryPoint\",\"urlTemplate\":\"https:\\\/\\\/www.edilonsedra.com\\\/fr\\\/?s={search_term_string}\"},\"query-input\":{\"@type\":\"PropertyValueSpecification\",\"valueRequired\":true,\"valueName\":\"search_term_string\"}}],\"inLanguage\":\"fr-FR\"}]}<\/script>\n<!-- \/ Yoast SEO plugin. -->","yoast_head_json":{"title":"\u00c0 propos de nous - edilon)(sedra","description":"edilon)(sedra est un fournisseur international de syst\u00e8mes de voie sans ballast, de syst\u00e8mes de rails isolants et de syst\u00e8mes de r\u00e9duction du bruit et des vibrations.","robots":{"index":"index","follow":"follow","max-snippet":"max-snippet:-1","max-image-preview":"max-image-preview:large","max-video-preview":"max-video-preview:-1"},"canonical":"https:\/\/www.edilonsedra.com\/fr\/a-propos-de-nous\/","og_locale":"fr_FR","og_type":"article","og_title":"\u00c0 propos de nous - edilon)(sedra","og_description":"edilon)(sedra est un fournisseur international de syst\u00e8mes de voie sans ballast, de syst\u00e8mes de rails isolants et de syst\u00e8mes de r\u00e9duction du bruit et des vibrations.","og_url":"https:\/\/www.edilonsedra.com\/fr\/a-propos-de-nous\/","og_site_name":"edilon)(sedra","article_modified_time":"2024-01-16T09:45:16+00:00","og_image":[{"width":1024,"height":634,"url":"https:\/\/www.edilonsedra.com\/wp-content\/uploads\/2023\/02\/Corkelast-ERS-Hardbruecke-Zurich-1024x634.jpg","type":"image\/jpeg"}],"twitter_card":"summary_large_image","twitter_misc":{"Dur\u00e9e de lecture estim\u00e9e":"2 minutes"},"schema":{"@context":"https:\/\/schema.org","@graph":[{"@type":"WebPage","@id":"https:\/\/www.edilonsedra.com\/fr\/a-propos-de-nous\/","url":"https:\/\/www.edilonsedra.com\/fr\/a-propos-de-nous\/","name":"\u00c0 propos de nous - edilon)(sedra","isPartOf":{"@id":"https:\/\/www.edilonsedra.com\/fr\/#website"},"primaryImageOfPage":{"@id":"https:\/\/www.edilonsedra.com\/fr\/a-propos-de-nous\/#primaryimage"},"image":{"@id":"https:\/\/www.edilonsedra.com\/fr\/a-propos-de-nous\/#primaryimage"},"thumbnailUrl":"https:\/\/www.edilonsedra.com\/wp-content\/uploads\/2023\/02\/Corkelast-ERS-Hardbruecke-Zurich.jpg","datePublished":"2022-08-15T09:24:27+00:00","dateModified":"2024-01-16T09:45:16+00:00","description":"edilon)(sedra est un fournisseur international de syst\u00e8mes de voie sans ballast, de syst\u00e8mes de rails isolants et de syst\u00e8mes de r\u00e9duction du bruit et des vibrations.","breadcrumb":{"@id":"https:\/\/www.edilonsedra.com\/fr\/a-propos-de-nous\/#breadcrumb"},"inLanguage":"fr-FR","potentialAction":[{"@type":"ReadAction","target":["https:\/\/www.edilonsedra.com\/fr\/a-propos-de-nous\/"]}]},{"@type":"ImageObject","inLanguage":"fr-FR","@id":"https:\/\/www.edilonsedra.com\/fr\/a-propos-de-nous\/#primaryimage","url":"https:\/\/www.edilonsedra.com\/wp-content\/uploads\/2023\/02\/Corkelast-ERS-Hardbruecke-Zurich.jpg","contentUrl":"https:\/\/www.edilonsedra.com\/wp-content\/uploads\/2023\/02\/Corkelast-ERS-Hardbruecke-Zurich.jpg","width":2500,"height":1549},{"@type":"BreadcrumbList","@id":"https:\/\/www.edilonsedra.com\/fr\/a-propos-de-nous\/#breadcrumb","itemListElement":[{"@type":"ListItem","position":1,"name":"Home","item":"https:\/\/www.edilonsedra.com\/fr\/"},{"@type":"ListItem","position":2,"name":"\u00c0 propos de nous"}]},{"@type":"WebSite","@id":"https:\/\/www.edilonsedra.com\/fr\/#website","url":"https:\/\/www.edilonsedra.com\/fr\/","name":"edilon)(sedra","description":"Always a step ahead in rail systems","potentialAction":[{"@type":"SearchAction","target":{"@type":"EntryPoint","urlTemplate":"https:\/\/www.edilonsedra.com\/fr\/?s={search_term_string}"},"query-input":{"@type":"PropertyValueSpecification","valueRequired":true,"valueName":"search_term_string"}}],"inLanguage":"fr-FR"}]}},"_links":{"self":[{"href":"https:\/\/www.edilonsedra.com\/fr\/wp-json\/wp\/v2\/pages\/4557","targetHints":{"allow":["GET"]}}],"collection":[{"href":"https:\/\/www.edilonsedra.com\/fr\/wp-json\/wp\/v2\/pages"}],"about":[{"href":"https:\/\/www.edilonsedra.com\/fr\/wp-json\/wp\/v2\/types\/page"}],"author":[{"embeddable":true,"href":"https:\/\/www.edilonsedra.com\/fr\/wp-json\/wp\/v2\/users\/1"}],"replies":[{"embeddable":true,"href":"https:\/\/www.edilonsedra.com\/fr\/wp-json\/wp\/v2\/comments?post=4557"}],"version-history":[{"count":3,"href":"https:\/\/www.edilonsedra.com\/fr\/wp-json\/wp\/v2\/pages\/4557\/revisions"}],"predecessor-version":[{"id":6534,"href":"https:\/\/www.edilonsedra.com\/fr\/wp-json\/wp\/v2\/pages\/4557\/revisions\/6534"}],"wp:featuredmedia":[{"embeddable":true,"href":"https:\/\/www.edilonsedra.com\/fr\/wp-json\/wp\/v2\/media\/4252"}],"wp:attachment":[{"href":"https:\/\/www.edilonsedra.com\/fr\/wp-json\/wp\/v2\/media?parent=4557"}],"curies":[{"name":"wp","href":"https:\/\/api.w.org\/{rel}","templated":true}]}}