{"id":4572,"date":"2023-03-24T09:07:45","date_gmt":"2023-03-24T08:07:45","guid":{"rendered":"https:\/\/www.edilonsedra.com\/?page_id=4572"},"modified":"2025-08-26T13:31:52","modified_gmt":"2025-08-26T11:31:52","slug":"telechargements","status":"publish","type":"page","link":"https:\/\/www.edilonsedra.com\/fr\/telechargements\/","title":{"rendered":"T\u00e9l\u00e9chargements"},"content":{"rendered":"\n<h4 class=\"wp-block-heading\"><strong>edilon)(sedra bv<\/strong> \/ <strong>edilon)(sedra Group bv<\/strong><\/h4>\n\n\n\n<p><a href=\"https:\/\/www.edilonsedra.com\/wp-content\/uploads\/2024\/04\/Meldregeling-misstanden-onregelmatigheden-en-inbreuken-op-EU-recht-Wet-bescherming-klokkenluiders-Wbk.pdf\" target=\"_blank\" rel=\"noreferrer noopener\">Meldregeling misstanden, onregelmatigheden en inbreuken op EU-recht edilon)(sedra Group bv<\/a><br><a href=\"https:\/\/www.edilonsedra.com\/wp-content\/uploads\/2024\/04\/Beleid-Klachtenregeling-Ongewenste-Omgangsvormen.pdf\" target=\"_blank\" rel=\"noreferrer noopener\">Beleid &amp; Klachtenregeling Ongewenste Omgangsvormen edilon)(sedra Group bv<\/a><br><a href=\"https:\/\/www.edilonsedra.com\/wp-content\/uploads\/2023\/03\/Extended-company-information-IBAN-BIC-VAT-KVK-edilonsedra-bv.pdf\" target=\"_blank\" rel=\"noreferrer noopener\">Extended company information IBAN BIC VAT KVK edilon)(sedra bv<\/a><\/p>\n\n\n\n<h4 class=\"wp-block-heading\"><strong>edilon)(sedra GmbH \/ edilon)(sedra EBS GmbH<\/strong><\/h4>\n\n\n\n<p><a href=\"https:\/\/www.edilonsedra.com\/wp-content\/uploads\/2023\/03\/Impressum-edilonsedra-GmbH_edilonsedra-EBS-GmbH.pdf\" target=\"_blank\" rel=\"noreferrer noopener\">Impressum (mentions l\u00e9gales) edilon)(sedra GmbH\/edilon)(sedra EBS GmbH<\/a><\/p>\n\n\n\n<h4 class=\"wp-block-heading\"><strong>Certificates<\/strong><\/h4>\n\n\n\n<p><a href=\"https:\/\/www.edilonsedra.com\/wp-content\/uploads\/2023\/05\/ISO-9001-2015-Certificate-edilonsedra-bv_EN_NL.pdf\">ISO 9001:2015 edilon)(sedra bv<\/a><br><a href=\"https:\/\/www.edilonsedra.com\/wp-content\/uploads\/2025\/08\/ISO-9001-2015-Certificate-edilonsedra-GmbH-Master-Certificate_Aug25_EN.pdf\" target=\"_blank\" rel=\"noreferrer noopener\">ISO 9001:2015 edilon)(sedra GmbH \/ edilon)(sedra EBS GmbH<\/a><br><a href=\"https:\/\/www.edilonsedra.com\/wp-content\/uploads\/2023\/03\/ISO-14001-2015-Certificate-edilonsedra-bv_EN.pdf\">ISO 14001:2015 edilon)(sedra bv<\/a><br><a href=\"https:\/\/www.edilonsedra.com\/wp-content\/uploads\/2023\/03\/Certificate_CO2-performance-ladder_EN.pdf\">Certificate CO2 performance ladder edilon)(sedra bv<\/a><\/p>\n\n\n\n<h4 class=\"wp-block-heading\"><strong>Declarations of Performance<\/strong><\/h4>\n\n\n\n<p><a href=\"https:\/\/www.edilonsedra.com\/wp-content\/uploads\/2025\/06\/DOP_Corkelast-TO-for-Poland_200207-rev-02_ENPL.pdf\" target=\"_blank\" rel=\"noreferrer noopener\">DOP Corkelast TO \u2013 Poland<\/a><br><a href=\"https:\/\/www.edilonsedra.com\/wp-content\/uploads\/2023\/03\/DOP-Corkelast-TO-m-Poland-200801-rev-01_PL_EN-1.pdf\" target=\"_blank\" rel=\"noreferrer noopener\">DOP Corkelast TO (m) \u2013 Poland<\/a><br><a href=\"https:\/\/www.edilonsedra.com\/wp-content\/uploads\/2025\/07\/DOP_Corkelast-VA-60-Poland_250507-rev-00_PL_EN.pdf\" target=\"_blank\" rel=\"noreferrer noopener\">DOP Corkelast VA-60 \u2013 Poland<\/a><br><a href=\"https:\/\/www.edilonsedra.com\/wp-content\/uploads\/2023\/03\/DOP-Dex-EA-2K-ENNL-210212-rev-00.pdf\" target=\"_blank\" rel=\"noreferrer noopener\">DOP Dex-EA 2K<\/a><br><a href=\"https:\/\/www.edilonsedra.com\/wp-content\/uploads\/2023\/03\/DOP_Dex-R-2K_211203-rev-00_EN.pdf\" target=\"_blank\" rel=\"noreferrer noopener\">DOP Dex-R 2K<\/a><br><a href=\"https:\/\/www.edilonsedra.com\/wp-content\/uploads\/2025\/07\/DOP-Primer-U90WB-Poland-200206-rev-04_PL_EN.pdf.pdf\" target=\"_blank\" rel=\"noreferrer noopener\">DOP Primer U90WB \u2013 Poland<\/a><br><a href=\"https:\/\/www.edilonsedra.com\/wp-content\/uploads\/2023\/06\/DOP_Trackelast_STM_RPU_Blue_Poland_180401_rev-03_combined_PL_EN.pdf\" target=\"_blank\" rel=\"noreferrer noopener\">DOP Trackelast STM RPU Blue \u2013 Poland<\/a><br><a href=\"https:\/\/www.edilonsedra.com\/wp-content\/uploads\/2025\/08\/DOP-SDS-Filler-Block-Poland-220515-rev-01_PL_EN-1.pdf\" target=\"_blank\" rel=\"noreferrer noopener\">DOP SDS Filler Block \u2013 Poland<\/a><br><a href=\"https:\/\/www.edilonsedra.com\/wp-content\/uploads\/2023\/03\/DOP-SDS-M-Filler-Block-Poland-220516-rev-00_PL_EN.pdf\" target=\"_blank\" rel=\"noreferrer noopener\">DOP SDS-M Fill<\/a><a href=\"https:\/\/www.edilonsedra.com\/wp-content\/uploads\/2025\/08\/DOP-SDS-M-Filler-Block-Poland-220516-rev-01_PL_EN.pdf\" target=\"_blank\" rel=\"noreferrer noopener\">e<\/a><a href=\"https:\/\/www.edilonsedra.com\/wp-content\/uploads\/2023\/03\/DOP-SDS-M-Filler-Block-Poland-220516-rev-00_PL_EN.pdf\" target=\"_blank\" rel=\"noreferrer noopener\">r Block \u2013 Poland<\/a><br><a href=\"https:\/\/www.edilonsedra.com\/wp-content\/uploads\/2025\/08\/DOP-SDS-Rail-Cap-HD-Poland-220517-rev-01_PL_EN.pdf\" target=\"_blank\" rel=\"noreferrer noopener\">DOP SDS Rail Cap HD \u2013 Poland<\/a><br><a href=\"https:\/\/www.edilonsedra.com\/wp-content\/uploads\/2025\/08\/DOP_SEDRA-ISO-Poland-220518-rev-01_PL_EN.pdf\" target=\"_blank\" rel=\"noreferrer noopener\">DOP SEDRA ISO \u2013 Poland<\/a><br><a href=\"https:\/\/www.edilonsedra.com\/wp-content\/uploads\/2025\/08\/DOP-Trackelast-CS-Eco-Poland-220519-rev-01_PL_EN.pdf\" target=\"_blank\" rel=\"noreferrer noopener\">DOP Trackelast CS Eco \u2013 Poland<\/a><br><a href=\"https:\/\/www.edilonsedra.com\/wp-content\/uploads\/2025\/08\/DOP-Sedrafer-GU-Poland-220520-rev-01_PL_EN.pdf\" target=\"_blank\" rel=\"noreferrer noopener\">DOP Sedrafer GU \u2013 Poland<\/a><br><a href=\"https:\/\/www.edilonsedra.com\/wp-content\/uploads\/2025\/08\/DOP-Sedrafer-PU-35-Poland-220521-rev-01_PL_EN.pdf\" target=\"_blank\" rel=\"noreferrer noopener\">DOP Sedrafer PU 35 \u2013 Poland<\/a><br><a href=\"https:\/\/www.edilonsedra.com\/wp-content\/uploads\/2023\/03\/DOP-Corkelast-VA-40-Poland-221001-rev-00_PL_EN.pdf\" target=\"_blank\" rel=\"noreferrer noopener\">DOP Corkelast VA-40 \u2013 Poland<\/a><\/p>\n\n\n\n<h4 class=\"wp-block-heading\"><strong>Statements<\/strong><\/h4>\n\n\n\n<p><a href=\"https:\/\/www.edilonsedra.com\/wp-content\/uploads\/2024\/02\/JWG-Ethics-Statement-30-January-2024.pdf\" target=\"_blank\" rel=\"noreferrer noopener\">Ethics Statement James Walker Group 30 January 2024<\/a><\/p>\n\n\n\n<p><\/p>\n\n\n\n<p><\/p>\n","protected":false},"excerpt":{"rendered":"<p>edilon)(sedra bv \/ edilon)(sedra Group bv Meldregeling misstanden, onregelmatigheden en inbreuken op EU-recht edilon)(sedra Group bvBeleid &amp; Klachtenregeling Ongewenste Omgangsvormen edilon)(sedra Group bvExtended company information IBAN BIC VAT KVK edilon)(sedra bv edilon)(sedra GmbH \/ edilon)(sedra EBS GmbH Impressum (mentions l\u00e9gales) edilon)(sedra GmbH\/edilon)(sedra EBS GmbH Certificates ISO 9001:2015 edilon)(sedra bvISO 9001:2015 edilon)(sedra GmbH \/ edilon)(sedra EBS<a class=\"excerpt-read-more\" href=\"https:\/\/www.edilonsedra.com\/fr\/telechargements\/\" title=\"En savoir plusT\u00e9l\u00e9chargements\">&#8230; En savoir plus \u00bb<\/a><\/p>\n","protected":false},"author":1,"featured_media":4246,"parent":0,"menu_order":0,"comment_status":"closed","ping_status":"closed","template":"","meta":{"_acf_changed":false,"footnotes":""},"class_list":["post-4572","page","type-page","status-publish","has-post-thumbnail","hentry"],"acf":[],"yoast_head":"<!-- This site is optimized with the Yoast SEO plugin v27.3 - https:\/\/yoast.com\/product\/yoast-seo-wordpress\/ -->\n<title>T\u00e9l\u00e9chargements - edilon)(sedra<\/title>\n<meta name=\"description\" content=\"T\u00e9l\u00e9chargements, aucun droit ne peut \u00eatre d\u00e9riv\u00e9 des donn\u00e9es et\/ou informations publi\u00e9es sur ce site Web.\" \/>\n<meta name=\"robots\" content=\"index, follow, max-snippet:-1, max-image-preview:large, max-video-preview:-1\" \/>\n<link rel=\"canonical\" href=\"https:\/\/www.edilonsedra.com\/fr\/telechargements\/\" \/>\n<meta property=\"og:locale\" content=\"fr_FR\" \/>\n<meta property=\"og:type\" content=\"article\" \/>\n<meta property=\"og:title\" content=\"T\u00e9l\u00e9chargements - edilon)(sedra\" \/>\n<meta property=\"og:description\" content=\"T\u00e9l\u00e9chargements, aucun droit ne peut \u00eatre d\u00e9riv\u00e9 des donn\u00e9es et\/ou informations publi\u00e9es sur ce site Web.\" \/>\n<meta property=\"og:url\" content=\"https:\/\/www.edilonsedra.com\/fr\/telechargements\/\" \/>\n<meta property=\"og:site_name\" content=\"edilon)(sedra\" \/>\n<meta property=\"article:modified_time\" content=\"2025-08-26T11:31:52+00:00\" \/>\n<meta property=\"og:image\" content=\"https:\/\/www.edilonsedra.com\/wp-content\/uploads\/2022\/11\/dfs.jpeg\" \/>\n\t<meta property=\"og:image:width\" content=\"1504\" \/>\n\t<meta property=\"og:image:height\" content=\"1000\" \/>\n\t<meta property=\"og:image:type\" content=\"image\/jpeg\" \/>\n<meta name=\"twitter:card\" content=\"summary_large_image\" \/>\n<meta name=\"twitter:label1\" content=\"Dur\u00e9e de lecture estim\u00e9e\" \/>\n\t<meta name=\"twitter:data1\" content=\"1 minute\" \/>\n<script type=\"application\/ld+json\" class=\"yoast-schema-graph\">{\"@context\":\"https:\\\/\\\/schema.org\",\"@graph\":[{\"@type\":\"WebPage\",\"@id\":\"https:\\\/\\\/www.edilonsedra.com\\\/fr\\\/telechargements\\\/\",\"url\":\"https:\\\/\\\/www.edilonsedra.com\\\/fr\\\/telechargements\\\/\",\"name\":\"T\u00e9l\u00e9chargements - edilon)(sedra\",\"isPartOf\":{\"@id\":\"https:\\\/\\\/www.edilonsedra.com\\\/fr\\\/#website\"},\"primaryImageOfPage\":{\"@id\":\"https:\\\/\\\/www.edilonsedra.com\\\/fr\\\/telechargements\\\/#primaryimage\"},\"image\":{\"@id\":\"https:\\\/\\\/www.edilonsedra.com\\\/fr\\\/telechargements\\\/#primaryimage\"},\"thumbnailUrl\":\"https:\\\/\\\/www.edilonsedra.com\\\/wp-content\\\/uploads\\\/2022\\\/11\\\/dfs.jpeg\",\"datePublished\":\"2023-03-24T08:07:45+00:00\",\"dateModified\":\"2025-08-26T11:31:52+00:00\",\"description\":\"T\u00e9l\u00e9chargements, aucun droit ne peut \u00eatre d\u00e9riv\u00e9 des donn\u00e9es et\\\/ou informations publi\u00e9es sur ce site Web.\",\"breadcrumb\":{\"@id\":\"https:\\\/\\\/www.edilonsedra.com\\\/fr\\\/telechargements\\\/#breadcrumb\"},\"inLanguage\":\"fr-FR\",\"potentialAction\":[{\"@type\":\"ReadAction\",\"target\":[\"https:\\\/\\\/www.edilonsedra.com\\\/fr\\\/telechargements\\\/\"]}]},{\"@type\":\"ImageObject\",\"inLanguage\":\"fr-FR\",\"@id\":\"https:\\\/\\\/www.edilonsedra.com\\\/fr\\\/telechargements\\\/#primaryimage\",\"url\":\"https:\\\/\\\/www.edilonsedra.com\\\/wp-content\\\/uploads\\\/2022\\\/11\\\/dfs.jpeg\",\"contentUrl\":\"https:\\\/\\\/www.edilonsedra.com\\\/wp-content\\\/uploads\\\/2022\\\/11\\\/dfs.jpeg\",\"width\":1504,\"height\":1000},{\"@type\":\"BreadcrumbList\",\"@id\":\"https:\\\/\\\/www.edilonsedra.com\\\/fr\\\/telechargements\\\/#breadcrumb\",\"itemListElement\":[{\"@type\":\"ListItem\",\"position\":1,\"name\":\"Home\",\"item\":\"https:\\\/\\\/www.edilonsedra.com\\\/fr\\\/\"},{\"@type\":\"ListItem\",\"position\":2,\"name\":\"T\u00e9l\u00e9chargements\"}]},{\"@type\":\"WebSite\",\"@id\":\"https:\\\/\\\/www.edilonsedra.com\\\/fr\\\/#website\",\"url\":\"https:\\\/\\\/www.edilonsedra.com\\\/fr\\\/\",\"name\":\"edilon)(sedra\",\"description\":\"Always a step ahead in rail systems\",\"potentialAction\":[{\"@type\":\"SearchAction\",\"target\":{\"@type\":\"EntryPoint\",\"urlTemplate\":\"https:\\\/\\\/www.edilonsedra.com\\\/fr\\\/?s={search_term_string}\"},\"query-input\":{\"@type\":\"PropertyValueSpecification\",\"valueRequired\":true,\"valueName\":\"search_term_string\"}}],\"inLanguage\":\"fr-FR\"}]}<\/script>\n<!-- \/ Yoast SEO plugin. -->","yoast_head_json":{"title":"T\u00e9l\u00e9chargements - edilon)(sedra","description":"T\u00e9l\u00e9chargements, aucun droit ne peut \u00eatre d\u00e9riv\u00e9 des donn\u00e9es et\/ou informations publi\u00e9es sur ce site Web.","robots":{"index":"index","follow":"follow","max-snippet":"max-snippet:-1","max-image-preview":"max-image-preview:large","max-video-preview":"max-video-preview:-1"},"canonical":"https:\/\/www.edilonsedra.com\/fr\/telechargements\/","og_locale":"fr_FR","og_type":"article","og_title":"T\u00e9l\u00e9chargements - edilon)(sedra","og_description":"T\u00e9l\u00e9chargements, aucun droit ne peut \u00eatre d\u00e9riv\u00e9 des donn\u00e9es et\/ou informations publi\u00e9es sur ce site Web.","og_url":"https:\/\/www.edilonsedra.com\/fr\/telechargements\/","og_site_name":"edilon)(sedra","article_modified_time":"2025-08-26T11:31:52+00:00","og_image":[{"width":1504,"height":1000,"url":"https:\/\/www.edilonsedra.com\/wp-content\/uploads\/2022\/11\/dfs.jpeg","type":"image\/jpeg"}],"twitter_card":"summary_large_image","twitter_misc":{"Dur\u00e9e de lecture estim\u00e9e":"1 minute"},"schema":{"@context":"https:\/\/schema.org","@graph":[{"@type":"WebPage","@id":"https:\/\/www.edilonsedra.com\/fr\/telechargements\/","url":"https:\/\/www.edilonsedra.com\/fr\/telechargements\/","name":"T\u00e9l\u00e9chargements - edilon)(sedra","isPartOf":{"@id":"https:\/\/www.edilonsedra.com\/fr\/#website"},"primaryImageOfPage":{"@id":"https:\/\/www.edilonsedra.com\/fr\/telechargements\/#primaryimage"},"image":{"@id":"https:\/\/www.edilonsedra.com\/fr\/telechargements\/#primaryimage"},"thumbnailUrl":"https:\/\/www.edilonsedra.com\/wp-content\/uploads\/2022\/11\/dfs.jpeg","datePublished":"2023-03-24T08:07:45+00:00","dateModified":"2025-08-26T11:31:52+00:00","description":"T\u00e9l\u00e9chargements, aucun droit ne peut \u00eatre d\u00e9riv\u00e9 des donn\u00e9es et\/ou informations publi\u00e9es sur ce site Web.","breadcrumb":{"@id":"https:\/\/www.edilonsedra.com\/fr\/telechargements\/#breadcrumb"},"inLanguage":"fr-FR","potentialAction":[{"@type":"ReadAction","target":["https:\/\/www.edilonsedra.com\/fr\/telechargements\/"]}]},{"@type":"ImageObject","inLanguage":"fr-FR","@id":"https:\/\/www.edilonsedra.com\/fr\/telechargements\/#primaryimage","url":"https:\/\/www.edilonsedra.com\/wp-content\/uploads\/2022\/11\/dfs.jpeg","contentUrl":"https:\/\/www.edilonsedra.com\/wp-content\/uploads\/2022\/11\/dfs.jpeg","width":1504,"height":1000},{"@type":"BreadcrumbList","@id":"https:\/\/www.edilonsedra.com\/fr\/telechargements\/#breadcrumb","itemListElement":[{"@type":"ListItem","position":1,"name":"Home","item":"https:\/\/www.edilonsedra.com\/fr\/"},{"@type":"ListItem","position":2,"name":"T\u00e9l\u00e9chargements"}]},{"@type":"WebSite","@id":"https:\/\/www.edilonsedra.com\/fr\/#website","url":"https:\/\/www.edilonsedra.com\/fr\/","name":"edilon)(sedra","description":"Always a step ahead in rail systems","potentialAction":[{"@type":"SearchAction","target":{"@type":"EntryPoint","urlTemplate":"https:\/\/www.edilonsedra.com\/fr\/?s={search_term_string}"},"query-input":{"@type":"PropertyValueSpecification","valueRequired":true,"valueName":"search_term_string"}}],"inLanguage":"fr-FR"}]}},"_links":{"self":[{"href":"https:\/\/www.edilonsedra.com\/fr\/wp-json\/wp\/v2\/pages\/4572","targetHints":{"allow":["GET"]}}],"collection":[{"href":"https:\/\/www.edilonsedra.com\/fr\/wp-json\/wp\/v2\/pages"}],"about":[{"href":"https:\/\/www.edilonsedra.com\/fr\/wp-json\/wp\/v2\/types\/page"}],"author":[{"embeddable":true,"href":"https:\/\/www.edilonsedra.com\/fr\/wp-json\/wp\/v2\/users\/1"}],"replies":[{"embeddable":true,"href":"https:\/\/www.edilonsedra.com\/fr\/wp-json\/wp\/v2\/comments?post=4572"}],"version-history":[{"count":7,"href":"https:\/\/www.edilonsedra.com\/fr\/wp-json\/wp\/v2\/pages\/4572\/revisions"}],"predecessor-version":[{"id":8466,"href":"https:\/\/www.edilonsedra.com\/fr\/wp-json\/wp\/v2\/pages\/4572\/revisions\/8466"}],"wp:featuredmedia":[{"embeddable":true,"href":"https:\/\/www.edilonsedra.com\/fr\/wp-json\/wp\/v2\/media\/4246"}],"wp:attachment":[{"href":"https:\/\/www.edilonsedra.com\/fr\/wp-json\/wp\/v2\/media?parent=4572"}],"curies":[{"name":"wp","href":"https:\/\/api.w.org\/{rel}","templated":true}]}}