{"id":4574,"date":"2022-08-15T07:27:30","date_gmt":"2022-08-15T05:27:30","guid":{"rendered":"https:\/\/www.edilonsedra.com\/?page_id=4574"},"modified":"2024-01-16T10:33:28","modified_gmt":"2024-01-16T09:33:28","slug":"declaration-de-confidentialite","status":"publish","type":"page","link":"https:\/\/www.edilonsedra.com\/fr\/declaration-de-confidentialite\/","title":{"rendered":"D\u00e9claration de confidentialit\u00e9"},"content":{"rendered":"\n<p>Prot\u00e9ger vos donn\u00e9es personnelles est un sujet important pour nous. Cette d\u00e9claration vous fournit des informations d\u00e9taill\u00e9es sur la collecte, l&rsquo;utilisation et le traitement des donn\u00e9es priv\u00e9es par l&rsquo;entit\u00e9 responsable.<\/p>\n\n\n\n<figure class=\"wp-block-table is-style-stripes\"><table><tbody><tr><td>Entreprise:<\/td><td>edilon)(sedra Group B.V.<\/td><\/tr><tr><td>Responsable de la protection des donn\u00e9es:<\/td><td>Mathias G\u00e4rtner<\/td><\/tr><tr><td>Adresse:<\/td><td>Nijverheidsweg 23<br>2031 CN Haarlem<br>Pays-Bas<\/td><\/tr><tr><td>T\u00e9l\u00e9phone: <\/td><td>+49 6151 97 12 640<\/td><\/tr><tr><td>Email:<\/td><td>Mathias.Gaertner[at]it-svbuero.de<\/td><\/tr><\/tbody><\/table><\/figure>\n\n\n\n<p>La base l\u00e9gale pour l&rsquo;exploitation de la protection des donn\u00e9es peut \u00eatre trouv\u00e9e dans le r\u00e8glement europ\u00e9en sur la protection des donn\u00e9es 2016\/679 (RGPD de l&rsquo;UE).<br>Donn\u00e9es d&rsquo;acc\u00e8s et fichiers journaux du serveur<\/p>\n\n\n\n<p>Lorsque vous visitez ce site web, edilon)(sedra (ou notre h\u00e9bergeur web en notre nom) collecte des donn\u00e9es sur chaque acc\u00e8s au site web (ou aux (sous-)pages qui s&rsquo;y trouvent) sous forme de fichiers journaux du serveur. Ces donn\u00e9es comprennent :<\/p>\n\n\n\n<ul class=\"wp-block-list\">\n<li>nom de la page web consult\u00e9e<\/li>\n\n\n\n<li>nom du fichier consult\u00e9 (le cas \u00e9ch\u00e9ant)<\/li>\n\n\n\n<li>date et heure de l&rsquo;acc\u00e8s<\/li>\n\n\n\n<li>quantit\u00e9 de donn\u00e9es transf\u00e9r\u00e9es<\/li>\n\n\n\n<li>rapports d&rsquo;\u00e9tat sur l&rsquo;acc\u00e8s (r\u00e9ussi, \u00e9chec ou autre)<\/li>\n\n\n\n<li>type et version du navigateur utilis\u00e9<\/li>\n\n\n\n<li>syst\u00e8me d&rsquo;exploitation et version du client utilis\u00e9<\/li>\n\n\n\n<li>URL de r\u00e9f\u00e9rence (adresse de la page web pr\u00e9c\u00e9demment consult\u00e9e)<\/li>\n\n\n\n<li>adresse IP et fournisseur utilis\u00e9 pour l&rsquo;acc\u00e8s<\/li>\n<\/ul>\n\n\n\n<p>Ces donn\u00e9es seront utilis\u00e9es uniquement \u00e0 des fins statistiques. Elles ne seront pas transmises \u00e0 des tiers. Les statistiques seront utilis\u00e9es pour garantir le bon fonctionnement, la s\u00e9curit\u00e9 et l&rsquo;optimisation du site web. edilon)(sedra se r\u00e9serve le droit d&rsquo;analyser les donn\u00e9es ult\u00e9rieurement s&rsquo;il existe des raisons de croire \u00e0 une utilisation incorrecte, malveillante ou ill\u00e9gale du site web. En temps normal, ces fichiers journaux seront supprim\u00e9s apr\u00e8s 90 jours. Les donn\u00e9es sont collect\u00e9es conform\u00e9ment \u00e0 l&rsquo;article 6, I lit f du RGPD de l&rsquo;UE.<\/p>\n\n\n\n<h4 class=\"wp-block-heading\">Cookies<\/h4>\n\n\n\n<p>When you visit our website we might store information on your computer in the form of cookies. Cookies are small files which allow to store information on the client computer. This information is device oriented and is used to create a better usability but also to further identify the user (i.e. to enable auto-login).<\/p>\n\n\n\n<p>Also cookies can be used to further create statistics about the website usage. The statistics will also be used to enhance the usability, stability and accessibility of the service offered.<\/p>\n\n\n\n<p>There are three different type of cookies. Cookies that are absolutely necessary to operate the website and to offer you the best experience possible are gathered and operated on under the provision of Article 6, I lit b EU-GDPR. Cookies that are used by us to store access statistics will be gathered and used according to Article 6, I lit a EU-GDPR. An appropriate cookie banner will be displayed at the first time you access our web page.<\/p>\n\n\n\n<p>As a user you can further control the cookie usage. Most browser software do have options which can be used to control the way cookies are stored or disabled. If you choose to disable or restrict cookie usage the website may not be displayed correctly or may not be accessible in the best way or not at all.<\/p>\n\n\n\n<h4 class=\"wp-block-heading\">Google Analytics<\/h4>\n\n\n\n<p>This website makes use of Google Analytics. This is a web analysis service provided by Google Inc. (\u201eGoogle\u201c). Google Analytics does use \u201eCookies\u201c, small files that will be stored on the client computer with information about the usage of the website. This information will be analysed. The processing usually is performed on servers operated by Google and located in the USA. This includes the transferal of the data in the USA.<br>edilon)(sedra does use the so called IP anonymisation. In this case the IP address of the user will be transferred into countries of the EU (or associated contract states). The IP address will be anonymised (i.e. by truncation).<br>Only in very limited occasions the IP address will be transferred in full (also into USA). Google will analyze the transferred data on behalf of edilon)(sedra to create reports about the website usage and to perform additional services to the website owner.<\/p>\n\n\n\n<p>Your IP address will not be referred or cross linked with other data Google may have about you. You can disable the cookie usage (see section cookies).<\/p>\n\n\n\n<p>You can disable the storing, transferal or processing of your data by Google by downloading a<br>plug-in for your browser. This will disable Google Analytics if you use the browser on which you installed the plug-in.<\/p>\n\n\n\n<p>The plug-in can be found here: http:\/\/tools.google.com\/dlpage\/gaoptout?hl=de.<br>As an alternative for the plug-in you can use this address to set a specific \u201copt-out\u201d cookie. Google analytics will check for the presence of this cookie and, if found, will not transfer the data. If you disabled cookies or deleted this cookie you will need to revisit that address.<\/p>\n\n\n\n<p>As another alternative you may tell us to stop gathering and working with the data and Google analytics.<\/p>\n\n\n\n<h4 class=\"wp-block-heading\">R\u00e9vocation, modification ou renouvellement des donn\u00e9es personnelles<\/h4>\n\n\n\n<p>En tant qu&rsquo;utilisateur, vous avez le droit de recevoir des informations sur les donn\u00e9es qui sont stock\u00e9es \u00e0 votre sujet (Article 15, paragraphe I du RGPD de l&rsquo;UE). Cette demande est gratuite (sauf si vous demandez d\u00e9raisonnablement souvent). Vous avez \u00e9galement le droit de faire rectifier les informations incorrectes (Article 16 du RGPD de l&rsquo;UE), de faire supprimer les donn\u00e9es (ou de les bloquer pour qu&rsquo;elles ne soient plus utilis\u00e9es), tant qu&rsquo;il n&rsquo;existe aucune obligation l\u00e9gale contraire (Article 17, paragraphe I du RGPD de l&rsquo;UE et Article 18). Vous pouvez \u00e9galement recevoir les donn\u00e9es dans un format \u00e9lectronique pour un traitement ult\u00e9rieur (Article 20). Vous avez \u00e9galement le droit de vous opposer au traitement des donn\u00e9es (Article 21) si votre situation particuli\u00e8re le demande. Dans ce cas, un simple message \u00e0 notre responsable de la protection des donn\u00e9es ou \u00e0 notre responsable de la confidentialit\u00e9 des donn\u00e9es suffit. Si vous estimez que les r\u00e8gles et proc\u00e9dures de confidentialit\u00e9 des donn\u00e9es pr\u00e9sent\u00e9es ici portent atteinte \u00e0 vos droits tels qu&rsquo;\u00e9nonc\u00e9s dans le r\u00e8glement sur la protection des donn\u00e9es, vous pouvez contacter l&rsquo;organisme gouvernemental responsable. Aux Pays-Bas, il s&rsquo;agit de l'\u00a0\u00bbAutoriteit Persoonsgegevens\u00a0\u00bb \u00e0 La Haye, t\u00e9l\u00e9phone : +31 088 1805255.<\/p>\n\n\n\n<h4 class=\"wp-block-heading\">Responsable de la protection des donn\u00e9es<\/h4>\n\n\n\n<p>Pour garantir un traitement s\u00fbr et fiable des donn\u00e9es personnelles, edilon)(sedra a nomm\u00e9 un responsable externe de la protection des donn\u00e9es qui conseille edilon)(sedra. Vous trouverez les coordonn\u00e9es de contact en haut de cette page.<\/p>\n\n\n\n<h4 class=\"wp-block-heading\">Cookie consent<\/h4>\n\n\n\n<script id=\"CookieDeclaration\" src=\"https:\/\/consent.cookiebot.com\/35085849-82a5-42b7-b1ce-986b8c97408f\/cd.js\" type=\"text\/javascript\" async=\"\"><\/script>\n","protected":false},"excerpt":{"rendered":"<p>Prot\u00e9ger vos donn\u00e9es personnelles est un sujet important pour nous. Cette d\u00e9claration vous fournit des informations d\u00e9taill\u00e9es sur la collecte, l&rsquo;utilisation et le traitement des donn\u00e9es priv\u00e9es par l&rsquo;entit\u00e9 responsable. Entreprise: edilon)(sedra Group B.V. Responsable de la protection des donn\u00e9es: Mathias G\u00e4rtner Adresse: Nijverheidsweg 232031 CN HaarlemPays-Bas T\u00e9l\u00e9phone: +49 6151 97 12 640 Email: Mathias.Gaertner[at]it-svbuero.de<a class=\"excerpt-read-more\" href=\"https:\/\/www.edilonsedra.com\/fr\/declaration-de-confidentialite\/\" title=\"En savoir plusD\u00e9claration de confidentialit\u00e9\">&#8230; En savoir plus \u00bb<\/a><\/p>\n","protected":false},"author":1,"featured_media":4238,"parent":0,"menu_order":0,"comment_status":"closed","ping_status":"closed","template":"","meta":{"_acf_changed":false,"footnotes":""},"class_list":["post-4574","page","type-page","status-publish","has-post-thumbnail","hentry"],"acf":[],"yoast_head":"<!-- This site is optimized with the Yoast SEO plugin v27.4 - https:\/\/yoast.com\/product\/yoast-seo-wordpress\/ -->\n<title>D\u00e9claration de confidentialit\u00e9 - edilon)(sedra<\/title>\n<meta name=\"description\" content=\"Cette d\u00e9claration vous fournira des informations d\u00e9taill\u00e9es sur la collecte, l&#039;utilisation et le traitement des donn\u00e9es priv\u00e9es par edilon)(sedra.\" \/>\n<meta name=\"robots\" content=\"index, follow, max-snippet:-1, max-image-preview:large, max-video-preview:-1\" \/>\n<link rel=\"canonical\" href=\"https:\/\/www.edilonsedra.com\/fr\/declaration-de-confidentialite\/\" \/>\n<meta property=\"og:locale\" content=\"fr_FR\" \/>\n<meta property=\"og:type\" content=\"article\" \/>\n<meta property=\"og:title\" content=\"D\u00e9claration de confidentialit\u00e9 - edilon)(sedra\" \/>\n<meta property=\"og:description\" content=\"Cette d\u00e9claration vous fournira des informations d\u00e9taill\u00e9es sur la collecte, l&#039;utilisation et le traitement des donn\u00e9es priv\u00e9es par edilon)(sedra.\" \/>\n<meta property=\"og:url\" content=\"https:\/\/www.edilonsedra.com\/fr\/declaration-de-confidentialite\/\" \/>\n<meta property=\"og:site_name\" content=\"edilon)(sedra\" \/>\n<meta property=\"article:modified_time\" content=\"2024-01-16T09:33:28+00:00\" \/>\n<meta property=\"og:image\" content=\"https:\/\/www.edilonsedra.com\/wp-content\/uploads\/2022\/08\/heavy-rail.jpg\" \/>\n\t<meta property=\"og:image:width\" content=\"1582\" \/>\n\t<meta property=\"og:image:height\" content=\"889\" \/>\n\t<meta property=\"og:image:type\" content=\"image\/jpeg\" \/>\n<meta name=\"twitter:card\" content=\"summary_large_image\" \/>\n<meta name=\"twitter:label1\" content=\"Dur\u00e9e de lecture estim\u00e9e\" \/>\n\t<meta name=\"twitter:data1\" content=\"5 minutes\" \/>\n<script type=\"application\/ld+json\" class=\"yoast-schema-graph\">{\"@context\":\"https:\\\/\\\/schema.org\",\"@graph\":[{\"@type\":\"WebPage\",\"@id\":\"https:\\\/\\\/www.edilonsedra.com\\\/fr\\\/declaration-de-confidentialite\\\/\",\"url\":\"https:\\\/\\\/www.edilonsedra.com\\\/fr\\\/declaration-de-confidentialite\\\/\",\"name\":\"D\u00e9claration de confidentialit\u00e9 - edilon)(sedra\",\"isPartOf\":{\"@id\":\"https:\\\/\\\/www.edilonsedra.com\\\/fr\\\/#website\"},\"primaryImageOfPage\":{\"@id\":\"https:\\\/\\\/www.edilonsedra.com\\\/fr\\\/declaration-de-confidentialite\\\/#primaryimage\"},\"image\":{\"@id\":\"https:\\\/\\\/www.edilonsedra.com\\\/fr\\\/declaration-de-confidentialite\\\/#primaryimage\"},\"thumbnailUrl\":\"https:\\\/\\\/www.edilonsedra.com\\\/wp-content\\\/uploads\\\/2022\\\/08\\\/heavy-rail.jpg\",\"datePublished\":\"2022-08-15T05:27:30+00:00\",\"dateModified\":\"2024-01-16T09:33:28+00:00\",\"description\":\"Cette d\u00e9claration vous fournira des informations d\u00e9taill\u00e9es sur la collecte, l'utilisation et le traitement des donn\u00e9es priv\u00e9es par edilon)(sedra.\",\"breadcrumb\":{\"@id\":\"https:\\\/\\\/www.edilonsedra.com\\\/fr\\\/declaration-de-confidentialite\\\/#breadcrumb\"},\"inLanguage\":\"fr-FR\",\"potentialAction\":[{\"@type\":\"ReadAction\",\"target\":[\"https:\\\/\\\/www.edilonsedra.com\\\/fr\\\/declaration-de-confidentialite\\\/\"]}]},{\"@type\":\"ImageObject\",\"inLanguage\":\"fr-FR\",\"@id\":\"https:\\\/\\\/www.edilonsedra.com\\\/fr\\\/declaration-de-confidentialite\\\/#primaryimage\",\"url\":\"https:\\\/\\\/www.edilonsedra.com\\\/wp-content\\\/uploads\\\/2022\\\/08\\\/heavy-rail.jpg\",\"contentUrl\":\"https:\\\/\\\/www.edilonsedra.com\\\/wp-content\\\/uploads\\\/2022\\\/08\\\/heavy-rail.jpg\",\"width\":1582,\"height\":889},{\"@type\":\"BreadcrumbList\",\"@id\":\"https:\\\/\\\/www.edilonsedra.com\\\/fr\\\/declaration-de-confidentialite\\\/#breadcrumb\",\"itemListElement\":[{\"@type\":\"ListItem\",\"position\":1,\"name\":\"Home\",\"item\":\"https:\\\/\\\/www.edilonsedra.com\\\/fr\\\/\"},{\"@type\":\"ListItem\",\"position\":2,\"name\":\"D\u00e9claration de confidentialit\u00e9\"}]},{\"@type\":\"WebSite\",\"@id\":\"https:\\\/\\\/www.edilonsedra.com\\\/fr\\\/#website\",\"url\":\"https:\\\/\\\/www.edilonsedra.com\\\/fr\\\/\",\"name\":\"edilon)(sedra\",\"description\":\"Always a step ahead in rail systems\",\"potentialAction\":[{\"@type\":\"SearchAction\",\"target\":{\"@type\":\"EntryPoint\",\"urlTemplate\":\"https:\\\/\\\/www.edilonsedra.com\\\/fr\\\/?s={search_term_string}\"},\"query-input\":{\"@type\":\"PropertyValueSpecification\",\"valueRequired\":true,\"valueName\":\"search_term_string\"}}],\"inLanguage\":\"fr-FR\"}]}<\/script>\n<!-- \/ Yoast SEO plugin. -->","yoast_head_json":{"title":"D\u00e9claration de confidentialit\u00e9 - edilon)(sedra","description":"Cette d\u00e9claration vous fournira des informations d\u00e9taill\u00e9es sur la collecte, l'utilisation et le traitement des donn\u00e9es priv\u00e9es par edilon)(sedra.","robots":{"index":"index","follow":"follow","max-snippet":"max-snippet:-1","max-image-preview":"max-image-preview:large","max-video-preview":"max-video-preview:-1"},"canonical":"https:\/\/www.edilonsedra.com\/fr\/declaration-de-confidentialite\/","og_locale":"fr_FR","og_type":"article","og_title":"D\u00e9claration de confidentialit\u00e9 - edilon)(sedra","og_description":"Cette d\u00e9claration vous fournira des informations d\u00e9taill\u00e9es sur la collecte, l'utilisation et le traitement des donn\u00e9es priv\u00e9es par edilon)(sedra.","og_url":"https:\/\/www.edilonsedra.com\/fr\/declaration-de-confidentialite\/","og_site_name":"edilon)(sedra","article_modified_time":"2024-01-16T09:33:28+00:00","og_image":[{"width":1582,"height":889,"url":"https:\/\/www.edilonsedra.com\/wp-content\/uploads\/2022\/08\/heavy-rail.jpg","type":"image\/jpeg"}],"twitter_card":"summary_large_image","twitter_misc":{"Dur\u00e9e de lecture estim\u00e9e":"5 minutes"},"schema":{"@context":"https:\/\/schema.org","@graph":[{"@type":"WebPage","@id":"https:\/\/www.edilonsedra.com\/fr\/declaration-de-confidentialite\/","url":"https:\/\/www.edilonsedra.com\/fr\/declaration-de-confidentialite\/","name":"D\u00e9claration de confidentialit\u00e9 - edilon)(sedra","isPartOf":{"@id":"https:\/\/www.edilonsedra.com\/fr\/#website"},"primaryImageOfPage":{"@id":"https:\/\/www.edilonsedra.com\/fr\/declaration-de-confidentialite\/#primaryimage"},"image":{"@id":"https:\/\/www.edilonsedra.com\/fr\/declaration-de-confidentialite\/#primaryimage"},"thumbnailUrl":"https:\/\/www.edilonsedra.com\/wp-content\/uploads\/2022\/08\/heavy-rail.jpg","datePublished":"2022-08-15T05:27:30+00:00","dateModified":"2024-01-16T09:33:28+00:00","description":"Cette d\u00e9claration vous fournira des informations d\u00e9taill\u00e9es sur la collecte, l'utilisation et le traitement des donn\u00e9es priv\u00e9es par edilon)(sedra.","breadcrumb":{"@id":"https:\/\/www.edilonsedra.com\/fr\/declaration-de-confidentialite\/#breadcrumb"},"inLanguage":"fr-FR","potentialAction":[{"@type":"ReadAction","target":["https:\/\/www.edilonsedra.com\/fr\/declaration-de-confidentialite\/"]}]},{"@type":"ImageObject","inLanguage":"fr-FR","@id":"https:\/\/www.edilonsedra.com\/fr\/declaration-de-confidentialite\/#primaryimage","url":"https:\/\/www.edilonsedra.com\/wp-content\/uploads\/2022\/08\/heavy-rail.jpg","contentUrl":"https:\/\/www.edilonsedra.com\/wp-content\/uploads\/2022\/08\/heavy-rail.jpg","width":1582,"height":889},{"@type":"BreadcrumbList","@id":"https:\/\/www.edilonsedra.com\/fr\/declaration-de-confidentialite\/#breadcrumb","itemListElement":[{"@type":"ListItem","position":1,"name":"Home","item":"https:\/\/www.edilonsedra.com\/fr\/"},{"@type":"ListItem","position":2,"name":"D\u00e9claration de confidentialit\u00e9"}]},{"@type":"WebSite","@id":"https:\/\/www.edilonsedra.com\/fr\/#website","url":"https:\/\/www.edilonsedra.com\/fr\/","name":"edilon)(sedra","description":"Always a step ahead in rail systems","potentialAction":[{"@type":"SearchAction","target":{"@type":"EntryPoint","urlTemplate":"https:\/\/www.edilonsedra.com\/fr\/?s={search_term_string}"},"query-input":{"@type":"PropertyValueSpecification","valueRequired":true,"valueName":"search_term_string"}}],"inLanguage":"fr-FR"}]}},"_links":{"self":[{"href":"https:\/\/www.edilonsedra.com\/fr\/wp-json\/wp\/v2\/pages\/4574","targetHints":{"allow":["GET"]}}],"collection":[{"href":"https:\/\/www.edilonsedra.com\/fr\/wp-json\/wp\/v2\/pages"}],"about":[{"href":"https:\/\/www.edilonsedra.com\/fr\/wp-json\/wp\/v2\/types\/page"}],"author":[{"embeddable":true,"href":"https:\/\/www.edilonsedra.com\/fr\/wp-json\/wp\/v2\/users\/1"}],"replies":[{"embeddable":true,"href":"https:\/\/www.edilonsedra.com\/fr\/wp-json\/wp\/v2\/comments?post=4574"}],"version-history":[{"count":3,"href":"https:\/\/www.edilonsedra.com\/fr\/wp-json\/wp\/v2\/pages\/4574\/revisions"}],"predecessor-version":[{"id":6530,"href":"https:\/\/www.edilonsedra.com\/fr\/wp-json\/wp\/v2\/pages\/4574\/revisions\/6530"}],"wp:featuredmedia":[{"embeddable":true,"href":"https:\/\/www.edilonsedra.com\/fr\/wp-json\/wp\/v2\/media\/4238"}],"wp:attachment":[{"href":"https:\/\/www.edilonsedra.com\/fr\/wp-json\/wp\/v2\/media?parent=4574"}],"curies":[{"name":"wp","href":"https:\/\/api.w.org\/{rel}","templated":true}]}}